{"id":1082,"date":"2018-02-07T15:34:13","date_gmt":"2018-02-07T15:34:13","guid":{"rendered":"https:\/\/gi-imperios.org\/blog\/?page_id=1082"},"modified":"2018-02-07T16:02:46","modified_gmt":"2018-02-07T16:02:46","slug":"a-carreira-das-armas","status":"publish","type":"page","link":"https:\/\/gi-imperios.org\/blog\/pt\/a-carreira-das-armas\/","title":{"rendered":"A CARREIRA DAS ARMAS NA AM\u00c9RICA PORTUGUESA (1640-1807)"},"content":{"rendered":"<p><strong><img loading=\"lazy\" decoding=\"async\" class=\"alignleft wp-image-1088\" src=\"https:\/\/gi-imperios.org\/blog\/wp-content\/uploads\/2018\/02\/Military_originalsize-300x150.jpg\" alt=\"\" width=\"341\" height=\"170\" srcset=\"https:\/\/gi-imperios.org\/blog\/wp-content\/uploads\/2018\/02\/Military_originalsize-300x150.jpg 300w, https:\/\/gi-imperios.org\/blog\/wp-content\/uploads\/2018\/02\/Military_originalsize.jpg 567w\" sizes=\"auto, (max-width: 341px) 100vw, 341px\" \/>Investigador principal: Miguel Cruz<\/strong><\/p>\n<p>A estrutura\u00e7\u00e3o das col\u00f3nias americanas em torno das institui\u00e7\u00f5es importadas da Europa \u00e9 mat\u00e9ria bastante consensual. Contudo, uma das institui\u00e7\u00f5es mais ligadas ao Velho Mundo, o ex\u00e9rcito regular parece ter ficado arredada do processo colonizador; isto segundo as interpreta\u00e7\u00f5es historiogr\u00e1ficas correntes, que se tendem a focar no protagonismo das mil\u00edcias. Este projeto debru\u00e7a-se sobre as tropas que defendiam o mundo atl\u00e2ntico portugu\u00eas e sobre a sua estranha aus\u00eancia da narrativa hist\u00f3rica dedicada a sociedades que evolu\u00edram na base da conquista.<\/p>\n<p>Trata-se de saber quem eram afinal estes homens e de que modo participaram na expans\u00e3o colonial. Interessam, em especial, os padr\u00f5es de recrutamento; as formas de integra\u00e7\u00e3o e as estrat\u00e9gias de fixa\u00e7\u00e3o no territ\u00f3rio; e o retorno pol\u00edtico-social-econ\u00f3mico. Igualmente importante \u00e9 a forma como estes homens concebiam o imp\u00e9rio por onde circulavam.<\/p>\n<p>Este projeto tem permitido tamb\u00e9m acompanhar a evolu\u00e7\u00e3o do imagin\u00e1rio marcial portugu\u00eas, desde princ\u00edpio da expans\u00e3o, no norte de \u00c1frica ao Brasil e Angola, passando pela \u00cdndia e Flandres. Paralelemente revisita-se o contexto da independ\u00eancia brasileira, sondando-se os realinhamentos identit\u00e1rios dos contingentes militares presentes no territ\u00f3rio americano no in\u00edcio de oitocentos.<\/p>\n","protected":false},"excerpt":{"rendered":"<p> &hellip; <\/p>\n","protected":false},"author":5,"featured_media":0,"parent":0,"menu_order":0,"comment_status":"closed","ping_status":"closed","template":"","meta":{"_cbd_carousel_blocks":"[]","_exactmetrics_skip_tracking":false,"_exactmetrics_sitenote_active":false,"_exactmetrics_sitenote_note":"","_exactmetrics_sitenote_category":0,"footnotes":""},"class_list":["post-1082","page","type-page","status-publish","hentry"],"translation":{"provider":"WPGlobus","version":"3.0.0","language":"pt","enabled_languages":["en","pt"],"languages":{"en":{"title":true,"content":true,"excerpt":false},"pt":{"title":true,"content":true,"excerpt":false}}},"_links":{"self":[{"href":"https:\/\/gi-imperios.org\/blog\/pt\/wp-json\/wp\/v2\/pages\/1082","targetHints":{"allow":["GET"]}}],"collection":[{"href":"https:\/\/gi-imperios.org\/blog\/pt\/wp-json\/wp\/v2\/pages"}],"about":[{"href":"https:\/\/gi-imperios.org\/blog\/pt\/wp-json\/wp\/v2\/types\/page"}],"author":[{"embeddable":true,"href":"https:\/\/gi-imperios.org\/blog\/pt\/wp-json\/wp\/v2\/users\/5"}],"replies":[{"embeddable":true,"href":"https:\/\/gi-imperios.org\/blog\/pt\/wp-json\/wp\/v2\/comments?post=1082"}],"version-history":[{"count":11,"href":"https:\/\/gi-imperios.org\/blog\/pt\/wp-json\/wp\/v2\/pages\/1082\/revisions"}],"predecessor-version":[{"id":3962,"href":"https:\/\/gi-imperios.org\/blog\/pt\/wp-json\/wp\/v2\/pages\/1082\/revisions\/3962"}],"wp:attachment":[{"href":"https:\/\/gi-imperios.org\/blog\/pt\/wp-json\/wp\/v2\/media?parent=1082"}],"curies":[{"name":"wp","href":"https:\/\/api.w.org\/{rel}","templated":true}]}}