{"id":1569,"date":"2018-06-20T20:54:39","date_gmt":"2018-06-20T20:54:39","guid":{"rendered":"https:\/\/gi-imperios.org\/blog\/?page_id=1569"},"modified":"2022-12-23T12:15:52","modified_gmt":"2022-12-23T12:15:52","slug":"media","status":"publish","type":"page","link":"https:\/\/gi-imperios.org\/blog\/pt\/media\/","title":{"rendered":"Media"},"content":{"rendered":"<p>Espreite recursos media desenvolvidos no \u00e2mbito do grupo de investiga\u00e7\u00e3o Imp\u00e9rios, Colonialismo e Sociedades P\u00f3s-Coloniais, incluindo dissemina\u00e7\u00e3o de pesquisa em diferentes formatos:<\/p>\n<ul>\n<li><a href=\"https:\/\/gi-imperios.org\/blog\/pt\/research-projects-websites\/\">sites de projectos de pesquisa<\/a><\/li>\n<li>audiovisual: <a href=\"https:\/\/gi-imperios.org\/blog\/audiovisual-resources\/\" target=\"_blank\" rel=\"noopener\">Registos de Semin\u00e1rios e Confer\u00eancias<\/a>\u00a0e\u00a0<a href=\"https:\/\/gi-imperios.org\/blog\/media\/audiovisual-resources-research-films\/\" target=\"_blank\" rel=\"noopener\">Filmes e Pesquisa<\/a><\/li>\n<li><a href=\"https:\/\/gi-imperios.org\/blog\/pt\/audio-resources\/\" target=\"_blank\" rel=\"noopener\">recursos audio<\/a> e<\/li>\n<li><a href=\"https:\/\/gi-imperios.org\/blog\/pt\/media\/newspaper-articles\/\" target=\"_blank\" rel=\"noopener\">artigos em jornais<\/a> por investigadores associados ao GI Imp\u00e9rios.<\/li>\n<\/ul>\n","protected":false},"excerpt":{"rendered":"<p> &hellip; <\/p>\n","protected":false},"author":1,"featured_media":0,"parent":0,"menu_order":0,"comment_status":"closed","ping_status":"closed","template":"","meta":{"_cbd_carousel_blocks":"[]","_exactmetrics_skip_tracking":false,"_exactmetrics_sitenote_active":false,"_exactmetrics_sitenote_note":"","_exactmetrics_sitenote_category":0,"footnotes":""},"class_list":["post-1569","page","type-page","status-publish","hentry"],"translation":{"provider":"WPGlobus","version":"3.0.0","language":"pt","enabled_languages":["en","pt"],"languages":{"en":{"title":true,"content":true,"excerpt":false},"pt":{"title":true,"content":true,"excerpt":false}}},"_links":{"self":[{"href":"https:\/\/gi-imperios.org\/blog\/pt\/wp-json\/wp\/v2\/pages\/1569","targetHints":{"allow":["GET"]}}],"collection":[{"href":"https:\/\/gi-imperios.org\/blog\/pt\/wp-json\/wp\/v2\/pages"}],"about":[{"href":"https:\/\/gi-imperios.org\/blog\/pt\/wp-json\/wp\/v2\/types\/page"}],"author":[{"embeddable":true,"href":"https:\/\/gi-imperios.org\/blog\/pt\/wp-json\/wp\/v2\/users\/1"}],"replies":[{"embeddable":true,"href":"https:\/\/gi-imperios.org\/blog\/pt\/wp-json\/wp\/v2\/comments?post=1569"}],"version-history":[{"count":12,"href":"https:\/\/gi-imperios.org\/blog\/pt\/wp-json\/wp\/v2\/pages\/1569\/revisions"}],"predecessor-version":[{"id":11015,"href":"https:\/\/gi-imperios.org\/blog\/pt\/wp-json\/wp\/v2\/pages\/1569\/revisions\/11015"}],"wp:attachment":[{"href":"https:\/\/gi-imperios.org\/blog\/pt\/wp-json\/wp\/v2\/media?parent=1569"}],"curies":[{"name":"wp","href":"https:\/\/api.w.org\/{rel}","templated":true}]}}