{"id":184,"date":"2017-10-16T23:19:58","date_gmt":"2017-10-16T23:19:58","guid":{"rendered":"https:\/\/gi-imperios.org\/blog\/?page_id=184"},"modified":"2017-11-17T02:20:10","modified_gmt":"2017-11-17T02:20:10","slug":"ciclo-de-conferencias-o-atlantico-ibero-americano","status":"publish","type":"page","link":"https:\/\/gi-imperios.org\/blog\/pt\/conferencias\/ciclo-de-conferencias-o-atlantico-ibero-americano\/","title":{"rendered":"Ciclo \u201cO Atl\u00e2ntico Ibero-Americano\u201d"},"content":{"rendered":"<p><strong><img loading=\"lazy\" decoding=\"async\" class=\"alignleft wp-image-602 size-full\" src=\"https:\/\/gi-imperios.org\/blog\/wp-content\/uploads\/2017\/10\/AtlanticoIberoAmeric-1.jpg\" alt=\"\" width=\"200\" height=\"108\" \/>O Atl\u00e2ntico Ibero-Americano (s\u00e9cs. XVI-XX). Perspectivas Historiogr\u00e1ficas Recentes<\/strong><\/p>\n<p>Em colabora\u00e7\u00e3o com CHAM\/FCSH-UNL e UA\u00e7, o CIDEHUS- U\u00c9 e o CH-FLUL, o GI Imp\u00e9rios co-organiza, atrav\u00e9s de Isabel Corr\u00eaa da Silva (ICS-ULisboa), a 2\u00aa s\u00e9rie do 3\u00ba ciclo de confer\u00eancias \u201cO Atl\u00e2ntico Ibero-Americano: Perspectivas Historiogr\u00e1ficas recentes\u201d.<\/p>\n<p>Para uma listagem mais abrangente relativa \u00e0s sess\u00f5es consulte a p\u00e1gina do semin\u00e1rio <a href=\"http:\/\/www.cham.fcsh.unl.pt\/ac_actividade_pri.aspx?ActId=236\" target=\"_blank\" rel=\"noopener\">AQUI<\/a>.<\/p>\n<p><strong><u>Apresenta\u00e7\u00e3o:<\/u><\/strong><\/p>\n<p>A s\u00e9rie de confer\u00eancias <strong>O Atl\u00e2ntico Ibero-Americano (s\u00e9cs. XVI-XX). Perspectivas Historiogr\u00e1ficas Recentes<\/strong> resulta da colabora\u00e7\u00e3o interuniversit\u00e1ria entre a Universidade de Lisboa (ICS e Centro de Hist\u00f3ria da Faculdade de Letras), a Universidade de \u00c9vora (CIDHEUS) e a Universidade Nova de Lisboa (CHAM), procurando optimizar sinergias dos tr\u00eas principais polos acad\u00e9micos onde o espa\u00e7o Atl\u00e2ntico se distingue como objecto de reflex\u00e3o privilegiado.<\/p>\n<p>Depois do \u00eaxito da 1\u00aa temporada que teve lugar entre 2005 e 2010, resolveu-se promover uma segunda s\u00e9rie, a decorrer desde 2015. As interven\u00e7\u00f5es que comp\u00f5em este ciclo inserem-se em projectos de investiga\u00e7\u00e3o de car\u00e1cter bastante diverso, mas t\u00eam em comum o reconhecimento da import\u00e2ncia do Atl\u00e2ntico como territ\u00f3rio de investiga\u00e7\u00e3o historiogr\u00e1fica. Reunindo reputados especialistas internacionais, este programa de confer\u00eancias integra tanto abordagens de ordem conceptual e metodol\u00f3gica, como a apresenta\u00e7\u00e3o de resultados de investiga\u00e7\u00f5es emp\u00edricas. Deste modo, pretende-se contribuir para um melhor conhecimento da hist\u00f3ria do Atl\u00e2ntico e, em especial, da sua dimens\u00e3o Ibero-Americana.<\/p>\n<p><strong><u>Organiza\u00e7\u00e3o: <\/u><\/strong><\/p>\n<p>Mafalda Soares da Cunha, Jos\u00e9 Dami\u00e3o Rodrigues, Roberta Stumpf, Isabel Corr\u00eaa da Silva, Gra\u00e7a Almeida Borges<\/p>\n","protected":false},"excerpt":{"rendered":"<p> &hellip; <\/p>\n","protected":false},"author":1,"featured_media":0,"parent":73,"menu_order":0,"comment_status":"closed","ping_status":"closed","template":"","meta":{"_cbd_carousel_blocks":"[]","_exactmetrics_skip_tracking":false,"_exactmetrics_sitenote_active":false,"_exactmetrics_sitenote_note":"","_exactmetrics_sitenote_category":0,"footnotes":""},"class_list":["post-184","page","type-page","status-publish","hentry"],"translation":{"provider":"WPGlobus","version":"3.0.0","language":"pt","enabled_languages":["en","pt"],"languages":{"en":{"title":true,"content":true,"excerpt":false},"pt":{"title":true,"content":true,"excerpt":false}}},"_links":{"self":[{"href":"https:\/\/gi-imperios.org\/blog\/pt\/wp-json\/wp\/v2\/pages\/184","targetHints":{"allow":["GET"]}}],"collection":[{"href":"https:\/\/gi-imperios.org\/blog\/pt\/wp-json\/wp\/v2\/pages"}],"about":[{"href":"https:\/\/gi-imperios.org\/blog\/pt\/wp-json\/wp\/v2\/types\/page"}],"author":[{"embeddable":true,"href":"https:\/\/gi-imperios.org\/blog\/pt\/wp-json\/wp\/v2\/users\/1"}],"replies":[{"embeddable":true,"href":"https:\/\/gi-imperios.org\/blog\/pt\/wp-json\/wp\/v2\/comments?post=184"}],"version-history":[{"count":10,"href":"https:\/\/gi-imperios.org\/blog\/pt\/wp-json\/wp\/v2\/pages\/184\/revisions"}],"predecessor-version":[{"id":6066,"href":"https:\/\/gi-imperios.org\/blog\/pt\/wp-json\/wp\/v2\/pages\/184\/revisions\/6066"}],"up":[{"embeddable":true,"href":"https:\/\/gi-imperios.org\/blog\/pt\/wp-json\/wp\/v2\/pages\/73"}],"wp:attachment":[{"href":"https:\/\/gi-imperios.org\/blog\/pt\/wp-json\/wp\/v2\/media?parent=184"}],"curies":[{"name":"wp","href":"https:\/\/api.w.org\/{rel}","templated":true}]}}