{"id":2095,"date":"2018-11-22T16:32:04","date_gmt":"2018-11-22T16:32:04","guid":{"rendered":"https:\/\/gi-imperios.org\/blog\/?page_id=2095"},"modified":"2023-07-20T13:08:04","modified_gmt":"2023-07-20T13:08:04","slug":"indigenous-colonial-archives-micro-histories-and-comparisons","status":"publish","type":"page","link":"https:\/\/gi-imperios.org\/blog\/pt\/indigenous-colonial-archives-micro-histories-and-comparisons\/","title":{"rendered":"Arquivos coloniais nativos: micro-hist\u00f3rias e compara\u00e7\u00f5es"},"content":{"rendered":"<p><strong><img loading=\"lazy\" decoding=\"async\" class=\"size-medium wp-image-2241 alignleft\" src=\"https:\/\/gi-imperios.org\/blog\/wp-content\/uploads\/2018\/12\/TT_CMZ-AF-GT_E_2-1_8_39_-_Alf\u00e2ndega._Arquivo-300x208.jpg\" alt=\"\" width=\"300\" height=\"208\" srcset=\"https:\/\/gi-imperios.org\/blog\/wp-content\/uploads\/2018\/12\/TT_CMZ-AF-GT_E_2-1_8_39_-_Alf\u00e2ndega._Arquivo-300x208.jpg 300w, https:\/\/gi-imperios.org\/blog\/wp-content\/uploads\/2018\/12\/TT_CMZ-AF-GT_E_2-1_8_39_-_Alf\u00e2ndega._Arquivo-768x531.jpg 768w, https:\/\/gi-imperios.org\/blog\/wp-content\/uploads\/2018\/12\/TT_CMZ-AF-GT_E_2-1_8_39_-_Alf\u00e2ndega._Arquivo-135x93.jpg 135w, https:\/\/gi-imperios.org\/blog\/wp-content\/uploads\/2018\/12\/TT_CMZ-AF-GT_E_2-1_8_39_-_Alf\u00e2ndega._Arquivo-250x173.jpg 250w, https:\/\/gi-imperios.org\/blog\/wp-content\/uploads\/2018\/12\/TT_CMZ-AF-GT_E_2-1_8_39_-_Alf\u00e2ndega._Arquivo-550x380.jpg 550w, https:\/\/gi-imperios.org\/blog\/wp-content\/uploads\/2018\/12\/TT_CMZ-AF-GT_E_2-1_8_39_-_Alf\u00e2ndega._Arquivo-800x553.jpg 800w, https:\/\/gi-imperios.org\/blog\/wp-content\/uploads\/2018\/12\/TT_CMZ-AF-GT_E_2-1_8_39_-_Alf\u00e2ndega._Arquivo-260x180.jpg 260w, https:\/\/gi-imperios.org\/blog\/wp-content\/uploads\/2018\/12\/TT_CMZ-AF-GT_E_2-1_8_39_-_Alf\u00e2ndega._Arquivo-434x300.jpg 434w, https:\/\/gi-imperios.org\/blog\/wp-content\/uploads\/2018\/12\/TT_CMZ-AF-GT_E_2-1_8_39_-_Alf\u00e2ndega._Arquivo-723x500.jpg 723w, https:\/\/gi-imperios.org\/blog\/wp-content\/uploads\/2018\/12\/TT_CMZ-AF-GT_E_2-1_8_39_-_Alf\u00e2ndega._Arquivo.jpg 1012w\" sizes=\"auto, (max-width: 300px) 100vw, 300px\" \/>Investigador Respons\u00e1vel:<\/strong> Ricardo Roque<\/p>\n<p><strong>Equipa:<\/strong>\u00a0\u00c2ngela Barreto Xavier, Catarina Madeira Santos, Lu\u00edsa Coutinho, Jos\u00e9 Miguel Ferreira, Thiago Sapede.<\/p>\n<div class=\"page\" title=\"Page 1\">\n<div class=\"section\">\n<div class=\"layoutArea\">\n<div class=\"column\">\n<p><strong>Financiamento<\/strong>: FCT, Funda\u00e7\u00e3o para a Ci\u00eancia e Tecnologia (Refer\u00eancia PTDC\/HAR- HIS\/28577\/2017)<\/p>\n<\/div>\n<\/div>\n<\/div>\n<\/div>\n<p>Este projecto examinar\u00e1 as pr\u00e1ticas nativas de produ\u00e7\u00e3o, preserva\u00e7\u00e3o e circula\u00e7\u00e3o de documenta\u00e7\u00e3o escrita e registos arquiv\u00edsticos em situa\u00e7\u00e3o colonial, em Angola, Goa e Timor Leste.Tomamos como hip\u00f3tese central que a hist\u00f3ria conjunta do colonialismo europeu (nomeadamente o portugu\u00eas) e sua liga\u00e7\u00e3o \u00e0s sociedades nativas deve atender \u00e0 prolifera\u00e7\u00e3o de culturas arquiv\u00edsticas, modos de literacia, e pr\u00e1ticas de escrita de base \u2018ind\u00edgena\u2019, at\u00e9 hoje quase desconhecidas pela historiografia. O projecto ir\u00e1 inquirir como e porqu\u00ea se formam e reproduzem culturas nativas de escrita, media\u00e7\u00e3o letrada, e guarda de documenta\u00e7\u00e3o no contexto de interac\u00e7\u00f5es coloniais; como se configuram em rela\u00e7\u00e3o, quer com repert\u00f3rios culturais e formas de governo propriamente nativos, quer com hist\u00f3rias de coloniza\u00e7\u00e3o, com\u00e9rcio, conquista, evangeliza\u00e7\u00e3o e administra\u00e7\u00e3o; e considerar\u00e1 enfim os modos como os pr\u00f3prios colonizadores se relacionaram com estas diversas formas culturais ao longo do tempo. Estas quest\u00f5es traduzir-se-\u00e3o num grupo de estudos micro-hist\u00f3ricos sobre a vida social de documentos coloniais nativos e seus usos pol\u00edticos, rituais, e sociais em diferentes comunidades de \u00c1frica e \u00c1sia no imp\u00e9rio portugu\u00eas: comunidades de aldeias na \u00c1sia do Sul (Goa); <em>reinos<\/em> nativos no arquip\u00e9lago Indon\u00e9sio (Timor Leste); e estados africanos (<em>sobados<\/em>) em \u00c1frica Ocidental (Angola).<\/p>\n<p>Imagem: ANTT, Arquivo fotogr\u00e1fico da Companhia de Mo\u00e7ambique: Governo do Territ\u00f3rio de Manica e Sofala: Direc\u00e7\u00e3o dos Servi\u00e7os de Estatistica e Propaganda: Fotografias do concelho da Beira: Fotografias da cidade da Beira. Fonte: Wikipedia commons.<\/p>\n","protected":false},"excerpt":{"rendered":"<p> &hellip; <\/p>\n","protected":false},"author":1,"featured_media":0,"parent":0,"menu_order":0,"comment_status":"closed","ping_status":"closed","template":"","meta":{"_cbd_carousel_blocks":"[]","_exactmetrics_skip_tracking":false,"_exactmetrics_sitenote_active":false,"_exactmetrics_sitenote_note":"","_exactmetrics_sitenote_category":0,"footnotes":""},"class_list":["post-2095","page","type-page","status-publish","hentry"],"translation":{"provider":"WPGlobus","version":"3.0.0","language":"pt","enabled_languages":["en","pt"],"languages":{"en":{"title":true,"content":true,"excerpt":false},"pt":{"title":true,"content":true,"excerpt":false}}},"_links":{"self":[{"href":"https:\/\/gi-imperios.org\/blog\/pt\/wp-json\/wp\/v2\/pages\/2095","targetHints":{"allow":["GET"]}}],"collection":[{"href":"https:\/\/gi-imperios.org\/blog\/pt\/wp-json\/wp\/v2\/pages"}],"about":[{"href":"https:\/\/gi-imperios.org\/blog\/pt\/wp-json\/wp\/v2\/types\/page"}],"author":[{"embeddable":true,"href":"https:\/\/gi-imperios.org\/blog\/pt\/wp-json\/wp\/v2\/users\/1"}],"replies":[{"embeddable":true,"href":"https:\/\/gi-imperios.org\/blog\/pt\/wp-json\/wp\/v2\/comments?post=2095"}],"version-history":[{"count":10,"href":"https:\/\/gi-imperios.org\/blog\/pt\/wp-json\/wp\/v2\/pages\/2095\/revisions"}],"predecessor-version":[{"id":9208,"href":"https:\/\/gi-imperios.org\/blog\/pt\/wp-json\/wp\/v2\/pages\/2095\/revisions\/9208"}],"wp:attachment":[{"href":"https:\/\/gi-imperios.org\/blog\/pt\/wp-json\/wp\/v2\/media?parent=2095"}],"curies":[{"name":"wp","href":"https:\/\/api.w.org\/{rel}","templated":true}]}}