{"id":3146,"date":"2019-06-17T10:01:07","date_gmt":"2019-06-17T10:01:07","guid":{"rendered":"https:\/\/gi-imperios.org\/blog\/?page_id=3146"},"modified":"2026-02-16T11:13:15","modified_gmt":"2026-02-16T11:13:15","slug":"audiovisual-resources","status":"publish","type":"page","link":"https:\/\/gi-imperios.org\/blog\/pt\/audiovisual-resources\/","title":{"rendered":"Recursos Audiovisuais (semin\u00e1rios e confer\u00eancias)"},"content":{"rendered":"<p><strong>2025<\/strong><\/p>\n<p class=\"style-scope ytd-watch-metadata\"><strong>Arquivos da Liberta\u00e7\u00e3o: Anticolonialismos e Mem\u00f3rias das Independ\u00eancias Africanas &#8211; Dia 19<\/strong><\/p>\n<p><iframe loading=\"lazy\" title=\"Arquivos da Liberta\u00e7\u00e3o: Anticolonialismos e Mem\u00f3rias das Independ\u00eancias Africanas- Dia 19\" width=\"735\" height=\"413\" src=\"https:\/\/www.youtube.com\/embed\/_C2m4dsM6Ao?feature=oembed\" frameborder=\"0\" allow=\"accelerometer; autoplay; clipboard-write; encrypted-media; gyroscope; picture-in-picture; web-share\" referrerpolicy=\"strict-origin-when-cross-origin\" allowfullscreen><\/iframe><\/p>\n<p><strong>Arquivos da Liberta\u00e7\u00e3o: Anticolonialismos e Mem\u00f3rias das Independ\u00eancias Africanas &#8211; Dia 20<\/strong><\/p>\n<p><iframe loading=\"lazy\" title=\"Arquivos da Liberta\u00e7\u00e3o: Anticolonialismos e Mem\u00f3rias das Independ\u00eancias Africanas- Dia 20\" width=\"735\" height=\"413\" src=\"https:\/\/www.youtube.com\/embed\/jJoHmS7s6wY?feature=oembed\" frameborder=\"0\" allow=\"accelerometer; autoplay; clipboard-write; encrypted-media; gyroscope; picture-in-picture; web-share\" referrerpolicy=\"strict-origin-when-cross-origin\" allowfullscreen><\/iframe><\/p>\n<p><strong>2020<\/strong><\/p>\n<p><strong>Participa\u00e7\u00e3o de Filipa Lowndes Vicente no &#8220;Remotamente Interessante&#8221;, programa apresentado por Jos\u00e9 Maria Pimentel, epis\u00f3dio 9, a 25 de Maio.<\/strong><\/p>\n<p><iframe loading=\"lazy\" src=\"https:\/\/www.youtube.com\/embed\/xZbZijjKcik?start=2095\" width=\"360\" height=\"215\" frameborder=\"0\" allowfullscreen=\"allowfullscreen\"><\/iframe><\/p>\n<p><strong>2019<\/strong><\/p>\n<p><strong>Mo\u00e7ambique: Independ\u00eancia e Na\u00e7\u00e3o no acervo do Arquivo Edgard Leuenroth (AEL-Unicamp). Semin\u00e1rio no IFCH-Unicamp, organizado por Matheus Serva Pereira em parceria com o Centro de Pesquisa em Hist\u00f3ria Social da Cultura (CECULT), 10 Setembro<\/strong><\/p>\n<div  class=\"lgc-column lgc-grid-parent lgc-grid-45 lgc-tablet-grid-45 lgc-mobile-grid-100 lgc-equal-heights \"><div  class=\"inside-grid-column\"><iframe loading=\"lazy\" src=\"https:\/\/www.youtube.com\/embed\/UYi6YjosZtE\" width=\"360\" height=\"215\" frameborder=\"0\" allowfullscreen=\"allowfullscreen\"><\/iframe><br \/>\nPart 1. Arquivo, Hist\u00f3ria e Ensino <\/div><\/div><div  class=\"lgc-column lgc-grid-parent lgc-grid-45 lgc-tablet-grid-45 lgc-mobile-grid-100 lgc-equal-heights \"><div  class=\"inside-grid-column\"> <iframe loading=\"lazy\" src=\"https:\/\/www.youtube.com\/embed\/rgY1uWGBuhg?controls=0\" width=\"360\" height=\"215\" frameborder=\"0\" allowfullscreen=\"allowfullscreen\"><\/iframe><br \/>\nPart 2. Mo\u00e7ambique e a Unicamp: passados, presentes e futuros <\/div><\/div><div class=\"lgc-clear\"><\/div>\n<p><strong>2019<\/strong><\/p>\n<p><strong>Descolonizar os Museus. Isto na Pr\u00e1tica? Semin\u00e1rio no ICS-ULisboa, organizado em parceria com a Acesso Cultura, 22 Mar\u00e7o<\/strong><\/p>\n<div  class=\"lgc-column lgc-grid-parent lgc-grid-30 lgc-tablet-grid-30 lgc-mobile-grid-100 lgc-equal-heights \"><div  class=\"inside-grid-column\"><iframe loading=\"lazy\" src=\"https:\/\/www.youtube.com\/embed\/vru8GAM1Qjc\" width=\"360\" height=\"215\" frameborder=\"0\" allowfullscreen=\"allowfullscreen\"><\/iframe><br \/>\nPart 1. Wayne Modest presentation<\/div><\/div><div  class=\"lgc-column lgc-grid-parent lgc-grid-30 lgc-tablet-grid-30 lgc-mobile-grid-100 lgc-equal-heights \"><div  class=\"inside-grid-column\"> <iframe loading=\"lazy\" src=\"https:\/\/www.youtube.com\/embed\/IW4bgeo-Xt0\" width=\"360\" height=\"215\" frameborder=\"0\" allowfullscreen=\"allowfullscreen\"><\/iframe><br \/>\nPart 2. Wayne Modest Q&amp;A <\/div><\/div>\n<div  class=\"lgc-column lgc-grid-parent lgc-grid-30 lgc-tablet-grid-30 lgc-mobile-grid-100 lgc-equal-heights \"><div  class=\"inside-grid-column\"><iframe loading=\"lazy\" src=\"https:\/\/www.youtube.com\/embed\/s2yHHcWu9E0\" width=\"360\" height=\"215\" frameborder=\"0\" allowfullscreen=\"allowfullscreen\"><\/iframe><br \/>\nPart 3. Convidados: Catarina Sim\u00e3o, Isabel Raposo Magalh\u00e3es, Joacine Katar Moreira, Judite Primo, Lu\u00eds Raposo, Manuel Santos, Paulo Costa.<\/div><\/div><div class=\"lgc-clear\"><\/div>\n<p><strong>2013<\/strong><\/p>\n<p class=\"title style-scope ytd-video-primary-info-renderer\"><strong>Crossing Histories and Ethnographies: anthropology and the colonial archive in East Timo<\/strong>r,\u00a0International conference at the Institute of Social Sciences, University of Lisbon, 1-2 July 2013<\/p>\n<div  class=\"lgc-column lgc-grid-parent lgc-grid-25 lgc-tablet-grid-25 lgc-mobile-grid-100 lgc-equal-heights \"><div  class=\"inside-grid-column\"> <iframe loading=\"lazy\" src=\"https:\/\/www.youtube.com\/embed\/Cx5p_wOTIPo\" width=\"360\" height=\"215\" frameborder=\"0\" allowfullscreen=\"allowfullscreen\" data-mce-fragment=\"1\"><\/iframe><br \/>\nKeynote address by Elizabeth G. Traube <\/div><\/div>\n<div  class=\"lgc-column lgc-grid-parent lgc-grid-25 lgc-tablet-grid-25 lgc-mobile-grid-100 lgc-equal-heights \"><div  class=\"inside-grid-column\"><iframe loading=\"lazy\" src=\"https:\/\/www.youtube.com\/embed\/zKXOSAXsgBA?start=10\" width=\"360\" height=\"215\" frameborder=\"0\" allowfullscreen=\"allowfullscreen\" data-mce-fragment=\"1\"><\/iframe>\n<p class=\"title style-scope ytd-video-primary-info-renderer\">Panel I: Colonial ethnographies, colonial histories<\/p>\n<p class=\"title style-scope ytd-video-primary-info-renderer\">Chair Maria Johanna Schouten<\/p>\n<p class=\"title style-scope ytd-video-primary-info-renderer\">Paper by Kelly Silva (Uni. Bras\u00edlia): &#8220;Marriage exchanges, colonial fantasies and the production of East Timorense indigenous societies in the 1970s Dili&#8221;<\/p><\/div><\/div>\n<div  class=\"lgc-column lgc-grid-parent lgc-grid-25 lgc-tablet-grid-25 lgc-mobile-grid-100 lgc-equal-heights \"><div  class=\"inside-grid-column\"><iframe loading=\"lazy\" src=\"https:\/\/www.youtube.com\/embed\/zKXOSAXsgBA\" width=\"360\" height=\"215\" frameborder=\"0\" allowfullscreen=\"allowfullscreen\"><\/iframe>\n<p>Panel II: Colonial ethnographies, colonial histories<\/p>\n<p>Chair\u00a0Daniel Schroeter Sim\u00e3o 0:00:00<\/p>\n<p>Papers by: Andrew MacWilliam (ANU): &#8220;Reflections on ethnography and the colonial archive on East Timor&#8221; 00:19<\/p>\n<p>Rui Gra\u00e7a Feij\u00f3 (CES-UC), Susana de Matos Viegas (ICS-UL): &#8220;Entanglements: buffalo heads and tombs in Laut\u00e9m&#8221; 13:18 <\/p><\/div><\/div>\n<div  class=\"lgc-column lgc-grid-parent lgc-grid-25 lgc-tablet-grid-25 lgc-mobile-grid-100 lgc-equal-heights \"><div  class=\"inside-grid-column\"><iframe loading=\"lazy\" src=\"https:\/\/www.youtube.com\/embed\/ZpbdBZJfk0c\" width=\"360\" height=\"215\" frameborder=\"0\" allowfullscreen=\"allowfullscreen\"><\/iframe>\n<p>Round table with:<\/p>\n<p>\u00bb Claudine Friedberg (MNHN-Paris) <a class=\"yt-simple-endpoint style-scope yt-formatted-string\" spellcheck=\"false\" href=\"https:\/\/www.youtube.com\/watch?v=ZpbdBZJfk0c&amp;t=378s\">0:06:18<\/a><\/p>\n<p>\u00bb David Hicks (Stony Brook University) <a class=\"yt-simple-endpoint style-scope yt-formatted-string\" spellcheck=\"false\" href=\"https:\/\/www.youtube.com\/watch?v=ZpbdBZJfk0c&amp;t=2043s\">0:34:03<\/a><\/p>\n<p>\u00bb Elizabeth Traube (Wesleyan University) <a class=\"yt-simple-endpoint style-scope yt-formatted-string\" spellcheck=\"false\" href=\"https:\/\/www.youtube.com\/watch?v=ZpbdBZJfk0c&amp;t=3602s\">1:00:02<\/a><\/p>\n<p><\/p><\/div><\/div><div class=\"lgc-clear\"><\/div>\n","protected":false},"excerpt":{"rendered":"<p> &hellip; <\/p>\n","protected":false},"author":7,"featured_media":0,"parent":0,"menu_order":0,"comment_status":"closed","ping_status":"closed","template":"","meta":{"_cbd_carousel_blocks":"[]","_exactmetrics_skip_tracking":false,"_exactmetrics_sitenote_active":false,"_exactmetrics_sitenote_note":"","_exactmetrics_sitenote_category":0,"footnotes":""},"class_list":["post-3146","page","type-page","status-publish","hentry"],"translation":{"provider":"WPGlobus","version":"3.0.0","language":"pt","enabled_languages":["en","pt"],"languages":{"en":{"title":true,"content":true,"excerpt":false},"pt":{"title":true,"content":true,"excerpt":false}}},"_links":{"self":[{"href":"https:\/\/gi-imperios.org\/blog\/pt\/wp-json\/wp\/v2\/pages\/3146","targetHints":{"allow":["GET"]}}],"collection":[{"href":"https:\/\/gi-imperios.org\/blog\/pt\/wp-json\/wp\/v2\/pages"}],"about":[{"href":"https:\/\/gi-imperios.org\/blog\/pt\/wp-json\/wp\/v2\/types\/page"}],"author":[{"embeddable":true,"href":"https:\/\/gi-imperios.org\/blog\/pt\/wp-json\/wp\/v2\/users\/7"}],"replies":[{"embeddable":true,"href":"https:\/\/gi-imperios.org\/blog\/pt\/wp-json\/wp\/v2\/comments?post=3146"}],"version-history":[{"count":54,"href":"https:\/\/gi-imperios.org\/blog\/pt\/wp-json\/wp\/v2\/pages\/3146\/revisions"}],"predecessor-version":[{"id":4927,"href":"https:\/\/gi-imperios.org\/blog\/pt\/wp-json\/wp\/v2\/pages\/3146\/revisions\/4927"}],"wp:attachment":[{"href":"https:\/\/gi-imperios.org\/blog\/pt\/wp-json\/wp\/v2\/media?parent=3146"}],"curies":[{"name":"wp","href":"https:\/\/api.w.org\/{rel}","templated":true}]}}