{"id":3167,"date":"2019-06-17T10:02:47","date_gmt":"2019-06-17T10:02:47","guid":{"rendered":"https:\/\/gi-imperios.org\/blog\/?page_id=3167"},"modified":"2025-07-06T15:57:13","modified_gmt":"2025-07-06T15:57:13","slug":"audio-resources","status":"publish","type":"page","link":"https:\/\/gi-imperios.org\/blog\/pt\/audio-resources\/","title":{"rendered":"Recursos Audio"},"content":{"rendered":"<p><strong>2020-2021<\/strong><\/p>\n<p><strong>Podcast Imp\u00e9rios<\/strong><\/p>\n<p>Epis\u00f3dios #1#2#3#4#5<\/p>\n<div  class=\"lgc-column lgc-grid-parent lgc-grid-33 lgc-tablet-grid-33 lgc-mobile-grid-100 lgc-equal-heights \"><div  class=\"inside-grid-column\"><iframe loading=\"lazy\" src=\"https:\/\/open.spotify.com\/embed\/show\/4UXfK2qD5oKjECck7Hvb7u?utm_source=generator\" width=\"85%\" height=\"232\" frameborder=\"0\" allowfullscreen=\"allowfullscreen\" data-mce-fragment=\"1\"><span data-mce-type=\"bookmark\" style=\"display: inline-block; width: 0px; overflow: hidden; line-height: 0;\" class=\"mce_SELRES_start\">\ufeff<\/span><\/iframe>\n<p><\/p><\/div><\/div>\n<div  class=\"lgc-column lgc-grid-parent lgc-grid-33 lgc-tablet-grid-33 lgc-mobile-grid-100 lgc-equal-heights \"><div  class=\"inside-grid-column\"><iframe loading=\"lazy\" src=\"https:\/\/open.spotify.com\/embed\/episode\/2LdsQ6IWoZccgMfNDQdnzp?utm_source=generator\" width=\"85%\" height=\"232\" frameborder=\"0\" allowfullscreen=\"allowfullscreen\" data-mce-fragment=\"1\"><span data-mce-type=\"bookmark\" style=\"display: inline-block; width: 0px; overflow: hidden; line-height: 0;\" class=\"mce_SELRES_start\">\ufeff<\/span><\/iframe>\n<p><\/p><\/div><\/div>\n<div  class=\"lgc-column lgc-grid-parent lgc-grid-33 lgc-tablet-grid-33 lgc-mobile-grid-100 lgc-equal-heights \"><div  class=\"inside-grid-column\"><iframe loading=\"lazy\" src=\"https:\/\/open.spotify.com\/embed\/episode\/6YdisOTzDYuP5NnsIMff1w?utm_source=generator\" width=\"85%\" height=\"232\" frameborder=\"0\" allowfullscreen=\"allowfullscreen\" data-mce-fragment=\"1\"><\/iframe>\n<p><\/p><\/div><\/div>\n<div  class=\"lgc-column lgc-grid-parent lgc-grid-33 lgc-tablet-grid-33 lgc-mobile-grid-100 lgc-equal-heights \"><div  class=\"inside-grid-column\"><iframe loading=\"lazy\" src=\"https:\/\/open.spotify.com\/embed\/episode\/34mAIrD9rNYTPJ5i4QeGEF?utm_source=generator\" width=\"85%\" height=\"232\" frameborder=\"0\" allowfullscreen=\"allowfullscreen\" data-mce-fragment=\"1\"><\/iframe>\n<p><\/p><\/div><\/div>\n<div  class=\"lgc-column lgc-grid-parent lgc-grid-33 lgc-tablet-grid-33 lgc-mobile-grid-100 lgc-equal-heights \"><div  class=\"inside-grid-column\"><iframe loading=\"lazy\" src=\"https:\/\/open.spotify.com\/embed\/episode\/53wlm5NMxCHYzz9hH6GW3a?utm_source=generator\" width=\"85%\" height=\"232\" frameborder=\"0\" allowfullscreen=\"allowfullscreen\" data-mce-fragment=\"1\"><\/iframe>\n<p>&nbsp;<\/p>\n<p>&nbsp;<\/p>\n<p><strong>2019<\/strong><\/p>\n<p>Hist\u00f3ria da \u00c1frica no Arquivo AEL: M\u00fasica Popular Mo\u00e7ambicana. Recolha por Matheus Serva Pereira (122 can\u00e7\u00f5es)<\/p>\n<p><iframe title=\"Spotify Embed: De Novembro a Novembro\" style=\"border-radius: 12px\" width=\"100%\" height=\"352\" frameborder=\"0\" allowfullscreen allow=\"autoplay; clipboard-write; encrypted-media; fullscreen; picture-in-picture\" loading=\"lazy\" src=\"https:\/\/open.spotify.com\/embed\/playlist\/3RfhIsmLeFCLKLc5Be4qrs?utm_source=oembed\"><\/iframe><\/p>\n<p><strong>Descolonizar os Museus. Isto na Pr\u00e1tica? Semin\u00e1rio no ICS-ULisboa, organizado em parceria com a Acesso Cultura, 22 Mar\u00e7o<\/strong> em formato podcast.<\/p>\n<div  class=\"lgc-column lgc-grid-parent lgc-grid-33 lgc-tablet-grid-33 lgc-mobile-grid-100 lgc-equal-heights \"><div  class=\"inside-grid-column\"><\/div><\/div><iframe loading=\"lazy\" src=\"https:\/\/www.mixcloud.com\/widget\/iframe\/?hide_cover=1&amp;mini=1&amp;light=1&amp;feed=%2FAcesso_Cultura%2Fdescolonizar-os-museus-isto-na-pr%C3%A1tica-wayne-modest-parte-1%2F\" width=\"70%\" height=\"60\" frameborder=\"0\" data-mce-fragment=\"1\"><\/iframe>\n<p>Parte 1 &#8211; Apresenta\u00e7\u00e3o de Wayne Modest<\/p><\/div><\/div><div class=\"lgc-clear\"><\/div>\n<div  class=\"lgc-column lgc-grid-parent lgc-grid-33 lgc-tablet-grid-33 lgc-mobile-grid-100 lgc-equal-heights \"><div  class=\"inside-grid-column\"><iframe loading=\"lazy\" src=\"https:\/\/www.mixcloud.com\/widget\/iframe\/?hide_cover=1&amp;mini=1&amp;light=1&amp;feed=%2FAcesso_Cultura%2Fdescolonizar-os-museus-isto-na-pr%C3%A1tica-wayne-modest-parte-2%2F\" width=\"70%\" height=\"60\" frameborder=\"0\" data-mce-fragment=\"1\"><\/iframe>\n<p>Parte 2 &#8211; Debate com Wayne Modest<\/p><\/div><\/div>\n<div  class=\"lgc-column lgc-grid-parent lgc-grid-33 lgc-tablet-grid-33 lgc-mobile-grid-100 lgc-equal-heights \"><div  class=\"inside-grid-column\"><iframe loading=\"lazy\" src=\"https:\/\/www.mixcloud.com\/widget\/iframe\/?hide_cover=1&amp;mini=1&amp;light=1&amp;feed=%2FAcesso_Cultura%2Fdescolonizar-os-museus-isto-na-pr%C3%A1tica-debate-parte-3%2F\" width=\"70%\" height=\"60\" frameborder=\"0\" data-mce-fragment=\"1\"><\/iframe>\n<p>Parte 3 &#8211; Debate sobre o caso portugu\u00eas<\/p><\/div><\/div>\n<p><strong>2018<\/strong><\/p>\n<p>\u00c2ngela Barreto Xavier e Cristina Nogueira da Silva em conversa no programa<strong>\u00a0Salvo Melhor Ju\u00edzo<\/strong>, sobre o projecto \u201cGoverno dos Outros\u201d<\/p>\n<p><iframe loading=\"lazy\" src=\"https:\/\/w.soundcloud.com\/player\/?url=https%3A\/\/api.soundcloud.com\/tracks\/355133906&amp;color=%23ff5500&amp;auto_play=false&amp;hide_related=false&amp;show_comments=true&amp;show_user=true&amp;show_reposts=false&amp;show_teaser=true&amp;visual=true\" width=\"500\" height=\"100\" frameborder=\"no\" scrolling=\"no\" data-mce-fragment=\"1\"><span data-mce-type=\"bookmark\" style=\"display: inline-block; width: 0px; overflow: hidden; line-height: 0;\" class=\"mce_SELRES_start\">\ufeff<\/span><span data-mce-type=\"bookmark\" style=\"display: inline-block; width: 0px; overflow: hidden; line-height: 0;\" class=\"mce_SELRES_start\">\ufeff<\/span><span data-mce-type=\"bookmark\" style=\"display: inline-block; width: 0px; overflow: hidden; line-height: 0;\" class=\"mce_SELRES_start\">\ufeff<\/span><span data-mce-type=\"bookmark\" style=\"display: inline-block; width: 0px; overflow: hidden; line-height: 0;\" class=\"mce_SELRES_start\">\ufeff<\/span><\/iframe><\/p>\n<p>Programa <strong>90 segundos de ci\u00eancia<\/strong>, um projecto do ITQB NOVA, da\u00a0FCSH NOVA, e da\u00a0Antena 1, com o apoio da\u00a0Novartis<\/p>\n<div  class=\"lgc-column lgc-grid-parent lgc-grid-25 lgc-tablet-grid-25 lgc-mobile-grid-100 lgc-equal-heights \"><div  class=\"inside-grid-column\"><img loading=\"lazy\" decoding=\"async\" class=\"aligncenter size-medium wp-image-2300\" src=\"https:\/\/gi-imperios.org\/blog\/wp-content\/uploads\/2018\/12\/90-segundos-Filipa-300x159.jpg\" alt=\"\" width=\"300\" height=\"159\" srcset=\"https:\/\/gi-imperios.org\/blog\/wp-content\/uploads\/2018\/12\/90-segundos-Filipa-300x159.jpg 300w, https:\/\/gi-imperios.org\/blog\/wp-content\/uploads\/2018\/12\/90-segundos-Filipa-768x407.jpg 768w, https:\/\/gi-imperios.org\/blog\/wp-content\/uploads\/2018\/12\/90-segundos-Filipa.jpg 1024w, https:\/\/gi-imperios.org\/blog\/wp-content\/uploads\/2018\/12\/90-segundos-Filipa-250x132.jpg 250w, https:\/\/gi-imperios.org\/blog\/wp-content\/uploads\/2018\/12\/90-segundos-Filipa-550x291.jpg 550w, https:\/\/gi-imperios.org\/blog\/wp-content\/uploads\/2018\/12\/90-segundos-Filipa-800x423.jpg 800w, https:\/\/gi-imperios.org\/blog\/wp-content\/uploads\/2018\/12\/90-segundos-Filipa-340x180.jpg 340w, https:\/\/gi-imperios.org\/blog\/wp-content\/uploads\/2018\/12\/90-segundos-Filipa-567x300.jpg 567w, https:\/\/gi-imperios.org\/blog\/wp-content\/uploads\/2018\/12\/90-segundos-Filipa-945x500.jpg 945w\" sizes=\"auto, (max-width: 300px) 100vw, 300px\" \/>\n<p style=\"text-align: center;\"><a href=\"http:\/\/www.90segundosdeciencia.pt\/episodes\/ep-448-filipa-vicente\/\" target=\"_blank\" rel=\"noopener\">Filipa Vicente: A Hist\u00f3ria que ficou por contar: o papel das mulheres e minorias na produ\u00e7\u00e3o de conhecimento<\/a>\u00a0Epis\u00f3dio 448<\/p>\n<p><\/p><\/div><\/div> <div  class=\"lgc-column lgc-grid-parent lgc-grid-25 lgc-tablet-grid-25 lgc-mobile-grid-100 lgc-equal-heights \"><div  class=\"inside-grid-column\"><img loading=\"lazy\" decoding=\"async\" class=\"wp-image-1646 aligncenter\" src=\"https:\/\/gi-imperios.org\/blog\/wp-content\/uploads\/2018\/06\/ND-90seg-300x161.jpg\" alt=\"\" width=\"297\" height=\"159\" srcset=\"https:\/\/gi-imperios.org\/blog\/wp-content\/uploads\/2018\/06\/ND-90seg-300x161.jpg 300w, https:\/\/gi-imperios.org\/blog\/wp-content\/uploads\/2018\/06\/ND-90seg-768x412.jpg 768w, https:\/\/gi-imperios.org\/blog\/wp-content\/uploads\/2018\/06\/ND-90seg-1024x549.jpg 1024w, https:\/\/gi-imperios.org\/blog\/wp-content\/uploads\/2018\/06\/ND-90seg.jpg 1920w\" sizes=\"auto, (max-width: 297px) 100vw, 297px\" \/>\n<p style=\"text-align: center;\"><a href=\"http:\/\/www.90segundosdeciencia.pt\/episodes\/ep-272-nuno-domingos\/\">Nuno Domingos: Que m\u00fasica, livros e cinema eram populares em Luanda e Maputo durante o Estado Novo?<\/a>\u00a0Epis\u00f3dio 272 <\/p><\/div><\/div>\n<div  class=\"lgc-column lgc-grid-parent lgc-grid-25 lgc-tablet-grid-25 lgc-mobile-grid-100 lgc-equal-heights \"><div  class=\"inside-grid-column\"><img loading=\"lazy\" decoding=\"async\" class=\"size-medium wp-image-1647 aligncenter\" src=\"https:\/\/gi-imperios.org\/blog\/wp-content\/uploads\/2018\/06\/RR-90-seg-300x160.jpg\" alt=\"\" width=\"300\" height=\"160\" srcset=\"https:\/\/gi-imperios.org\/blog\/wp-content\/uploads\/2018\/06\/RR-90-seg-300x160.jpg 300w, https:\/\/gi-imperios.org\/blog\/wp-content\/uploads\/2018\/06\/RR-90-seg-768x410.jpg 768w, https:\/\/gi-imperios.org\/blog\/wp-content\/uploads\/2018\/06\/RR-90-seg-1024x547.jpg 1024w, https:\/\/gi-imperios.org\/blog\/wp-content\/uploads\/2018\/06\/RR-90-seg.jpg 1920w\" sizes=\"auto, (max-width: 300px) 100vw, 300px\" \/>\n<p style=\"text-align: center;\"><a href=\"http:\/\/www.90segundosdeciencia.pt\/episodes\/ep-265-ricardo-roque\/\">Ricardo Roque: A Viol\u00eancia foi uma presen\u00e7a constante na coloniza\u00e7\u00e3o portuguesa de Timor<\/a>\u00a0Epis\u00f3dio\u00a0265<\/p><\/div><\/div>\n<div  class=\"lgc-column lgc-grid-parent lgc-grid-25 lgc-tablet-grid-25 lgc-mobile-grid-100 lgc-equal-heights \"><div  class=\"inside-grid-column\"><img loading=\"lazy\" decoding=\"async\" class=\"size-medium wp-image-1645 aligncenter\" src=\"https:\/\/gi-imperios.org\/blog\/wp-content\/uploads\/2018\/06\/ABX-90-seg-300x159.jpg\" alt=\"\" width=\"300\" height=\"159\" srcset=\"https:\/\/gi-imperios.org\/blog\/wp-content\/uploads\/2018\/06\/ABX-90-seg-300x159.jpg 300w, https:\/\/gi-imperios.org\/blog\/wp-content\/uploads\/2018\/06\/ABX-90-seg-768x406.jpg 768w, https:\/\/gi-imperios.org\/blog\/wp-content\/uploads\/2018\/06\/ABX-90-seg-1024x542.jpg 1024w, https:\/\/gi-imperios.org\/blog\/wp-content\/uploads\/2018\/06\/ABX-90-seg.jpg 1920w\" sizes=\"auto, (max-width: 300px) 100vw, 300px\" \/>\n<p style=\"text-align: center;\"><a href=\"http:\/\/www.90segundosdeciencia.pt\/episodes\/ep-229-angela-xavier\/\">\u00c2ngela Xavier: 50 Sombras de Imperialismo: O que faz um estado ser dominante?<\/a>\u00a0Epis\u00f3dio 229 <\/p><\/div><\/div><div class=\"lgc-clear\"><\/div>\n","protected":false},"excerpt":{"rendered":"<p> &hellip; <\/p>\n","protected":false},"author":7,"featured_media":0,"parent":0,"menu_order":0,"comment_status":"closed","ping_status":"closed","template":"","meta":{"_cbd_carousel_blocks":"[]","_exactmetrics_skip_tracking":false,"_exactmetrics_sitenote_active":false,"_exactmetrics_sitenote_note":"","_exactmetrics_sitenote_category":0,"footnotes":""},"class_list":["post-3167","page","type-page","status-publish","hentry"],"translation":{"provider":"WPGlobus","version":"3.0.0","language":"pt","enabled_languages":["en","pt"],"languages":{"en":{"title":true,"content":true,"excerpt":false},"pt":{"title":true,"content":true,"excerpt":false}}},"_links":{"self":[{"href":"https:\/\/gi-imperios.org\/blog\/pt\/wp-json\/wp\/v2\/pages\/3167","targetHints":{"allow":["GET"]}}],"collection":[{"href":"https:\/\/gi-imperios.org\/blog\/pt\/wp-json\/wp\/v2\/pages"}],"about":[{"href":"https:\/\/gi-imperios.org\/blog\/pt\/wp-json\/wp\/v2\/types\/page"}],"author":[{"embeddable":true,"href":"https:\/\/gi-imperios.org\/blog\/pt\/wp-json\/wp\/v2\/users\/7"}],"replies":[{"embeddable":true,"href":"https:\/\/gi-imperios.org\/blog\/pt\/wp-json\/wp\/v2\/comments?post=3167"}],"version-history":[{"count":71,"href":"https:\/\/gi-imperios.org\/blog\/pt\/wp-json\/wp\/v2\/pages\/3167\/revisions"}],"predecessor-version":[{"id":11016,"href":"https:\/\/gi-imperios.org\/blog\/pt\/wp-json\/wp\/v2\/pages\/3167\/revisions\/11016"}],"wp:attachment":[{"href":"https:\/\/gi-imperios.org\/blog\/pt\/wp-json\/wp\/v2\/media?parent=3167"}],"curies":[{"name":"wp","href":"https:\/\/api.w.org\/{rel}","templated":true}]}}