{"id":3264,"date":"2019-05-17T14:04:13","date_gmt":"2019-05-17T14:04:13","guid":{"rendered":"https:\/\/gi-imperios.org\/blog\/?page_id=3264"},"modified":"2019-05-17T14:04:21","modified_gmt":"2019-05-17T14:04:21","slug":"public-rituals-in-the-portuguese-empire-1498-1822","status":"publish","type":"page","link":"https:\/\/gi-imperios.org\/blog\/pt\/public-rituals-in-the-portuguese-empire-1498-1822\/","title":{"rendered":"Rituais P\u00fablicos no Imp\u00e9rio Portugu\u00eas (1498-1822)"},"content":{"rendered":"<p><strong><img loading=\"lazy\" decoding=\"async\" class=\"size-medium wp-image-2648 alignleft\" src=\"https:\/\/gi-imperios.org\/blog\/wp-content\/uploads\/2019\/03\/Rituals-300x236.jpg\" alt=\"\" width=\"300\" height=\"236\" srcset=\"https:\/\/gi-imperios.org\/blog\/wp-content\/uploads\/2019\/03\/Rituals-300x236.jpg 300w, https:\/\/gi-imperios.org\/blog\/wp-content\/uploads\/2019\/03\/Rituals-768x605.jpg 768w, https:\/\/gi-imperios.org\/blog\/wp-content\/uploads\/2019\/03\/Rituals-1024x807.jpg 1024w, https:\/\/gi-imperios.org\/blog\/wp-content\/uploads\/2019\/03\/Rituals-250x197.jpg 250w, https:\/\/gi-imperios.org\/blog\/wp-content\/uploads\/2019\/03\/Rituals-550x433.jpg 550w, https:\/\/gi-imperios.org\/blog\/wp-content\/uploads\/2019\/03\/Rituals-800x630.jpg 800w, https:\/\/gi-imperios.org\/blog\/wp-content\/uploads\/2019\/03\/Rituals-229x180.jpg 229w, https:\/\/gi-imperios.org\/blog\/wp-content\/uploads\/2019\/03\/Rituals-381x300.jpg 381w, https:\/\/gi-imperios.org\/blog\/wp-content\/uploads\/2019\/03\/Rituals-635x500.jpg 635w, https:\/\/gi-imperios.org\/blog\/wp-content\/uploads\/2019\/03\/Rituals.jpg 1389w\" sizes=\"auto, (max-width: 300px) 100vw, 300px\" \/>Principal Investigator:<\/strong> \u00c2ngela Barreto Xavier<\/p>\n<div class=\"page\" title=\"Page 1\">\n<div class=\"section\">\n<div class=\"layoutArea\">\n<div class=\"column\">\n<p><strong>Financiamento<\/strong>: FCT, Funda\u00e7\u00e3o para a Ci\u00eancia e Tecnologia (Refer\u00eanciaPTDC\/HAR-HIS\/28364\/2017)<\/p>\n<p>Este projecto tem como objectivo analisar o papel dos rituais p\u00fablicos na constru\u00e7\u00e3o do imp\u00e9rio portugu\u00eas da \u00e9poca moderna. Desde entradas solenes at\u00e9 nascimentos reais, casamentos e funerais, ou festas religiosas, os rituais p\u00fablicos ocorreram em cidades e vilas de todo o imp\u00e9rio, com a inten\u00e7\u00e3o de celebrar uma variedade de ocasi\u00f5es. No geral, estes rituais p\u00fablicos serviam para fortalecer o poder pol\u00edtico, refor\u00e7ar a coes\u00e3o social, e facilitar a comunica\u00e7\u00e3o pol\u00edtica. Mas estes rituais podiam ser, tamb\u00e9m, lugar de disc\u00f3rdia, neles se expressando as tens\u00f5es e contradi\u00e7\u00f5es do imp\u00e9rio. Para explorar estas quest\u00f5es, o projecto disponibilizar\u00e1 mais de 1000 rituais impressos (cerca de 30 000 p\u00e1ginas de textos e imagens), em articula\u00e7\u00e3o com a Biblioteca Digital da Biblioteca Nacional de Portugal (<a href=\"http:\/\/purl.pt\/index\/geral\/PT\/index.html\">http:\/\/purl.pt\/index\/geral\/PT\/index.html<\/a>) e a Biblioteca Digital Luso-Brasileira (<a href=\"http:\/\/bdlb.bn.br\/\">http:\/\/bdlb.bn.br<\/a>). Uma exposi\u00e7\u00e3o, um livro, um dossier tem\u00e1tico, e v\u00e1rios artigos ser\u00e3o outros resultados do projecto.<\/p>\n<\/div>\n<\/div>\n<\/div>\n<\/div>\n","protected":false},"excerpt":{"rendered":"<p> &hellip; <\/p>\n","protected":false},"author":1,"featured_media":0,"parent":0,"menu_order":0,"comment_status":"closed","ping_status":"closed","template":"","meta":{"_cbd_carousel_blocks":"[]","_exactmetrics_skip_tracking":false,"_exactmetrics_sitenote_active":false,"_exactmetrics_sitenote_note":"","_exactmetrics_sitenote_category":0,"footnotes":""},"class_list":["post-3264","page","type-page","status-publish","hentry"],"translation":{"provider":"WPGlobus","version":"3.0.0","language":"pt","enabled_languages":["en","pt"],"languages":{"en":{"title":true,"content":true,"excerpt":false},"pt":{"title":true,"content":true,"excerpt":false}}},"_links":{"self":[{"href":"https:\/\/gi-imperios.org\/blog\/pt\/wp-json\/wp\/v2\/pages\/3264","targetHints":{"allow":["GET"]}}],"collection":[{"href":"https:\/\/gi-imperios.org\/blog\/pt\/wp-json\/wp\/v2\/pages"}],"about":[{"href":"https:\/\/gi-imperios.org\/blog\/pt\/wp-json\/wp\/v2\/types\/page"}],"author":[{"embeddable":true,"href":"https:\/\/gi-imperios.org\/blog\/pt\/wp-json\/wp\/v2\/users\/1"}],"replies":[{"embeddable":true,"href":"https:\/\/gi-imperios.org\/blog\/pt\/wp-json\/wp\/v2\/comments?post=3264"}],"version-history":[{"count":3,"href":"https:\/\/gi-imperios.org\/blog\/pt\/wp-json\/wp\/v2\/pages\/3264\/revisions"}],"predecessor-version":[{"id":3267,"href":"https:\/\/gi-imperios.org\/blog\/pt\/wp-json\/wp\/v2\/pages\/3264\/revisions\/3267"}],"wp:attachment":[{"href":"https:\/\/gi-imperios.org\/blog\/pt\/wp-json\/wp\/v2\/media?parent=3264"}],"curies":[{"name":"wp","href":"https:\/\/api.w.org\/{rel}","templated":true}]}}