{"id":365,"date":"2017-11-08T02:31:12","date_gmt":"2017-11-08T02:31:12","guid":{"rendered":"https:\/\/gi-imperios.org\/blog\/?page_id=365"},"modified":"2017-11-08T02:47:37","modified_gmt":"2017-11-08T02:47:37","slug":"o-imperio-colonial-portugues","status":"publish","type":"page","link":"https:\/\/gi-imperios.org\/blog\/pt\/o-imperio-colonial-portugues\/","title":{"rendered":"O IMP\u00c9RIO COLONIAL PORTUGU\u00caS E A CULTURA POPULAR URBANA"},"content":{"rendered":"<p><img loading=\"lazy\" decoding=\"async\" class=\"alignleft wp-image-341 size-medium\" src=\"https:\/\/gi-imperios.org\/blog\/wp-content\/uploads\/2017\/11\/MOCAMBIQUE-300x225.png\" alt=\"\" width=\"300\" height=\"225\" srcset=\"https:\/\/gi-imperios.org\/blog\/wp-content\/uploads\/2017\/11\/MOCAMBIQUE-300x225.png 300w, https:\/\/gi-imperios.org\/blog\/wp-content\/uploads\/2017\/11\/MOCAMBIQUE-768x576.png 768w, https:\/\/gi-imperios.org\/blog\/wp-content\/uploads\/2017\/11\/MOCAMBIQUE.png 1020w\" sizes=\"auto, (max-width: 300px) 100vw, 300px\" \/><strong>Principal investigador: Nuno Domingos (ICS-ULisboa)<\/strong><\/p>\n<p>Os imp\u00e9rios s\u00e3o espa\u00e7os de circula\u00e7\u00e3o de pessoas e bens entre col\u00f3nias e respetivos centros metropolitanos, mas tamb\u00e9m espa\u00e7os de circula\u00e7\u00e3o globais. Formas culturais diversas circularam tanto no espa\u00e7o do imp\u00e9rio portugu\u00eas, como tamb\u00e9m entre imp\u00e9rios e entre espa\u00e7os imperiais e n\u00e3o imperiais, afetando representa\u00e7\u00f5es do mundo mas tamb\u00e9m pr\u00e1ticas quotidianas. Este projeto interdisciplinar, que junta a hist\u00f3ria, a antropologia, os estudos p\u00f3s-coloniais e culturais, procura compreender como \u00e9 que a circula\u00e7\u00e3o dos produtos da cultura popular urbana, imperial e global, entre 1945 e 1974 ajudaram a construir uma sociedade colonial constitu\u00edda no entrecruzamento de col\u00f3nias, metr\u00f3pole e contextos globais mais vastos. Trata-se de um projeto inovador no seu \u00e2mbito interdisciplinar. Os membros da equipa t\u00eam trabalhado extensivamente sobre os temas do imp\u00e9rio e da cultura popular partindo de uma variedade de tradi\u00e7\u00f5es acad\u00e9micas. Esta abordagem permitir\u00e1 que o tema seja estudado de forma mais sistem\u00e1tica, combinando a produ\u00e7\u00e3o cultural com a sua pr\u00e1tica e consumo, na linha dos estudos realizados em outros contextos, mas em grande parte ausentes na academia portuguesa.<\/p>\n","protected":false},"excerpt":{"rendered":"<p> &hellip; <\/p>\n","protected":false},"author":2,"featured_media":0,"parent":0,"menu_order":0,"comment_status":"closed","ping_status":"closed","template":"","meta":{"_cbd_carousel_blocks":"[]","_exactmetrics_skip_tracking":false,"_exactmetrics_sitenote_active":false,"_exactmetrics_sitenote_note":"","_exactmetrics_sitenote_category":0,"footnotes":""},"class_list":["post-365","page","type-page","status-publish","hentry"],"translation":{"provider":"WPGlobus","version":"3.0.0","language":"pt","enabled_languages":["en","pt"],"languages":{"en":{"title":true,"content":true,"excerpt":false},"pt":{"title":true,"content":true,"excerpt":false}}},"_links":{"self":[{"href":"https:\/\/gi-imperios.org\/blog\/pt\/wp-json\/wp\/v2\/pages\/365","targetHints":{"allow":["GET"]}}],"collection":[{"href":"https:\/\/gi-imperios.org\/blog\/pt\/wp-json\/wp\/v2\/pages"}],"about":[{"href":"https:\/\/gi-imperios.org\/blog\/pt\/wp-json\/wp\/v2\/types\/page"}],"author":[{"embeddable":true,"href":"https:\/\/gi-imperios.org\/blog\/pt\/wp-json\/wp\/v2\/users\/2"}],"replies":[{"embeddable":true,"href":"https:\/\/gi-imperios.org\/blog\/pt\/wp-json\/wp\/v2\/comments?post=365"}],"version-history":[{"count":7,"href":"https:\/\/gi-imperios.org\/blog\/pt\/wp-json\/wp\/v2\/pages\/365\/revisions"}],"predecessor-version":[{"id":9206,"href":"https:\/\/gi-imperios.org\/blog\/pt\/wp-json\/wp\/v2\/pages\/365\/revisions\/9206"}],"wp:attachment":[{"href":"https:\/\/gi-imperios.org\/blog\/pt\/wp-json\/wp\/v2\/media?parent=365"}],"curies":[{"name":"wp","href":"https:\/\/api.w.org\/{rel}","templated":true}]}}