{"id":3662,"date":"2019-07-14T17:38:29","date_gmt":"2019-07-14T17:38:29","guid":{"rendered":"https:\/\/gi-imperios.org\/blog\/?page_id=3662"},"modified":"2022-12-22T19:02:59","modified_gmt":"2022-12-22T19:02:59","slug":"audiovisual-resources-research-films","status":"publish","type":"page","link":"https:\/\/gi-imperios.org\/blog\/pt\/media\/audiovisual-resources-research-films\/","title":{"rendered":"Recursos Audiovisuais (Filmes)"},"content":{"rendered":"<p>Investigadores associados ao GI Imp\u00e9rios relacionam-se de m\u00faltiplas maneiras com o cinema.<br \/>\nAlguns pesquisam sobre filmes, participam em produ\u00e7\u00f5es cinematogr\u00e1ficas na realiza\u00e7\u00e3o ou argumento, organizam e comentam filmes em sess\u00f5es p\u00fablicas em diversos contextos (cinema comercial, independente, e no contexto acad\u00e9mico).<\/p>\n<p><em>Organizado por anos e d\u00e9cadas de produ\u00e7\u00e3o dos filmes<\/em><\/p>\n<div  class=\"lgc-column lgc-grid-parent lgc-grid-30 lgc-tablet-grid-30 lgc-mobile-grid-100 lgc-equal-heights \"><div  class=\"inside-grid-column\"><br \/>\n<strong>2022<\/strong>\n<p><iframe loading=\"lazy\" src=\"https:\/\/www.youtube.com\/embed\/VJydw_lGpWI\" width=\"460\" height=\"180\" frameborder=\"0\" allowfullscreen=\"allowfullscreen\" data-mce-fragment=\"1\"><\/iframe><\/p>\n<p><strong>A Africologista<\/strong> (73 min, Cabo Verde), filme de Val\u00e9rio Lopes<a href=\"https:\/\/lugardistante.wixsite.com\/csaudiovisual\/c%C3%B3pia-sess%C3%A3o-16\" target=\"_blank\" rel=\"noopener\">, Sessi\u00e3o do ciclo Ci\u00eancias Sociais e Audiovisual<\/a>. <strong>Trailer<\/strong> em cima. <\/p><\/div><\/div>\n<div  class=\"lgc-column lgc-grid-parent lgc-grid-30 lgc-tablet-grid-30 lgc-mobile-grid-100 lgc-equal-heights \"><div  class=\"inside-grid-column\"><br \/>\n<strong>2022<\/strong>\n<p><iframe loading=\"lazy\" src=\"https:\/\/www.youtube.com\/embed\/BOaIkX9vhzA\" width=\"460\" height=\"180\" frameborder=\"0\" allowfullscreen=\"allowfullscreen\" data-mce-fragment=\"1\"><\/iframe><\/p>\n<p><strong>Red Africa<\/strong> (65 min, R\u00fassia, Portugal), document\u00e1rio de Alexander Markov. <a href=\"https:\/\/gi-imperios.org\/blog\/red-africa-africa-vermelha-exibicao-e-debate-com-o-realizador-alexander-markov\/\" target=\"_blank\" rel=\"noopener\">Sess\u00e3o<\/a> no ICS-ULisboa. <strong>Trailer<\/strong> em cima.<\/p><\/div><\/div>\n<div  class=\"lgc-column lgc-grid-parent lgc-grid-30 lgc-tablet-grid-30 lgc-mobile-grid-100 lgc-equal-heights \"><div  class=\"inside-grid-column\">\n<p><strong>2021<\/strong><\/p>\n<p><iframe loading=\"lazy\" src=\"https:\/\/www.youtube.com\/embed\/Xor2ZFE6n7s\" width=\"460\" height=\"180\" frameborder=\"0\" allowfullscreen=\"allowfullscreen\" data-mce-fragment=\"1\"><\/iframe><\/p>\n<p><strong>Vis\u00f5es do Imp\u00e9rio<\/strong> (93 min, Portugal), document\u00e1rio de Joana Pontes. Filipa Lowndes Vicente co-assina o argumento. <strong>Trailer<\/strong> em cima.\u00a0<span style=\"font-size: 1rem;\"><\/span><\/p><\/div><\/div><div class=\"lgc-clear\"><\/div><\/span><\/p>\n<p><strong>2010-2019<\/strong><\/p>\n<div  class=\"lgc-column lgc-grid-parent lgc-grid-30 lgc-tablet-grid-30 lgc-mobile-grid-100 lgc-equal-heights \"><div  class=\"inside-grid-column\"><br \/>\n<strong>2019<\/strong>\n<p><iframe loading=\"lazy\" src=\"https:\/\/player.vimeo.com\/video\/313762146\" width=\"433\" height=\"180\" frameborder=\"0\" allowfullscreen=\"allowfullscreen\" data-mce-fragment=\"1\"><\/iframe><\/p>\n<p><strong>P\u00e1ssaros de Ver\u00e3o<\/strong> (120 min, Colombia), longa-metragem de fic\u00e7\u00e3o por Cristina Gallego e Ciro Guerra. <a href=\" https:\/\/lugardistante.wixsite.com\/csaudiovisual\/s14\" target=\"_blank\" rel=\"noopener\"> Ci\u00eancias Sociais e Audiovisual took place at Cinema Ideal<\/a>. <strong>Trailer<\/strong> em cima.<\/p><\/div><\/div>\n<div  class=\"lgc-column lgc-grid-parent lgc-grid-30 lgc-tablet-grid-30 lgc-mobile-grid-100 lgc-equal-heights \"><div  class=\"inside-grid-column\"><br \/>\n<strong>2019<\/strong>\n<p><iframe loading=\"lazy\" src=\"https:\/\/www.youtube.com\/embed\/yjbwB3jwQw0\" width=\"460\" height=\"180\" frameborder=\"0\" allowfullscreen=\"allowfullscreen\" data-mce-fragment=\"1\"><\/iframe><\/p>\n<p><strong>Mo\u00e7ambique: Independ\u00eancia e Na\u00e7\u00e3o<\/strong>\u00a0(6 min, Brazil), disssemination video, about namesake exhibtion curated by Matheus Serva Pereira.<\/p><\/div><\/div>\n<div  class=\"lgc-column lgc-grid-parent lgc-grid-30 lgc-tablet-grid-30 lgc-mobile-grid-100 lgc-equal-heights \"><div  class=\"inside-grid-column\"><br \/>\n<strong>2018<\/strong>\n<p><iframe loading=\"lazy\" src=\"https:\/\/www.youtube.com\/embed\/qCPg50XDNy8\" width=\"460\" height=\"180\" frameborder=\"0\" allowfullscreen=\"allowfullscreen\" data-mce-fragment=\"1\"><\/iframe><\/p>\n<p><strong>Our Africa<\/strong> (45 min, R\u00fassia), documentary by Alexander Markov. <a href=\"https:\/\/gi-imperios.org\/blog\/seminario-the-politics-of-internationalism-the-ussr-and-the-history-of-the-20th-century\/\" target=\"_blank\" rel=\"noopener\">Session<\/a> at ICS-ULisboa. <strong>Trailer<\/strong> above.<\/p><\/div><\/div><div class=\"lgc-clear\"><\/div>\n<div  class=\"lgc-column lgc-grid-parent lgc-grid-30 lgc-tablet-grid-30 lgc-mobile-grid-100 lgc-equal-heights \"><div  class=\"inside-grid-column\"><br \/>\n<strong>2017<\/strong>\n<p><iframe loading=\"lazy\" src=\"https:\/\/www.youtube.com\/embed\/OrIvzCFkExk\" width=\"460\" height=\"180\" frameborder=\"0\" allowfullscreen=\"allowfullscreen\" data-mce-fragment=\"1\"><\/iframe><\/p>\n<p><strong>Primavera das Mulheres\u00a0<\/strong>(70 min, Brazil), documentary by Antonia Pellegrino and Isabel Nascimento e Silva\u00a0presented\u00a0at <a href=\"https:\/\/gi-imperios.org\/blog\/exibicao-do-filme-primavera-das-mulheres-2017\/\" target=\"_blank\" rel=\"noopener\">ICS<\/a>, organised by Filipa Lowndes Vicente. <strong>Trailer<\/strong> above.<\/p><\/div><\/div>\n<div  class=\"lgc-column lgc-grid-parent lgc-grid-30 lgc-tablet-grid-30 lgc-mobile-grid-100 lgc-equal-heights \"><div  class=\"inside-grid-column\"><br \/>\n<strong>2016<\/strong>\n<p><iframe loading=\"lazy\" src=\"https:\/\/www.youtube.com\/embed\/AEjCiIVKwD8\" width=\"460\" height=\"180\" frameborder=\"0\" allowfullscreen=\"allowfullscreen\" data-mce-fragment=\"1\"><\/iframe><\/p>\n<p><strong>O Dia em que Explodiu Mabata-Bata <\/strong> (53 min, Mozambique), fiction by Sol de Carvalho at <a href=\" https:\/\/lugardistante.wixsite.com\/csaudiovisual\/sessao-1-3-programa-1\" target=\"_blank\" rel=\"noopener\"> Ci\u00eancias Sociais e Audiovisual<\/a>. <strong>Trailer<\/strong> above.<\/p><\/div><\/div>\n<div  class=\"lgc-column lgc-grid-parent lgc-grid-30 lgc-tablet-grid-30 lgc-mobile-grid-100 lgc-equal-heights \"><div  class=\"inside-grid-column\"><br \/>\n<strong>2016<\/strong>\n<p><iframe loading=\"lazy\" src=\"https:\/\/player.vimeo.com\/video\/159941120\" width=\"460\" height=\"180\" frameborder=\"0\" allowfullscreen=\"allowfullscreen\" data-mce-fragment=\"1\"><\/iframe><\/p>\n<p><strong>127 Frames or 34 Scenes from Nelisita<\/strong> (15 min, Portugal), experimental short by In\u00eas Ponte based on Ruy Duarte de Carvalho.<\/p><\/div><\/div><div class=\"lgc-clear\"><\/div>\n<div  class=\"lgc-column lgc-grid-parent lgc-grid-30 lgc-tablet-grid-30 lgc-mobile-grid-100 lgc-equal-heights \"><div  class=\"inside-grid-column\"><br \/>\n<strong>2016<\/strong>\n<p><iframe loading=\"lazy\" src=\"https:\/\/player.vimeo.com\/video\/167466322?byline=0\" width=\"433\" height=\"180\" frameborder=\"0\" allowfullscreen=\"allowfullscreen\" data-mce-fragment=\"1\"><\/iframe><\/p>\n<p><strong>Kabuka Playing Dolls <\/strong> (6 min, Angola), experimental by In\u00eas Ponte at <a href=\" https:\/\/lugardistante.wixsite.com\/csaudiovisual\/sessao-1-3-programa-1\" target=\"_blank\" rel=\"noopener\"> Ci\u00eancias Sociais e Audiovisual<\/a>.<\/p><\/div><\/div>\n<div  class=\"lgc-column lgc-grid-parent lgc-grid-30 lgc-tablet-grid-30 lgc-mobile-grid-100 lgc-equal-heights \"><div  class=\"inside-grid-column\"><br \/>\n<strong>2016<\/strong>\n<p><iframe loading=\"lazy\" src=\"https:\/\/player.vimeo.com\/video\/242457828\" width=\"460\" height=\"180\" frameborder=\"0\" allowfullscreen=\"allowfullscreen\" data-mce-fragment=\"1\"><\/iframe><\/p>\n<p><strong>Making a Living in the Dry Season\/Fazer pela Vida na Esta\u00e7\u00e3o Seca <\/strong> (35 min, Angola), documentary film by In\u00eas Ponte.\u00a0<strong>Trailer<\/strong> above.<\/p><\/div><\/div>\n<div  class=\"lgc-column lgc-grid-parent lgc-grid-30 lgc-tablet-grid-30 lgc-mobile-grid-100 lgc-equal-heights \"><div  class=\"inside-grid-column\"><br \/>\n<strong>2016<\/strong>\n<p><iframe loading=\"lazy\" src=\"https:\/\/player.vimeo.com\/video\/181980704?color=ffffff&amp;title=0&amp;byline=0&amp;portrait=0\" width=\"433\" height=\"180\" frameborder=\"0\" allowfullscreen=\"allowfullscreen\" data-mce-fragment=\"1\"><\/iframe><\/p>\n<p><strong>Baluarte<\/strong> (8 min, Portugal), fiction by Pedro Figueiredo Neto at <a href=\" https:\/\/lugardistante.wixsite.com\/csaudiovisual\/sessao-1-3-programa-1\" target=\"_blank\" rel=\"noopener\"> Ci\u00eancias Sociais e Audiovisual<\/a>.<\/p><\/div><\/div><div class=\"lgc-clear\"><\/div>\n<div  class=\"lgc-column lgc-grid-parent lgc-grid-30 lgc-tablet-grid-30 lgc-mobile-grid-100 lgc-equal-heights \"><div  class=\"inside-grid-column\"><br \/>\n<strong>2016<\/strong>\n<p><iframe loading=\"lazy\" src=\"https:\/\/player.vimeo.com\/video\/184730753\" width=\"433\" height=\"180\" frameborder=\"0\" allowfullscreen=\"allowfullscreen\" data-mce-fragment=\"1\"><\/iframe><\/p>\n<p><strong>Supergirl<\/strong> (90 min, EUA), documentary by Jessie Auritt, at <a href=\"https:\/\/lugardistante.wixsite.com\/csaudiovisual\/sessao-9\" target=\"_blank\" rel=\"noopener\"> Ci\u00eancias Sociais e Audiovisual<\/a>. <strong>Trailer<\/strong> above.<\/p><\/div><\/div>\n<div  class=\"lgc-column lgc-grid-parent lgc-grid-30 lgc-tablet-grid-30 lgc-mobile-grid-100 lgc-equal-heights \"><div  class=\"inside-grid-column\"><br \/>\n<strong>2016<\/strong>\n<p><iframe loading=\"lazy\" src=\"https:\/\/player.vimeo.com\/video\/173882446\" width=\"533\" height=\"180\" frameborder=\"0\" allowfullscreen=\"allowfullscreen\" data-mce-fragment=\"1\"><\/iframe><\/p>\n<p><strong>Cartas da Guerra<\/strong> (105 min, Portugal), fiction by Ivo Ferreira. Introduced by In\u00eas Ponte at ICS Annual Conference 2017 \u201cGlobal Imperial Wars\u201d. <strong>Trailer<\/strong>\u00a0above.<\/p><\/div><\/div>\n<div  class=\"lgc-column lgc-grid-parent lgc-grid-30 lgc-tablet-grid-30 lgc-mobile-grid-100 lgc-equal-heights \"><div  class=\"inside-grid-column\"><br \/>\n<strong>2015<\/strong>\n<p><iframe loading=\"lazy\" src=\"https:\/\/www.youtube.com\/embed\/JDS-n6e56fw\" width=\"533\" height=\"180\" frameborder=\"0\" allowfullscreen=\"allowfullscreen\" data-mce-fragment=\"1\"><\/iframe><\/p>\n<p><strong>Independ\u00eancia<\/strong> (105 min, Angola), document\u00e1rio de Fradique. Sess\u00e3o de cinema articulada com a exposi\u00e7\u00e3o &#8220;A Guerra Guardada&#8221;. <strong>Trailer<\/strong>\u00a0above.<\/p><\/div><\/div><div class=\"lgc-clear\"><\/div>\n<div  class=\"lgc-column lgc-grid-parent lgc-grid-30 lgc-tablet-grid-30 lgc-mobile-grid-100 lgc-equal-heights \"><div  class=\"inside-grid-column\"><br \/>\n<strong>2014<\/strong>\n<p><iframe loading=\"lazy\" src=\"https:\/\/www.youtube.com\/embed\/1MhSzSirvjw\" width=\"460\" height=\"180\" frameborder=\"0\" allowfullscreen=\"allowfullscreen\" data-mce-fragment=\"1\"><\/iframe><\/p>\n<p><strong>Na Dobra da Capulana <\/strong> (30 min, Mozambique), a documentary by Camilo de Sousa and Isabel Noronha at <a href=\" https:\/\/lugardistante.wixsite.com\/csaudiovisual\/sessao-5-7-programa-2\" target=\"_blank\" rel=\"noopener\"> Ci\u00eancias Sociais e Audiovisual<\/a> . <strong>Trailer<\/strong>\u00a0above.<\/p><\/div><\/div>\n<div  class=\"lgc-column lgc-grid-parent lgc-grid-30 lgc-tablet-grid-30 lgc-mobile-grid-100 lgc-equal-heights \"><div  class=\"inside-grid-column\"><br \/>\n<strong>2012<\/strong>\n<p><iframe loading=\"lazy\" src=\"https:\/\/www.youtube.com\/embed\/HoelUhjVXas\" width=\"460\" height=\"180\" frameborder=\"0\" allowfullscreen=\"allowfullscreen\" data-mce-fragment=\"1\"><\/iframe><\/p>\n<p><strong>Tabu<\/strong> (120 min, Portugal), a fiction by Miguel Gomes. Nuno Domingos participated on book <a href=\"https:\/\/gi-imperios.org\/blog\/pt\/nuno-domingos-apresenta-portugals-global-cinema-industry-history-and-culture\/\" target=\"_blank\" rel=\"noopener\">launch about Portuguese Cinema<\/a> where Tabu was screened. Domingos also has <a href=\"http:\/\/www.buala.org\/pt\/afroscreen\/o-tabu-da-historia\" target=\"_blank\" rel=\"noopener\">written<\/a> about the film. <strong>Trailer<\/strong>\u00a0above.<\/p><\/div><\/div>\n<div  class=\"lgc-column lgc-grid-parent lgc-grid-30 lgc-tablet-grid-30 lgc-mobile-grid-100 lgc-equal-heights \"><div  class=\"inside-grid-column\"><br \/>\n<strong>2011<\/strong>\n<p><iframe loading=\"lazy\" src=\"https:\/\/player.vimeo.com\/video\/22386831\" width=\"460\" height=\"180\" frameborder=\"0\" data-mce-fragment=\"1\"><\/iframe><\/p>\n<p><strong>Quem Vai \u00e0 Guerra <\/strong> (123 min, Portugal), a documentary by Marta Pessoa, discussed with Maria Jos\u00e9 Lobo Antunes at <a href=\" https:\/\/lugardistante.wixsite.com\/csaudiovisual\/s11\" target=\"_blank\" rel=\"noopener\"> Ci\u00eancias Sociais e Audiovisual<\/a>. <strong>Trailer<\/strong>\u00a0above.<\/p><\/div><\/div><div class=\"lgc-clear\"><\/div>\n<div  class=\"lgc-column lgc-grid-parent lgc-grid-30 lgc-tablet-grid-30 lgc-mobile-grid-100 lgc-equal-heights \"><div  class=\"inside-grid-column\"><br \/>\n<strong>2011<\/strong>\n<p><iframe loading=\"lazy\" src=\"https:\/\/player.vimeo.com\/video\/139949633\" width=\"533\" height=\"180\" frameborder=\"0\" allowfullscreen=\"allowfullscreen\" data-mce-fragment=\"1\"><\/iframe><\/p>\n<p><strong>Alda e Maria: por aqui tudo bem <\/strong> (94 min, Portugal, Angola), a fiction by Pocas Pascoal, discussed at <a href=\" https:\/\/lugardistante.wixsite.com\/csaudiovisual\/s10\" target=\"_blank\" rel=\"noopener\"> Ci\u00eancias Sociais e Audiovisual<\/a>. <strong>Trailer<\/strong>\u00a0above.<\/p><\/div><\/div>\n<div  class=\"lgc-column lgc-grid-parent lgc-grid-30 lgc-tablet-grid-30 lgc-mobile-grid-100 lgc-equal-heights \"><div  class=\"inside-grid-column\"><br \/>\n<strong>2010<\/strong>\n<p><iframe loading=\"lazy\" src=\"https:\/\/www.youtube.com\/embed\/Gx0tqICCqbI\" width=\"460\" height=\"180\" frameborder=\"0\" allowfullscreen=\"allowfullscreen\" data-mce-fragment=\"1\"><\/iframe><\/p>\n<p><strong>Eyes Shut <\/strong> (59 min, Iceland), a documentary by Clement Dorival and Christophe Pons, discussed with Jo\u00e3o Vasconcelos at <a href=\" https:\/\/lugardistante.wixsite.com\/csaudiovisual\/s12\" target=\"_blank\" rel=\"noopener\"> Ci\u00eancias Sociais e Audiovisual<\/a>. <strong>Trailer<\/strong>\u00a0above.<\/p><\/div><\/div>\n<div  class=\"lgc-column lgc-grid-parent lgc-grid-30 lgc-tablet-grid-30 lgc-mobile-grid-100 lgc-equal-heights \"><div  class=\"inside-grid-column\"><br \/>\n<strong>2010<\/strong>\n<p><iframe loading=\"lazy\" src=\"https:\/\/www.youtube.com\/embed\/OAr2A4mypUA\" width=\"460\" height=\"180\" frameborder=\"0\" allowfullscreen=\"allowfullscreen\" data-mce-fragment=\"1\"><\/iframe><\/p>\n<p><strong>O Fado \u00e9 Bom Demais<\/strong> (33 min, Brazil), documentary by Jos\u00e9 Machado Pais at <a href=\" https:\/\/lugardistante.wixsite.com\/csaudiovisual\/sessao-1-3-programa-1\" target=\"_blank\" rel=\"noopener\"> Ci\u00eancias Sociais e Audiovisual<\/a>.<\/p><\/div><\/div><div class=\"lgc-clear\"><\/div>\n<p><strong>2000-2009<\/strong><\/p>\n<div  class=\"lgc-column lgc-grid-parent lgc-grid-30 lgc-tablet-grid-30 lgc-mobile-grid-100 lgc-equal-heights \"><div  class=\"inside-grid-column\"><br \/>\n<strong>2008<\/strong>\n<p><iframe loading=\"lazy\" src=\"https:\/\/www.youtube.com\/embed\/GwV0TVKQOnA\" width=\"460\" height=\"180\" frameborder=\"0\" allowfullscreen=\"allowfullscreen\" data-mce-fragment=\"1\"><\/iframe><\/p>\n<p><strong>M\u00e3e dos Netos <\/strong> (7 min, Mozambique), animation by Isabel Noronha and Vivian Altman, at <a href=\" https:\/\/lugardistante.wixsite.com\/csaudiovisual\/sessao-5-7-programa-2\" target=\"_blank\" rel=\"noopener\"> Ci\u00eancias Sociais e Audiovisual<\/a>.<\/p><\/div><\/div>\n<div  class=\"lgc-column lgc-grid-parent lgc-grid-30 lgc-tablet-grid-30 lgc-mobile-grid-100 lgc-equal-heights \"><div  class=\"inside-grid-column\"><br \/>\n<strong>2007<\/strong>\n<p><iframe loading=\"lazy\" src=\"https:\/\/www.youtube.com\/embed\/sAyyPhljCY0\" width=\"460\" height=\"180\" frameborder=\"0\" allowfullscreen=\"allowfullscreen\" data-mce-fragment=\"1\"><\/iframe><\/p>\n<p><strong>Ngwenya, o crocodilo <\/strong> (90 min, Mozambique), a documentary by Isabel Noronha, at <a href=\" https:\/\/lugardistante.wixsite.com\/csaudiovisual\/sessao-5-7-programa-2\" target=\"_blank\" rel=\"noopener\"> Ci\u00eancias Sociais e Audiovisual<\/a>.<\/p><\/div><\/div>\n<div  class=\"lgc-column lgc-grid-parent lgc-grid-30 lgc-tablet-grid-30 lgc-mobile-grid-100 lgc-equal-heights \"><div  class=\"inside-grid-column\"><br \/>\n<strong>2007<\/strong>\n<p><iframe loading=\"lazy\" src=\"https:\/\/www.youtube.com\/embed\/hBhuTTMhWnI\" width=\"460\" height=\"180\" frameborder=\"0\" allowfullscreen=\"allowfullscreen\" data-mce-fragment=\"1\"><\/iframe><\/p>\n<p><strong>Deus N\u00e3o Quis\u00a0<\/strong>(15 min, Portugal), a short fiction by Ant\u00f3nio Ferreira. Film programme articulated with the exhibition &#8220;The Kept War&#8221;. Trailer above.<\/p><\/div><\/div><div class=\"lgc-clear\"><\/div>\n<div  class=\"lgc-column lgc-grid-parent lgc-grid-30 lgc-tablet-grid-30 lgc-mobile-grid-100 lgc-equal-heights \"><div  class=\"inside-grid-column\"><br \/>\n<strong>2006<\/strong>\n<p><iframe loading=\"lazy\" src=\"https:\/\/www.youtube.com\/embed\/42MUNGsuwYs\" width=\"460\" height=\"180\" frameborder=\"0\" allowfullscreen=\"allowfullscreen\" data-mce-fragment=\"1\"><\/iframe><\/p>\n<p><strong>Junod<\/strong> (46 min, Mozambique), a documentary by Camilo de Sousa,\u00a0discussed by Matheus Serva Pereira at\u00a0<a href=\" https:\/\/lugardistante.wixsite.com\/csaudiovisual\/s10\" target=\"_blank\" rel=\"noopener\">Ci\u00eancias Sociais e Audiovisual<\/a>.<\/p><\/div><\/div>\n<div  class=\"lgc-column lgc-grid-parent lgc-grid-30 lgc-tablet-grid-30 lgc-mobile-grid-100 lgc-equal-heights \"><div  class=\"inside-grid-column\"><br \/>\n<strong>2001<\/strong>\n<p><iframe loading=\"lazy\" src=\"https:\/\/www.youtube.com\/embed\/AE8RqeANTeo\" width=\"460\" height=\"180\" frameborder=\"0\" allowfullscreen=\"allowfullscreen\" data-mce-fragment=\"1\"><\/iframe><\/p>\n<p><strong>Com Quase Nada<\/strong> (61 min, Cabo Verde, Portugal), documentary by Margarida Cardoso and Carlos Barroca. <a href=\"https:\/\/pnc.gov.pt\/08-com-quase-nada\" target=\"_blank\" rel=\"noopener\">Educational Booklet<\/a> by In\u00eas Ponte, 2021 (PNC: National Plan for Cinema]. <strong>Trailer<\/strong>\u00a0above.<\/p><\/div><\/div>\n<div  class=\"lgc-column lgc-grid-parent lgc-grid-30 lgc-tablet-grid-30 lgc-mobile-grid-100 lgc-equal-heights \"><div  class=\"inside-grid-column\"><br \/>\n<strong>2000<\/strong>\n<p><iframe loading=\"lazy\" src=\"https:\/\/www.youtube.com\/embed\/ni5YDhqqqlk\" width=\"460\" height=\"180\" frameborder=\"0\" allowfullscreen=\"allowfullscreen\" data-mce-fragment=\"1\"><\/iframe><\/p>\n<p><strong>Natal 71<\/strong> (61 min, Portugal), documentary by Margarida Cardoso. Film programme articulated with the exhibition &#8220;The Kept War&#8221;. <strong>Excerpt<\/strong>\u00a0above.<\/p><\/div><\/div><div class=\"lgc-clear\"><\/div>\n<p><strong>Anos 70 a 90<\/strong><\/p>\n<div  class=\"lgc-column lgc-grid-parent lgc-grid-30 lgc-tablet-grid-30 lgc-mobile-grid-100 lgc-equal-heights \"><div  class=\"inside-grid-column\"><br \/>\n<strong>1997<\/strong>\n<p><iframe loading=\"lazy\" src=\"https:\/\/player.vimeo.com\/video\/357319859\" width=\"460\" height=\"180\" frameborder=\"0\" allowfullscreen=\"allowfullscreen\" data-mce-fragment=\"1\"><\/iframe><\/p>\n<p><strong>C\u00e3es Sem Coleira<\/strong>\u00a0(61 min, Portugal), doc-fiction by Rosa Coutinho Cabral. Screening at\u00a0<a href=\" https:\/\/lugardistante.wixsite.com\/csaudiovisual\/s10\" target=\"_blank\" rel=\"noopener\">Ci\u00eancias Sociais e Audiovisual<\/a>, Cinemateca Portuguesa-<a href=\"https:\/\/smallcinemassmallspaces.wordpress.com\" target=\"_blank\" rel=\"noopener\">Small Cinemas, Small Spaces Conference<\/a>.\u00a0<strong>Trailer<\/strong>\u00a0above.<\/p><\/div><\/div>\n<div  class=\"lgc-column lgc-grid-parent lgc-grid-30 lgc-tablet-grid-30 lgc-mobile-grid-100 lgc-equal-heights \"><div  class=\"inside-grid-column\"><br \/>\n<strong>1989<\/strong>\n<p><iframe loading=\"lazy\" src=\"https:\/\/www.youtube.com\/embed\/91T_9f25R2Y\" width=\"460\" height=\"180\" frameborder=\"0\" allowfullscreen=\"allowfullscreen\" data-mce-fragment=\"1\"><\/iframe><\/p>\n<p><strong>O Processo do Rei<\/strong> (91 min, Portugal), fiction by Jo\u00e3o M\u00e1rio Grilo. Screening and commentary by \u00c2ngela Barreto Xavier (programme <a href=\"http:\/\/www.cienciaviva.pt\/actividades2010\/uploadfiles\/2017_NOV%2023%20e%2024_O%20Conde%20de%20Castelo%20Melhor_Programa%206%20NOV%202017(3).pdf\" target=\"_blank\" rel=\"noopener\">here<\/a>). <strong>Trailer<\/strong>\u00a0above.<\/p><\/div><\/div><div class=\"lgc-clear\"><\/div>\n<div  class=\"lgc-column lgc-grid-parent lgc-grid-30 lgc-tablet-grid-30 lgc-mobile-grid-100 lgc-equal-heights \"><div  class=\"inside-grid-column\"><br \/>\n<strong>1982<\/strong>\n<p><iframe loading=\"lazy\" src=\"https:\/\/player.vimeo.com\/video\/154832740\" width=\"460\" height=\"180\" frameborder=\"0\" allowfullscreen=\"allowfullscreen\" data-mce-fragment=\"1\"><\/iframe><\/p>\n<p><strong>Nelisita\u00a0<\/strong>(64 min, Angola), fiction by Ruy Duarte de Carvalho<strong><\/strong><\/p><\/div><\/div><\/strong><\/p>\n<div  class=\"lgc-column lgc-grid-parent lgc-grid-30 lgc-tablet-grid-30 lgc-mobile-grid-100 lgc-equal-heights \"><div  class=\"inside-grid-column\"><br \/>\n<strong>1979<\/strong>\n<p><iframe loading=\"lazy\" src=\"https:\/\/player.vimeo.com\/video\/154077837\" width=\"583\" height=\"180\" frameborder=\"0\" allowfullscreen=\"allowfullscreen\" data-mce-fragment=\"1\"><\/iframe><\/p>\n<p><strong>Oficios<\/strong> (29 min, Angola), documentary by Ruy Duarte de Carvalho, <a href=\"https:\/\/gi-imperios.org\/blog\/2342-2\/\" target=\"_blank\" rel=\"no noopener opener\">Screened and discussed<\/a> by In\u00eas Ponte at Museu Regional da Huila, Lubango, Angola, November, 2019<\/p><\/div><\/div>\n<div  class=\"lgc-column lgc-grid-parent lgc-grid-30 lgc-tablet-grid-30 lgc-mobile-grid-100 lgc-equal-heights \"><div  class=\"inside-grid-column\"><br \/>\n<strong>1979<\/strong>\n<p><iframe loading=\"lazy\" src=\"https:\/\/player.vimeo.com\/video\/160074405\" width=\"540\" height=\"180\" frameborder=\"0\" allowfullscreen=\"allowfullscreen\" data-mce-fragment=\"1\"><\/iframe><\/p>\n<p><strong>O Kimbanda Kambia<\/strong> (41 min, Angola), documentary by Ruy Duarte. Screened at Jornadas de Sa\u00fade Mental, ISPTundavala, Huila, Angola.<\/p><\/div><\/div><div class=\"lgc-clear\"><\/div>\n<div  class=\"lgc-column lgc-grid-parent lgc-grid-30 lgc-tablet-grid-30 lgc-mobile-grid-100 lgc-equal-heights \"><div  class=\"inside-grid-column\"><br \/>\n<strong>1978<\/strong>\n<p><iframe loading=\"lazy\" src=\"https:\/\/www.youtube.com\/embed\/dpHQGJ0YkKs\" width=\"460\" height=\"180\" frameborder=\"0\" allowfullscreen=\"allowfullscreen\" data-mce-fragment=\"1\"><\/iframe><\/p>\n<p><strong>Portugal: a Past in Search of a Future\u00a0<\/strong>(28 min, Portugal), documentary by Douglas Wheeler. In 2019, Wheeler <strong><a href=\"https:\/\/gi-imperios.org\/blog\/the-answer-my-friend-is-blowin-in-the-wind-making-a-documentary-film-1978\/\" target=\"_blank\" rel=\"noopener\">wrote<\/a>\u00a0<\/strong>a reflection about its production, after a screening moderated by Filipa Vicente.<\/p><\/div><\/div>\n<div  class=\"lgc-column lgc-grid-parent lgc-grid-30 lgc-tablet-grid-30 lgc-mobile-grid-100 lgc-equal-heights \"><div  class=\"inside-grid-column\"><br \/>\n<strong>1975 <\/strong>\n<p><iframe loading=\"lazy\" src=\"https:\/\/player.vimeo.com\/video\/157407906\" width=\"490\" height=\"180\" frameborder=\"0\" allowfullscreen=\"allowfullscreen\" data-mce-fragment=\"1\"><\/iframe><\/p>\n<p><strong>Uma Festa para Viver<\/strong> (35 min, Angola), documentary by Ruy Duarte de Carvalho. See <a href=\"https:\/\/gi-imperios.org\/blog\/uma-festa-para-viver-independencia-de-angola\/\" target=\"_blank\" rel=\"noopener\">here<\/a> for screening at ISPTundavala, November, 2019<\/p><\/div><\/div>\n","protected":false},"excerpt":{"rendered":"<p> &hellip; <\/p>\n","protected":false},"author":4,"featured_media":0,"parent":1569,"menu_order":0,"comment_status":"closed","ping_status":"closed","template":"","meta":{"_cbd_carousel_blocks":"[]","_exactmetrics_skip_tracking":false,"_exactmetrics_sitenote_active":false,"_exactmetrics_sitenote_note":"","_exactmetrics_sitenote_category":0,"footnotes":""},"class_list":["post-3662","page","type-page","status-publish","hentry"],"translation":{"provider":"WPGlobus","version":"3.0.0","language":"pt","enabled_languages":["en","pt"],"languages":{"en":{"title":true,"content":true,"excerpt":false},"pt":{"title":true,"content":true,"excerpt":false}}},"_links":{"self":[{"href":"https:\/\/gi-imperios.org\/blog\/pt\/wp-json\/wp\/v2\/pages\/3662","targetHints":{"allow":["GET"]}}],"collection":[{"href":"https:\/\/gi-imperios.org\/blog\/pt\/wp-json\/wp\/v2\/pages"}],"about":[{"href":"https:\/\/gi-imperios.org\/blog\/pt\/wp-json\/wp\/v2\/types\/page"}],"author":[{"embeddable":true,"href":"https:\/\/gi-imperios.org\/blog\/pt\/wp-json\/wp\/v2\/users\/4"}],"replies":[{"embeddable":true,"href":"https:\/\/gi-imperios.org\/blog\/pt\/wp-json\/wp\/v2\/comments?post=3662"}],"version-history":[{"count":201,"href":"https:\/\/gi-imperios.org\/blog\/pt\/wp-json\/wp\/v2\/pages\/3662\/revisions"}],"predecessor-version":[{"id":4829,"href":"https:\/\/gi-imperios.org\/blog\/pt\/wp-json\/wp\/v2\/pages\/3662\/revisions\/4829"}],"up":[{"embeddable":true,"href":"https:\/\/gi-imperios.org\/blog\/pt\/wp-json\/wp\/v2\/pages\/1569"}],"wp:attachment":[{"href":"https:\/\/gi-imperios.org\/blog\/pt\/wp-json\/wp\/v2\/media?parent=3662"}],"curies":[{"name":"wp","href":"https:\/\/api.w.org\/{rel}","templated":true}]}}