{"id":402,"date":"2017-11-10T23:31:16","date_gmt":"2017-11-10T23:31:16","guid":{"rendered":"https:\/\/gi-imperios.org\/blog\/?page_id=402"},"modified":"2020-04-29T15:41:07","modified_gmt":"2020-04-29T15:41:07","slug":"colonial-crisis-and-mimetic-encounters-in-historical-and-anthropological-perspective","status":"publish","type":"page","link":"https:\/\/gi-imperios.org\/blog\/pt\/colonial-crisis-and-mimetic-encounters-in-historical-and-anthropological-perspective\/","title":{"rendered":"Crise colonial e encontros mim\u00e9ticos em perspectiva hist\u00f3rica e antropol\u00f3gica"},"content":{"rendered":"<p><img loading=\"lazy\" decoding=\"async\" class=\"alignleft wp-image-338 size-medium\" src=\"https:\/\/gi-imperios.org\/blog\/wp-content\/uploads\/2017\/11\/Dessay-de-Arab\u00f3-1895-ACTD-300x213.jpg\" alt=\"\" width=\"300\" height=\"213\" srcset=\"https:\/\/gi-imperios.org\/blog\/wp-content\/uploads\/2017\/11\/Dessay-de-Arab\u00f3-1895-ACTD-300x213.jpg 300w, https:\/\/gi-imperios.org\/blog\/wp-content\/uploads\/2017\/11\/Dessay-de-Arab\u00f3-1895-ACTD-768x546.jpg 768w, https:\/\/gi-imperios.org\/blog\/wp-content\/uploads\/2017\/11\/Dessay-de-Arab\u00f3-1895-ACTD.jpg 800w\" sizes=\"auto, (max-width: 300px) 100vw, 300px\" \/><strong>Investigadores Respons\u00e1veis:<\/strong> Ricardo Roque e Patrice Ladwig (Max Planck Institute for Social Anthropology, Alemanha)<br \/>\n<strong>Equipa:<\/strong> Ricardo Roque, Cristiana Bastos e Carmo Daun e Lorena (ICS-ULisboa); Patrice Ladwig, Christoph Kohl and Oliver Tappe (MPI).<br \/>\n<strong>Financiamento:<\/strong> DAAD (Alemanha)\/CRUP (Portugal). Refer\u00eancia Ac\u00e7\u00e3o Integrada Luso-Alem\u00e3, A-07\/2011.<\/p>\n<p>Este projecto explorou, do ponto de vista da antropologia hist\u00f3rica, as diversas estrat\u00e9gias de mimetismo colonial associadas \u00e0 experi\u00eancia de gest\u00e3o de crises resultantes de interac\u00e7\u00f5es coloniais. A no\u00e7\u00e3o de crise colonial foi abordada n\u00e3o apenas na sua dimens\u00e3o negativa e destrutiva, mas tamb\u00e9m como ponto de contacto intercultural. Privilegiou-se o estudo sobre o car\u00e1cter mim\u00e9tico inerente aos encontros coloniais, quer na dimens\u00e3o pr\u00e1tica, quer na sua dimens\u00e3o imagin\u00e1ria. Este projecto colaborativo junto antrop\u00f3logos de duas institui\u00e7\u00f5es, ICS-ULisboa (Portugal) e MPI Social Anthropology (Alemanha), e integrou investigadores e doutorandos especialistas no Sudeste Asi\u00e1tico (Laos, Tail\u00e2ndia e Timor-Leste) e em \u00c1frica (Guin\u00e9-Bissau e Cabo Verde).<\/p>\n<p><strong>IMAGEM:<\/strong>\u00a0Dessay de Arab\u00f3, 1895. Fonte: ACTD<\/p>\n","protected":false},"excerpt":{"rendered":"<p> &hellip; <\/p>\n","protected":false},"author":2,"featured_media":338,"parent":0,"menu_order":0,"comment_status":"closed","ping_status":"closed","template":"","meta":{"_cbd_carousel_blocks":"[]","_exactmetrics_skip_tracking":false,"_exactmetrics_sitenote_active":false,"_exactmetrics_sitenote_note":"","_exactmetrics_sitenote_category":0,"footnotes":""},"class_list":["post-402","page","type-page","status-publish","has-post-thumbnail","hentry"],"translation":{"provider":"WPGlobus","version":"3.0.0","language":"pt","enabled_languages":["en","pt"],"languages":{"en":{"title":true,"content":true,"excerpt":false},"pt":{"title":true,"content":true,"excerpt":false}}},"_links":{"self":[{"href":"https:\/\/gi-imperios.org\/blog\/pt\/wp-json\/wp\/v2\/pages\/402","targetHints":{"allow":["GET"]}}],"collection":[{"href":"https:\/\/gi-imperios.org\/blog\/pt\/wp-json\/wp\/v2\/pages"}],"about":[{"href":"https:\/\/gi-imperios.org\/blog\/pt\/wp-json\/wp\/v2\/types\/page"}],"author":[{"embeddable":true,"href":"https:\/\/gi-imperios.org\/blog\/pt\/wp-json\/wp\/v2\/users\/2"}],"replies":[{"embeddable":true,"href":"https:\/\/gi-imperios.org\/blog\/pt\/wp-json\/wp\/v2\/comments?post=402"}],"version-history":[{"count":9,"href":"https:\/\/gi-imperios.org\/blog\/pt\/wp-json\/wp\/v2\/pages\/402\/revisions"}],"predecessor-version":[{"id":9779,"href":"https:\/\/gi-imperios.org\/blog\/pt\/wp-json\/wp\/v2\/pages\/402\/revisions\/9779"}],"wp:featuredmedia":[{"embeddable":true,"href":"https:\/\/gi-imperios.org\/blog\/pt\/wp-json\/wp\/v2\/media\/338"}],"wp:attachment":[{"href":"https:\/\/gi-imperios.org\/blog\/pt\/wp-json\/wp\/v2\/media?parent=402"}],"curies":[{"name":"wp","href":"https:\/\/api.w.org\/{rel}","templated":true}]}}