{"id":407,"date":"2017-11-10T23:39:09","date_gmt":"2017-11-10T23:39:09","guid":{"rendered":"https:\/\/gi-imperios.org\/blog\/?page_id=407"},"modified":"2018-07-05T17:17:25","modified_gmt":"2018-07-05T17:17:25","slug":"conhecimento-e-visao-fotografia-no-arquivo-e-no-museu-colonial-portugues-1850-1950","status":"publish","type":"page","link":"https:\/\/gi-imperios.org\/blog\/pt\/conhecimento-e-visao-fotografia-no-arquivo-e-no-museu-colonial-portugues-1850-1950\/","title":{"rendered":"KNOWLEDGE AND VISION Photography within the Portuguese colonial archive and museum (1850-1950)"},"content":{"rendered":"<p><img loading=\"lazy\" decoding=\"async\" class=\"alignleft wp-image-408 size-medium\" src=\"https:\/\/gi-imperios.org\/blog\/wp-content\/uploads\/2017\/11\/Fig-3-Africanas-300x193.jpeg\" alt=\"\" width=\"300\" height=\"193\" srcset=\"https:\/\/gi-imperios.org\/blog\/wp-content\/uploads\/2017\/11\/Fig-3-Africanas-300x193.jpeg 300w, https:\/\/gi-imperios.org\/blog\/wp-content\/uploads\/2017\/11\/Fig-3-Africanas.jpeg 389w\" sizes=\"auto, (max-width: 300px) 100vw, 300px\" \/><strong>Investigador Respons\u00e1vel:<\/strong> Filipa Lowndes Vicente<br \/>\n<strong>Financiamento:<\/strong> FCT, Funda\u00e7\u00e3o para a Ci\u00eancia e Tecnologia (Refer\u00eancia PTDC\/HIS-HIS\/112198\/2009)<\/p>\n<p><a href=\"http:\/\/www.fotografiacolonial.ics.ulisboa.pt\/#1\" target=\"_blank\" rel=\"noopener\">Website<\/a><\/p>\n<p>Este projecto assumiu uma perspectiva hist\u00f3rica ainda que tenha beneficiado de uma abordagem interdisciplinar. Para al\u00e9m dos nossos interesses em geografias coloniais distintas, trat\u00e1mos problemas comuns: compreender a fotografia enquanto objecto (e n\u00e3o apenas como uma superf\u00edcie que mostra outros objectos), e inseri-la numa cultura discursiva, material e textual. Para l\u00e1 da sua novidade t\u00e9cnica enquanto dispositivo de representa\u00e7\u00e3o, a fotografia afirmou-se como uma transforma\u00e7\u00e3o cultural, imersa na cria\u00e7\u00e3o de novas rela\u00e7\u00f5es sociais, pol\u00edticas e culturais.<br \/>\nA\u00a0fotografia \u2013 as suas hist\u00f3rias, permutas, reprodu\u00e7\u00f5es e usos \u2013 no contexto colonial portugu\u00eas foi, assim, o tema principal deste projecto. A equipa interdisciplinar de investiga\u00e7\u00e3o \u2013 constitu\u00edda por alguns investigadores com um trabalho s\u00f3lido e pioneiro, e por outros com incurs\u00f5es mais recentes no assunto, mas igualmente motivados \u2013 tem como desafio incorporar um objecto negligenciado como a fotografia nos caminhos historiogr\u00e1ficos recentes do colonialismo.\u00a0A novidade e originalidade do projecto esteve tanto no modo como uniu investigadores, arquivistas e bibliotec\u00e1rios e trabalho, te\u00f3rico e pr\u00e1tico, at\u00e9 agora fragmentado; como na forma em que se prop\u00f5e explorar materiais muito ricos \u2013 as colec\u00e7\u00f5es de fotografias produzidas no contexto colonial portugu\u00eas que existem nos arquivos, bibliotecas e museus nacionais \u2013 inscrevendo-os nos debates cr\u00edticos com que a historiografia internacional tem abordado o assunto.<\/p>\n<p><strong>IMAGEM:<\/strong> Companhia de Diamantes de Angola. Andrada \u2013 \u201cMulheres de trabalhadores contratados, regressando de uma distribui\u00e7\u00e3o, feita pela Sec\u00e7\u00e3o de Propaganda e Assist\u00eancia \u00e0 M\u00e3o de Obra Ind\u00edgena, da Companhia (SPAMOI)\u201d. Sem data. Colec\u00e7\u00e3o particular.<\/p>\n<p>&nbsp;<\/p>\n","protected":false},"excerpt":{"rendered":"<p> &hellip; <\/p>\n","protected":false},"author":2,"featured_media":0,"parent":0,"menu_order":0,"comment_status":"closed","ping_status":"closed","template":"","meta":{"_cbd_carousel_blocks":"[]","_exactmetrics_skip_tracking":false,"_exactmetrics_sitenote_active":false,"_exactmetrics_sitenote_note":"","_exactmetrics_sitenote_category":0,"footnotes":""},"class_list":["post-407","page","type-page","status-publish","hentry"],"translation":{"provider":"WPGlobus","version":"3.0.0","language":"pt","enabled_languages":["en","pt"],"languages":{"en":{"title":true,"content":true,"excerpt":false},"pt":{"title":false,"content":true,"excerpt":false}}},"_links":{"self":[{"href":"https:\/\/gi-imperios.org\/blog\/pt\/wp-json\/wp\/v2\/pages\/407","targetHints":{"allow":["GET"]}}],"collection":[{"href":"https:\/\/gi-imperios.org\/blog\/pt\/wp-json\/wp\/v2\/pages"}],"about":[{"href":"https:\/\/gi-imperios.org\/blog\/pt\/wp-json\/wp\/v2\/types\/page"}],"author":[{"embeddable":true,"href":"https:\/\/gi-imperios.org\/blog\/pt\/wp-json\/wp\/v2\/users\/2"}],"replies":[{"embeddable":true,"href":"https:\/\/gi-imperios.org\/blog\/pt\/wp-json\/wp\/v2\/comments?post=407"}],"version-history":[{"count":5,"href":"https:\/\/gi-imperios.org\/blog\/pt\/wp-json\/wp\/v2\/pages\/407\/revisions"}],"predecessor-version":[{"id":1865,"href":"https:\/\/gi-imperios.org\/blog\/pt\/wp-json\/wp\/v2\/pages\/407\/revisions\/1865"}],"wp:attachment":[{"href":"https:\/\/gi-imperios.org\/blog\/pt\/wp-json\/wp\/v2\/media?parent=407"}],"curies":[{"name":"wp","href":"https:\/\/api.w.org\/{rel}","templated":true}]}}