{"id":412,"date":"2017-11-10T23:43:54","date_gmt":"2017-11-10T23:43:54","guid":{"rendered":"https:\/\/gi-imperios.org\/blog\/?page_id=412"},"modified":"2017-11-17T14:02:36","modified_gmt":"2017-11-17T14:02:36","slug":"colonial-mimesis-in-lusophone-asia-and-africa","status":"publish","type":"page","link":"https:\/\/gi-imperios.org\/blog\/pt\/colonial-mimesis-in-lusophone-asia-and-africa\/","title":{"rendered":"Mimetismo colonial na \u00c1sia e \u00c1frica lus\u00f3fonas"},"content":{"rendered":"<p><em style=\"font-size: 1rem;\"><img loading=\"lazy\" decoding=\"async\" class=\"alignleft wp-image-307 \" src=\"https:\/\/gi-imperios.org\/blog\/wp-content\/uploads\/2017\/10\/Mimesis-imagem-300x170.png\" alt=\"\" width=\"326\" height=\"185\" \/><\/em><\/p>\n<p><strong><img loading=\"lazy\" decoding=\"async\" class=\"alignleft size-medium wp-image-575\" src=\"https:\/\/gi-imperios.org\/blog\/wp-content\/uploads\/2017\/10\/Mimesis-imagem-300x165.png\" alt=\"\" width=\"300\" height=\"165\" srcset=\"https:\/\/gi-imperios.org\/blog\/wp-content\/uploads\/2017\/10\/Mimesis-imagem-300x165.png 300w, https:\/\/gi-imperios.org\/blog\/wp-content\/uploads\/2017\/10\/Mimesis-imagem.png 543w\" sizes=\"auto, (max-width: 300px) 100vw, 300px\" \/>Investigador Respons\u00e1vel:<\/strong> Ricardo Roque<br \/>\n<strong>Equipa:<\/strong> Ricardo Roque, Cristiana Bastos, Tiago Saraiva, \u00c2ngela Barreto Xavier, Jos\u00e9 Miguel Ferreira (2012-2013), Carmo Daun e Lorena (2011).<br \/>\nConsultores: CA Bayly (Cambridge) e Ann L. Stoler (New School, NY)<br \/>\n<strong>Financiamento:<\/strong> FCT, Funda\u00e7\u00e3o para a Ci\u00eancia e Tecnologia (Refer\u00eancia PTDC\/CS-ANT\/101064\/2008)<\/p>\n<p>Este projecto investigou processos de mimetismo colonial no quadro do colonialismo portugu\u00eas tardio na \u00c1sia e \u00c1frica, durante os s\u00e9culos XIX e XX. O prop\u00f3sito consiste em examinar as complexidades inerentes \u00e0 experi\u00eancia europeia de \u2018tornar-se Outro\u2019 ou \u2018tornar-se nativo\u2019, copiando ou adoptando ideias, h\u00e1bitos, costumes, ou tecnologias nativas, em diferentes situa\u00e7\u00f5es coloniais. O estudo explorou em particular o modo como este mimetismo colonial se articulou com a cultura e a pol\u00edtica da actividade imperial, o relacionamento entre comunidades coloniais e sociedades nativas, a produ\u00e7\u00e3o de conhecimento, e a forma\u00e7\u00e3o de novas formas de identidade. Na abordagem destas quest\u00f5es, o projecto partiu da seguinte hip\u00f3tese central: a ideia de que a cria\u00e7\u00e3o e preserva\u00e7\u00e3o de rela\u00e7\u00f5es mim\u00e9ticas entre colectivos europeus e colectivos nativos \u00e9 crucial para a constitui\u00e7\u00e3o do colonialismo. Tal vis\u00e3o implicou uma nova abordagem \u00e0 problem\u00e1tica da mimese e das trocas interculturais na antropologia e nos estudos imperiais e p\u00f3s-coloniais.<\/p>\n<p><strong>IMAGEM:<\/strong> Cover of \u201cLa Diffeza di la Razza\u201d, II, 19, 20 March 1939 \u2013 XVII, \u201cAntirazzisti de tutto il mondo, unitevi!\u201d<\/p>\n","protected":false},"excerpt":{"rendered":"<p> &hellip; <\/p>\n","protected":false},"author":2,"featured_media":0,"parent":0,"menu_order":0,"comment_status":"closed","ping_status":"closed","template":"","meta":{"_cbd_carousel_blocks":"[]","_exactmetrics_skip_tracking":false,"_exactmetrics_sitenote_active":false,"_exactmetrics_sitenote_note":"","_exactmetrics_sitenote_category":0,"footnotes":""},"class_list":["post-412","page","type-page","status-publish","hentry"],"translation":{"provider":"WPGlobus","version":"3.0.0","language":"pt","enabled_languages":["en","pt"],"languages":{"en":{"title":true,"content":true,"excerpt":false},"pt":{"title":true,"content":true,"excerpt":false}}},"_links":{"self":[{"href":"https:\/\/gi-imperios.org\/blog\/pt\/wp-json\/wp\/v2\/pages\/412","targetHints":{"allow":["GET"]}}],"collection":[{"href":"https:\/\/gi-imperios.org\/blog\/pt\/wp-json\/wp\/v2\/pages"}],"about":[{"href":"https:\/\/gi-imperios.org\/blog\/pt\/wp-json\/wp\/v2\/types\/page"}],"author":[{"embeddable":true,"href":"https:\/\/gi-imperios.org\/blog\/pt\/wp-json\/wp\/v2\/users\/2"}],"replies":[{"embeddable":true,"href":"https:\/\/gi-imperios.org\/blog\/pt\/wp-json\/wp\/v2\/comments?post=412"}],"version-history":[{"count":5,"href":"https:\/\/gi-imperios.org\/blog\/pt\/wp-json\/wp\/v2\/pages\/412\/revisions"}],"predecessor-version":[{"id":9767,"href":"https:\/\/gi-imperios.org\/blog\/pt\/wp-json\/wp\/v2\/pages\/412\/revisions\/9767"}],"wp:attachment":[{"href":"https:\/\/gi-imperios.org\/blog\/pt\/wp-json\/wp\/v2\/media?parent=412"}],"curies":[{"name":"wp","href":"https:\/\/api.w.org\/{rel}","templated":true}]}}