{"id":420,"date":"2017-11-10T23:55:46","date_gmt":"2017-11-10T23:55:46","guid":{"rendered":"https:\/\/gi-imperios.org\/blog\/?page_id=420"},"modified":"2018-02-07T15:20:43","modified_gmt":"2018-02-07T15:20:43","slug":"the-government-of-difference-political-imagination-in-the-portuguese-empire-1496-1961","status":"publish","type":"page","link":"https:\/\/gi-imperios.org\/blog\/pt\/the-government-of-difference-political-imagination-in-the-portuguese-empire-1496-1961\/","title":{"rendered":"O Governo da Diferen\u00e7a. Imagin\u00e1rios Pol\u00edticos no Imp\u00e9rio Portugu\u00eas (1496-1961)"},"content":{"rendered":"<p><em><img loading=\"lazy\" decoding=\"async\" class=\"alignleft wp-image-340 size-medium\" src=\"https:\/\/gi-imperios.org\/blog\/wp-content\/uploads\/2017\/11\/GOVERNO-DOS-OUTROS-300x215.png\" alt=\"\" width=\"300\" height=\"215\" srcset=\"https:\/\/gi-imperios.org\/blog\/wp-content\/uploads\/2017\/11\/GOVERNO-DOS-OUTROS-300x215.png 300w, https:\/\/gi-imperios.org\/blog\/wp-content\/uploads\/2017\/11\/GOVERNO-DOS-OUTROS.png 592w\" sizes=\"auto, (max-width: 300px) 100vw, 300px\" \/><\/em><strong>O Governo da Diferen\u00e7a. Imagin\u00e1rios Pol\u00edticos no Imp\u00e9rio Portugu\u00eas (1496-1961).<\/strong><\/p>\n<p><strong>Principal Investigator:<\/strong> \u00c2ngela Barreto Xavier (ICS-UL).<\/p>\n<p><strong>Sponsor:<\/strong> FCT. Reference: PTDC\/HIS-HIS\/104640\/2008.<\/p>\n<p>&nbsp;<\/p>\n<p>Websites:\u00a0http:\/\/www.governodosoutros.ics.ul.pt\u00a0 http:\/\/governodosoutros.wordpress.com<\/p>\n<p>O projecto\u00a0<em>O Governo dos Outros. Imagin\u00e1rios Pol\u00edticos no Imp\u00e9rio Portugu\u00eas (1496-1961)<\/em>teve como principal objectivo discutir de que forma \u00e9 que, entre 1496 (decreto que ordenou a expuls\u00e3o dos judeus do reino de Portugal) e 1961 (data da aboli\u00e7\u00e3o do Estatuto pol\u00edtico, civil e penal dos ind\u00edgenas), o governo das diferentes popula\u00e7\u00f5es do imp\u00e9rio portugu\u00eas foi pensado, debatido, juridicamente enquadrado, e narrativamente materializado.<\/p>\n<p>Analisar a constru\u00e7\u00e3o jur\u00eddica e pol\u00edtica do governo da diferen\u00e7a sup\u00f4s, desde logo, identificar as articula\u00e7\u00f5es entre \u2018pol\u00edticas\u2019 inclusivas e exclusivas e\/ou a op\u00e7\u00e3o por \u2018vias doces\u2019 ou por \u2018vias violentas\u2019 (e onde, e quando, e porqu\u00ea). Sup\u00f4s, ainda, entender de que forma \u00e9 que estas perspectivas distintas se foram combinando, encadeando, e sobrepondo, alimentando-se mutuamente, permitindo a conviv\u00eancia entre programas pol\u00edticos alternativos, ou at\u00e9 mesmo contradit\u00f3rios. Permitiu, finalmente, discutir de que forma \u00e9 que a coexist\u00eancia destas alternativas complexificou as enciclop\u00e9dias t\u00f3picas dispon\u00edveis, as quais se podiam cristalizar ou reformular, configurando novas formas de organiza\u00e7\u00e3o jur\u00eddico-pol\u00edtica e novas apropria\u00e7\u00f5es sociais.<\/p>\n","protected":false},"excerpt":{"rendered":"<p> &hellip; <\/p>\n","protected":false},"author":2,"featured_media":0,"parent":0,"menu_order":0,"comment_status":"closed","ping_status":"closed","template":"","meta":{"_cbd_carousel_blocks":"[]","_exactmetrics_skip_tracking":false,"_exactmetrics_sitenote_active":false,"_exactmetrics_sitenote_note":"","_exactmetrics_sitenote_category":0,"footnotes":""},"class_list":["post-420","page","type-page","status-publish","hentry"],"translation":{"provider":"WPGlobus","version":"3.0.0","language":"pt","enabled_languages":["en","pt"],"languages":{"en":{"title":true,"content":true,"excerpt":false},"pt":{"title":true,"content":true,"excerpt":false}}},"_links":{"self":[{"href":"https:\/\/gi-imperios.org\/blog\/pt\/wp-json\/wp\/v2\/pages\/420","targetHints":{"allow":["GET"]}}],"collection":[{"href":"https:\/\/gi-imperios.org\/blog\/pt\/wp-json\/wp\/v2\/pages"}],"about":[{"href":"https:\/\/gi-imperios.org\/blog\/pt\/wp-json\/wp\/v2\/types\/page"}],"author":[{"embeddable":true,"href":"https:\/\/gi-imperios.org\/blog\/pt\/wp-json\/wp\/v2\/users\/2"}],"replies":[{"embeddable":true,"href":"https:\/\/gi-imperios.org\/blog\/pt\/wp-json\/wp\/v2\/comments?post=420"}],"version-history":[{"count":6,"href":"https:\/\/gi-imperios.org\/blog\/pt\/wp-json\/wp\/v2\/pages\/420\/revisions"}],"predecessor-version":[{"id":1110,"href":"https:\/\/gi-imperios.org\/blog\/pt\/wp-json\/wp\/v2\/pages\/420\/revisions\/1110"}],"wp:attachment":[{"href":"https:\/\/gi-imperios.org\/blog\/pt\/wp-json\/wp\/v2\/media?parent=420"}],"curies":[{"name":"wp","href":"https:\/\/api.w.org\/{rel}","templated":true}]}}