{"id":4416,"date":"2019-10-11T19:23:53","date_gmt":"2019-10-11T19:23:53","guid":{"rendered":"https:\/\/gi-imperios.org\/blog\/?page_id=4416"},"modified":"2023-11-02T16:10:09","modified_gmt":"2023-11-02T16:10:09","slug":"rebellion-and-resistance-in-the-iberian-empires-16th-19th-centuries","status":"publish","type":"page","link":"https:\/\/gi-imperios.org\/blog\/pt\/rebellion-and-resistance-in-the-iberian-empires-16th-19th-centuries\/","title":{"rendered":"RESISTANCE: Revolta e Resist\u00eancia nos Imp\u00e9rios Ib\u00e9ricos, s\u00e9culos XVI a XIX"},"content":{"rendered":"<p><strong><img loading=\"lazy\" decoding=\"async\" class=\"wp-image-4414 alignleft\" src=\"https:\/\/gi-imperios.org\/blog\/wp-content\/uploads\/2019\/10\/Projeto-Resistance-02.jpg\" alt=\"\" width=\"440\" height=\"247\" srcset=\"https:\/\/gi-imperios.org\/blog\/wp-content\/uploads\/2019\/10\/Projeto-Resistance-02.jpg 686w, https:\/\/gi-imperios.org\/blog\/wp-content\/uploads\/2019\/10\/Projeto-Resistance-02-300x168.jpg 300w, https:\/\/gi-imperios.org\/blog\/wp-content\/uploads\/2019\/10\/Projeto-Resistance-02-250x140.jpg 250w, https:\/\/gi-imperios.org\/blog\/wp-content\/uploads\/2019\/10\/Projeto-Resistance-02-550x309.jpg 550w, https:\/\/gi-imperios.org\/blog\/wp-content\/uploads\/2019\/10\/Projeto-Resistance-02-321x180.jpg 321w, https:\/\/gi-imperios.org\/blog\/wp-content\/uploads\/2019\/10\/Projeto-Resistance-02-535x300.jpg 535w\" sizes=\"auto, (max-width: 440px) 100vw, 440px\" \/>Equipa ICS<\/strong><\/p>\n<p>\u00c2ngela Barreto Xavier |\u00a0Arthur Curvello |\u00a0Bruno C\u00e9zar Silva |\u00a0Isabel Corr\u00eaa da Silva |\u00a0Joana Fraga |\u00a0Jos\u00e9 Ferreira |\u00a0Kevin Soares |\u00a0Miguel Dantas da Cruz |\u00a0Nuno Gon\u00e7alo Monteiro<\/p>\n<p><strong>Financiador <\/strong><\/p>\n<p>Financiado no \u00e2mbito do programa Horizonte 2020 da Uni\u00e3o Europeia, Protocolo Marie Sk\u0142odowska-Curie No 778076. (778076-H2020-MSCA-RISE-2017)<\/p>\n<p>O projecto RESISTANCE tem como objectivo estudar os processos de resist\u00eancia de categorias sociais discriminadas, segregadas e \u201cde baixo\u201d nos imp\u00e9rios ib\u00e9ricos, entre 1500 e 1850. Queremos estudar, de forma comparativa, os fen\u00f3menos de resist\u00eancia activa e passiva em diferentes territ\u00f3rios e cronologias. Analisaremos a morfologia e a gram\u00e1tica da resist\u00eancia, contrastando: os imp\u00e9rios portugu\u00eas e espanhol, os espa\u00e7os europeus e n\u00e3o europeus, e a sua evolu\u00e7\u00e3o ao longo desses 250 anos, sempre com o prop\u00f3sito de destacar o papel dos grupos subalternizados na transforma\u00e7\u00e3o social.<\/p>\n<p>O RESISTANCE visa ainda a transfer\u00eancia de conhecimento para diferentes p\u00fablicos, com destaque para os p\u00fablicos escolares, atrav\u00e9s de pequenos v\u00eddeos e entrevistas que chamem a aten\u00e7\u00e3o para o papel que esses grupos \u201csem voz\u201d tiveram nos processos de mudan\u00e7a societal. Ao mesmo tempo, queremos sinalizar as diferentes formas de constru\u00e7\u00e3o e transmiss\u00e3o da mem\u00f3ria oficial e da sua poss\u00edvel contesta\u00e7\u00e3o.<\/p>\n<p>O projecto conta com a participa\u00e7\u00e3o de 13 institui\u00e7\u00f5es, sendo sete institui\u00e7\u00f5es europeias \u2013 quatro delas portuguesas (Universidade de \u00c9vora, FCSH-NOVA, ICS-ULisboa, ISCTE-IUL, Max Plank Institute, Universidad de Cantabria e Universidad de Santiago de Compostela) e seis institui\u00e7\u00f5es n\u00e3o europeias (Pontificia Universidad Cat\u00f3lica de Chile,\u00a0 Universidad Nacional de La Plata, Universidade de Cabo Verde, El Colegio de Michoac\u00e1n, Universidade Federal da Bahia e Brown University). Ao todo est\u00e3o envolvidos 102 investigadores, com \u00e1reas de interesse diversas que confluem para compreender os actores e cen\u00e1rios de resist\u00eancia na Europa, Am\u00e9ricas, \u00c1sia e \u00c1frica.<\/p>\n<p>O projecto RESISTANCE \u00e9 coordenado por Mafalda Soares da Cunha &#8211; Centro Interdisciplinar de Hist\u00f3ria, Culturas e Sociedades (CIDEHUS-U\u00c9VORA).<\/p>\n<p>Mais informa\u00e7\u00f5es em <a href=\"http:\/\/www.resistance.uevora.pt\" target=\"_blank\" rel=\"noopener\">www.resistance.uevora.pt<\/a><\/p>\n","protected":false},"excerpt":{"rendered":"<p> &hellip; <\/p>\n","protected":false},"author":4,"featured_media":4414,"parent":0,"menu_order":0,"comment_status":"closed","ping_status":"closed","template":"","meta":{"_cbd_carousel_blocks":"[]","_exactmetrics_skip_tracking":false,"_exactmetrics_sitenote_active":false,"_exactmetrics_sitenote_note":"","_exactmetrics_sitenote_category":0,"footnotes":""},"class_list":["post-4416","page","type-page","status-publish","has-post-thumbnail","hentry"],"translation":{"provider":"WPGlobus","version":"3.0.0","language":"pt","enabled_languages":["en","pt"],"languages":{"en":{"title":true,"content":true,"excerpt":false},"pt":{"title":true,"content":true,"excerpt":false}}},"_links":{"self":[{"href":"https:\/\/gi-imperios.org\/blog\/pt\/wp-json\/wp\/v2\/pages\/4416","targetHints":{"allow":["GET"]}}],"collection":[{"href":"https:\/\/gi-imperios.org\/blog\/pt\/wp-json\/wp\/v2\/pages"}],"about":[{"href":"https:\/\/gi-imperios.org\/blog\/pt\/wp-json\/wp\/v2\/types\/page"}],"author":[{"embeddable":true,"href":"https:\/\/gi-imperios.org\/blog\/pt\/wp-json\/wp\/v2\/users\/4"}],"replies":[{"embeddable":true,"href":"https:\/\/gi-imperios.org\/blog\/pt\/wp-json\/wp\/v2\/comments?post=4416"}],"version-history":[{"count":10,"href":"https:\/\/gi-imperios.org\/blog\/pt\/wp-json\/wp\/v2\/pages\/4416\/revisions"}],"predecessor-version":[{"id":9807,"href":"https:\/\/gi-imperios.org\/blog\/pt\/wp-json\/wp\/v2\/pages\/4416\/revisions\/9807"}],"wp:featuredmedia":[{"embeddable":true,"href":"https:\/\/gi-imperios.org\/blog\/pt\/wp-json\/wp\/v2\/media\/4414"}],"wp:attachment":[{"href":"https:\/\/gi-imperios.org\/blog\/pt\/wp-json\/wp\/v2\/media?parent=4416"}],"curies":[{"name":"wp","href":"https:\/\/api.w.org\/{rel}","templated":true}]}}