{"id":52,"date":"2017-10-13T22:40:27","date_gmt":"2017-10-13T22:40:27","guid":{"rendered":"https:\/\/gi-imperios.org\/blog\/?page_id=52"},"modified":"2026-02-16T10:53:56","modified_gmt":"2026-02-16T10:53:56","slug":"concluidos","status":"publish","type":"page","link":"https:\/\/gi-imperios.org\/blog\/pt\/concluidos\/","title":{"rendered":"Conclu\u00eddos"},"content":{"rendered":"<table style=\"border-collapse: collapse; width: 100%;\">\n<tbody>\n<tr>\n<td style=\"width: 35.1894%;\">\n<p style=\"text-align: center;\"><a href=\"https:\/\/gi-imperios.org\/blog\/imagem-guerra-e-memoria-fotografia-da-guerra-colonial-nas-colecoes-pessoais-e-nos-arquivos-institucionais\/\"><img loading=\"lazy\" decoding=\"async\" class=\"aligncenter wp-image-757 size-full\" src=\"https:\/\/gi-imperios.org\/blog\/wp-content\/uploads\/2017\/10\/capa-album-fotos-JG_lowx170.png\" alt=\"\" width=\"229\" height=\"170\" \/><\/a><strong><span style=\"font-size: 12pt;\">IMAGE, WAR AND MEMORY: COLONIAL WAR PHOTOGRAPHY IN PRIVATE COLLECTIONS AND IN INSTITUTIONAL ARCHIVES<\/span><\/strong><\/p>\n<\/td>\n<td style=\"width: 33.1229%;\">\n<p style=\"text-align: center;\"><strong><a href=\"https:\/\/gi-imperios.org\/blog\/rebellion-and-resistance-in-the-iberian-empires-16th-19th-centuries\/\"><img loading=\"lazy\" decoding=\"async\" class=\"aligncenter wp-image-4414 size-medium\" src=\"https:\/\/gi-imperios.org\/blog\/wp-content\/uploads\/2019\/10\/Projeto-Resistance-02-300x168.jpg\" alt=\"\" width=\"300\" height=\"168\" srcset=\"https:\/\/gi-imperios.org\/blog\/wp-content\/uploads\/2019\/10\/Projeto-Resistance-02-300x168.jpg 300w, https:\/\/gi-imperios.org\/blog\/wp-content\/uploads\/2019\/10\/Projeto-Resistance-02-250x140.jpg 250w, https:\/\/gi-imperios.org\/blog\/wp-content\/uploads\/2019\/10\/Projeto-Resistance-02-550x309.jpg 550w, https:\/\/gi-imperios.org\/blog\/wp-content\/uploads\/2019\/10\/Projeto-Resistance-02-321x180.jpg 321w, https:\/\/gi-imperios.org\/blog\/wp-content\/uploads\/2019\/10\/Projeto-Resistance-02-535x300.jpg 535w, https:\/\/gi-imperios.org\/blog\/wp-content\/uploads\/2019\/10\/Projeto-Resistance-02.jpg 686w\" sizes=\"auto, (max-width: 300px) 100vw, 300px\" \/><\/a><\/strong><strong>RESISTANCE: REBELLION AND RESISTANCE IN THE IBERIAN EMPIRES, 16TH-19TH CENTURIES<\/strong><\/p>\n<\/td>\n<td style=\"width: 65.021%; text-align: center;\"><a href=\"https:\/\/gi-imperios.org\/blog\/contruindo-o-povo-de-salazar-arquitectura-nacionalismo-e-identidade-nacional-1932-1945\/\"><img loading=\"lazy\" decoding=\"async\" class=\"size-medium wp-image-10602 aligncenter\" src=\"https:\/\/gi-imperios.org\/blog\/wp-content\/uploads\/2024\/11\/AHMALCS-CMALCS-FOTOGRAFIAS-01-01-006_m0001-300x200.jpg\" alt=\"\" width=\"300\" height=\"200\" srcset=\"https:\/\/gi-imperios.org\/blog\/wp-content\/uploads\/2024\/11\/AHMALCS-CMALCS-FOTOGRAFIAS-01-01-006_m0001-300x200.jpg 300w, https:\/\/gi-imperios.org\/blog\/wp-content\/uploads\/2024\/11\/AHMALCS-CMALCS-FOTOGRAFIAS-01-01-006_m0001-1024x682.jpg 1024w, https:\/\/gi-imperios.org\/blog\/wp-content\/uploads\/2024\/11\/AHMALCS-CMALCS-FOTOGRAFIAS-01-01-006_m0001-768x512.jpg 768w, https:\/\/gi-imperios.org\/blog\/wp-content\/uploads\/2024\/11\/AHMALCS-CMALCS-FOTOGRAFIAS-01-01-006_m0001-1536x1024.jpg 1536w, https:\/\/gi-imperios.org\/blog\/wp-content\/uploads\/2024\/11\/AHMALCS-CMALCS-FOTOGRAFIAS-01-01-006_m0001-250x167.jpg 250w, https:\/\/gi-imperios.org\/blog\/wp-content\/uploads\/2024\/11\/AHMALCS-CMALCS-FOTOGRAFIAS-01-01-006_m0001-550x367.jpg 550w, https:\/\/gi-imperios.org\/blog\/wp-content\/uploads\/2024\/11\/AHMALCS-CMALCS-FOTOGRAFIAS-01-01-006_m0001-800x533.jpg 800w, https:\/\/gi-imperios.org\/blog\/wp-content\/uploads\/2024\/11\/AHMALCS-CMALCS-FOTOGRAFIAS-01-01-006_m0001-270x180.jpg 270w, https:\/\/gi-imperios.org\/blog\/wp-content\/uploads\/2024\/11\/AHMALCS-CMALCS-FOTOGRAFIAS-01-01-006_m0001-450x300.jpg 450w, https:\/\/gi-imperios.org\/blog\/wp-content\/uploads\/2024\/11\/AHMALCS-CMALCS-FOTOGRAFIAS-01-01-006_m0001-750x500.jpg 750w, https:\/\/gi-imperios.org\/blog\/wp-content\/uploads\/2024\/11\/AHMALCS-CMALCS-FOTOGRAFIAS-01-01-006_m0001-1320x880.jpg 1320w, https:\/\/gi-imperios.org\/blog\/wp-content\/uploads\/2024\/11\/AHMALCS-CMALCS-FOTOGRAFIAS-01-01-006_m0001.jpg 1799w\" sizes=\"auto, (max-width: 300px) 100vw, 300px\" \/><\/a><a href=\"https:\/\/gi-imperios.org\/blog\/contruindo-o-povo-de-salazar-arquitectura-nacionalismo-e-identidade-nacional-1932-1945\/\"><strong>CONSTRUINDO O POVO DE SALAZAR: ARQUITECTURA, NACIONALISMO E IDENTIDADE NACIONAL (1932-1945)<\/strong><\/a><\/td>\n<\/tr>\n<\/tbody>\n<\/table>\n<table style=\"border-collapse: collapse; width: 100%;\">\n<tbody>\n<tr>\n<td style=\"width: 33%;\" valign=\"top\" width=\"33%\">\n<p style=\"text-align: center;\"><a href=\"https:\/\/gi-imperios.org\/blog\/o-imperio-colonial-portugues\/\"><img loading=\"lazy\" decoding=\"async\" class=\"alignnone wp-image-341 aligncenter\" src=\"https:\/\/gi-imperios.org\/blog\/wp-content\/uploads\/2017\/11\/MOCAMBIQUE-300x225.png\" alt=\"\" width=\"227\" height=\"170\" srcset=\"https:\/\/gi-imperios.org\/blog\/wp-content\/uploads\/2017\/11\/MOCAMBIQUE-300x225.png 300w, https:\/\/gi-imperios.org\/blog\/wp-content\/uploads\/2017\/11\/MOCAMBIQUE-768x576.png 768w, https:\/\/gi-imperios.org\/blog\/wp-content\/uploads\/2017\/11\/MOCAMBIQUE.png 1020w\" sizes=\"auto, (max-width: 227px) 100vw, 227px\" \/><\/a><strong>PORTUGUESE COLONIAL EMPIRE AND URBAN POPULAR CULTURE: COMPARING VISIONS FROM THE METROPOLIS AND THE COLONIES (1945-1974)<\/strong><\/p>\n<\/td>\n<td style=\"width: 34%;\" valign=\"top\" width=\"34%\"><a href=\"https:\/\/gi-imperios.org\/blog\/mobilising-archives-photography-in-southwest-angola\/\"><img loading=\"lazy\" decoding=\"async\" class=\"aligncenter wp-image-637\" src=\"https:\/\/gi-imperios.org\/blog\/wp-content\/uploads\/2017\/11\/487_IMG_7368t-300x199.jpg\" alt=\"\" width=\"257\" height=\"170\" srcset=\"https:\/\/gi-imperios.org\/blog\/wp-content\/uploads\/2017\/11\/487_IMG_7368t-300x199.jpg 300w, https:\/\/gi-imperios.org\/blog\/wp-content\/uploads\/2017\/11\/487_IMG_7368t-768x508.jpg 768w, https:\/\/gi-imperios.org\/blog\/wp-content\/uploads\/2017\/11\/487_IMG_7368t-1024x678.jpg 1024w, https:\/\/gi-imperios.org\/blog\/wp-content\/uploads\/2017\/11\/487_IMG_7368t.jpg 1425w\" sizes=\"auto, (max-width: 257px) 100vw, 257px\" \/><\/a><\/p>\n<p style=\"text-align: center;\"><strong>MOBILISING ARCHIVES:\u00a0 \u00a0\u00a0<\/strong><strong style=\"font-family: inherit; font-size: inherit;\">PHOTOGRAPHY IN SOUTHWEST ANGOLA<\/strong><\/p>\n<\/td>\n<td style=\"width: 33%;\" valign=\"top\" width=\"33%\"><b><a href=\"https:\/\/gi-imperios.org\/blog\/a-carreira-das-armas\/\"><img loading=\"lazy\" decoding=\"async\" class=\"aligncenter wp-image-1078\" src=\"https:\/\/gi-imperios.org\/blog\/wp-content\/uploads\/2018\/02\/MDC-image-300x216.png\" alt=\"\" width=\"237\" height=\"170\" srcset=\"https:\/\/gi-imperios.org\/blog\/wp-content\/uploads\/2018\/02\/MDC-image-300x216.png 300w, https:\/\/gi-imperios.org\/blog\/wp-content\/uploads\/2018\/02\/MDC-image.png 384w\" sizes=\"auto, (max-width: 237px) 100vw, 237px\" \/><\/a><\/b><\/p>\n<p style=\"text-align: center;\"><b>THE MILITARY PROFESSION IN PORTUGUESE AMERICA (1640-1807)<\/b><\/p>\n<\/td>\n<\/tr>\n<tr>\n<td style=\"text-align: center; width: 33%;\" valign=\"top\" width=\"33%\"><a href=\"https:\/\/gi-imperios.org\/blog\/poder-incerto\/\"><img loading=\"lazy\" decoding=\"async\" class=\"aligncenter wp-image-1081\" src=\"https:\/\/gi-imperios.org\/blog\/wp-content\/uploads\/2018\/02\/UncertainPower-ImagemCortada-300x220.jpg\" alt=\"\" width=\"232\" height=\"170\" srcset=\"https:\/\/gi-imperios.org\/blog\/wp-content\/uploads\/2018\/02\/UncertainPower-ImagemCortada-300x220.jpg 300w, https:\/\/gi-imperios.org\/blog\/wp-content\/uploads\/2018\/02\/UncertainPower-ImagemCortada-768x563.jpg 768w, https:\/\/gi-imperios.org\/blog\/wp-content\/uploads\/2018\/02\/UncertainPower-ImagemCortada.jpg 800w\" sizes=\"auto, (max-width: 232px) 100vw, 232px\" \/><\/a><\/p>\n<p style=\"text-align: center;\"><strong>UNCERTAIN POWER<\/strong><strong>: REPRESENTING ROYAL POWER IN THE PORTUGUESE EMPIRE (1580-1750)<\/strong><\/p>\n<\/td>\n<td style=\"text-align: center; width: 34%;\" valign=\"top\" width=\"34%\">\n<p style=\"text-align: center;\"><a href=\"https:\/\/gi-imperios.org\/blog\/indigenous-colonial-archives-micro-histories-and-comparisons\/\" target=\"_blank\" rel=\"noopener noreferrer\"><img loading=\"lazy\" decoding=\"async\" class=\"aligncenter wp-image-2241\" src=\"https:\/\/gi-imperios.org\/blog\/wp-content\/uploads\/2018\/12\/TT_CMZ-AF-GT_E_2-1_8_39_-_Alf\u00e2ndega._Arquivo-300x208.jpg\" alt=\"\" width=\"232\" height=\"160\" srcset=\"https:\/\/gi-imperios.org\/blog\/wp-content\/uploads\/2018\/12\/TT_CMZ-AF-GT_E_2-1_8_39_-_Alf\u00e2ndega._Arquivo-300x208.jpg 300w, https:\/\/gi-imperios.org\/blog\/wp-content\/uploads\/2018\/12\/TT_CMZ-AF-GT_E_2-1_8_39_-_Alf\u00e2ndega._Arquivo-768x531.jpg 768w, https:\/\/gi-imperios.org\/blog\/wp-content\/uploads\/2018\/12\/TT_CMZ-AF-GT_E_2-1_8_39_-_Alf\u00e2ndega._Arquivo-135x93.jpg 135w, https:\/\/gi-imperios.org\/blog\/wp-content\/uploads\/2018\/12\/TT_CMZ-AF-GT_E_2-1_8_39_-_Alf\u00e2ndega._Arquivo-250x173.jpg 250w, https:\/\/gi-imperios.org\/blog\/wp-content\/uploads\/2018\/12\/TT_CMZ-AF-GT_E_2-1_8_39_-_Alf\u00e2ndega._Arquivo-550x380.jpg 550w, https:\/\/gi-imperios.org\/blog\/wp-content\/uploads\/2018\/12\/TT_CMZ-AF-GT_E_2-1_8_39_-_Alf\u00e2ndega._Arquivo-800x553.jpg 800w, https:\/\/gi-imperios.org\/blog\/wp-content\/uploads\/2018\/12\/TT_CMZ-AF-GT_E_2-1_8_39_-_Alf\u00e2ndega._Arquivo-260x180.jpg 260w, https:\/\/gi-imperios.org\/blog\/wp-content\/uploads\/2018\/12\/TT_CMZ-AF-GT_E_2-1_8_39_-_Alf\u00e2ndega._Arquivo-434x300.jpg 434w, https:\/\/gi-imperios.org\/blog\/wp-content\/uploads\/2018\/12\/TT_CMZ-AF-GT_E_2-1_8_39_-_Alf\u00e2ndega._Arquivo-723x500.jpg 723w, https:\/\/gi-imperios.org\/blog\/wp-content\/uploads\/2018\/12\/TT_CMZ-AF-GT_E_2-1_8_39_-_Alf\u00e2ndega._Arquivo.jpg 1012w\" sizes=\"auto, (max-width: 232px) 100vw, 232px\" \/><\/a><\/p>\n<p style=\"text-align: center;\"><b>INDIGENOUS COLONIAL ARCHIVES: MICRO-HISTORIES AND COMPARISONS<\/b><\/p>\n<\/td>\n<td style=\"text-align: center; width: 33%;\" valign=\"top\" width=\"33%\"><a href=\"https:\/\/gi-imperios.org\/blog\/?page_id=3264&amp;preview=true\" target=\"_blank\" rel=\"noopener noreferrer\"><img loading=\"lazy\" decoding=\"async\" class=\"aligncenter wp-image-2648\" src=\"https:\/\/gi-imperios.org\/blog\/wp-content\/uploads\/2019\/03\/Rituals-300x236.jpg\" alt=\"\" width=\"227\" height=\"179\" srcset=\"https:\/\/gi-imperios.org\/blog\/wp-content\/uploads\/2019\/03\/Rituals-300x236.jpg 300w, https:\/\/gi-imperios.org\/blog\/wp-content\/uploads\/2019\/03\/Rituals-768x605.jpg 768w, https:\/\/gi-imperios.org\/blog\/wp-content\/uploads\/2019\/03\/Rituals-1024x807.jpg 1024w, https:\/\/gi-imperios.org\/blog\/wp-content\/uploads\/2019\/03\/Rituals-250x197.jpg 250w, https:\/\/gi-imperios.org\/blog\/wp-content\/uploads\/2019\/03\/Rituals-550x433.jpg 550w, https:\/\/gi-imperios.org\/blog\/wp-content\/uploads\/2019\/03\/Rituals-800x630.jpg 800w, https:\/\/gi-imperios.org\/blog\/wp-content\/uploads\/2019\/03\/Rituals-229x180.jpg 229w, https:\/\/gi-imperios.org\/blog\/wp-content\/uploads\/2019\/03\/Rituals-381x300.jpg 381w, https:\/\/gi-imperios.org\/blog\/wp-content\/uploads\/2019\/03\/Rituals-635x500.jpg 635w, https:\/\/gi-imperios.org\/blog\/wp-content\/uploads\/2019\/03\/Rituals.jpg 1389w\" sizes=\"auto, (max-width: 227px) 100vw, 227px\" \/><\/a><\/p>\n<p><strong>PUBLIC RITUALS IN THE PORTUGUESE EMPIRE (1498-1822)<\/strong><\/td>\n<\/tr>\n<tr>\n<td style=\"text-align: center; width: 33%;\" width=\"33%\">\n<p style=\"text-align: center;\"><a href=\"https:\/\/gi-imperios.org\/blog\/pluralismo-juridico-no-imperio-portugues-seculos-xviii-xx\"><img loading=\"lazy\" decoding=\"async\" class=\"alignnone wp-image-4686 size-medium\" src=\"https:\/\/gi-imperios.org\/blog\/wp-content\/uploads\/2019\/11\/icon393054-161a_orig-300x236.jpg\" alt=\"\" width=\"300\" height=\"236\" srcset=\"https:\/\/gi-imperios.org\/blog\/wp-content\/uploads\/2019\/11\/icon393054-161a_orig-300x236.jpg 300w, https:\/\/gi-imperios.org\/blog\/wp-content\/uploads\/2019\/11\/icon393054-161a_orig-768x603.jpg 768w, https:\/\/gi-imperios.org\/blog\/wp-content\/uploads\/2019\/11\/icon393054-161a_orig-250x196.jpg 250w, https:\/\/gi-imperios.org\/blog\/wp-content\/uploads\/2019\/11\/icon393054-161a_orig-550x432.jpg 550w, https:\/\/gi-imperios.org\/blog\/wp-content\/uploads\/2019\/11\/icon393054-161a_orig-800x628.jpg 800w, https:\/\/gi-imperios.org\/blog\/wp-content\/uploads\/2019\/11\/icon393054-161a_orig-229x180.jpg 229w, https:\/\/gi-imperios.org\/blog\/wp-content\/uploads\/2019\/11\/icon393054-161a_orig-382x300.jpg 382w, https:\/\/gi-imperios.org\/blog\/wp-content\/uploads\/2019\/11\/icon393054-161a_orig-637x500.jpg 637w, https:\/\/gi-imperios.org\/blog\/wp-content\/uploads\/2019\/11\/icon393054-161a_orig.jpg 1019w\" sizes=\"auto, (max-width: 300px) 100vw, 300px\" \/><\/a><\/p>\n<p style=\"text-align: center;\"><strong>JURIDICAL PLURALISM IN THE PORTUGUESE EMPIRE (18H-20TH CENTURIES)<\/strong><\/p>\n<\/td>\n<td style=\"width: 34%;\" valign=\"top\" width=\"34%\"><a href=\"https:\/\/gi-imperios.org\/blog\/colonial-crisis-and-mimetic-encounters-in-historical-and-anthropological-perspective\/\"><img loading=\"lazy\" decoding=\"async\" class=\"aligncenter wp-image-338\" src=\"https:\/\/gi-imperios.org\/blog\/wp-content\/uploads\/2017\/11\/Dessay-de-Arab\u00f3-1895-ACTD-300x213.jpg\" alt=\"\" width=\"269\" height=\"191\" srcset=\"https:\/\/gi-imperios.org\/blog\/wp-content\/uploads\/2017\/11\/Dessay-de-Arab\u00f3-1895-ACTD-300x213.jpg 300w, https:\/\/gi-imperios.org\/blog\/wp-content\/uploads\/2017\/11\/Dessay-de-Arab\u00f3-1895-ACTD-768x546.jpg 768w, https:\/\/gi-imperios.org\/blog\/wp-content\/uploads\/2017\/11\/Dessay-de-Arab\u00f3-1895-ACTD.jpg 800w\" sizes=\"auto, (max-width: 269px) 100vw, 269px\" \/><\/a><\/p>\n<p style=\"text-align: center;\"><strong>COLONIAL CRISIS AND MIMETIC ENCOUNTERS IN HISTORICAL AND ANTHROPOLOGICAL PERSPECTIVE<\/strong><\/p>\n<\/td>\n<td style=\"width: 33%;\" valign=\"top\" width=\"33%\"><a href=\"https:\/\/gi-imperios.org\/blog\/conhecimento-e-visao-fotografia-no-arquivo-e-no-museu-colonial-portugues-1850-1950\/\"><img loading=\"lazy\" decoding=\"async\" class=\"aligncenter wp-image-300\" src=\"https:\/\/gi-imperios.org\/blog\/wp-content\/uploads\/2017\/10\/Fig-3-Africanas.jpeg\" alt=\"\" width=\"279\" height=\"180\" srcset=\"https:\/\/gi-imperios.org\/blog\/wp-content\/uploads\/2017\/10\/Fig-3-Africanas.jpeg 389w, https:\/\/gi-imperios.org\/blog\/wp-content\/uploads\/2017\/10\/Fig-3-Africanas-300x193.jpeg 300w\" sizes=\"auto, (max-width: 279px) 100vw, 279px\" \/><\/a><\/p>\n<p style=\"text-align: center;\"><strong>KNOWLEDGE AND VISION: PHOTOGRAPHY WITHIN THE\u00a0 PORTUGUESE COLONIAL ARCHIVE AND MUSEUM (1850-1950)<\/strong><\/p>\n<\/td>\n<\/tr>\n<tr>\n<td style=\"width: 33%;\" valign=\"top\" width=\"33%\"><a href=\"https:\/\/gi-imperios.org\/blog\/colonial-mimesis-in-lusophone-asia-and-africa\/\"><img loading=\"lazy\" decoding=\"async\" class=\"aligncenter wp-image-575\" src=\"https:\/\/gi-imperios.org\/blog\/wp-content\/uploads\/2017\/10\/Mimesis-imagem-300x165.png\" alt=\"\" width=\"309\" height=\"170\" srcset=\"https:\/\/gi-imperios.org\/blog\/wp-content\/uploads\/2017\/10\/Mimesis-imagem-300x165.png 300w, https:\/\/gi-imperios.org\/blog\/wp-content\/uploads\/2017\/10\/Mimesis-imagem.png 543w\" sizes=\"auto, (max-width: 309px) 100vw, 309px\" \/><\/a><\/p>\n<p style=\"text-align: center;\"><strong>COLONIAL MIMESIS IN LUSOPHONE ASIA AND AFRICA<\/strong><\/p>\n<p style=\"text-align: center;\"><em>\u00a0<\/em><\/p>\n<\/td>\n<td style=\"width: 34%;\" valign=\"top\" width=\"34%\"><a href=\"https:\/\/gi-imperios.org\/blog\/the-sciences-of-anthropological-classification-in-portuguese-timor-c-1894-1975\/\"><img loading=\"lazy\" decoding=\"async\" class=\"wp-image-339 aligncenter\" src=\"https:\/\/gi-imperios.org\/blog\/wp-content\/uploads\/2017\/11\/LOGO-HISTORY-TIMOR-300x232.jpg\" alt=\"\" width=\"220\" height=\"170\" srcset=\"https:\/\/gi-imperios.org\/blog\/wp-content\/uploads\/2017\/11\/LOGO-HISTORY-TIMOR-300x232.jpg 300w, https:\/\/gi-imperios.org\/blog\/wp-content\/uploads\/2017\/11\/LOGO-HISTORY-TIMOR.jpg 421w\" sizes=\"auto, (max-width: 220px) 100vw, 220px\" \/><\/a><\/p>\n<p style=\"text-align: center;\"><strong>AS CI\u00caNCIAS DA CLASSIFICA\u00c7\u00c3O ANTROPOL\u00d3GICA EM `TIMOR PORTUGU\u00caS&#8221; (1894-1975)<\/strong><\/p>\n<\/td>\n<td style=\"width: 33%;\"><a href=\"https:\/\/gi-imperios.org\/blog\/the-government-of-difference-political-imagination-in-the-portuguese-empire-1496-1961\/\"><img loading=\"lazy\" decoding=\"async\" class=\"aligncenter wp-image-340\" src=\"https:\/\/gi-imperios.org\/blog\/wp-content\/uploads\/2017\/11\/GOVERNO-DOS-OUTROS-300x215.png\" alt=\"\" width=\"236\" height=\"169\" srcset=\"https:\/\/gi-imperios.org\/blog\/wp-content\/uploads\/2017\/11\/GOVERNO-DOS-OUTROS-300x215.png 300w, https:\/\/gi-imperios.org\/blog\/wp-content\/uploads\/2017\/11\/GOVERNO-DOS-OUTROS.png 592w\" sizes=\"auto, (max-width: 236px) 100vw, 236px\" \/><\/a><\/p>\n<p style=\"text-align: center;\"><strong>THE GOVERNMENT OF DIFFERENCE POLITICAL IMAGINATION IN THE PORTUGUESE EMPIRE (1496-1961)<\/strong><\/p>\n<\/td>\n<\/tr>\n<tr>\n<td style=\"text-align: center; width: 33%;\" valign=\"top\" width=\"33%\"><strong><a href=\"https:\/\/gi-imperios.org\/blog\/a-comunicacao-politica-na-monarquia-pluricontinental-portuguesa-1580-1808-reino-atlantico-e-brasil\/\"><img loading=\"lazy\" decoding=\"async\" class=\"aligncenter wp-image-305\" src=\"https:\/\/gi-imperios.org\/blog\/wp-content\/uploads\/2017\/10\/Fig-11-300x172.jpg\" alt=\"\" width=\"295\" height=\"169\" srcset=\"https:\/\/gi-imperios.org\/blog\/wp-content\/uploads\/2017\/10\/Fig-11-300x172.jpg 300w, https:\/\/gi-imperios.org\/blog\/wp-content\/uploads\/2017\/10\/Fig-11.jpg 436w\" sizes=\"auto, (max-width: 295px) 100vw, 295px\" \/><\/a><\/strong><\/p>\n<p><strong>A COMUNICA\u00c7\u00c3O POL\u00cdTICA NA MONARQUIA PLURICONTINENTAL PORTUGU\u00caSA (1580-1808): REINO, ATL\u00c2NTICO E BRASIL<\/strong><\/td>\n<td style=\"text-align: center; width: 34%;\" valign=\"top\" width=\"34%\"><a href=\"https:\/\/gi-imperios.org\/blog\/machiavelli-dissimulado-recepcao-e-recepcao-de-machiavelli-no-mundo-portugues-secs-xvi-xx\/\"><img loading=\"lazy\" decoding=\"async\" class=\"aligncenter wp-image-360\" src=\"https:\/\/gi-imperios.org\/blog\/wp-content\/uploads\/2017\/10\/MAQUIAVEL-300x223.png\" alt=\"\" width=\"229\" height=\"170\" srcset=\"https:\/\/gi-imperios.org\/blog\/wp-content\/uploads\/2017\/10\/MAQUIAVEL-300x223.png 300w, https:\/\/gi-imperios.org\/blog\/wp-content\/uploads\/2017\/10\/MAQUIAVEL.png 531w\" sizes=\"auto, (max-width: 229px) 100vw, 229px\" \/><\/a><\/p>\n<p><strong>DISSIMULATED MACHIAVELLI. RECEPTION AND REINVENTION OF MACHIAVELLI IN THE PORTUGUESE WORLD (16TH-20TH CENTURIES)<\/strong><\/td>\n<td style=\"width: 33%;\"><\/td>\n<\/tr>\n<\/tbody>\n<\/table>\n","protected":false},"excerpt":{"rendered":"<p> &hellip; <\/p>\n","protected":false},"author":1,"featured_media":0,"parent":0,"menu_order":0,"comment_status":"closed","ping_status":"closed","template":"","meta":{"_cbd_carousel_blocks":"[]","_exactmetrics_skip_tracking":false,"_exactmetrics_sitenote_active":false,"_exactmetrics_sitenote_note":"","_exactmetrics_sitenote_category":0,"footnotes":""},"class_list":["post-52","page","type-page","status-publish","hentry"],"translation":{"provider":"WPGlobus","version":"3.0.0","language":"pt","enabled_languages":["en","pt"],"languages":{"en":{"title":true,"content":true,"excerpt":false},"pt":{"title":true,"content":true,"excerpt":false}}},"_links":{"self":[{"href":"https:\/\/gi-imperios.org\/blog\/pt\/wp-json\/wp\/v2\/pages\/52","targetHints":{"allow":["GET"]}}],"collection":[{"href":"https:\/\/gi-imperios.org\/blog\/pt\/wp-json\/wp\/v2\/pages"}],"about":[{"href":"https:\/\/gi-imperios.org\/blog\/pt\/wp-json\/wp\/v2\/types\/page"}],"author":[{"embeddable":true,"href":"https:\/\/gi-imperios.org\/blog\/pt\/wp-json\/wp\/v2\/users\/1"}],"replies":[{"embeddable":true,"href":"https:\/\/gi-imperios.org\/blog\/pt\/wp-json\/wp\/v2\/comments?post=52"}],"version-history":[{"count":61,"href":"https:\/\/gi-imperios.org\/blog\/pt\/wp-json\/wp\/v2\/pages\/52\/revisions"}],"predecessor-version":[{"id":11629,"href":"https:\/\/gi-imperios.org\/blog\/pt\/wp-json\/wp\/v2\/pages\/52\/revisions\/11629"}],"wp:attachment":[{"href":"https:\/\/gi-imperios.org\/blog\/pt\/wp-json\/wp\/v2\/media?parent=52"}],"curies":[{"name":"wp","href":"https:\/\/api.w.org\/{rel}","templated":true}]}}