{"id":5480,"date":"2020-06-07T10:57:08","date_gmt":"2020-06-07T10:57:08","guid":{"rendered":"https:\/\/gi-imperios.org\/blog\/?page_id=5480"},"modified":"2021-04-22T10:43:45","modified_gmt":"2021-04-22T10:43:45","slug":"articles-2019","status":"publish","type":"page","link":"https:\/\/gi-imperios.org\/blog\/pt\/articles-2019\/","title":{"rendered":"Artigos &#8211; 2019"},"content":{"rendered":"<p>Artigos em destaque<\/p>\n<div id=\"awsm-team-5570\" class=\"awsm-grid-wrapper\">\n\t\t\t<div class=\"awsm-grid list-style style-2 grid-2-col \">\n\t\t\t\t\t\t<div id=\"awsm-member-5570-5575\" class=\"awsm-grid-card\">\n\t\t\t\t   <figure>\n\t\t\t\t\t\t <img loading=\"lazy\" decoding=\"async\" width=\"473\" height=\"464\" src=\"https:\/\/gi-imperios.org\/blog\/wp-content\/uploads\/2020\/06\/Green.jpg\" class=\"attachment-awsm_team size-awsm_team wp-post-image\" alt=\"\" srcset=\"https:\/\/gi-imperios.org\/blog\/wp-content\/uploads\/2020\/06\/Green.jpg 473w, https:\/\/gi-imperios.org\/blog\/wp-content\/uploads\/2020\/06\/Green-300x294.jpg 300w, https:\/\/gi-imperios.org\/blog\/wp-content\/uploads\/2020\/06\/Green-48x48.jpg 48w, https:\/\/gi-imperios.org\/blog\/wp-content\/uploads\/2020\/06\/Green-250x245.jpg 250w, https:\/\/gi-imperios.org\/blog\/wp-content\/uploads\/2020\/06\/Green-183x180.jpg 183w, https:\/\/gi-imperios.org\/blog\/wp-content\/uploads\/2020\/06\/Green-306x300.jpg 306w, https:\/\/gi-imperios.org\/blog\/wp-content\/uploads\/2020\/06\/Green-45x45.jpg 45w\" sizes=\"auto, (max-width: 473px) 100vw, 473px\" \/>\t\t\t\t\t\t <figcaption>\n\t\t\t\t\t\t\t<div class=\"awsm-personal-info\">\n\t\t\t\t\t\t\t   <h3>Hist\u00f3ria do atl\u00e2ntico e outras abordagens aos imp\u00e9rios modernos : uma conversa com Jack P. Greene<\/h3>\n\t\t\t\t\t\t\t   <span>Ler Hist\u00f3ria - interview<\/span>\t\t\t\t\t\t\t<\/div> <!-- .awsm-personal-info -->\n\t\t\t\t\t\t\t<div class=\"awsm-contact-info\">\n\t\t\t\t\t\t\t\t<p>Miguel Dantas Cruz<\/p>\n<p><strong>Resumo:<\/strong> Nesta entrevista com o historiador americano Jack P. Greene discutiram-se as tend\u00eancias atuais da historiografia para o estudo dos imp\u00e9rios modernos, desde a hist\u00f3ria atl\u00e2ntica \u00e0 hist\u00f3ria global. Discutiu-se tamb\u00e9m o papel que ele desempenhou na defini\u00e7\u00e3o de uma hist\u00f3ria imperial centrada nas ideias de negocia\u00e7\u00e3o e de autonomia colonial, que acabaram por ser adotadas de forma generalizada e muito para al\u00e9m da academia norte-americana. Revisit\u00e1mos, de permeio, as suas propostas para o que deveria ser uma hist\u00f3ria comparativa frut\u00edfera, focada em diferen\u00e7as e interconex\u00f5es. A entrevista foi tamb\u00e9m uma oportunidade para refletir sobre quest\u00f5es como as problem\u00e1ticas narrativas nacionais tradicionais, a forma\u00e7\u00e3o de identidades nacionais no Novo Mundo, as abordagens marxistas da hist\u00f3ria e a sua curta experi\u00eancia com estudos p\u00f3s-coloniais.<\/p>\n<p><strong>Refer\u00eancia completa:<\/strong> Cruz, M. D. da (2019). Atlantic History and Other Approaches to Early Modern Empires: a Conversation with Jack P. Greene. Ler Hist\u00f3ria, 75, 231-250.<\/p>\n<div class=\"awsm-social-icons\"><span><a href=\"https:\/\/journals.openedition.org\/lerhistoria\/6020\" target=\"_blank\"><i class=\"awsm-icon-link\" aria-hidden=\"true\"><\/i><\/a><\/span><\/div>\t\t\t\t\t\t\t<\/div> <!-- .awsm-contact-info -->\n\t\t\t\t\t\t <\/figcaption>\n\t\t\t\t\t  <!-- <\/span> -->\n\t\t\t\t   <\/figure>\n\t\t\t\t<\/div>\n\t\t\t\t\t\t\t<div id=\"awsm-member-5570-5581\" class=\"awsm-grid-card\">\n\t\t\t\t   <figure>\n\t\t\t\t\t\t <img loading=\"lazy\" decoding=\"async\" width=\"500\" height=\"500\" src=\"https:\/\/gi-imperios.org\/blog\/wp-content\/uploads\/2020\/06\/Praticas-da-Historia_N08_2019_600x900-e1592661876795-500x500.png\" class=\"attachment-awsm_team size-awsm_team wp-post-image\" alt=\"\" srcset=\"https:\/\/gi-imperios.org\/blog\/wp-content\/uploads\/2020\/06\/Praticas-da-Historia_N08_2019_600x900-e1592661876795-500x500.png 500w, https:\/\/gi-imperios.org\/blog\/wp-content\/uploads\/2020\/06\/Praticas-da-Historia_N08_2019_600x900-e1592661876795-150x150.png 150w, https:\/\/gi-imperios.org\/blog\/wp-content\/uploads\/2020\/06\/Praticas-da-Historia_N08_2019_600x900-e1592661876795-48x48.png 48w, https:\/\/gi-imperios.org\/blog\/wp-content\/uploads\/2020\/06\/Praticas-da-Historia_N08_2019_600x900-e1592661876795-300x300.png 300w, https:\/\/gi-imperios.org\/blog\/wp-content\/uploads\/2020\/06\/Praticas-da-Historia_N08_2019_600x900-e1592661876795-45x45.png 45w\" sizes=\"auto, (max-width: 500px) 100vw, 500px\" \/>\t\t\t\t\t\t <figcaption>\n\t\t\t\t\t\t\t<div class=\"awsm-personal-info\">\n\t\t\t\t\t\t\t   <h3>Comemora\u00e7\u00f5es dos &#8216;descobrimentos portugueses&#8217;<\/h3>\n\t\t\t\t\t\t\t   <span>Pr\u00e1ticas da Hist\u00f3ria - Special issue journal<\/span>\t\t\t\t\t\t\t<\/div> <!-- .awsm-personal-info -->\n\t\t\t\t\t\t\t<div class=\"awsm-contact-info\">\n\t\t\t\t\t\t\t\t<p><strong>Elisa Lopes da Silva e Jos\u00e9 Miguel Ferreira (editores)<\/strong><\/p>\n<p><strong>Resumo:<\/strong> Logo em 2016, pouco depois de editarmos o primeiro n\u00famero desta revista, pens\u00e1mos em fazer um dossier sobre o ciclo comemorativo dos \u201cdescobrimentos portugueses\u201d ocorrido em finais do s\u00e9culo XX. Muitos de n\u00f3s, hoje historiadores, tinham sido educados durante esse longo ciclo comemorativo: materiais escolares e investiga\u00e7\u00e3o acad\u00e9mica, programas de televis\u00e3o e produ\u00e7\u00f5es art\u00edsticas, e mesmo a pr\u00f3pria cidade de Lisboa, foram meios comemorativos em grande medida patrocinados pelo Estado portugu\u00eas, nomeadamente atrav\u00e9s da Comiss\u00e3o Nacional para a Comemora\u00e7\u00e3o dos Descobrimentos Portugueses (em fun\u00e7\u00f5es desde 1986 at\u00e9 2002).<\/p>\n<p><strong>Refer\u00eancia bibliogr\u00e1fica:<\/strong> Silva, E. L. da, Ferreira, J. (2019). Editorial. Dossier Comemora\u00e7\u00f5es dos \u201cdescobrimentos portugueses\u201d. Pr\u00e1ticas da Hist\u00f3ria, n\u00ba 8.<\/p>\n<div class=\"awsm-social-icons\"><span><a href=\"http:\/\/www.praticasdahistoria.pt\/pt\/numeros\/praticas-da-historia-no-8-2019\/\" target=\"_blank\"><i class=\"awsm-icon-link\" aria-hidden=\"true\"><\/i><\/a><\/span><span><a href=\"https:\/\/repositorio.ul.pt\/handle\/10451\/39908\" target=\"_blank\"><i class=\"awsm-icon-link\" aria-hidden=\"true\"><\/i><\/a><\/span><\/div>\t\t\t\t\t\t\t<\/div> <!-- .awsm-contact-info -->\n\t\t\t\t\t\t <\/figcaption>\n\t\t\t\t\t  <!-- <\/span> -->\n\t\t\t\t   <\/figure>\n\t\t\t\t<\/div>\n\t\t\t\t\t\t\t<div id=\"awsm-member-5570-5586\" class=\"awsm-grid-card\">\n\t\t\t\t   <figure>\n\t\t\t\t\t\t <img loading=\"lazy\" decoding=\"async\" width=\"180\" height=\"204\" src=\"https:\/\/gi-imperios.org\/blog\/wp-content\/uploads\/2020\/06\/Gerson-e1591613543256.png\" class=\"attachment-awsm_team size-awsm_team wp-post-image\" alt=\"\" srcset=\"https:\/\/gi-imperios.org\/blog\/wp-content\/uploads\/2020\/06\/Gerson-e1591613543256.png 180w, https:\/\/gi-imperios.org\/blog\/wp-content\/uploads\/2020\/06\/Gerson-e1591613543256-159x180.png 159w\" sizes=\"auto, (max-width: 180px) 100vw, 180px\" \/>\t\t\t\t\t\t <figcaption>\n\t\t\t\t\t\t\t<div class=\"awsm-personal-info\">\n\t\t\t\t\t\t\t   <h3>Gerson da Cunha<\/h3>\n\t\t\t\t\t\t\t   <span>Book chapter in A participa\u00e7\u00e3o portuguesa nos congressos internacionais de orientalistas (1873-1973): textos e contextos<\/span>\t\t\t\t\t\t\t<\/div> <!-- .awsm-personal-info -->\n\t\t\t\t\t\t\t<div class=\"awsm-contact-info\">\n\t\t\t\t\t\t\t\t<p>Filipa Lowndes Vicente<\/p>\n<p>&#8220;A 16 de setembro de 1878, no segundo dia dedicado aos Estudos Indianos no Congresso Internacional de Orientalistas, em Floren\u00e7a, Gerson da Cunha (Goa, 1844 \u2013 Bombaim, 1900) proferiu a palestra intitulada \u201cSubs\u00eddios para a hist\u00f3ria dos Estudos Orientais entre os Portugueses\u201d. Gerson da Cunha foi o \u00fanico \u201corientalista\u201d asi\u00e1tico em Floren\u00e7a e, nessa qualidade, veio legitimar um evento cient\u00edfico que procurou envolver especialistas indianos ou residentes na \u00cdndia&#8230;&#8221;<\/p>\n<p>(da p. 126)<\/p>\n<p><strong>Referencia bibliogr\u00e1fica<\/strong>: Vicente, F. L.\u00a0(2019). Gerson da Cunha. In Pinto, M. P. (Ed.), A participa\u00e7\u00e3o portuguesa nos congressos internacionais de orientalistas (1873-1973): textos e contextos, pp. 126-130. H\u00famus<\/p>\n<div class=\"awsm-social-icons\"><span><a href=\"https:\/\/repositorio.ul.pt\/handle\/10451\/39995\" target=\"_blank\"><i class=\"awsm-icon-link\" aria-hidden=\"true\"><\/i><\/a><\/span><\/div>\t\t\t\t\t\t\t<\/div> <!-- .awsm-contact-info -->\n\t\t\t\t\t\t <\/figcaption>\n\t\t\t\t\t  <!-- <\/span> -->\n\t\t\t\t   <\/figure>\n\t\t\t\t<\/div>\n\t\t\t\t\t<\/div><!-- .grid -->\n\t\t<\/div>\n\n<p>Anderson, W., <strong>Roque, R.,<\/strong> Santos, R. V. (2019). Introduction. In Anderson, W., <strong>Roque, R.,<\/strong> Santos, R. V. (Eds.), Luso-tropicalism and its discontents: the making and unmaking of racial exceptionalism, pp. 1-20. New York. Oxford: Berghahn. <a href=\"http:\/\/hdl.handle.net\/10451\/39065\">Link permanente.<\/a><\/p>\n<p><strong>Cruz, M. D. da<\/strong> (2019). Atlantic History and Other Approaches to Early Modern Empires : a Conversation with Jack P. Greene. Ler Hist\u00f3ria, 75, 231-250. <a href=\"https:\/\/journals.openedition.org\/lerhistoria\/6020\">Link permanente.<\/a><\/p>\n<p>Curto, D. R., <strong>Domingos, N.,<\/strong> Jer\u00f3nimo, M. B. (2019). O processo civilizacional, o desporto e o lazer. In Elias, N., Dunning, E., A busca da excita\u00e7\u00e3o: desporto e lazer no processo civilizacional, pp. 7-49. Lisboa: Edi\u00e7\u00f5es 70. ISBN 978-972-44-2119-3. <a href=\"http:\/\/hdl.handle.net\/10451\/40592\">Link permanente.<\/a><\/p>\n<p><strong>Domingos, N.<\/strong> (2019). Posf\u00e1cio: o lento fazer da hist\u00f3ria global. In Conrad, S., O que \u00e9 a hist\u00f3ria global?, pp. 283-295. Lisboa: Edi\u00e7\u00f5es 70. ISBN 978-972-44-2118-6. <a href=\"http:\/\/hdl.handle.net\/10451\/40593\">Link permanente.<\/a><\/p>\n<p><strong>Domingos, N.,<\/strong> Jer\u00f3nimo, M. B., <strong>Roque, R. (2019).<\/strong> Rethinking Resistance and Colonialism. In Domingos, N., Jer\u00f3nimo, M. B., Roque, R. (Eds.), Resistance and Colonialism: Insurgent Peoples in World History (Cambridge Imperial and Post-Colonial Studies Series), 1-32. Palgrave Macmillan. <a href=\"http:\/\/hdl.handle.net\/10451\/40467\">Link permanente.<\/a><\/p>\n<p>Furtado, J. F., <strong>Monteiro, N. G. (2019).<\/strong> Raynal and the defence of the Portuguese colonization of Brazil: diplomacy and the Memoirs of the Visconde de Balsem\u00e3o. An\u00e1lise Social, 230, LIV (1.\u00ba), pp. 4-33. <a href=\"http:\/\/hdl.handle.net\/10451\/38367\">Link permanente.<\/a><\/p>\n<p><strong>Galv\u00e3o, I.,<\/strong> Laranjeiro, C. (2019). Gender struggle in Guinea-Bissau: women\u2019s participation on and off the liberation record. In <strong>Domingos, N.,<\/strong> Jer\u00f3nimo, M. B., <strong>Roque, R.<\/strong> (Eds.), Resistance and Colonialism: Insurgent Peoples in World History (Cambridge Imperial and Post-Colonial Studies Series), 85-122. Palgrave Macmillan. <a href=\"https:\/\/repositorio.ul.pt\/handle\/10451\/39991\">Link permanente.<\/a><\/p>\n<p><strong>Gomes, P.<\/strong> (2019). Colonialismo, classe e na\u00e7\u00e3o na hist\u00f3ria do automobilismo angolano (1957-1975). Lusotopie, 18 (1), 12-39. <a href=\"http:\/\/hdl.handle.net\/10451\/39465\">Link permanente.<\/a><\/p>\n<p>Issacman, A. F., Isaacman, B. S. (2019). A Ilus\u00e3o do Desenvolvimento. Cahora Bassa e a Hist\u00f3ria de Mo\u00e7ambique (trad. <strong>Nuno Domingos<\/strong> e Eul\u00e9sio Viegas Filipe). Lisboa: Outro Modo, Le Monde diplomatique \u2013 edi\u00e7\u00e3o portuguesa. <a href=\"https:\/\/livroslemondediplomatiqueedicaoportuguesa.wordpress.com\/2019\/10\/23\/a-ilusao-do-desenvolvimento-cahora-bassa-e-a-historia-de-mocambique\/\">Link permanente.<\/a><\/p>\n<p><strong>Matos, P. F. de<\/strong> (2019). Racial and Social Prejudice in the Colonial Empire: Issues Raised by Miscegenation in Portugal (Late Nineteenth to Mid-Twentieth Centuries). Anthropological Journal of European Cultures, 28 (2), 23-44. <a href=\"https:\/\/repositorio.ul.pt\/handle\/10451\/40579\">Link permanente.<\/a><\/p>\n<p><strong>Pereira, M. S. <\/strong>(2019). \u201cGrandiosos batuques\u201d: Tens\u00f5es, arranjos e experi\u00eancias coloniais em Mo\u00e7ambique (1890-1940). Lisboa: Imprensa de Hist\u00f3ria Contempor\u00e2nea. ISBN 978-989-8956-10-1. <a href=\"http:\/\/hdl.handle.net\/10451\/44307\">Link permanente.<\/a><\/p>\n<p><strong>Ponte, I.<\/strong> (2019). Conhecer e animar o arquivo de RDC: processos e resultados a partir de uma inventaria\u00e7\u00e3o. In Lan\u00e7a, M. (Ed.), Di\u00e1logos com Ruy Duarte de Carvalho, pp. 185\u2011208. Lisboa: BUALA \u2011 Associa\u00e7\u00e3o Cultural Centro de Estudos Comparatistas (Faculdade de Letras \u2011 UL). <a href=\"http:\/\/hdl.handle.net\/10451\/38486\">Link permanente.<\/a><\/p>\n<p>Queiroz, A. I., <strong>Gomes, I.,<\/strong> Soares, F. (2019). Interview \u201cDisasters, environmental changes and migration in historical perspective\u201d. An\u00e1lise Social, 233, liv (4.\u00ba), pp. 865-875. <a href=\"http:\/\/hdl.handle.net\/10451\/41270\">Link permanente.<\/a><\/p>\n<p><strong>Roque, R. ,<\/strong> Traube, E. G. (2019). Introduction: Crossing Histories and Ethnographies. In <strong>Roque, R. ,<\/strong> Traube, E. G. (Eds.), Crossing Histories and Ethnographies: Following Colonial Historicities in Timor-Leste (Methodology and History in Anthropology 37), pp. 1-46. New York and Oxford: Berghahn Books. <a href=\"http:\/\/hdl.handle.net\/10451\/40465\">Link permanente.<\/a><\/p>\n<p><strong>Roque, R.,<\/strong> Sousa, L. (2019). The Stones of Afaloicai: Colonial Archaeology and the Authority of Ancient Objects. In <strong>Roque, R.,<\/strong> Traube, E. G. (Eds.), Crossing Histories and Ethnographies: Following Colonial Historicities in Timor-Leste, pp. 203-238. New York and Oxford: Berghahn. <a href=\"http:\/\/hdl.handle.net\/10451\/39788\">Link permanente.<\/a><\/p>\n<p><strong>Roque, R.<\/strong> (2019). The death of the Arbiru: mythic praxis and the apotheosis of officer Duarte. In <strong>Roque, R.,<\/strong> Traube, E. G. (Eds.), Crossing Histories and Ethnographies: Following Colonial Historicities in Timor-Leste, pp. 93-130. New York and Oxford: Berghahn.\u00a0 <a href=\"http:\/\/hdl.handle.net\/10451\/39789\">Link permanente.<\/a><\/p>\n<p><strong>Roque, R.<\/strong> (2019). The racial science of patriotic primitives: Ant\u00f3nio Mendes Correia in Portuguese Timor Leste. In Anderson, W., <strong>Roque, R.,<\/strong> Santos, R. V. (Eds.), Luso-tropicalism and its discontents: the making and unmaking of racial exceptionalism, pp. 159-183. New York. Oxford: Berghahn. <a href=\"http:\/\/hdl.handle.net\/10451\/39067\">Link permanente.<\/a><\/p>\n<p><strong>Roque, R.<\/strong> (2019). Heads and \u2018cultures:\u2019 A. C. Haddon, colonial exploration and the \u2018Strickland River\u2019 inscription, History and Anthropology, published online 30 May 2019. <a href=\"http:\/\/hdl.handle.net\/10451\/39074\">Link permanente.<\/a><\/p>\n<p><strong>Roque, R.<\/strong> (2019). The blood that remains: card collections from the colonial anthropological missions. BJHS Themes, 4, 29-53. <a href=\"http:\/\/hdl.handle.net\/10451\/40469\">Link permanente<\/a>.<\/p>\n<p>Seijas, T., <strong>Xavier, A. B.<\/strong> (2020). Asians in the Iberian world.\u00a0 In Bouza, F., Cardim, P., Feros, A. (Eds.), The Iberian World: 1450\u20131820, 339-356. Routledge. <a href=\"https:\/\/www.routledgehandbooks.com\/doi\/10.4324\/9780429283697-17\">Link permanente.<\/a><\/p>\n<p>Silva, E. L. da, <strong>Ferreira, J. (<\/strong>2019). Dossier Comemora\u00e7\u00f5es dos \u201cdescobrimentos portugueses\u201d. Pr\u00e1ticas da Hist\u00f3ria, n\u00ba 8. <a href=\"http:\/\/hdl.handle.net\/10451\/39908\">Link permanente.<\/a><\/p>\n<p>Silva, E. L. da, <strong>Ferreira, J.<\/strong> (2019). Editorial. Dossier Comemora\u00e7\u00f5es dos \u201cdescobrimentos portugueses\u201d. Pr\u00e1ticas da Hist\u00f3ria, n\u00ba 8. <a href=\"http:\/\/hdl.handle.net\/10451\/39908\">Link permanente.<\/a><\/p>\n<p><strong>Silva, I. C. da<\/strong> (2019). D. Carlos I (1889-1908): ep\u00edlogo da monarquia em Portugal? Pasado y Memoria. Revista de Historia Contempor\u00e1nea, 18, pp. 63-86.\u00a0 <a href=\"http:\/\/hdl.handle.net\/10451\/40554\">Link permanente.<\/a><\/p>\n<p><strong>Silva, I. C. da<\/strong> (2019). Rey santo, Rey profano: secularizaci\u00f3n del Estado y desacralizaci\u00f3n de la Corona en los reinados de Pedro V y Luis I de Portugal (1853-1889). In S\u00e1nchez, R. (Ed.), Un rey para la naci\u00f3n: monarqu\u00eda y nacionalizaci\u00f3n en el siglo XIX, pp. 337-356. Silex. <a href=\"https:\/\/dialnet.unirioja.es\/servlet\/libro?codigo=739596\">Link permanente.<\/a><\/p>\n<p><strong>Silva, I. C. da<\/strong>, Seixas, M. M. de (2019). Insignias y ceremoniales de realeza en la monarqu\u00eda constitucional portuguesa. In M\u00f3nica Moreno Seco (coord.), Rafael Fern\u00e1ndez Sirvent y Rosa Ana Guti\u00e9rrez Lloret (eds.), Del siglo XIX al XXI. Tendencias y debates: XIV Congreso de la Asociaci\u00f3n de Historia Contempor\u00e1nea, Universidad de Alicante 20-22 de septiembre de 2018, pp. 674-687. Alicante: Biblioteca Virtual Miguel de Cervantes. <a href=\"http:\/\/hdl.handle.net\/10451\/40555\">Link permanente.<\/a><\/p>\n<p><strong>Soares, K. C. (2018).<\/strong> A cria\u00e7\u00e3o da Diocese de Macau no contexto da Pol\u00edtica R\u00e9gia da Coroa Portuguesa para o Sudeste Asi\u00e1tico (c. 1566-1583). In Morais, C., Cuicui, C., Ferreira, A. M., Brasete, M. F., Mai, R., Coimbra, R. L. (Eds.), Di\u00e1logos Internculturais Portugal-China 1, pp. 161-173. Aveiro: Universidade de Aveiro Editora. <a href=\"http:\/\/hdl.handle.net\/10451\/40692\">Link permanente.<\/a><\/p>\n<p><strong>Vicente, F. L.<\/strong> (2019). Gerson da Cunha. In Pinto, M. P. (Ed.), A participa\u00e7\u00e3o portuguesa nos congressos internacionais de orientalistas (1873-1973): textos e contextos, pp. 126-130. H\u00famus. <a href=\"https:\/\/repositorio.ul.pt\/handle\/10451\/39995\">Link permanente.<\/a><\/p>\n","protected":false},"excerpt":{"rendered":"<p> &hellip; <\/p>\n","protected":false},"author":9,"featured_media":0,"parent":0,"menu_order":0,"comment_status":"closed","ping_status":"closed","template":"","meta":{"_cbd_carousel_blocks":"[]","_exactmetrics_skip_tracking":false,"_exactmetrics_sitenote_active":false,"_exactmetrics_sitenote_note":"","_exactmetrics_sitenote_category":0,"footnotes":""},"class_list":["post-5480","page","type-page","status-publish","hentry"],"translation":{"provider":"WPGlobus","version":"3.0.0","language":"pt","enabled_languages":["en","pt"],"languages":{"en":{"title":true,"content":true,"excerpt":false},"pt":{"title":true,"content":true,"excerpt":false}}},"_links":{"self":[{"href":"https:\/\/gi-imperios.org\/blog\/pt\/wp-json\/wp\/v2\/pages\/5480","targetHints":{"allow":["GET"]}}],"collection":[{"href":"https:\/\/gi-imperios.org\/blog\/pt\/wp-json\/wp\/v2\/pages"}],"about":[{"href":"https:\/\/gi-imperios.org\/blog\/pt\/wp-json\/wp\/v2\/types\/page"}],"author":[{"embeddable":true,"href":"https:\/\/gi-imperios.org\/blog\/pt\/wp-json\/wp\/v2\/users\/9"}],"replies":[{"embeddable":true,"href":"https:\/\/gi-imperios.org\/blog\/pt\/wp-json\/wp\/v2\/comments?post=5480"}],"version-history":[{"count":10,"href":"https:\/\/gi-imperios.org\/blog\/pt\/wp-json\/wp\/v2\/pages\/5480\/revisions"}],"predecessor-version":[{"id":6820,"href":"https:\/\/gi-imperios.org\/blog\/pt\/wp-json\/wp\/v2\/pages\/5480\/revisions\/6820"}],"wp:attachment":[{"href":"https:\/\/gi-imperios.org\/blog\/pt\/wp-json\/wp\/v2\/media?parent=5480"}],"curies":[{"name":"wp","href":"https:\/\/api.w.org\/{rel}","templated":true}]}}