{"id":647,"date":"2017-11-27T11:46:15","date_gmt":"2017-11-27T11:46:15","guid":{"rendered":"https:\/\/gi-imperios.org\/blog\/?page_id=647"},"modified":"2025-09-28T14:57:25","modified_gmt":"2025-09-28T14:57:25","slug":"mobilising-archives-photography-in-southwest-angola","status":"publish","type":"page","link":"https:\/\/gi-imperios.org\/blog\/pt\/mobilising-archives-photography-in-southwest-angola\/","title":{"rendered":"MOBILIZANDO ARQUIVOS: FOTOGRAFIA NO SUDOESTE DE ANGOLA"},"content":{"rendered":"<p><strong><img loading=\"lazy\" decoding=\"async\" class=\"alignleft size-medium wp-image-637\" src=\"https:\/\/gi-imperios.org\/blog\/wp-content\/uploads\/2017\/11\/487_IMG_7368t-300x199.jpg\" alt=\"\" width=\"300\" height=\"199\" srcset=\"https:\/\/gi-imperios.org\/blog\/wp-content\/uploads\/2017\/11\/487_IMG_7368t-300x199.jpg 300w, https:\/\/gi-imperios.org\/blog\/wp-content\/uploads\/2017\/11\/487_IMG_7368t-768x508.jpg 768w, https:\/\/gi-imperios.org\/blog\/wp-content\/uploads\/2017\/11\/487_IMG_7368t-1024x678.jpg 1024w, https:\/\/gi-imperios.org\/blog\/wp-content\/uploads\/2017\/11\/487_IMG_7368t.jpg 1425w\" sizes=\"auto, (max-width: 300px) 100vw, 300px\" \/><\/strong><strong>Investigador Principal: In\u00eas Ponte<\/strong><\/p>\n<p>Parceiro: <a href=\"https:\/\/mnetnologia.wordpress.com\/2017\/03\/24\/projeto-mobilising-archives-photography-in-southwest-angola-explora-a-colecao-fotografica-de-antonio-carreira\/\" target=\"_blank\" rel=\"noopener\">Museu Nacional de Etnologia<\/a><\/p>\n<p>Visite o sitio virtual dedicado ao projecto (Portugu\u00eas e ingl\u00eas): <a href=\"http:\/\/www.hisfotant.org\/\" target=\"_blank\" rel=\"noopener\">www.hisfotant.org<\/a><\/p>\n<p>Financiado parcialmente pela Comiss\u00e3o Europeia\/Marie Curie Individual Fellowship (747508) e pela Funda\u00e7\u00e3o para a Ci\u00eancia e Tecnologia\/Bolsa Individual de P\u00f3s-Doutoramento (SFRH\/BPD\/115706\/2016)<\/p>\n<p>O projecto <em>Mobilising Archives: photography in Southwest Angola <\/em>investiga o desenvolvimento da fotografia com inten\u00e7\u00e3o etnogr\u00e1fica atrav\u00e9s de colec\u00e7\u00f5es criadas entre as d\u00e9cadas de 1930 e 1990. Combinando trabalho de arquivo em Portugal e de terreno em Angola, a investiga\u00e7\u00e3o foca-se em 3 colec\u00e7\u00f5es fotogr\u00e1ficas e seus arquivos, e na resposta contempor\u00e2nea de popula\u00e7\u00f5es locais a fotografias que tanto abrangem o per\u00edodo colonial como p\u00f3s-independ\u00eancia de Angola.<\/p>\n<p>O projecto aborda especificamente a rela\u00e7\u00e3o entre fotografia e o trabalho etnogr\u00e1fico de Padre Carlos Estermann (1896-1976), mission\u00e1rio da Congrega\u00e7\u00e3o do Espirito Santo, entre as d\u00e9cadas de 1930 e 1973. Examina tamb\u00e9m a colec\u00e7\u00e3o de Ant\u00f3nio Carreira (1905-1988), produzida no contexto de Miss\u00f5es de Prospec\u00e7\u00e3o Etnogr\u00e1fica que desenvolveu para o actual Museu Nacional de Etnologia entre 1965 e 1969, a par da respectiva documenta\u00e7\u00e3o integrada no seu Arquivo Hist\u00f3rico. Por fim, explora tamb\u00e9m a colec\u00e7\u00e3o de Ruy Duarte de Carvalho (1941-2010), abrangendo a d\u00e9cada de 1990, e em contraste com as duas outras, mais focada num grupo \u00e9tnico, os pastores ovakuvale, numa Angola p\u00f3s-independ\u00eancia.<\/p>\n<p>Legenda da imagem: \u00c1lbum com provas de fotografias de P. Carlos Estermann, Arquivo da Congrega\u00e7\u00e3o dos Mission\u00e1rios do Espirito Santo. Fotografia de In\u00eas Ponte, 2017.<\/p>\n","protected":false},"excerpt":{"rendered":"<p> &hellip; <\/p>\n","protected":false},"author":1,"featured_media":637,"parent":0,"menu_order":0,"comment_status":"closed","ping_status":"closed","template":"","meta":{"_cbd_carousel_blocks":"[]","_exactmetrics_skip_tracking":false,"_exactmetrics_sitenote_active":false,"_exactmetrics_sitenote_note":"","_exactmetrics_sitenote_category":0,"footnotes":""},"class_list":["post-647","page","type-page","status-publish","has-post-thumbnail","hentry"],"translation":{"provider":"WPGlobus","version":"3.0.0","language":"pt","enabled_languages":["en","pt"],"languages":{"en":{"title":true,"content":true,"excerpt":false},"pt":{"title":true,"content":true,"excerpt":false}}},"_links":{"self":[{"href":"https:\/\/gi-imperios.org\/blog\/pt\/wp-json\/wp\/v2\/pages\/647","targetHints":{"allow":["GET"]}}],"collection":[{"href":"https:\/\/gi-imperios.org\/blog\/pt\/wp-json\/wp\/v2\/pages"}],"about":[{"href":"https:\/\/gi-imperios.org\/blog\/pt\/wp-json\/wp\/v2\/types\/page"}],"author":[{"embeddable":true,"href":"https:\/\/gi-imperios.org\/blog\/pt\/wp-json\/wp\/v2\/users\/1"}],"replies":[{"embeddable":true,"href":"https:\/\/gi-imperios.org\/blog\/pt\/wp-json\/wp\/v2\/comments?post=647"}],"version-history":[{"count":10,"href":"https:\/\/gi-imperios.org\/blog\/pt\/wp-json\/wp\/v2\/pages\/647\/revisions"}],"predecessor-version":[{"id":11288,"href":"https:\/\/gi-imperios.org\/blog\/pt\/wp-json\/wp\/v2\/pages\/647\/revisions\/11288"}],"wp:featuredmedia":[{"embeddable":true,"href":"https:\/\/gi-imperios.org\/blog\/pt\/wp-json\/wp\/v2\/media\/637"}],"wp:attachment":[{"href":"https:\/\/gi-imperios.org\/blog\/pt\/wp-json\/wp\/v2\/media?parent=647"}],"curies":[{"name":"wp","href":"https:\/\/api.w.org\/{rel}","templated":true}]}}