{"id":69,"date":"2017-10-13T22:44:54","date_gmt":"2017-10-13T22:44:54","guid":{"rendered":"https:\/\/gi-imperios.org\/blog\/?page_id=69"},"modified":"2026-02-19T14:39:37","modified_gmt":"2026-02-19T14:39:37","slug":"seminarios","status":"publish","type":"page","link":"https:\/\/gi-imperios.org\/blog\/pt\/seminarios\/","title":{"rendered":"Semin\u00e1rios"},"content":{"rendered":"<p><strong>GI IMP\u00c9RIOS <\/strong>re\u00fane-se para discutir historiografia, teoria e metodologia e preparar trabalhos para publica\u00e7\u00e3o. Organiza tamb\u00e9m ciclos de semin\u00e1rios e palestras, a partir dos interesses dos investigadores e investigadoras do grupo. Nesta sess\u00e3o, poder\u00e1 encontrar mais informa\u00e7\u00f5es sobre alguns destes, como o \u201c<strong>Ci\u00eancia e Imp\u00e9rio<\/strong>\u201d; \u201c<strong>O Atl\u00e2ntico Ibero-Americano (s\u00e9cs. XVI-XX). Perspectivas Historiogr\u00e1ficas Recentes<\/strong>\u201d; o &#8220;<strong>Marcas do Imp\u00e9rio: colonialismo e p\u00f3s-colonialismo na \u00e9poca contempor\u00e2nea\u201d; <\/strong>o\u00a0&#8220;<strong>Ci\u00eancias Sociais e Audiovisual<\/strong>&#8220;; o <strong>&#8220;Hist\u00f3ria da \u00c1frica em debate&#8221;;\u00a0<\/strong>o\u00a0<strong>&#8220;Decolonizing Social Theory Lecture Series&#8221;; e o<\/strong>\u00a0<strong>&#8220;Semin\u00e1rio de investiga\u00e7\u00e3o \u00c1sia-Europa, 1500-1800&#8221;.<\/strong><\/p>\n","protected":false},"excerpt":{"rendered":"<p> &hellip; <\/p>\n","protected":false},"author":1,"featured_media":0,"parent":0,"menu_order":0,"comment_status":"closed","ping_status":"closed","template":"","meta":{"_cbd_carousel_blocks":"[]","_exactmetrics_skip_tracking":false,"_exactmetrics_sitenote_active":false,"_exactmetrics_sitenote_note":"","_exactmetrics_sitenote_category":0,"footnotes":""},"class_list":["post-69","page","type-page","status-publish","hentry"],"translation":{"provider":"WPGlobus","version":"3.0.0","language":"pt","enabled_languages":["en","pt"],"languages":{"en":{"title":true,"content":true,"excerpt":false},"pt":{"title":true,"content":true,"excerpt":false}}},"_links":{"self":[{"href":"https:\/\/gi-imperios.org\/blog\/pt\/wp-json\/wp\/v2\/pages\/69","targetHints":{"allow":["GET"]}}],"collection":[{"href":"https:\/\/gi-imperios.org\/blog\/pt\/wp-json\/wp\/v2\/pages"}],"about":[{"href":"https:\/\/gi-imperios.org\/blog\/pt\/wp-json\/wp\/v2\/types\/page"}],"author":[{"embeddable":true,"href":"https:\/\/gi-imperios.org\/blog\/pt\/wp-json\/wp\/v2\/users\/1"}],"replies":[{"embeddable":true,"href":"https:\/\/gi-imperios.org\/blog\/pt\/wp-json\/wp\/v2\/comments?post=69"}],"version-history":[{"count":11,"href":"https:\/\/gi-imperios.org\/blog\/pt\/wp-json\/wp\/v2\/pages\/69\/revisions"}],"predecessor-version":[{"id":11666,"href":"https:\/\/gi-imperios.org\/blog\/pt\/wp-json\/wp\/v2\/pages\/69\/revisions\/11666"}],"wp:attachment":[{"href":"https:\/\/gi-imperios.org\/blog\/pt\/wp-json\/wp\/v2\/media?parent=69"}],"curies":[{"name":"wp","href":"https:\/\/api.w.org\/{rel}","templated":true}]}}