{"id":699,"date":"2017-12-03T23:15:20","date_gmt":"2017-12-03T23:15:20","guid":{"rendered":"https:\/\/gi-imperios.org\/blog\/?page_id=699"},"modified":"2018-09-04T16:05:56","modified_gmt":"2018-09-04T16:05:56","slug":"artigos-2017","status":"publish","type":"page","link":"https:\/\/gi-imperios.org\/blog\/pt\/artigos-2017\/","title":{"rendered":"Artigos &#8211; 2017"},"content":{"rendered":"<p>Cruz, M. Dantas da (2017). A experi\u00eancia na Flandres e a integra\u00e7\u00e3o portuguesa na monarquia hisp\u00e2nica [The experience in Flanders and Portugal&#8217;s union with the Spanish Monarchy]. An\u00e1lise Social 224 (lii) (3.\u00ba), 608-632. <a href=\"http:\/\/hdl.handle.net\/10451\/28954\" target=\"_blank\" rel=\"noopener\">Link permanente<\/a>.<\/p>\n<p>Cruz, M. Dantas da (2017). From Flanders to Pernambuco: Battleground Perceptions in the Portuguese Early Modern Atlantic World. War in History.<\/p>\n<p>Cruz, M. Dantas da (2017). Imperial Perceptions and Circulation in the Portuguese Atlantic World (1620s\u20131660s). International Journal on the History of European Expansio and Global Interaction 41 (2), 375-403. <a href=\"http:\/\/hdl.handle.net\/10451\/28547\" target=\"_blank\" rel=\"noopener\">Link permanente<\/a>.<\/p>\n<p>Monteiro, N. G. (2017). The aristocratic estates in Portugal and their managment, 1600-1834. In Paul Janssens, Bartolom\u00e9 Yun-Casalilla (Eds.), European aristocracies and colonial elites: patrimonial management strategies and economic development, 15th-18th centuries, pp. 99-114. London \/ New York: Routledge (First published 2005 by Ashgate Publishing). ISBN 978-0754654599<\/p>\n<p>Monteiro, N. G., Cosentino, F. (2017). Grupos corporativos e comunica\u00e7\u00e3o pol\u00edtica. In Fragoso, J., Monteiro, N. G. (Eds.) (2017). Um reino e suas rep\u00fablicas no Atl\u00e2ntico: comunica\u00e7\u00f5es pol\u00edticas entre Portugal, Brasil e Angola nos s\u00e9culos XVII e XVIII, pp. 433-467. Rio de Janeiro: Civiliza\u00e7\u00e3o Brasileira. ISBN 978-85-200-1269-7. <a href=\"http:\/\/hdl.handle.net\/10451\/28914\" target=\"_blank\" rel=\"noopener\">Link permanente<\/a>.<\/p>\n<p>Monteiro, N. G., Fragoso, J. (2017). Apresenta\u00e7\u00e3o. In Fragoso, J., Monteiro, N. G. (Eds.) (2017). Um reino e suas rep\u00fablicas no Atl\u00e2ntico: comunica\u00e7\u00f5es pol\u00edticas entre Portugal, Brasil e Angola nos s\u00e9culos XVII e XVIII, pp. 13-45. Rio de Janeiro: Civiliza\u00e7\u00e3o Brasileira. ISBN 978-85-200-1269-7. <a href=\"http:\/\/hdl.handle.net\/10451\/28913\" target=\"_blank\" rel=\"noopener\">Link permanente<\/a>.<\/p>\n<p>Roque, R. (2017). Lost traces: hunting the past in the colonial archives of Timor-Leste. In Maj Nygaard-Christensen and Angie Bexley (Eds.), Fieldwork in Timor-Leste: understanding social change through practice, pp. 58-79. Copenhagen: NIAS Press. ISBN 978-87-7694-208-3; 978-87-7694-209-0. <a href=\"http:\/\/hdl.handle.net\/10451\/28243\" target=\"_blank\" rel=\"noopener\">Link permanente<\/a>.<\/p>\n<p>Silva, I. C. (2017). The monarchical engagement of Portuguese immigrants in Brazil: a case of nineteenth-century transnational politics, Atlantic Studies 14 (10), 10-20.<\/p>\n<p>Silva, I. C. da (2017). O lusobrasileirismo como discurso pol\u00edtico republicano: o poder da imagem fraterna. Rep\u00fablica e Republicanismo, pp. 251-259. Lisboa: Instituto de Hist\u00f3ria\u00a0Contempor\u00e2nea, FCSH, UNL.<\/p>\n<p>Silva, I. C. da, Monteiro, N. G. (2017). A Hist\u00f3ria no ICS: uma introdu\u00e7\u00e3o. In idem (Eds.) (2017). Hist\u00f3ria e historiadores no ICS, pp. 13-22. Lisboa: ICS. Imprensa de Ci\u00eancias Sociais. ISBN 978-972-671-394-4. <a href=\"http:\/\/hdl.handle.net\/10451\/28100\" target=\"_blank\" rel=\"noopener\">Link permanente<\/a>.<\/p>\n<p>Vicente, F. L. (2017). Fotografia, Hist\u00f3ria e \u00c9tica. Do colonial ao digital. In Nuno Domingos, Bruno Monteiro (Orgs.), Portugal em falta. Atlas improv\u00e1vel. Barcarena: Santillana. ISBN: 9-789897-088735. <a href=\"http:\/\/repositorio.ul.pt\/bitstream\/10451\/31562\/1\/ICS_FLVicente_Fotografia%20Hist%C3%B3ria%20e%20%C3%89tica_CLI.pdf\" target=\"_blank\" rel=\"noopener\">Link permanente<\/a><\/p>\n<p>Vicente, F. L. (2017), Portuguese-speaking Indian Women Writers: The Case of Goa (1860-1940). Portuguese Studies Review 25 (1), 315-345. <a href=\"http:\/\/repositorio.ul.pt\/bitstream\/10451\/31578\/3\/ICS_FLVicente_Portuguese-speaking%20Goan_ART.pdf\" target=\"_blank\" rel=\"noopener\">Link permanente<\/a><\/p>\n<p>Vicente, F. L. (2017), Black Women\u2019s Bodies in the Portuguese Colonial Visual Archive (1900-1975),\u00a0<i>Portuguese Literary &amp; Cultural Studies<\/i>, 30\/31, pp. 16-67. N\u00famero especial:\u00a0<i>Transnational Africas: Visual, Material and Sonic Cultures of Lusophone Africa. <\/i><a href=\"https:\/\/ojs.lib.umassd.edu\/index.php\/plcs\/article\/view\/PLCS30_31_Vicente_page16\" target=\"_blank\" rel=\"noopener\">Link permanente<\/a><\/p>\n<p>Xavier, A. B. (2017). Imagens de pobres, pobreza e assist\u00eancia entre os s\u00e9culos XV e XX. In Jos\u00e9 Pedro Paiva (Ed.), Novos Estudos. (Portugaliae Monumenta Misericordiarum, 10), pp. 15-41. Lisboa: Uni\u00e3o das Miseric\u00f3rdias Portuguesas. ISBN 978-989-8375-08-7. <a href=\"http:\/\/hdl.handle.net\/10451\/28246\" target=\"_blank\" rel=\"noopener\">Link permanente<\/a>.<\/p>\n","protected":false},"excerpt":{"rendered":"<p> &hellip; <\/p>\n","protected":false},"author":1,"featured_media":0,"parent":0,"menu_order":0,"comment_status":"closed","ping_status":"closed","template":"","meta":{"_cbd_carousel_blocks":"[]","_exactmetrics_skip_tracking":false,"_exactmetrics_sitenote_active":false,"_exactmetrics_sitenote_note":"","_exactmetrics_sitenote_category":0,"footnotes":""},"class_list":["post-699","page","type-page","status-publish","hentry"],"translation":{"provider":"WPGlobus","version":"3.0.0","language":"pt","enabled_languages":["en","pt"],"languages":{"en":{"title":true,"content":true,"excerpt":false},"pt":{"title":true,"content":true,"excerpt":false}}},"_links":{"self":[{"href":"https:\/\/gi-imperios.org\/blog\/pt\/wp-json\/wp\/v2\/pages\/699","targetHints":{"allow":["GET"]}}],"collection":[{"href":"https:\/\/gi-imperios.org\/blog\/pt\/wp-json\/wp\/v2\/pages"}],"about":[{"href":"https:\/\/gi-imperios.org\/blog\/pt\/wp-json\/wp\/v2\/types\/page"}],"author":[{"embeddable":true,"href":"https:\/\/gi-imperios.org\/blog\/pt\/wp-json\/wp\/v2\/users\/1"}],"replies":[{"embeddable":true,"href":"https:\/\/gi-imperios.org\/blog\/pt\/wp-json\/wp\/v2\/comments?post=699"}],"version-history":[{"count":13,"href":"https:\/\/gi-imperios.org\/blog\/pt\/wp-json\/wp\/v2\/pages\/699\/revisions"}],"predecessor-version":[{"id":5479,"href":"https:\/\/gi-imperios.org\/blog\/pt\/wp-json\/wp\/v2\/pages\/699\/revisions\/5479"}],"wp:attachment":[{"href":"https:\/\/gi-imperios.org\/blog\/pt\/wp-json\/wp\/v2\/media?parent=699"}],"curies":[{"name":"wp","href":"https:\/\/api.w.org\/{rel}","templated":true}]}}