{"id":711,"date":"2017-12-03T23:46:09","date_gmt":"2017-12-03T23:46:09","guid":{"rendered":"https:\/\/gi-imperios.org\/blog\/?page_id=711"},"modified":"2017-12-03T23:46:32","modified_gmt":"2017-12-03T23:46:32","slug":"artigos-2016","status":"publish","type":"page","link":"https:\/\/gi-imperios.org\/blog\/pt\/artigos-2016\/","title":{"rendered":"Artigos &#8211; 2016"},"content":{"rendered":"<p>Curto, D. R., Domingos, N., Jer\u00f3nimo, M. B. (2016). Introdu\u00e7\u00e3o. Da hist\u00f3ria de \u00c1frica \u00e0 hist\u00f3ria global: problemas e conex\u00f5es. In F. Cooper (Ed.), Hist\u00f3rias de \u00c1frica, capitalismo, modernidade e globaliza\u00e7\u00e3o (Historia e Sociedade; 14), pp. 9-40. Lisboa: Edi\u00e7\u00f5es 70. ISBN 978-972-44-1922-0. <a href=\"http:\/\/hdl.handle.net\/10451\/26160\" target=\"_blank\" rel=\"noopener\">Link permanente<\/a>.<\/p>\n<p>Curvelo, A. (2016). Varia\u00e7\u00f5es do Poder Camar\u00e1rio na Capitania de Pernambuco: Olinda e Alagoas do Sul na segunda metade do s\u00e9culo XVII. Hist\u00f3ria Revista,\u00a0 21(1), 70-91. doi: 10.5216\/hr.v21i1.38629. <a href=\"http:\/\/hdl.handle.net\/10451\/24808\" target=\"_blank\" rel=\"noopener\">Link permanente<\/a>.<\/p>\n<p>Domingos, N. (2016). Da poesia e do futebol: Jos\u00e9 Craveirinha e a situa\u00e7\u00e3o colonial em Mo\u00e7ambique. Textos e Pretextos, 20, 38-49. <a href=\"http:\/\/hdl.handle.net\/10451\/24903\" target=\"_blank\" rel=\"noopener\">Link permanente<\/a>.<\/p>\n<p>Furtado, J\u00fania Ferreira &amp; Monteiro, Nuno Gon\u00e7alo. (2016). Os Brasis na Histoire des Deux Indes do abade Raynal. [The Different Brazils in Abb\u00e9 Raynal&#8217;s Histoire des Deux Indes].<\/p>\n<p>Monteiro, J. P. (2016). As din\u00e2micas internacionais do &#8220;reformismo imperial&#8221; portugu\u00eas: o caso da transforma\u00e7\u00e3o das pol\u00edticas de trabalho nativo (1961-1962). In A. B. Xavier &amp; C. N. da<\/p>\n<p>Silva (Orgs), O governo dos outros : poder e diferen\u00e7a no imp\u00e9rio portugu\u00eas, pp. 205-233. Lisboa: ICS. Imprensa de Ci\u00eancias Sociais. ISBN 978-972-671-372-2. <a href=\"http:\/\/hdl.handle.net\/10451\/24771\" target=\"_blank\" rel=\"noopener\">Link permanente<\/a>.<\/p>\n<p>Monteiro, N. G. (2016). Pr\u00f3logo. In Ponce Leiva, And\u00fajar Castillo, F. (Eds.), M\u00e9rito, venalidad y corrupci\u00f3n en Espa\u00f1a y Am\u00e9rica siglos XVII y XVIII, pp. 1-4. (Colecci\u00f3n Hist\u00f3ria de Espa\u00f1a y su proyecci\u00f3n Internacional). Valencia: Albatros. <a href=\"http:\/\/hdl.handle.net\/10451\/24167\" target=\"_blank\" rel=\"noopener\">Link permanente<\/a>.<\/p>\n<p>Roque, R. (2016). A voz dos bandos: colectivos de justi\u00e7a e ritos da palavra portuguesa em Timor-Leste colonial (s\u00e9culos XIX-XX). In A. B. Xavier &amp; C. N. da Silva (Orgs), O governo dos outros: poder e diferen\u00e7a no imp\u00e9rio portugu\u00eas, pp. 235-263. Lisboa: ICS. Imprensa de Ci\u00eancias Sociais. ISBN 978-972-671-372-2. <a href=\"http:\/\/hdl.handle.net\/10451\/24772\" target=\"_blank\" rel=\"noopener\">Link permanente<\/a>.<\/p>\n<p>Roque, R. (2016). Gouvernement colonial, technologies mim\u00e9tiques et \u2018droit coutumier\u2019 au Timor Oriental. In Vincent N\u00e9gri &amp; Isabelle Schulte-Tenckhoff, (Eds.), Mimesis &#8211; La formation du droit international: entre mim\u00e9tisme et diss\u00e9mination [Mimesis: Towards International Normativity, Between Mimetism and Dissemination], (pp. 157-70). Paris: Editions A. Pedone. ISBN: 978-2-233-00791-9. <a href=\"http:\/\/hdl.handle.net\/10451\/23497\" target=\"_blank\" rel=\"noopener\">Link permanente<\/a>.<\/p>\n<p>Roque, R. (2016). Human skulls, dangerous wanderers [Les cr\u00e2nes humains, ces dangereux vagabonds]. In Lotte Arndt, Catalina Lozano &amp; Mathieu Abonnenc (Eds.), <em>Crawling Doubles: Colonial Collecting and Affect<\/em> \/ Collecte colonial et affect: rampler, d\u00e9doubler pp. 252-73. Paris: Ed. B42 [bilingual ed. Engl.\/Fr.] ISBN 9782917855683. <a href=\"http:\/\/hdl.handle.net\/10451\/23530\" target=\"_blank\" rel=\"noopener\">Link permanente<\/a>.<\/p>\n<p>Roque, R. (2016). Micrografias do arquivo: uma nota de rodap\u00e9 e um of\u00edcio colonial. In\u00a0 S. V. de Almeida &amp; R. A. Cachado (Eds.), Os Arquivos dos Antrop\u00f3logos, pp. 37-48. Lisboa: Palavr\u00e3o, Associa\u00e7\u00e3o Cultural. ISBN: 978-989-20-7262-3. <a href=\"http:\/\/hdl.handle.net\/10451\/26644\" target=\"_blank\" rel=\"noopener\">Link permanente<\/a>.<\/p>\n<p>Roque, R. (2016). O governo da linguagem cerimonial: costume e etiqueta noTimor-Leste colonial. In R. G. Feij\u00f3 (Ed.),<em> Timor-Leste: Colonialismo, Descoloniza\u00e7\u00e3o, Lusutopia,<\/em> (pp. 51-71). Porto: Edi\u00e7\u00f5es Afrontamento. ISBN: 978-972-36-1469-5. <a href=\"http:\/\/hdl.handle.net\/10451\/23728\" target=\"_blank\" rel=\"noopener\">Link permanente<\/a>.<\/p>\n<p>Roque, R. (2016). Passageiros perigosos: hist\u00f3rias de quasi-objectos. In Jos\u00e9 Neves (Org), Quem Faz a Hist\u00f3ria: Ensaios sobre Portugal Contempor\u00e2neo (pp. 157-168). Lisboa: Tinta da China. ISBN\u00a0 9789896713096. <a href=\"http:\/\/hdl.handle.net\/10451\/23528\" target=\"_blank\" rel=\"noopener\">Link permanente<\/a>.<\/p>\n<p><em>Varia Historia<\/em>, 32(60), 731-777. <a href=\"http:\/\/hdl.handle.net\/10451\/24611\" target=\"_blank\" rel=\"noopener\">Link permanente<\/a>.<\/p>\n<p>Vicente, F. L. (2016). Jos\u00e9 Gerson da Cunha. Dicion\u00e1rio de Orientalistas de L\u00edngua Portuguesa. Dispon\u00edvel em https:\/\/orientalistasdelinguaportuguesa.wordpress.com\/jose-gerson-da-cunha\/. <a href=\"http:\/\/hdl.handle.net\/10451\/25292\" target=\"_blank\" rel=\"noopener\">Link permanente<\/a>.<\/p>\n<p>Vicente, F. L. (2016). Photographie, mort, m\u00e9moire. Postface. In C. Gaille, Accepte-le:\u00a0 Un album portugais 1919-1979,\u00a0 pp. 65-69. Paris: The Eyes Publishing. ISBN 979-10-92727-14-2. <a href=\"http:\/\/hdl.handle.net\/10451\/25293\" target=\"_blank\" rel=\"noopener\">Link permanente<\/a>.<\/p>\n<p>Xavier, A. B. (2016). Languages of Difference in the Portuguese Empire. The Spread of &#8220;Caste&#8221; in the Indian World. [Lenguajes de diferencia en el Imperio portugu\u00e9s. La difusi\u00f3n de &#8220;casta&#8221; en la India; Linguagens de diferen\u00e7a no Imp\u00e9rio portugu\u00eas. A difus\u00e3o de &#8220;casta&#8221; na \u00cdndia]. <em>Anuario Colombiano de Historia Social y de la Cultura<\/em> 43 (2), 89-119. <a href=\"http:\/\/hdl.handle.net\/10451\/24757\" target=\"_blank\" rel=\"noopener\">Link permanente<\/a>.<\/p>\n<p>Xavier, A. B. (2016). Looking through the Viz\u00e3o Feita por Xpo a el Rey Dom Affonso Henriques (1659): Franciscans in India and the legitimization of the Braganza monarchy. <em>Culture and History Digital Journal<\/em>, 5(2). 18 p. doi: http:\/\/dx.doi.org\/10.3989\/chdj.2016.012. <a href=\"http:\/\/hdl.handle.net\/10451\/25085\" target=\"_blank\" rel=\"noopener\">Link permanente<\/a>.<\/p>\n<p>Xavier, A. B. (2016). Mateus de Castro, o br\u00e2mane, entre a \u00cdndia e a Europa. Um percurso global?.\u00a0 In Curto, D. R. (Org.), Estudos sobre a globaliza\u00e7\u00e3o, pp. 433-447. Lisboa: Edi\u00e7\u00f5es 70. ISBN 978-972-44-1904-6<\/p>\n<p>Xavier, A. B. (2016). Ser cidad\u00e3o no Estado da \u00cdndia (s\u00e9culos XVI-XVIII): entre o local e o imperial. In A. B. Xavier &amp; C. N. da Silva (Orgs), O governo dos outros : poder e diferen\u00e7a no imp\u00e9rio portugu\u00eas, pp. 267-292. Lisboa: ICS. Imprensa de Ci\u00eancias Sociais. ISBN 978-972-671-372-2 . <a href=\"http:\/\/hdl.handle.net\/10451\/24773\" target=\"_blank\" rel=\"noopener\">Link permanente<\/a>.<\/p>\n<p>Xavier, A. B. &amp; Silva, C. N. da (2016). Constru\u00e7\u00e3o da Alteridade no Imp\u00e9rio Portugu\u00eas: temas e debates [introdu\u00e7\u00e3o]. In A. B. Xavier, A. B. &amp; Silva, C. N. da (Orgs). O governo dos outros: poder e diferen\u00e7a no imp\u00e9rio portugu\u00eas, pp. 21-63. Lisboa: ICS. Imprensa de Ci\u00eancias Sociais. ISBN 978-972-671-372-2.\u00a0 <a href=\"http:\/\/hdl.handle.net\/10451\/24770\" target=\"_blank\" rel=\"noopener\">Link permanente<\/a>.<\/p>\n","protected":false},"excerpt":{"rendered":"<p> &hellip; <\/p>\n","protected":false},"author":1,"featured_media":0,"parent":0,"menu_order":0,"comment_status":"closed","ping_status":"closed","template":"","meta":{"_cbd_carousel_blocks":"[]","_exactmetrics_skip_tracking":false,"_exactmetrics_sitenote_active":false,"_exactmetrics_sitenote_note":"","_exactmetrics_sitenote_category":0,"footnotes":""},"class_list":["post-711","page","type-page","status-publish","hentry"],"translation":{"provider":"WPGlobus","version":"3.0.0","language":"pt","enabled_languages":["en","pt"],"languages":{"en":{"title":true,"content":true,"excerpt":false},"pt":{"title":true,"content":false,"excerpt":false}}},"_links":{"self":[{"href":"https:\/\/gi-imperios.org\/blog\/pt\/wp-json\/wp\/v2\/pages\/711","targetHints":{"allow":["GET"]}}],"collection":[{"href":"https:\/\/gi-imperios.org\/blog\/pt\/wp-json\/wp\/v2\/pages"}],"about":[{"href":"https:\/\/gi-imperios.org\/blog\/pt\/wp-json\/wp\/v2\/types\/page"}],"author":[{"embeddable":true,"href":"https:\/\/gi-imperios.org\/blog\/pt\/wp-json\/wp\/v2\/users\/1"}],"replies":[{"embeddable":true,"href":"https:\/\/gi-imperios.org\/blog\/pt\/wp-json\/wp\/v2\/comments?post=711"}],"version-history":[{"count":4,"href":"https:\/\/gi-imperios.org\/blog\/pt\/wp-json\/wp\/v2\/pages\/711\/revisions"}],"predecessor-version":[{"id":716,"href":"https:\/\/gi-imperios.org\/blog\/pt\/wp-json\/wp\/v2\/pages\/711\/revisions\/716"}],"wp:attachment":[{"href":"https:\/\/gi-imperios.org\/blog\/pt\/wp-json\/wp\/v2\/media?parent=711"}],"curies":[{"name":"wp","href":"https:\/\/api.w.org\/{rel}","templated":true}]}}