{"id":73,"date":"2017-10-13T22:45:32","date_gmt":"2017-10-13T22:45:32","guid":{"rendered":"https:\/\/gi-imperios.org\/blog\/?page_id=73"},"modified":"2023-03-15T11:12:26","modified_gmt":"2023-03-15T11:12:26","slug":"conferencias","status":"publish","type":"page","link":"https:\/\/gi-imperios.org\/blog\/pt\/conferencias\/","title":{"rendered":"Confer\u00eancias"},"content":{"rendered":"<p>Os nossos encontros internos estruturam-se em torno de temas anuais, definidos em colectivo pelo grupo. Desde 2015 este trabalho colectivo conduz \u00e0 organiza\u00e7\u00e3o de confer\u00eancias do GI IMP\u00c9RIOS e dos projectos vinculados ao grupo, com o prop\u00f3sito de promover e desenvolver agendas inovadoras d<span style=\"font-size: 1rem;\">e pesquisa.\u00a0 Em 2016 realiz\u00e1mos a\u00a0<\/span><span style=\"font-size: 1rem;\">confer\u00eancia internacional \u201c<\/span><a href=\"https:\/\/resistanceandempir.wixsite.com\/resistanceandempire\"><strong style=\"font-size: 1rem;\">Resistance and Empire<\/strong><\/a><span style=\"font-size: 1rem;\">\u201d . Em 2018 organizamos a confer\u00eancia internacional &#8220;<\/span><a href=\"https:\/\/slavesubjectivitie.wixsite.com\/slavesubjectivities\"><strong style=\"font-size: 1rem;\">Subjectividades Escravas\/Slave Subjectivities<\/strong><\/a><span style=\"font-size: 1rem;\">\u201d (em colabora\u00e7\u00e3o com Casa Velasqu\u00e9z). A confer\u00eancia internacional &#8220;<a href=\"https:\/\/petitionsics.wixsite.com\/website-2\" target=\"_blank\" rel=\"noopener\"><strong>Petitions<\/strong><\/a>&#8221; tamb\u00e9m aconteceu em 2018. Em 2022 foram realizados dois eventos internacionais, o &#8220;<a href=\"https:\/\/www.facebook.com\/projetoindico\"><strong>Crossing histories of writing in the Portuguese colonial empire<\/strong>&#8220;<\/a> e o &#8220;<strong><a href=\"https:\/\/www.ics.ulisboa.pt\/evento\/rituais-publicos-e-alteridade-no-imperio-portugues-1450-1822\">Public Rituals and Alterity in the Portuguese Empire<\/a>&#8220;.<\/strong><\/span><\/p>\n","protected":false},"excerpt":{"rendered":"<p> &hellip; <\/p>\n","protected":false},"author":1,"featured_media":0,"parent":0,"menu_order":0,"comment_status":"closed","ping_status":"closed","template":"","meta":{"_cbd_carousel_blocks":"[]","_exactmetrics_skip_tracking":false,"_exactmetrics_sitenote_active":false,"_exactmetrics_sitenote_note":"","_exactmetrics_sitenote_category":0,"footnotes":""},"class_list":["post-73","page","type-page","status-publish","hentry"],"translation":{"provider":"WPGlobus","version":"3.0.0","language":"pt","enabled_languages":["en","pt"],"languages":{"en":{"title":true,"content":true,"excerpt":false},"pt":{"title":true,"content":true,"excerpt":false}}},"_links":{"self":[{"href":"https:\/\/gi-imperios.org\/blog\/pt\/wp-json\/wp\/v2\/pages\/73","targetHints":{"allow":["GET"]}}],"collection":[{"href":"https:\/\/gi-imperios.org\/blog\/pt\/wp-json\/wp\/v2\/pages"}],"about":[{"href":"https:\/\/gi-imperios.org\/blog\/pt\/wp-json\/wp\/v2\/types\/page"}],"author":[{"embeddable":true,"href":"https:\/\/gi-imperios.org\/blog\/pt\/wp-json\/wp\/v2\/users\/1"}],"replies":[{"embeddable":true,"href":"https:\/\/gi-imperios.org\/blog\/pt\/wp-json\/wp\/v2\/comments?post=73"}],"version-history":[{"count":11,"href":"https:\/\/gi-imperios.org\/blog\/pt\/wp-json\/wp\/v2\/pages\/73\/revisions"}],"predecessor-version":[{"id":8849,"href":"https:\/\/gi-imperios.org\/blog\/pt\/wp-json\/wp\/v2\/pages\/73\/revisions\/8849"}],"wp:attachment":[{"href":"https:\/\/gi-imperios.org\/blog\/pt\/wp-json\/wp\/v2\/media?parent=73"}],"curies":[{"name":"wp","href":"https:\/\/api.w.org\/{rel}","templated":true}]}}