{"id":761,"date":"2017-12-13T12:25:38","date_gmt":"2017-12-13T12:25:38","guid":{"rendered":"https:\/\/gi-imperios.org\/blog\/?page_id=761"},"modified":"2017-12-13T12:43:30","modified_gmt":"2017-12-13T12:43:30","slug":"poder-incerto-representacoes-do-poder-real-no-imperio-portugues-1580-1750","status":"publish","type":"page","link":"https:\/\/gi-imperios.org\/blog\/pt\/poder-incerto-representacoes-do-poder-real-no-imperio-portugues-1580-1750\/","title":{"rendered":"PODER INCERTO: REPRESENTA\u00c7\u00d5ES DO PODER REAL NO IMP\u00c9RIO PORTUGU\u00caS (1580-1750)"},"content":{"rendered":"<p><img loading=\"lazy\" decoding=\"async\" class=\"alignleft wp-image-755 size-full\" src=\"https:\/\/gi-imperios.org\/blog\/wp-content\/uploads\/2017\/10\/VeroveringVanSanSalvadox170.png\" alt=\"\" width=\"306\" height=\"170\" srcset=\"https:\/\/gi-imperios.org\/blog\/wp-content\/uploads\/2017\/10\/VeroveringVanSanSalvadox170.png 306w, https:\/\/gi-imperios.org\/blog\/wp-content\/uploads\/2017\/10\/VeroveringVanSanSalvadox170-300x167.png 300w\" sizes=\"auto, (max-width: 306px) 100vw, 306px\" \/><strong>Investigador Principal:<\/strong> Joana Fraga<\/p>\n<p><strong>Financiamento<\/strong>: Marie Curie Individual Fellowship<\/p>\n<p>O projecto UNCERTAINPOWER tem como objectivo analisar a autoridade dos vice-reis e dos governadores-gerais \u2013 os mais altos representantes dos monarcas portugueses \u2013 nos Estados da \u00cdndia e do Brasil, entre 1640 e 1750. Como tal, tem em conta a relev\u00e2ncia de express\u00f5es e formas de poder e autoridade formais e informais em lugares onde era imposs\u00edvel contar com presen\u00e7a f\u00edsica do rei, e o seu respectivo papel na comunica\u00e7\u00e3o pol\u00edtica na \u00e9poca moderna. O projecto tem por base a an\u00e1lise de fontes prim\u00e1rias escritas, como por exemplo biografias de governadores e vice-reis, rela\u00e7\u00f5es de nascimentos, baptismos, de casamentos e f\u00fanebres, bem como de outras cerim\u00f3nias, e correspond\u00eancia; e fontes iconogr\u00e1ficas, destacando-se os retratos dos governantes. Estas fontes permitir-nos-\u00e3o identificar e analisar as estrat\u00e9gias desenvolvidas pelos agentes dos monarcas portugueses numa perspectiva inter e intra-imperial, comparada e conectada. Esta abordagem metodol\u00f3gica permite-nos ter em considera\u00e7\u00e3o outras experi\u00eancias semelhantes, como as dos imp\u00e9rios espanhol, brit\u00e2nico, holand\u00eas e mogol e tentar-se-\u00e1 comparar os resultados deste projecto com as experi\u00eancias vividas nestes outros imp\u00e9rios, sobretudo a n\u00edvel de circula\u00e7\u00e3o de modelos culturais.<\/p>\n<p><strong>Imagem:<\/strong>\u00a0 Anonymous, <em>De verovering van San Salvador in Brazili\u00eb door admiraal Jacob Willekes voor de WIC<\/em>, 10 mei 1624\u2026, etching\/engraving, 1699, Rijksmuseum, Amsterd\u00e3o.<\/p>\n","protected":false},"excerpt":{"rendered":"<p> &hellip; <\/p>\n","protected":false},"author":1,"featured_media":0,"parent":0,"menu_order":0,"comment_status":"closed","ping_status":"closed","template":"","meta":{"_cbd_carousel_blocks":"[]","_exactmetrics_skip_tracking":false,"_exactmetrics_sitenote_active":false,"_exactmetrics_sitenote_note":"","_exactmetrics_sitenote_category":0,"footnotes":""},"class_list":["post-761","page","type-page","status-publish","hentry"],"translation":{"provider":"WPGlobus","version":"3.0.0","language":"pt","enabled_languages":["en","pt"],"languages":{"en":{"title":true,"content":true,"excerpt":false},"pt":{"title":true,"content":true,"excerpt":false}}},"_links":{"self":[{"href":"https:\/\/gi-imperios.org\/blog\/pt\/wp-json\/wp\/v2\/pages\/761","targetHints":{"allow":["GET"]}}],"collection":[{"href":"https:\/\/gi-imperios.org\/blog\/pt\/wp-json\/wp\/v2\/pages"}],"about":[{"href":"https:\/\/gi-imperios.org\/blog\/pt\/wp-json\/wp\/v2\/types\/page"}],"author":[{"embeddable":true,"href":"https:\/\/gi-imperios.org\/blog\/pt\/wp-json\/wp\/v2\/users\/1"}],"replies":[{"embeddable":true,"href":"https:\/\/gi-imperios.org\/blog\/pt\/wp-json\/wp\/v2\/comments?post=761"}],"version-history":[{"count":4,"href":"https:\/\/gi-imperios.org\/blog\/pt\/wp-json\/wp\/v2\/pages\/761\/revisions"}],"predecessor-version":[{"id":1171,"href":"https:\/\/gi-imperios.org\/blog\/pt\/wp-json\/wp\/v2\/pages\/761\/revisions\/1171"}],"wp:attachment":[{"href":"https:\/\/gi-imperios.org\/blog\/pt\/wp-json\/wp\/v2\/media?parent=761"}],"curies":[{"name":"wp","href":"https:\/\/api.w.org\/{rel}","templated":true}]}}