{"id":767,"date":"2017-12-13T12:35:53","date_gmt":"2017-12-13T12:35:53","guid":{"rendered":"https:\/\/gi-imperios.org\/blog\/?page_id=767"},"modified":"2017-12-13T12:38:43","modified_gmt":"2017-12-13T12:38:43","slug":"imagem-guerra-e-memoria-fotografia-da-guerra-colonial-nas-colecoes-pessoais-e-nos-arquivos-institucionais","status":"publish","type":"page","link":"https:\/\/gi-imperios.org\/blog\/pt\/imagem-guerra-e-memoria-fotografia-da-guerra-colonial-nas-colecoes-pessoais-e-nos-arquivos-institucionais\/","title":{"rendered":"Imagem, guerra e mem\u00f3ria: fotografia da guerra colonial nas cole\u00e7\u00f5es pessoais e nos arquivos institucionais"},"content":{"rendered":"<p><img loading=\"lazy\" decoding=\"async\" class=\"alignleft wp-image-757 size-full\" src=\"https:\/\/gi-imperios.org\/blog\/wp-content\/uploads\/2017\/10\/capa-album-fotos-JG_lowx170.png\" alt=\"\" width=\"229\" height=\"170\" \/><strong>Investigador:<\/strong> Maria Jos\u00e9 Lobo Antunes<\/p>\n<p><strong>Financiamento:<\/strong> Bolsa de P\u00f3s-doutoramento FCT (SFRH\/BPD\/116134\/2016)<\/p>\n<p>O projeto \u201cImagem, guerra e mem\u00f3ria: fotografia da guerra colonial nas cole\u00e7\u00f5es pessoais e nos arquivos institucionais\u201d examina as representa\u00e7\u00f5es fotogr\u00e1ficas da guerra colonial portuguesa, combinando a an\u00e1lise das imagens oficiais do conflito com as cole\u00e7\u00f5es fotogr\u00e1ficas privadas de ex-combatentes. A recolha e tratamento destes acervos permitir\u00e1 constituir uma base imag\u00e9tica dos treze anos do conflito que incluir\u00e1 a vis\u00e3o p\u00fablica que dele se construiu durante o Estado Novo e as vis\u00f5es pessoais de quem nela participou, acess\u00edveis apenas em c\u00edrculos restritos. Recorrendo a contributos provenientes da antropologia, da hist\u00f3ria e dos estudos de mem\u00f3ria, esta investiga\u00e7\u00e3o visa abarcar os aspetos materiais e as din\u00e2micas relacionais da fotografia. Procurar-se-\u00e1, por um lado, interrogar o regime de visualidade do imp\u00e9rio portugu\u00eas e da sua guerra colonial em perspetiva comparada e, por outro lado, examinar as redes de rela\u00e7\u00f5es e intera\u00e7\u00f5es criadas pela materialidade das fotografias pessoais enquanto objetos capazes de ativar processos relacionais de composi\u00e7\u00e3o mnem\u00f3nica.<\/p>\n<p><strong>Imagem:<\/strong> Capa de \u00e1lbum privado de fotografias de guerra. Colec\u00e7\u00e3o particular.<\/p>\n","protected":false},"excerpt":{"rendered":"<p> &hellip; <\/p>\n","protected":false},"author":1,"featured_media":0,"parent":0,"menu_order":0,"comment_status":"closed","ping_status":"closed","template":"","meta":{"_cbd_carousel_blocks":"[]","_exactmetrics_skip_tracking":false,"_exactmetrics_sitenote_active":false,"_exactmetrics_sitenote_note":"","_exactmetrics_sitenote_category":0,"footnotes":""},"class_list":["post-767","page","type-page","status-publish","hentry"],"translation":{"provider":"WPGlobus","version":"3.0.0","language":"pt","enabled_languages":["en","pt"],"languages":{"en":{"title":true,"content":true,"excerpt":false},"pt":{"title":true,"content":true,"excerpt":false}}},"_links":{"self":[{"href":"https:\/\/gi-imperios.org\/blog\/pt\/wp-json\/wp\/v2\/pages\/767","targetHints":{"allow":["GET"]}}],"collection":[{"href":"https:\/\/gi-imperios.org\/blog\/pt\/wp-json\/wp\/v2\/pages"}],"about":[{"href":"https:\/\/gi-imperios.org\/blog\/pt\/wp-json\/wp\/v2\/types\/page"}],"author":[{"embeddable":true,"href":"https:\/\/gi-imperios.org\/blog\/pt\/wp-json\/wp\/v2\/users\/1"}],"replies":[{"embeddable":true,"href":"https:\/\/gi-imperios.org\/blog\/pt\/wp-json\/wp\/v2\/comments?post=767"}],"version-history":[{"count":3,"href":"https:\/\/gi-imperios.org\/blog\/pt\/wp-json\/wp\/v2\/pages\/767\/revisions"}],"predecessor-version":[{"id":9766,"href":"https:\/\/gi-imperios.org\/blog\/pt\/wp-json\/wp\/v2\/pages\/767\/revisions\/9766"}],"wp:attachment":[{"href":"https:\/\/gi-imperios.org\/blog\/pt\/wp-json\/wp\/v2\/media?parent=767"}],"curies":[{"name":"wp","href":"https:\/\/api.w.org\/{rel}","templated":true}]}}