{"id":7736,"date":"2021-12-10T15:46:36","date_gmt":"2021-12-10T15:46:36","guid":{"rendered":"https:\/\/gi-imperios.org\/blog\/?page_id=7736"},"modified":"2023-03-15T11:23:27","modified_gmt":"2023-03-15T11:23:27","slug":"ciclo-historia-da-africa-em-debate","status":"publish","type":"page","link":"https:\/\/gi-imperios.org\/blog\/pt\/ciclo-historia-da-africa-em-debate\/","title":{"rendered":"Ciclo &#8220;Hist\u00f3ria da \u00c1frica em debate&#8221;"},"content":{"rendered":"<p><img loading=\"lazy\" decoding=\"async\" class=\" wp-image-7760 alignleft\" src=\"https:\/\/gi-imperios.org\/blog\/wp-content\/uploads\/2021\/12\/cabecalho-2-300x114.png\" alt=\"\" width=\"392\" height=\"149\" srcset=\"https:\/\/gi-imperios.org\/blog\/wp-content\/uploads\/2021\/12\/cabecalho-2-300x114.png 300w, https:\/\/gi-imperios.org\/blog\/wp-content\/uploads\/2021\/12\/cabecalho-2-768x292.png 768w, https:\/\/gi-imperios.org\/blog\/wp-content\/uploads\/2021\/12\/cabecalho-2-250x95.png 250w, https:\/\/gi-imperios.org\/blog\/wp-content\/uploads\/2021\/12\/cabecalho-2-550x209.png 550w, https:\/\/gi-imperios.org\/blog\/wp-content\/uploads\/2021\/12\/cabecalho-2-800x304.png 800w, https:\/\/gi-imperios.org\/blog\/wp-content\/uploads\/2021\/12\/cabecalho-2-473x180.png 473w, https:\/\/gi-imperios.org\/blog\/wp-content\/uploads\/2021\/12\/cabecalho-2-788x300.png 788w, https:\/\/gi-imperios.org\/blog\/wp-content\/uploads\/2021\/12\/cabecalho-2.png 820w\" sizes=\"auto, (max-width: 392px) 100vw, 392px\" \/>O ciclo de palestras &#8220;Hist\u00f3ria da \u00c1frica em debate&#8221;, organizado pelo Grupo de Investiga\u00e7\u00e3o Imp\u00e9rios, Colonialismo e Sociedades P\u00f3s-Coloniais do ICS-ULisboa e o grupo de pesquisa \u00c1fricas UERJ\/UFRJ, tem como objetivo debater as experi\u00eancias, pr\u00e1ticas e metodologias de pesquisa no campo da Hist\u00f3ria da \u00c1frica. Em 2022 teremos a segunda edi\u00e7\u00e3o do ciclo, que contar\u00e1 com tr\u00eas encontros, que pretendem trazer perspectivas singulares, assim como novos olhares para tem\u00e1ticas historiogr\u00e1ficas cl\u00e1ssicas. Consulte a p\u00e1gina do ciclo <a href=\"https:\/\/www.facebook.com\/Africa.em.debate\">aqui<\/a>.<\/p>\n<p>Cada encontro contar\u00e1 com o debate de um texto do\/a palestrante convidado, previamente disponibilizado ao p\u00fablico inscrito no ciclo. As inscri\u00e7\u00f5es para cada uma das sess\u00f5es ser\u00e3o feitas via formul\u00e1rios online dispon\u00edveis em nossa p\u00e1gina do Facebook. O ciclo decorrer\u00e1 via plataforma Zoom, \u00e0s 14h (Bras\u00edlia), com a necessidade de inscri\u00e7\u00e3o pr\u00e9via e ser\u00e3o fornecidos certificados.<\/p>\n<p>Programa\u00e7\u00e3o da Segunda edi\u00e7\u00e3o (2022): 1. Ana Paula Tavares (Universidade de Lisboa). Tema: Literatura e nacionalismo em Angola. Data: 19 de Maio; 2. Carlos Fernandes (Universidade Eduardo Mondlane). Tema: Intelectuais e a forma\u00e7\u00e3o do Estado mo\u00e7ambicano. Data: 9 de junho; 3. Cl\u00e1udia Castelo (ICS-ULisboa). Tema: (por definir). Data: 30 de junho.<\/p>\n<p>Programa\u00e7\u00e3o da Primeira edi\u00e7\u00e3o (2021): 1. Michel Cahen (Centre National de la Recherche scientifique). Tema: Arquivos coloniais e p\u00f3s-coloniais. Data: 13 de Abril; 2. Marissa Moorman (Indiana University). Tema: R\u00e1dio, lutas de liberta\u00e7\u00e3o e na\u00e7\u00e3o. Data: 18 de Maio; 3. Liazzat J. K. Bonate (University of the West Indies). Tema: Literacia em contextos isl\u00e2micos africanos. Data: 15 de Junho; 4. Helder Pedro Alicerces Bahu (ISCED &#8211; Huila). Tema: Ci\u00eancias Sociais e colonialismo. Data: 14 de Setembro; 5. Catarina Laranjeiro (IHC-NOVA). Tema: Cinema, lutas de liberta\u00e7\u00e3o, na\u00e7\u00e3o e p\u00f3s-colonialismo. Data: 19 de Outubro; 6. Rita Chaves (USP). Tema: Literatura, escrita de si e o passado africano. Data: 23 de Novembro.<\/p>\n<p>O ciclo conta com o apoio do projeto INDICO \u2013 Arquivos coloniais nativos: micro-hist\u00f3rias e compara\u00e7\u00f5es financiado atrav\u00e9s de fundos nacionais pela FCT, Funda\u00e7\u00e3o para a Ci\u00eancia e Tecnologia (refer\u00eancia PTDC\/HAR-HIS\/28577\/2017), e sediado no Instituto de Ci\u00eancias Sociais da Universidade de Lisboa.<\/p>\n<p>Coordena\u00e7\u00e3o: Matheus Serva Pereira (ICS-ULisboa) e Alexandre Reis (UFF). Organiza\u00e7\u00e3o: Marilda Flores (UNIRIO); Camila Dias da Costa (UERJ); Carolina Bezerra Machado (UFABC); Crislayne Alfagali (PUC-Rio); Lucas Santos (UFF); Noemi Alfieri (ULisboa); Priscila Henriques Lima (UERJ).<\/p>\n<div dir=\"auto\"><\/div>\n<div dir=\"auto\">Veja registos v\u00eddeo das sess\u00f5es:<\/div>\n<div dir=\"auto\"><\/div>\n<p><iframe loading=\"lazy\" title=\"YouTube video player\" src=\"https:\/\/www.youtube.com\/embed\/-wXNU2drZrg\" width=\"560\" height=\"315\" frameborder=\"0\" allowfullscreen=\"allowfullscreen\" data-mce-fragment=\"1\"><\/iframe><\/p>\n","protected":false},"excerpt":{"rendered":"<p> &hellip; <\/p>\n","protected":false},"author":4,"featured_media":0,"parent":0,"menu_order":0,"comment_status":"closed","ping_status":"closed","template":"","meta":{"_cbd_carousel_blocks":"[]","_exactmetrics_skip_tracking":false,"_exactmetrics_sitenote_active":false,"_exactmetrics_sitenote_note":"","_exactmetrics_sitenote_category":0,"footnotes":""},"class_list":["post-7736","page","type-page","status-publish","hentry"],"translation":{"provider":"WPGlobus","version":"3.0.0","language":"pt","enabled_languages":["en","pt"],"languages":{"en":{"title":true,"content":true,"excerpt":false},"pt":{"title":true,"content":true,"excerpt":false}}},"_links":{"self":[{"href":"https:\/\/gi-imperios.org\/blog\/pt\/wp-json\/wp\/v2\/pages\/7736","targetHints":{"allow":["GET"]}}],"collection":[{"href":"https:\/\/gi-imperios.org\/blog\/pt\/wp-json\/wp\/v2\/pages"}],"about":[{"href":"https:\/\/gi-imperios.org\/blog\/pt\/wp-json\/wp\/v2\/types\/page"}],"author":[{"embeddable":true,"href":"https:\/\/gi-imperios.org\/blog\/pt\/wp-json\/wp\/v2\/users\/4"}],"replies":[{"embeddable":true,"href":"https:\/\/gi-imperios.org\/blog\/pt\/wp-json\/wp\/v2\/comments?post=7736"}],"version-history":[{"count":10,"href":"https:\/\/gi-imperios.org\/blog\/pt\/wp-json\/wp\/v2\/pages\/7736\/revisions"}],"predecessor-version":[{"id":7759,"href":"https:\/\/gi-imperios.org\/blog\/pt\/wp-json\/wp\/v2\/pages\/7736\/revisions\/7759"}],"wp:attachment":[{"href":"https:\/\/gi-imperios.org\/blog\/pt\/wp-json\/wp\/v2\/media?parent=7736"}],"curies":[{"name":"wp","href":"https:\/\/api.w.org\/{rel}","templated":true}]}}