{"id":9257,"date":"2023-07-25T10:33:04","date_gmt":"2023-07-25T10:33:04","guid":{"rendered":"https:\/\/gi-imperios.org\/blog\/?page_id=9257"},"modified":"2023-07-25T10:34:51","modified_gmt":"2023-07-25T10:34:51","slug":"seminario-de-investigacao-asia-europa-1500-1800","status":"publish","type":"page","link":"https:\/\/gi-imperios.org\/blog\/pt\/seminario-de-investigacao-asia-europa-1500-1800\/","title":{"rendered":"Semin\u00e1rio de investiga\u00e7\u00e3o \u00c1sia-Europa, 1500-1800"},"content":{"rendered":"<div><span style=\"font-size: 1rem;\"><b><img loading=\"lazy\" decoding=\"async\" class=\"size-medium wp-image-9258 alignleft\" src=\"https:\/\/gi-imperios.org\/blog\/wp-content\/uploads\/2023\/07\/Cartaz_Seminario_Asia-Europa_-_18_de_Maio-e1690281042741-300x90.jpg\" alt=\"\" width=\"300\" height=\"90\" srcset=\"https:\/\/gi-imperios.org\/blog\/wp-content\/uploads\/2023\/07\/Cartaz_Seminario_Asia-Europa_-_18_de_Maio-e1690281042741-300x90.jpg 300w, https:\/\/gi-imperios.org\/blog\/wp-content\/uploads\/2023\/07\/Cartaz_Seminario_Asia-Europa_-_18_de_Maio-e1690281042741-768x232.jpg 768w, https:\/\/gi-imperios.org\/blog\/wp-content\/uploads\/2023\/07\/Cartaz_Seminario_Asia-Europa_-_18_de_Maio-e1690281042741-250x75.jpg 250w, https:\/\/gi-imperios.org\/blog\/wp-content\/uploads\/2023\/07\/Cartaz_Seminario_Asia-Europa_-_18_de_Maio-e1690281042741-550x166.jpg 550w, https:\/\/gi-imperios.org\/blog\/wp-content\/uploads\/2023\/07\/Cartaz_Seminario_Asia-Europa_-_18_de_Maio-e1690281042741-800x241.jpg 800w, https:\/\/gi-imperios.org\/blog\/wp-content\/uploads\/2023\/07\/Cartaz_Seminario_Asia-Europa_-_18_de_Maio-e1690281042741-597x180.jpg 597w, https:\/\/gi-imperios.org\/blog\/wp-content\/uploads\/2023\/07\/Cartaz_Seminario_Asia-Europa_-_18_de_Maio-e1690281042741.jpg 836w\" sizes=\"auto, (max-width: 300px) 100vw, 300px\" \/><\/b>\u00c9 nosso entender que a produ\u00e7\u00e3o hist\u00f3rica portuguesa sobre a \u00c1sia \u2014 esta considerada sobretudo nas suas m\u00faltiplas intera\u00e7\u00f5es com a Europa na \u00e9poca moderna \u2014 necessita ciclicamente de ser revisitada. A isso aconselham os desenvolvimentos historiogr\u00e1ficos mais recentes e as altera\u00e7\u00f5es positivas verificadas, tanto a n\u00edvel nacional como internacional, na rela\u00e7\u00e3o entre institui\u00e7\u00f5es (universidades, museus, centros), nos m\u00e9todos de trabalho, nos instrumentos de investiga\u00e7\u00e3o dispon\u00edveis e nas formas de dissemina\u00e7\u00e3o de resultados. <\/span><\/div>\n<div>O semin\u00e1rio\u00a0\u201c\u00c1sia-Europa, 1500-1800\u201d\u00a0procura constituir-se como um espa\u00e7o de reflex\u00e3o acerca destas quest\u00f5es na academia portuguesa. Trata-se de um semin\u00e1rio\u00a0<i>hands on<\/i>, com um formato flex\u00edvel, que visa a partilha de conhecimento e a reflex\u00e3o sobre os desafios que os investigadores sobre estas tem\u00e1ticas enfrentam. Mais do que a cl\u00e1ssica apresenta\u00e7\u00e3o de um paper, que tamb\u00e9m poder\u00e1 ocorrer, pretende-se dar a conhecer e discutir trabalhos em curso (disserta\u00e7\u00f5es de doutoramento, projetos coletivos, bases de dados, iniciativas digitais); estimular a reflex\u00e3o sobre o uso de fontes em contexto global;\u00a0problematizar o arquivo; discutir a variedade de\u00a0m\u00e9todos e compet\u00eancias de investiga\u00e7\u00e3o dispon\u00edveis para se fazer hist\u00f3ria das rela\u00e7\u00f5es entre a Europa e a \u00c1sia,\u00a0no\u00a0s\u00e9culo XXI.<\/div>\n<p>Programa\u00e7\u00e3o (1\/2023):<\/p>\n<div>13 Abril: \u00c2ngela Barreto Xavier (ICS): Da Torre do Tombo ao ChatGPT. Possibilidades e limites da investiga\u00e7\u00e3o sobre as rela\u00e7\u00f5es \u00c1sia-Europa (1500-1800).<\/div>\n<div><\/div>\n<div>\n<div>18 Maio:\u00a0Jorge Flores (CIUHCT e DHFC, FCUL): Como investiguei e escrevi\u00a0<i>Words out of Bounds: The Persianate in Portuguese India<\/i> (a publicar pela Penn Press no corrente ano).<\/div>\n<div><\/div>\n<div>\n<p>15 Junho: Hugo Cardoso (FLUL): Relev\u00e2ncia hist\u00f3rica da pesquisa sobre contacto lingu\u00edstico em contexto colonial.<\/p>\n<\/div>\n<\/div>\n","protected":false},"excerpt":{"rendered":"<p> &hellip; <\/p>\n","protected":false},"author":8,"featured_media":0,"parent":0,"menu_order":0,"comment_status":"closed","ping_status":"closed","template":"","meta":{"_cbd_carousel_blocks":"[]","_exactmetrics_skip_tracking":false,"_exactmetrics_sitenote_active":false,"_exactmetrics_sitenote_note":"","_exactmetrics_sitenote_category":0,"footnotes":""},"class_list":["post-9257","page","type-page","status-publish","hentry"],"translation":{"provider":"WPGlobus","version":"3.0.0","language":"pt","enabled_languages":["en","pt"],"languages":{"en":{"title":true,"content":true,"excerpt":false},"pt":{"title":true,"content":true,"excerpt":false}}},"_links":{"self":[{"href":"https:\/\/gi-imperios.org\/blog\/pt\/wp-json\/wp\/v2\/pages\/9257","targetHints":{"allow":["GET"]}}],"collection":[{"href":"https:\/\/gi-imperios.org\/blog\/pt\/wp-json\/wp\/v2\/pages"}],"about":[{"href":"https:\/\/gi-imperios.org\/blog\/pt\/wp-json\/wp\/v2\/types\/page"}],"author":[{"embeddable":true,"href":"https:\/\/gi-imperios.org\/blog\/pt\/wp-json\/wp\/v2\/users\/8"}],"replies":[{"embeddable":true,"href":"https:\/\/gi-imperios.org\/blog\/pt\/wp-json\/wp\/v2\/comments?post=9257"}],"version-history":[{"count":3,"href":"https:\/\/gi-imperios.org\/blog\/pt\/wp-json\/wp\/v2\/pages\/9257\/revisions"}],"predecessor-version":[{"id":9262,"href":"https:\/\/gi-imperios.org\/blog\/pt\/wp-json\/wp\/v2\/pages\/9257\/revisions\/9262"}],"wp:attachment":[{"href":"https:\/\/gi-imperios.org\/blog\/pt\/wp-json\/wp\/v2\/media?parent=9257"}],"curies":[{"name":"wp","href":"https:\/\/api.w.org\/{rel}","templated":true}]}}