{"id":9768,"date":"2023-10-31T18:15:25","date_gmt":"2023-10-31T18:15:25","guid":{"rendered":"https:\/\/gi-imperios.org\/blog\/?page_id=9768"},"modified":"2024-03-29T12:18:43","modified_gmt":"2024-03-29T12:18:43","slug":"archives-of-lived-songs-history-memories-and-legacies-of-angolan-colonial-folk-music-1950-2020","status":"publish","type":"page","link":"https:\/\/gi-imperios.org\/blog\/pt\/archives-of-lived-songs-history-memories-and-legacies-of-angolan-colonial-folk-music-1950-2020\/","title":{"rendered":"Arquivos de can\u00e7\u00f5es vividas: hist\u00f3ria, mem\u00f3rias e legados da m\u00fasica popular colonial de Angola (1950-2020)"},"content":{"rendered":"<p><strong><img loading=\"lazy\" decoding=\"async\" class=\"alignnone size-medium wp-image-10179 alignleft\" src=\"https:\/\/gi-imperios.org\/blog\/wp-content\/uploads\/2024\/03\/desenho-capa-projeto-blog-GI-contraste-269x300.jpg\" alt=\"\" width=\"269\" height=\"300\" srcset=\"https:\/\/gi-imperios.org\/blog\/wp-content\/uploads\/2024\/03\/desenho-capa-projeto-blog-GI-contraste-269x300.jpg 269w, https:\/\/gi-imperios.org\/blog\/wp-content\/uploads\/2024\/03\/desenho-capa-projeto-blog-GI-contraste-918x1024.jpg 918w, https:\/\/gi-imperios.org\/blog\/wp-content\/uploads\/2024\/03\/desenho-capa-projeto-blog-GI-contraste-768x857.jpg 768w, https:\/\/gi-imperios.org\/blog\/wp-content\/uploads\/2024\/03\/desenho-capa-projeto-blog-GI-contraste-1377x1536.jpg 1377w, https:\/\/gi-imperios.org\/blog\/wp-content\/uploads\/2024\/03\/desenho-capa-projeto-blog-GI-contraste-1836x2048.jpg 1836w, https:\/\/gi-imperios.org\/blog\/wp-content\/uploads\/2024\/03\/desenho-capa-projeto-blog-GI-contraste-250x279.jpg 250w, https:\/\/gi-imperios.org\/blog\/wp-content\/uploads\/2024\/03\/desenho-capa-projeto-blog-GI-contraste-550x613.jpg 550w, https:\/\/gi-imperios.org\/blog\/wp-content\/uploads\/2024\/03\/desenho-capa-projeto-blog-GI-contraste-800x892.jpg 800w, https:\/\/gi-imperios.org\/blog\/wp-content\/uploads\/2024\/03\/desenho-capa-projeto-blog-GI-contraste-161x180.jpg 161w, https:\/\/gi-imperios.org\/blog\/wp-content\/uploads\/2024\/03\/desenho-capa-projeto-blog-GI-contraste-448x500.jpg 448w, https:\/\/gi-imperios.org\/blog\/wp-content\/uploads\/2024\/03\/desenho-capa-projeto-blog-GI-contraste-1320x1472.jpg 1320w\" sizes=\"auto, (max-width: 269px) 100vw, 269px\" \/><\/strong><strong>Investigadora:<\/strong><br \/>\n<a href=\"https:\/\/www.ics.ulisboa.pt\/pessoa\/cristina-sa-valentim\">Cristina S\u00e1 Valentim<\/a><\/p>\n<p><strong>Financiamento:<br \/>\n<\/strong>Concurso Est\u00edmulo ao Emprego Cient\u00edfico Individual (CEEC\/IND), 4\u00aa Edi\u00e7\u00e3o, financiado por fundos nacionais atrav\u00e9s da Funda\u00e7\u00e3o da Ci\u00eancia e da Tecnologia (FCT)<br \/>\nRef. 2021.01457.CEECIND\/CP1696\/CT0010.<\/p>\n<p><strong>Resumo:<\/strong><br \/>\nEste projeto \u00e9 uma pesquisa interdisciplinar que articula a antropologia social-cultural, a hist\u00f3ria, os estudos p\u00f3s-coloniais, as artes audiovisuais e a etnomusicologia. O objeto da pesquisa s\u00e3o cole\u00e7\u00f5es sonoras e musicais angolanas produzidas durante o colonialismo portugu\u00eas tardio em territ\u00f3rios rurais de Angola, tratando-se de um patrim\u00f3nio ainda n\u00e3o estudado e divulgado. Atrav\u00e9s de pesquisa em arquivo, em hist\u00f3ria oral e de trabalho de terreno etnogr\u00e1fico e colaborativo, este projeto visa responder, sobretudo, \u00e0 necessidade de incluir as diversas vozes, mem\u00f3rias e conhecimentos de angolanos sobre estas cole\u00e7\u00f5es que foram produzidas em contextos coloniais de rela\u00e7\u00f5es de poder profundamente desiguais, baseando-se em metodologias de investiga\u00e7\u00e3o descoloniais que visam contribuir para um sentido de justi\u00e7a cognitiva e de repara\u00e7\u00e3o hist\u00f3rica.<\/p>\n<p><strong>Palavras-chave: <\/strong>Patrim\u00f3nios; Arquivos Coloniais Sonoros; Mem\u00f3rias; M\u00fasica Tradicional e Oratura Angolana; Territ\u00f3rios rurais angolanos; Colonialismo Portugu\u00eas Tardio; Repara\u00e7\u00e3o Hist\u00f3rica.<\/p>\n<p><strong>Imagem:<\/strong> CSV, 2023<\/p>\n","protected":false},"excerpt":{"rendered":"<p> &hellip; <\/p>\n","protected":false},"author":13,"featured_media":0,"parent":0,"menu_order":0,"comment_status":"closed","ping_status":"closed","template":"","meta":{"_cbd_carousel_blocks":"[]","_exactmetrics_skip_tracking":false,"_exactmetrics_sitenote_active":false,"_exactmetrics_sitenote_note":"","_exactmetrics_sitenote_category":0,"footnotes":""},"class_list":["post-9768","page","type-page","status-publish","hentry"],"translation":{"provider":"WPGlobus","version":"3.0.0","language":"pt","enabled_languages":["en","pt"],"languages":{"en":{"title":true,"content":true,"excerpt":false},"pt":{"title":true,"content":true,"excerpt":false}}},"_links":{"self":[{"href":"https:\/\/gi-imperios.org\/blog\/pt\/wp-json\/wp\/v2\/pages\/9768","targetHints":{"allow":["GET"]}}],"collection":[{"href":"https:\/\/gi-imperios.org\/blog\/pt\/wp-json\/wp\/v2\/pages"}],"about":[{"href":"https:\/\/gi-imperios.org\/blog\/pt\/wp-json\/wp\/v2\/types\/page"}],"author":[{"embeddable":true,"href":"https:\/\/gi-imperios.org\/blog\/pt\/wp-json\/wp\/v2\/users\/13"}],"replies":[{"embeddable":true,"href":"https:\/\/gi-imperios.org\/blog\/pt\/wp-json\/wp\/v2\/comments?post=9768"}],"version-history":[{"count":15,"href":"https:\/\/gi-imperios.org\/blog\/pt\/wp-json\/wp\/v2\/pages\/9768\/revisions"}],"predecessor-version":[{"id":10335,"href":"https:\/\/gi-imperios.org\/blog\/pt\/wp-json\/wp\/v2\/pages\/9768\/revisions\/10335"}],"wp:attachment":[{"href":"https:\/\/gi-imperios.org\/blog\/pt\/wp-json\/wp\/v2\/media?parent=9768"}],"curies":[{"name":"wp","href":"https:\/\/api.w.org\/{rel}","templated":true}]}}