{"id":9898,"date":"2023-12-21T13:52:59","date_gmt":"2023-12-21T13:52:59","guid":{"rendered":"https:\/\/gi-imperios.org\/blog\/?page_id=9898"},"modified":"2023-12-21T14:55:38","modified_gmt":"2023-12-21T14:55:38","slug":"naming-transformations-in-portuguese-and-umbundu-the-politics-of-subject-constitution-in-central-angola-from-1846-to-the-present","status":"publish","type":"page","link":"https:\/\/gi-imperios.org\/blog\/pt\/naming-transformations-in-portuguese-and-umbundu-the-politics-of-subject-constitution-in-central-angola-from-1846-to-the-present\/","title":{"rendered":"Transforma\u00e7\u00f5es nas pr\u00e1ticas de nomea\u00e7\u00e3o em portugu\u00eas e umbundu: a pol\u00edtica de constitui\u00e7\u00e3o de sujeitos em Angola Central de 1846 ao presente"},"content":{"rendered":"<p><strong><img loading=\"lazy\" decoding=\"async\" class=\"size-medium wp-image-9899 alignleft\" src=\"https:\/\/gi-imperios.org\/blog\/wp-content\/uploads\/2023\/12\/vA\u00b3-violeta-e-tia-nonjamba-4-Iracema-Dulley-scaled-e1703167393770-300x223.jpg\" alt=\"\" width=\"300\" height=\"223\" srcset=\"https:\/\/gi-imperios.org\/blog\/wp-content\/uploads\/2023\/12\/vA\u00b3-violeta-e-tia-nonjamba-4-Iracema-Dulley-scaled-e1703167393770-300x223.jpg 300w, https:\/\/gi-imperios.org\/blog\/wp-content\/uploads\/2023\/12\/vA\u00b3-violeta-e-tia-nonjamba-4-Iracema-Dulley-scaled-e1703167393770-1024x760.jpg 1024w, https:\/\/gi-imperios.org\/blog\/wp-content\/uploads\/2023\/12\/vA\u00b3-violeta-e-tia-nonjamba-4-Iracema-Dulley-scaled-e1703167393770-768x570.jpg 768w, https:\/\/gi-imperios.org\/blog\/wp-content\/uploads\/2023\/12\/vA\u00b3-violeta-e-tia-nonjamba-4-Iracema-Dulley-scaled-e1703167393770-1536x1140.jpg 1536w, https:\/\/gi-imperios.org\/blog\/wp-content\/uploads\/2023\/12\/vA\u00b3-violeta-e-tia-nonjamba-4-Iracema-Dulley-scaled-e1703167393770-250x185.jpg 250w, https:\/\/gi-imperios.org\/blog\/wp-content\/uploads\/2023\/12\/vA\u00b3-violeta-e-tia-nonjamba-4-Iracema-Dulley-scaled-e1703167393770-550x408.jpg 550w, https:\/\/gi-imperios.org\/blog\/wp-content\/uploads\/2023\/12\/vA\u00b3-violeta-e-tia-nonjamba-4-Iracema-Dulley-scaled-e1703167393770-800x593.jpg 800w, https:\/\/gi-imperios.org\/blog\/wp-content\/uploads\/2023\/12\/vA\u00b3-violeta-e-tia-nonjamba-4-Iracema-Dulley-scaled-e1703167393770-243x180.jpg 243w, https:\/\/gi-imperios.org\/blog\/wp-content\/uploads\/2023\/12\/vA\u00b3-violeta-e-tia-nonjamba-4-Iracema-Dulley-scaled-e1703167393770-404x300.jpg 404w, https:\/\/gi-imperios.org\/blog\/wp-content\/uploads\/2023\/12\/vA\u00b3-violeta-e-tia-nonjamba-4-Iracema-Dulley-scaled-e1703167393770-674x500.jpg 674w, https:\/\/gi-imperios.org\/blog\/wp-content\/uploads\/2023\/12\/vA\u00b3-violeta-e-tia-nonjamba-4-Iracema-Dulley-scaled-e1703167393770-1320x979.jpg 1320w, https:\/\/gi-imperios.org\/blog\/wp-content\/uploads\/2023\/12\/vA\u00b3-violeta-e-tia-nonjamba-4-Iracema-Dulley-scaled-e1703167393770.jpg 1937w\" sizes=\"auto, (max-width: 300px) 100vw, 300px\" \/>Investigadora:<\/strong><br \/>\n<a href=\"https:\/\/www.ics.ulisboa.pt\/pessoa\/iracema-dulley\">Iracema Dulley\u00a0<\/a><\/p>\n<p><strong>Financiamento:<\/strong><br \/>\nContract within the scope of the Individual Call to Scientific Employment Stimulus (CEEC\/IND), 5<sup>th<\/sup> Edition, financed by national funds through the Foundation for Science and Technology (FCT)<br \/>\nRef. 2022.04991.CEECIND\/CP1756\/CT0005<\/p>\n<p><strong>Resumo:<br \/>\n<\/strong>Com base em dezesseis anos de pesquisa de campo e arquivo em Angola, este projeto pretende investigar etnograficamente a rela\u00e7\u00e3o entre pr\u00e1ticas de nomea\u00e7\u00e3o e constitui\u00e7\u00e3o de sujeitos em suas dimens\u00f5es hist\u00f3ricas, pol\u00edticas e discursivas, levando em conta a historicidade tanto das fixa\u00e7\u00f5es quanto das transforma\u00e7\u00f5es. Voltado para a longa dura\u00e7\u00e3o da coloniza\u00e7\u00e3o e descoloniza\u00e7\u00e3o em Angola Central, ele considera continuidades e rupturas na pol\u00edtica de constitui\u00e7\u00e3o de sujeitos ao levar em conta como diferentes formas de designar a si e a outros em portugu\u00eas e umbundu, o vern\u00e1culo falado na regi\u00e3o, indexam possibilidades diversas de a\u00e7\u00e3o e experi\u00eancia em contextos sociopol\u00edticos em transforma\u00e7\u00e3o: o per\u00edodo do com\u00e9rcio de caravanas nas forma\u00e7\u00f5es pol\u00edticas independentes que tinham o umbundu como l\u00edngua principal (1846-1902), o estabelecimento do dom\u00ednio colonial portugu\u00eas ap\u00f3s a subjuga\u00e7\u00e3o militar de Angola Central p\u00f3s Guerra do Bailundo (1903-1961), a luta de liberta\u00e7\u00e3o (1961-1975), a guerra civil (1975-2002) e o per\u00edodo p\u00f3s-guerra (2003-hoje).<\/p>\n<p><strong>Palavras-chave: <\/strong>pr\u00e1ticas de nomea\u00e7\u00e3o, antropologia hist\u00f3rica, colonialismo, p\u00f3s-colonialismo, Angola.<\/p>\n<p><strong>Imagem:<\/strong> V\u00f3 Violeta, Iracema Dulley e Tia Nonjamba.<\/p>\n","protected":false},"excerpt":{"rendered":"<p> &hellip; <\/p>\n","protected":false},"author":8,"featured_media":0,"parent":0,"menu_order":0,"comment_status":"closed","ping_status":"closed","template":"","meta":{"_cbd_carousel_blocks":"[]","_exactmetrics_skip_tracking":false,"_exactmetrics_sitenote_active":false,"_exactmetrics_sitenote_note":"","_exactmetrics_sitenote_category":0,"footnotes":""},"class_list":["post-9898","page","type-page","status-publish","hentry"],"translation":{"provider":"WPGlobus","version":"3.0.0","language":"pt","enabled_languages":["en","pt"],"languages":{"en":{"title":true,"content":true,"excerpt":false},"pt":{"title":true,"content":true,"excerpt":false}}},"_links":{"self":[{"href":"https:\/\/gi-imperios.org\/blog\/pt\/wp-json\/wp\/v2\/pages\/9898","targetHints":{"allow":["GET"]}}],"collection":[{"href":"https:\/\/gi-imperios.org\/blog\/pt\/wp-json\/wp\/v2\/pages"}],"about":[{"href":"https:\/\/gi-imperios.org\/blog\/pt\/wp-json\/wp\/v2\/types\/page"}],"author":[{"embeddable":true,"href":"https:\/\/gi-imperios.org\/blog\/pt\/wp-json\/wp\/v2\/users\/8"}],"replies":[{"embeddable":true,"href":"https:\/\/gi-imperios.org\/blog\/pt\/wp-json\/wp\/v2\/comments?post=9898"}],"version-history":[{"count":5,"href":"https:\/\/gi-imperios.org\/blog\/pt\/wp-json\/wp\/v2\/pages\/9898\/revisions"}],"predecessor-version":[{"id":9915,"href":"https:\/\/gi-imperios.org\/blog\/pt\/wp-json\/wp\/v2\/pages\/9898\/revisions\/9915"}],"wp:attachment":[{"href":"https:\/\/gi-imperios.org\/blog\/pt\/wp-json\/wp\/v2\/media?parent=9898"}],"curies":[{"name":"wp","href":"https:\/\/api.w.org\/{rel}","templated":true}]}}