{"id":9912,"date":"2023-12-21T14:51:53","date_gmt":"2023-12-21T14:51:53","guid":{"rendered":"https:\/\/gi-imperios.org\/blog\/?page_id=9912"},"modified":"2024-02-08T09:40:40","modified_gmt":"2024-02-08T09:40:40","slug":"african-experiences-of-assimilation-in-mozambique-histories-and-memories-1910-2010","status":"publish","type":"page","link":"https:\/\/gi-imperios.org\/blog\/pt\/african-experiences-of-assimilation-in-mozambique-histories-and-memories-1910-2010\/","title":{"rendered":"Experi\u00eancias africanas de assimila\u00e7\u00e3o em Mo\u00e7ambique: hist\u00f3rias e mem\u00f3rias (1910 &#8211; 2010)"},"content":{"rendered":"<p><strong><img loading=\"lazy\" decoding=\"async\" class=\" wp-image-9910 alignleft\" src=\"https:\/\/gi-imperios.org\/blog\/wp-content\/uploads\/2023\/12\/Assimilados-300x212.png\" alt=\"\" width=\"334\" height=\"236\" srcset=\"https:\/\/gi-imperios.org\/blog\/wp-content\/uploads\/2023\/12\/Assimilados-300x212.png 300w, https:\/\/gi-imperios.org\/blog\/wp-content\/uploads\/2023\/12\/Assimilados-1024x724.png 1024w, https:\/\/gi-imperios.org\/blog\/wp-content\/uploads\/2023\/12\/Assimilados-768x543.png 768w, https:\/\/gi-imperios.org\/blog\/wp-content\/uploads\/2023\/12\/Assimilados-1536x1086.png 1536w, https:\/\/gi-imperios.org\/blog\/wp-content\/uploads\/2023\/12\/Assimilados-250x177.png 250w, https:\/\/gi-imperios.org\/blog\/wp-content\/uploads\/2023\/12\/Assimilados-550x389.png 550w, https:\/\/gi-imperios.org\/blog\/wp-content\/uploads\/2023\/12\/Assimilados-800x566.png 800w, https:\/\/gi-imperios.org\/blog\/wp-content\/uploads\/2023\/12\/Assimilados-255x180.png 255w, https:\/\/gi-imperios.org\/blog\/wp-content\/uploads\/2023\/12\/Assimilados-424x300.png 424w, https:\/\/gi-imperios.org\/blog\/wp-content\/uploads\/2023\/12\/Assimilados-707x500.png 707w, https:\/\/gi-imperios.org\/blog\/wp-content\/uploads\/2023\/12\/Assimilados-1320x933.png 1320w, https:\/\/gi-imperios.org\/blog\/wp-content\/uploads\/2023\/12\/Assimilados.png 2000w\" sizes=\"auto, (max-width: 334px) 100vw, 334px\" \/>Investigador:<\/strong><br \/>\n<a href=\"https:\/\/www.ics.ulisboa.pt\/pessoa\/matheus-serva-pereira\">Matheus Serva Pereira<\/a><\/p>\n<p><strong>Financiamento:<\/strong><br \/>\nContract within the scope of the Individual Call to Scientific Employment Stimulus (CEEC\/IND), 4<sup>th<\/sup> Edition, financed by national funds through the Foundation for Science and Technology (FCT)<br \/>\nRef. 2021.01651.CEECIND\/CP1696\/CT0008.<\/p>\n<p><strong>Resumo: <\/strong><\/p>\n<p>Como as popula\u00e7\u00f5es africanas, nos territ\u00f3rios coloniais ultramarinos portugueses, lidaram com os processos legais para adquirirem a categoria de &#8220;assimilado&#8221;? Que estrat\u00e9gias foram utilizadas pelos africanos e africanas para se tornarem &#8220;assimilados&#8221;? O que aconteceu aos &#8220;assimilados\/as&#8221; depois de 1961, quando a legisla\u00e7\u00e3o coloniais portuguesa extinguiu a categoria juridicamente? Como \u00e9 que os &#8220;assimilados\/as&#8221; participaram no processo de descoloniza\u00e7\u00e3o e na constru\u00e7\u00e3o das na\u00e7\u00f5es africanas ap\u00f3s as independ\u00eancias? Quando e porqu\u00ea as mem\u00f3rias e os usos pol\u00edticos da assimila\u00e7\u00e3o foram silenciados ou discutidos nos debates p\u00fablicos? Este projeto combina pesquisa arquiv\u00edstica e trabalho de campo em Mo\u00e7ambique e Portugal, comparando diferentes tipos de fontes, para explorar as pol\u00edticas coloniais portuguesas de assimila\u00e7\u00e3o e segregacionismo e os seus legados, entre as d\u00e9cadas de 1910 e 2010, nas experi\u00eancias e mem\u00f3rias africanas nos per\u00edodos colonial e p\u00f3s-independ\u00eancia de Mo\u00e7ambique.<\/p>\n<p><strong>Palavras-chave: <\/strong>Colonialismo; P\u00f3s-colonialismo; Cidadania; Hist\u00f3ria Social; Mem\u00f3ria.<\/p>\n<p><strong>Imagem:<\/strong> by MSP, 2023.<\/p>\n","protected":false},"excerpt":{"rendered":"<p> &hellip; <\/p>\n","protected":false},"author":8,"featured_media":0,"parent":0,"menu_order":0,"comment_status":"closed","ping_status":"closed","template":"","meta":{"_cbd_carousel_blocks":"[]","_exactmetrics_skip_tracking":false,"_exactmetrics_sitenote_active":false,"_exactmetrics_sitenote_note":"","_exactmetrics_sitenote_category":0,"footnotes":""},"class_list":["post-9912","page","type-page","status-publish","hentry"],"translation":{"provider":"WPGlobus","version":"3.0.0","language":"pt","enabled_languages":["en","pt"],"languages":{"en":{"title":true,"content":true,"excerpt":false},"pt":{"title":true,"content":true,"excerpt":false}}},"_links":{"self":[{"href":"https:\/\/gi-imperios.org\/blog\/pt\/wp-json\/wp\/v2\/pages\/9912","targetHints":{"allow":["GET"]}}],"collection":[{"href":"https:\/\/gi-imperios.org\/blog\/pt\/wp-json\/wp\/v2\/pages"}],"about":[{"href":"https:\/\/gi-imperios.org\/blog\/pt\/wp-json\/wp\/v2\/types\/page"}],"author":[{"embeddable":true,"href":"https:\/\/gi-imperios.org\/blog\/pt\/wp-json\/wp\/v2\/users\/8"}],"replies":[{"embeddable":true,"href":"https:\/\/gi-imperios.org\/blog\/pt\/wp-json\/wp\/v2\/comments?post=9912"}],"version-history":[{"count":3,"href":"https:\/\/gi-imperios.org\/blog\/pt\/wp-json\/wp\/v2\/pages\/9912\/revisions"}],"predecessor-version":[{"id":10680,"href":"https:\/\/gi-imperios.org\/blog\/pt\/wp-json\/wp\/v2\/pages\/9912\/revisions\/10680"}],"wp:attachment":[{"href":"https:\/\/gi-imperios.org\/blog\/pt\/wp-json\/wp\/v2\/media?parent=9912"}],"curies":[{"name":"wp","href":"https:\/\/api.w.org\/{rel}","templated":true}]}}