{"id":10603,"date":"2024-11-21T09:14:15","date_gmt":"2024-11-21T09:14:15","guid":{"rendered":"https:\/\/gi-imperios.org\/blog\/?page_id=10603"},"modified":"2024-11-21T09:21:09","modified_gmt":"2024-11-21T09:21:09","slug":"contruindo-o-povo-de-salazar-arquitectura-nacionalismo-e-identidade-nacional-1932-1945","status":"publish","type":"page","link":"https:\/\/gi-imperios.org\/blog\/contruindo-o-povo-de-salazar-arquitectura-nacionalismo-e-identidade-nacional-1932-1945\/","title":{"rendered":"Contruindo o Povo de Salazar: Arquitectura, nacionalismo e identidade nacional (1932-1945)"},"content":{"rendered":"<p><strong><img loading=\"lazy\" decoding=\"async\" class=\" wp-image-10602 alignleft\" src=\"https:\/\/gi-imperios.org\/blog\/wp-content\/uploads\/2024\/11\/AHMALCS-CMALCS-FOTOGRAFIAS-01-01-006_m0001-300x200.jpg\" alt=\"\" width=\"347\" height=\"231\" srcset=\"https:\/\/gi-imperios.org\/blog\/wp-content\/uploads\/2024\/11\/AHMALCS-CMALCS-FOTOGRAFIAS-01-01-006_m0001-300x200.jpg 300w, https:\/\/gi-imperios.org\/blog\/wp-content\/uploads\/2024\/11\/AHMALCS-CMALCS-FOTOGRAFIAS-01-01-006_m0001-1024x682.jpg 1024w, https:\/\/gi-imperios.org\/blog\/wp-content\/uploads\/2024\/11\/AHMALCS-CMALCS-FOTOGRAFIAS-01-01-006_m0001-768x512.jpg 768w, https:\/\/gi-imperios.org\/blog\/wp-content\/uploads\/2024\/11\/AHMALCS-CMALCS-FOTOGRAFIAS-01-01-006_m0001-1536x1024.jpg 1536w, https:\/\/gi-imperios.org\/blog\/wp-content\/uploads\/2024\/11\/AHMALCS-CMALCS-FOTOGRAFIAS-01-01-006_m0001-250x167.jpg 250w, https:\/\/gi-imperios.org\/blog\/wp-content\/uploads\/2024\/11\/AHMALCS-CMALCS-FOTOGRAFIAS-01-01-006_m0001-550x367.jpg 550w, https:\/\/gi-imperios.org\/blog\/wp-content\/uploads\/2024\/11\/AHMALCS-CMALCS-FOTOGRAFIAS-01-01-006_m0001-800x533.jpg 800w, https:\/\/gi-imperios.org\/blog\/wp-content\/uploads\/2024\/11\/AHMALCS-CMALCS-FOTOGRAFIAS-01-01-006_m0001-270x180.jpg 270w, https:\/\/gi-imperios.org\/blog\/wp-content\/uploads\/2024\/11\/AHMALCS-CMALCS-FOTOGRAFIAS-01-01-006_m0001-450x300.jpg 450w, https:\/\/gi-imperios.org\/blog\/wp-content\/uploads\/2024\/11\/AHMALCS-CMALCS-FOTOGRAFIAS-01-01-006_m0001-750x500.jpg 750w, https:\/\/gi-imperios.org\/blog\/wp-content\/uploads\/2024\/11\/AHMALCS-CMALCS-FOTOGRAFIAS-01-01-006_m0001-1320x880.jpg 1320w, https:\/\/gi-imperios.org\/blog\/wp-content\/uploads\/2024\/11\/AHMALCS-CMALCS-FOTOGRAFIAS-01-01-006_m0001.jpg 1799w\" sizes=\"auto, (max-width: 347px) 100vw, 347px\" \/>Investigadora:<\/strong><br \/>\n<a href=\"https:\/\/www.ics.ulisboa.pt\/pessoa\/rita-almeida-de-carvalho\">Rita Almeida de Carvalho<\/a><\/p>\n<p><strong>Financiamento:<\/strong><br \/>\nFinanced by national funds through the Foundation for Science and Technology (FCT), Ref. 2022.03543.PTDC<\/p>\n<p><strong>Resumo:<br \/>\n<\/strong>Os debates acad\u00e9micos sobre a natureza pol\u00edtica e ideol\u00f3gica do Estado Novo (1932-1974) t\u00eam estado na origem de recentes controv\u00e9rsias historiogr\u00e1ficas, assumindo frequentemente as propor\u00e7\u00f5es de uma Historikerstreit portuguesa. Como tem vindo a p\u00fablico, nomeadamente na imprensa nacional, os estudiosos do Estado Novo apresentam enfaticamente interpreta\u00e7\u00f5es divergentes do regime como \u2018fascistas de pleno direito\u2019 ou \u2018autorit\u00e1rios conservadores\u2019 (n\u00e3o obstante elementos de hibridiza\u00e7\u00e3o). Estes argumentos foram informados quase exclusivamente pelos resultados de investiga\u00e7\u00e3o realizada nos dom\u00ednios da ci\u00eancia pol\u00edtica e da hist\u00f3ria social e pol\u00edtica. Os investigadores de outras \u00e1reas disciplinares n\u00e3o t\u00eam contribu\u00eddo para o debate, o que \u00e9 particularmente evidente no caso das abordagens culturais \u00e0 arquitectura, cujos praticantes definem, acriticamente e sem recurso a um aparato conceptual como sendo fascistas. A situa\u00e7\u00e3o \u00e9 problem\u00e1tica de duas formas. Por um lado, os cientistas pol\u00edticos e historiadores sociais ignoram o valor emp\u00edrico da arquitectura, na sua capacidade de \u2018fazer as coisas acontecerem\u2019 \u2013 nomeadamente pelo seu papel na constru\u00e7\u00e3o das na\u00e7\u00f5es (B. Anderson) e enquanto materializa\u00e7\u00e3o de \u2018tradi\u00e7\u00f5es inventadas\u2019 (E. Hobsbawm). Por outro lado, os historiadores que estudam a arquitectura mant\u00eam-se alheios \u00e0s dimens\u00f5es pol\u00edticas e ideol\u00f3gicas das formas arquitet\u00f3nicas. ZARQ pretende precisamente afirmar a import\u00e2ncia da arquitectura \u2013 devidamente investida das suas dimens\u00f5es ideol\u00f3gicas e pol\u00edticas \u2013 como um quadro heuristicamente valioso, capaz de trazer novas informa\u00e7\u00f5es sobre a pr\u00f3pria natureza program\u00e1tica do projecto do Estado Novo para a na\u00e7\u00e3o, no per\u00edodo que vai desde 1932 a 1945. Mais informa\u00e7\u00f5es sobre o projeto, <a href=\"https:\/\/www.ics.ulisboa.pt\/projeto\/contruindo-o-povo-de-salazar-arquitectura-nacionalismo-e-identidade-nacional-1932-1945\">aqui<\/a>.<\/p>\n<p><strong>Palavras-chave:<\/strong> Arquitectura e Pol\u00edtica, Nacionalismo, Identidade Nacional, Salazarismo.<\/p>\n<p><strong>Imagem:<\/strong> Arquivo Municipal de Alc\u00e1cer do Sal.<\/p>\n","protected":false},"excerpt":{"rendered":"<p> &hellip; <\/p>\n","protected":false},"author":8,"featured_media":0,"parent":0,"menu_order":0,"comment_status":"closed","ping_status":"closed","template":"","meta":{"_cbd_carousel_blocks":"[]","_exactmetrics_skip_tracking":false,"_exactmetrics_sitenote_active":false,"_exactmetrics_sitenote_note":"","_exactmetrics_sitenote_category":0,"footnotes":""},"class_list":["post-10603","page","type-page","status-publish","hentry"],"translation":{"provider":"WPGlobus","version":"3.0.0","language":"en","enabled_languages":["en","pt"],"languages":{"en":{"title":true,"content":true,"excerpt":false},"pt":{"title":true,"content":true,"excerpt":false}}},"_links":{"self":[{"href":"https:\/\/gi-imperios.org\/blog\/wp-json\/wp\/v2\/pages\/10603","targetHints":{"allow":["GET"]}}],"collection":[{"href":"https:\/\/gi-imperios.org\/blog\/wp-json\/wp\/v2\/pages"}],"about":[{"href":"https:\/\/gi-imperios.org\/blog\/wp-json\/wp\/v2\/types\/page"}],"author":[{"embeddable":true,"href":"https:\/\/gi-imperios.org\/blog\/wp-json\/wp\/v2\/users\/8"}],"replies":[{"embeddable":true,"href":"https:\/\/gi-imperios.org\/blog\/wp-json\/wp\/v2\/comments?post=10603"}],"version-history":[{"count":3,"href":"https:\/\/gi-imperios.org\/blog\/wp-json\/wp\/v2\/pages\/10603\/revisions"}],"predecessor-version":[{"id":10614,"href":"https:\/\/gi-imperios.org\/blog\/wp-json\/wp\/v2\/pages\/10603\/revisions\/10614"}],"wp:attachment":[{"href":"https:\/\/gi-imperios.org\/blog\/wp-json\/wp\/v2\/media?parent=10603"}],"curies":[{"name":"wp","href":"https:\/\/api.w.org\/{rel}","templated":true}]}}