{"id":10681,"date":"2025-01-27T10:53:23","date_gmt":"2025-01-27T10:53:23","guid":{"rendered":"https:\/\/gi-imperios.org\/blog\/?page_id=10681"},"modified":"2025-01-27T10:56:08","modified_gmt":"2025-01-27T10:56:08","slug":"intelligence-and-empire-in-the-portuguese-late-colonial-period-1961-1975-comparisons-connections-and-epistemes","status":"publish","type":"page","link":"https:\/\/gi-imperios.org\/blog\/intelligence-and-empire-in-the-portuguese-late-colonial-period-1961-1975-comparisons-connections-and-epistemes\/","title":{"rendered":"Intelligence and Empire in the Portuguese Late Colonial Period, 1961-1975: Comparisons, Connections and Epistemes"},"content":{"rendered":"<p><strong><img loading=\"lazy\" decoding=\"async\" class=\" wp-image-10682 alignleft\" src=\"https:\/\/gi-imperios.org\/blog\/wp-content\/uploads\/2025\/01\/SCCI_ARAUJO_Sandra_Figura-300x151.jpg\" alt=\"\" width=\"407\" height=\"205\" srcset=\"https:\/\/gi-imperios.org\/blog\/wp-content\/uploads\/2025\/01\/SCCI_ARAUJO_Sandra_Figura-300x151.jpg 300w, https:\/\/gi-imperios.org\/blog\/wp-content\/uploads\/2025\/01\/SCCI_ARAUJO_Sandra_Figura-1024x515.jpg 1024w, https:\/\/gi-imperios.org\/blog\/wp-content\/uploads\/2025\/01\/SCCI_ARAUJO_Sandra_Figura-768x386.jpg 768w, https:\/\/gi-imperios.org\/blog\/wp-content\/uploads\/2025\/01\/SCCI_ARAUJO_Sandra_Figura-1536x773.jpg 1536w, https:\/\/gi-imperios.org\/blog\/wp-content\/uploads\/2025\/01\/SCCI_ARAUJO_Sandra_Figura-2048x1030.jpg 2048w, https:\/\/gi-imperios.org\/blog\/wp-content\/uploads\/2025\/01\/SCCI_ARAUJO_Sandra_Figura-250x126.jpg 250w, https:\/\/gi-imperios.org\/blog\/wp-content\/uploads\/2025\/01\/SCCI_ARAUJO_Sandra_Figura-550x277.jpg 550w, https:\/\/gi-imperios.org\/blog\/wp-content\/uploads\/2025\/01\/SCCI_ARAUJO_Sandra_Figura-800x403.jpg 800w, https:\/\/gi-imperios.org\/blog\/wp-content\/uploads\/2025\/01\/SCCI_ARAUJO_Sandra_Figura-358x180.jpg 358w, https:\/\/gi-imperios.org\/blog\/wp-content\/uploads\/2025\/01\/SCCI_ARAUJO_Sandra_Figura-596x300.jpg 596w, https:\/\/gi-imperios.org\/blog\/wp-content\/uploads\/2025\/01\/SCCI_ARAUJO_Sandra_Figura-994x500.jpg 994w, https:\/\/gi-imperios.org\/blog\/wp-content\/uploads\/2025\/01\/SCCI_ARAUJO_Sandra_Figura-1320x664.jpg 1320w\" sizes=\"auto, (max-width: 407px) 100vw, 407px\" \/>Researcher: <\/strong><a href=\"https:\/\/www.ics.ulisboa.pt\/en\/pessoa\/sandra-araujo-0\">Sandra Ara\u00fajo<\/a><\/p>\n<p><strong>Funding: <\/strong>Individual Call to Scientific Employment Stimulus (CEEC\/IND), 4<sup>th<\/sup>\u00a0Edition, financed by national funds through the Foundation for Science and Technology (FCT)<br \/>\nRef. 2021.03337.CEECIND\/CP1696\/CT0011.<\/p>\n<p><strong>Abstract: <\/strong>Focused on the SCCI (Servi\u00e7os de Centraliza\u00e7\u00e3o e Coordena\u00e7\u00e3o de Informa\u00e7\u00f5es\/ Information Centralisation and Coordination Services), in Angola, Mozambique and Guinea, the research project aims at developing the first broad comparative study tackling colonial intelligence during the Portuguese late colonial period. It examines the historical trajectory of the SCCI, placing it within the framework of imperial policymaking and administration, as well as it scrutinises and assesses the role played by these intelligence agencies throughout the liberation wars.<\/p>\n<p><strong>Keywords: <\/strong>Colonial History; Intelligence Service; Portuguese Africa; Colonial Wars; Counterinsurgency.<\/p>\n<p><strong>Image: <\/strong>by SA, 2024<\/p>\n","protected":false},"excerpt":{"rendered":"<p> &hellip; <\/p>\n","protected":false},"author":8,"featured_media":0,"parent":0,"menu_order":0,"comment_status":"closed","ping_status":"closed","template":"","meta":{"_cbd_carousel_blocks":"[]","_exactmetrics_skip_tracking":false,"_exactmetrics_sitenote_active":false,"_exactmetrics_sitenote_note":"","_exactmetrics_sitenote_category":0,"footnotes":""},"class_list":["post-10681","page","type-page","status-publish","hentry"],"translation":{"provider":"WPGlobus","version":"3.0.0","language":"en","enabled_languages":["en","pt"],"languages":{"en":{"title":true,"content":true,"excerpt":false},"pt":{"title":true,"content":true,"excerpt":false}}},"_links":{"self":[{"href":"https:\/\/gi-imperios.org\/blog\/wp-json\/wp\/v2\/pages\/10681","targetHints":{"allow":["GET"]}}],"collection":[{"href":"https:\/\/gi-imperios.org\/blog\/wp-json\/wp\/v2\/pages"}],"about":[{"href":"https:\/\/gi-imperios.org\/blog\/wp-json\/wp\/v2\/types\/page"}],"author":[{"embeddable":true,"href":"https:\/\/gi-imperios.org\/blog\/wp-json\/wp\/v2\/users\/8"}],"replies":[{"embeddable":true,"href":"https:\/\/gi-imperios.org\/blog\/wp-json\/wp\/v2\/comments?post=10681"}],"version-history":[{"count":4,"href":"https:\/\/gi-imperios.org\/blog\/wp-json\/wp\/v2\/pages\/10681\/revisions"}],"predecessor-version":[{"id":10684,"href":"https:\/\/gi-imperios.org\/blog\/wp-json\/wp\/v2\/pages\/10681\/revisions\/10684"}],"wp:attachment":[{"href":"https:\/\/gi-imperios.org\/blog\/wp-json\/wp\/v2\/media?parent=10681"}],"curies":[{"name":"wp","href":"https:\/\/api.w.org\/{rel}","templated":true}]}}