{"id":1112,"date":"2018-02-07T15:48:15","date_gmt":"2018-02-07T15:48:15","guid":{"rendered":"https:\/\/gi-imperios.org\/blog\/?page_id=1112"},"modified":"2020-06-07T11:00:07","modified_gmt":"2020-06-07T11:00:07","slug":"artigos-2018","status":"publish","type":"page","link":"https:\/\/gi-imperios.org\/blog\/artigos-2018\/","title":{"rendered":"Articles &#8211; 2018"},"content":{"rendered":"<p>Aboim, S., Granjo, P., Ramos, A. (Eds.) (2018). <em>Changing societies: legacies and challenges<\/em>. Vol. 1. <em>Ambiguous inclusions: inside out, outside in<\/em>. Lisboa: Imprensa de Ci\u00eancias Sociais. <a href=\"http:\/\/hdl.handle.net\/10451\/35251\">Link permanente<\/a><\/p>\n<p>Antunes, M. J. L. (2018). Viagem para uma guerra. In Miguel Cardina, Bruno Sena Martins (Orgs.), <em>As voltas do passado: a guerra colonial e as lutas de liberta\u00e7\u00e3o<\/em>, pp. 211-216. Lisboa: Tinta da China. <a href=\"http:\/\/hdl.handle.net\/10451\/35131\">Link permanente<\/a><\/p>\n<p>Cruz, M. D. da (2018). From Flanders to Pernambuco: Battleground Perceptions in the Portuguese Early Modern Atlantic World. <em>War in History<\/em>. <a href=\"http:\/\/hdl.handle.net\/10451\/33690\">Link Permanente<\/a><\/p>\n<p>Cruz, M. D., Rodrigues, V. L. G. (2018). Institui\u00e7\u00f5es, contingentes e culturas militares na monarquia portuguesa (s\u00e9culos XV-XIX). In Xavier, A. B., Palomo, F., Stumpf, R. (Eds.), <em>Monarquias ib\u00e9ricas em perspectiva comparada (s\u00e9culos XVI-XVIII): din\u00e2micas imperiais e circula\u00e7\u00e3o de modelos pol\u00edticos-administrativos<\/em>, pp. 431-477. Lisboa: ICS &#8211; Imprensa de Ci\u00eancias Sociais. <a href=\"http:\/\/hdl.handle.net\/10451\/37594\">Link permanente<\/a><\/p>\n<p>Cruz, M. D. (2018). Pernambuco. In David Head (Ed.), <em>Encyclopedia of the Atlantic world, 1400-1900: Europe, Africa, and the Americas in na age of exploration, trade, and empires<\/em>, pp. 479-482. Vol. 2. Santa Barbara, California: ABC-CLIO. <a href=\"http:\/\/hdl.handle.net\/10451\/34411\">Link permanente<\/a><\/p>\n<p>Ferreira, J. M. (2018) &#8220;Goa is a Paradise&#8221;. Florestas, Colonialismo e Modernidade na \u00cdndia Portuguesa (1851-1910).\u00a0<em>Revista Cr\u00edtica de Ci\u00eancias Sociais<\/em>, 115, pp. 137-158.<\/p>\n<p>Matos, P. F. de (2018). &#8220;Angola, Uma Nova Lusit\u00e2nia&#8221;: Um filme de propaganda colonial. In Maria do Carmo Pi\u00e7arra (Ed.), <em>A Colec\u00e7\u00e3o Colonial da Cinemateca: Campo, contracampo, fora-de-campo<\/em>, pp. 118-131. Viseu: Cine Clube de Viseu e Aleph \u2013 Rede de ac\u00e7\u00e3o e investiga\u00e7\u00e3o cr\u00edtica da imagem colonial. <a href=\"http:\/\/hdl.handle.net\/10451\/34955\">Link permanente<\/a><\/p>\n<p>Monteiro, N. G., Bicalho, M. F., (2018). As institui\u00e7\u00f5es civis da monarquia portuguesa na Idade Moderna: centro e periferia do imp\u00e9rio. In Xavier, A. B., Palomo, F., Stumpf, R. (Eds.), <em>Monarquias ib\u00e9ricas em perspectiva comparada (s\u00e9culos XVI-XVIII): din\u00e2micas imperiais e circula\u00e7\u00e3o de modelos pol\u00edticos-administrativos<\/em>, pp. 209-236. Lisboa: ICS &#8211; Imprensa de Ci\u00eancias Sociais. <a href=\"http:\/\/hdl.handle.net\/10451\/37589\">Link permanente <\/a><\/p>\n<p>Monteiro, N. G., Silva, I. C. da (2018). Elites e nobreza na monarquia liberal portuguesa: um itiner\u00e1rio. In Rui Ramos, Jos\u00e9 Murilo de Carvalho, Isabel Corr\u00eaa da Silva (Coords.), <em>A Monarquia Constitucional dos Bragan\u00e7as. Em Portugal e no Brasil (1822-1910). Uma Hist\u00f3ria paralela de Portugal e do Brasil depois da independ\u00eancia brasileira<\/em>, pp. 321-351. Lisboa: Dom Quixote. <a href=\"http:\/\/hdl.handle.net\/10451\/35126\">Link permanente<\/a><\/p>\n<p>Roque, R. (2018). Dances with Heads: Parasitic Mimesis and the Government of Savagery in Colonial East Timor. <em>Social Analysis<\/em> [Issue 2: States of Imitation: Mimetic Governmentality and Colonial Rule], 62 (2), 28-50. <a href=\"http:\/\/hdl.handle.net\/10451\/34409\">Link permanente<\/a><\/p>\n<p>Roque, R. (2018). O trigo e o joio: segredos e bot\u00e2nica m\u00e9dica em Goa, c. 1840-1930. <em>Revista Cr\u00edtica de Ci\u00eancias Sociais<\/em>, 115, 113-136. <a href=\"http:\/\/hdl.handle.net\/10451\/34909\">Link permanente<\/a><\/p>\n<p>Roque, R. (2018). The colonial ethnological line: Timor and the racial geography of the Malay Archipelago. <em>Journal of Southeast Asian Studies<\/em> [Special Issue], 49 (3), 387-409. <a href=\"http:\/\/hdl.handle.net\/10451\/35276\">Link permanente<\/a><\/p>\n<p>Roque, R. (2018). The Latin stranger-science, or l\u2019anthropologie among the Lusitanians. <em>History of Science<\/em>, 1-27. <a href=\"http:\/\/hdl.handle.net\/10451\/34910\">Link permanente<\/a><\/p>\n<p>Roque, R. (2018). Seeds against Smallpox: Joaquim V\u00e1s and the Scientific Translation of Wild Plantain Seeds in Goa. In Bala, P. (Ed.), <em>Learning From Empire: Medicine, Knowledge, and Transfers under Portuguese Rule<\/em>, pp. 174-206. Newcastle: Cambridge Scholars Publishing. <a href=\"http:\/\/hdl.handle.net\/10451\/36305\">Link permanente<\/a><\/p>\n<p>Roque, R. (2018). [Review to] Helen Gardner, Patrick McConvell, Southern Anthropology: A History of Fison and Howitt\u2019s Kamilaroi and Kurnai. <em>The Journal of Pacific History<\/em>, 53 (1), 128-130. <a href=\"http:\/\/hdl.handle.net\/10451\/35011\">Link permanente<\/a><\/p>\n<p>Roque, R., Ladwig, P. (Eds.) (2018). Issue 2: States of Imitation: Mimetic Governmentality and Colonial Rule. <em>Social Analysis<\/em>, 62 (2). <a href=\"http:\/\/hdl.handle.net\/10451\/34405\">Link permanente<\/a><\/p>\n<p>Roque, R., Ladwig, P. (Eds.) (2018). Introduction: Mimetic Governmentality, Colonialism, and the State. <em>Social Analysis<\/em> [Issue 2: States of Imitation: Mimetic Governmentality and Colonial Rule], 62 (2), 1-27.\u00a0 <a href=\"http:\/\/hdl.handle.net\/10451\/34405\">Link permanente<\/a><\/p>\n<p>Roque, R., Anderson, W. (2018). Introduction. Imagined laboratories: Colonial and national racialisations in Island Southeast Asia. <em>Journal of Southeast Asian Studies<\/em> [Special Issue], 49 (3), 358-371. <a href=\"http:\/\/hdl.handle.net\/10451\/35275\">Link permanente<\/a><\/p>\n<p>Roque, R., Anderson, W. (Eds.) (2018). Imagined Racial Laboratories: Colonial and National Racializations in Island Southeast Asia. <em>Journal of Southeast Asian Studies<\/em> [Special Issue], 49 (3). <a href=\"http:\/\/hdl.handle.net\/10451\/35275\">Link permanente<\/a><\/p>\n<p>Silva, I. C. da (2018). Monarquia secular e o \u00abcorpo m\u00edstico\u00bb do rei constitucional. In Rui Ramos, Jos\u00e9 Murilo de Carvalho, Isabel Corr\u00eaa da Silva (Coords.), <em>A Monarquia Constitucional dos Bragan\u00e7as em Portugal e no Brasil (1822-1910). Uma Hist\u00f3ria paralela de Portugal e do Brasil depois da independ\u00eancia brasileira<\/em>, pp. 261-288. Lisboa: Dom Quixote. <a href=\"http:\/\/hdl.handle.net\/10451\/35124\">Link permanente<\/a><\/p>\n<p>Silva, I. C. da (2018). The \u2018Brasileiro\u2019: a 19th century transnational social category. In S. Aboim, P. Granjo, A. Ramos (Eds.), <em>Changing societies: legacies and challenges<\/em>. Vol. 1. <em>Ambiguous inclusions: inside out, outside in<\/em>, pp. 221-240. Lisboa: Imprensa de Ci\u00eancias Sociais. <a href=\"http:\/\/hdl.handle.net\/10451\/35659\">Link permanente<\/a><\/p>\n<p>Silva, I. C. da (2018). Recens\u00e3o: Unidos Perderemos: A Constru\u00e7\u00e3o do Federalismo Republicano Brasileiro, de Cl\u00e1udia Viscardi, <em>An\u00e1lise Social<\/em> 226, LIII (1), 213-217. <a href=\"http:\/\/hdl.handle.net\/10451\/33201\">Link permanente<\/a><\/p>\n<p>Vicente, F. L. (2018).\u00a0Goa Displayed in Goa: The 1860 Industrial Exhibition of Portuguese Colonial\u00a0India.\u00a0<em>Revista Cr\u00edtica de Ci\u00eancias Sociais<\/em>, 115, pp. 159-182. <a href=\"http:\/\/repositorio.ul.pt\/handle\/10451\/33544\" target=\"_blank\" rel=\"noopener noreferrer\">Link permanente<\/a><\/p>\n<p>Vicente, F. L. (2018). Writing from many frontiers &#8211; Jos\u00e9 Gerson da Cunha&#8217;s historical and journalistic approaches to past and present colonialism in India 1870-1900. In Almeida, R. (Ed.), <em>Goa: a post-colonial society between cultures<\/em>, pp. 230-256. Goa: Golden Heart Emporium. <a href=\"http:\/\/hdl.handle.net\/10451\/36131\">Link permanente<\/a><\/p>\n<p>Vicente, F. L. (2018). In and out of history: how a Goan scholar in Bombay imagined a colonial Indian<br \/>\npast and a future independent India (1870-1900). In S. Aboim, P. Granjo, A. Ramos (Eds.), <em>Changing societies: legacies and challenges<\/em>. Vol. 1. <em>Ambiguous inclusions: inside out, outside in<\/em>, pp. 263-300. Lisboa: Imprensa de Ci\u00eancias Sociais. <a href=\"http:\/\/hdl.handle.net\/10451\/35666\">Link permanente<\/a><\/p>\n<p>Vicente, F. L. (2018). A Fotografia como Autobiografia: Helena Corr\u00eaa de Barros, mulher fot\u00f3grafa. In Cunca, P. F. (Org.), Helena Corr\u00eaa de Barros. Fotografia, a minha viagem preferida, pp. 113-122. Lisboa: C\u00e2mara Municipal de Lisboa \/ Arquivo Municipal de Lisboa &#8211; Imprensa Portuguesa. <a href=\"http:\/\/hdl.handle.net\/10451\/36258\">Link permanente<\/a><\/p>\n<p>Vicente, F. L. (2018). Linda Nochlin. <em>Faces de Eva. Estudos Sobre a Mulher,<\/em> 39, 183-189. <a href=\"http:\/\/hdl.handle.net\/10451\/34161\">Link permanente<\/a><\/p>\n<p>Vicente, F. L. (2018). Introduction. <em>E-Journal of Portuguese History<\/em>, 16 (1), 58-61. <a href=\"http:\/\/hdl.handle.net\/10451\/34162\">Link permanente<\/a><\/p>\n<p>Vicente, F. L. (2018). Os anti-retratos: o espa\u00e7o judici\u00e1rio como est\u00fadio fotogr\u00e1fico. In <em>Leonor S\u00e1, Inf\u00e2mia e Fama. O mist\u00e9rio dos primeiros retratos judici\u00e1rios em Portugal (1869-1895)<\/em>, pp. 15-22. Lisboa: Edi\u00e7\u00f5es 70. <a href=\"http:\/\/hdl.handle.net\/10451\/34163\">Link permanente<\/a><\/p>\n<p>Vicente, F. L., Gomes, I. V. (2018). Inequalities on Trial: Conflict, Violence and Dissent in the Making of Colonial Angola (1907-1920). In Francisco Bethencourt (Ed.), <em>Inequality in the Portuguese-Speaking World<\/em>, pp. 217-242. Portland: Sussex Academic Press. <a href=\"http:\/\/repositorio.ul.pt\/handle\/10451\/32217\" target=\"_blank\" rel=\"noopener noreferrer\">Link permanente<\/a><\/p>\n<p>Vicente, F. L., Gomes, I. V. (2018). Tensions of empire and monarchy: the African tour of the Portuguese crown prince in 1907. In Aldrich, R., McCreery, C. (Eds.), <em>Royals on tour: politics, pageantry and colonialism<\/em>, pp. 146-168. Manchester: Manchester University Press. <a href=\"http:\/\/repositorio.ul.pt\/handle\/10451\/33675\" target=\"_blank\" rel=\"noopener noreferrer\">Link permanente<\/a><\/p>\n<p>Xavier, A. B. (2018). The Casa da \u00cdndia and the Emergence of a Science of Administration in the Portuguese Empire. <em>Journal of Early Modern History<\/em>, 22, 327-347. <a href=\"http:\/\/hdl.handle.net\/10451\/35169\">Link permanente<\/a><\/p>\n<p>Xavier, A. B. (2018). Reducing difference in the Portuguese empire? A case study from early-modern<br \/>\nGoa. In S. Aboim, P. Granjo, A. Ramos (Eds.), <em>Changing societies: legacies and challenges<\/em>. Vol. 1. <em>Ambiguous inclusions: inside out, outside in<\/em>, pp. 241-261. Lisboa: Imprensa de Ci\u00eancias Sociais. <a href=\"http:\/\/hdl.handle.net\/10451\/35661\">Link permanente<\/a><\/p>\n<p>Xavier, A. B., Palomo, F., Stumpf, R. (2018). Pensar as Monarquias Ib\u00e9ricas de forma comparada. In Xavier, A. B., Palomo, F., Stumpf, R. (Eds.), <em>Monarquias ib\u00e9ricas em perspectiva comparada (s\u00e9culos XVI-XVIII): din\u00e2micas imperiais e circula\u00e7\u00e3o de modelos pol\u00edticos-administrativos<\/em>, pp. 17-47. Lisboa: ICS &#8211; Imprensa de Ci\u00eancias Sociais. <a href=\"http:\/\/hdl.handle.net\/10451\/37568\">Link permanente<\/a><\/p>\n<p>Xavier, A. B., Palomo, F., Stumpf, R. (2018). <em>Monarquias ib\u00e9ricas em perspectiva comparada (s\u00e9culos XVI-XVIII): din\u00e2micas imperiais e circula\u00e7\u00e3o de modelos pol\u00edticos-administrativos<\/em>. Lisboa: ICS &#8211; Imprensa de Ci\u00eancias Sociais. Link permanente<\/p>\n<p>Xavier, A. B., Olival, F. (2018). O Padroado do rei de Portugal: fundamentos e pr\u00e1ticas.\u00a0 In Xavier, A. B., Palomo, F., Stumpf, R. (Eds.), <em>Monarquias ib\u00e9ricas em perspectiva comparada (s\u00e9culos XVI-XVIII): din\u00e2micas imperiais e circula\u00e7\u00e3o de modelos pol\u00edticos-administrativos<\/em>, pp. 123-160. Lisboa: ICS &#8211; Imprensa de Ci\u00eancias Sociais. <a href=\"http:\/\/hdl.handle.net\/10451\/37569\">Link permanente<\/a><\/p>\n<p>Xavier, A. B. et al. (2018). Entrevista: Imp\u00e9rios, historiografia, ci\u00eancias sociais: uma entrevista com Sanjay Subrahmanyam. <em>An\u00e1lise Social<\/em>, 226, LIII (1), 189-206. <a href=\"http:\/\/hdl.handle.net\/10451\/33206\">Link permanente<\/a><\/p>\n","protected":false},"excerpt":{"rendered":"<p> &hellip; <\/p>\n","protected":false},"author":1,"featured_media":0,"parent":0,"menu_order":0,"comment_status":"closed","ping_status":"closed","template":"","meta":{"_cbd_carousel_blocks":"[]","_exactmetrics_skip_tracking":false,"_exactmetrics_sitenote_active":false,"_exactmetrics_sitenote_note":"","_exactmetrics_sitenote_category":0,"footnotes":""},"class_list":["post-1112","page","type-page","status-publish","hentry"],"translation":{"provider":"WPGlobus","version":"3.0.0","language":"en","enabled_languages":["en","pt"],"languages":{"en":{"title":true,"content":true,"excerpt":false},"pt":{"title":true,"content":true,"excerpt":false}}},"_links":{"self":[{"href":"https:\/\/gi-imperios.org\/blog\/wp-json\/wp\/v2\/pages\/1112","targetHints":{"allow":["GET"]}}],"collection":[{"href":"https:\/\/gi-imperios.org\/blog\/wp-json\/wp\/v2\/pages"}],"about":[{"href":"https:\/\/gi-imperios.org\/blog\/wp-json\/wp\/v2\/types\/page"}],"author":[{"embeddable":true,"href":"https:\/\/gi-imperios.org\/blog\/wp-json\/wp\/v2\/users\/1"}],"replies":[{"embeddable":true,"href":"https:\/\/gi-imperios.org\/blog\/wp-json\/wp\/v2\/comments?post=1112"}],"version-history":[{"count":23,"href":"https:\/\/gi-imperios.org\/blog\/wp-json\/wp\/v2\/pages\/1112\/revisions"}],"predecessor-version":[{"id":5485,"href":"https:\/\/gi-imperios.org\/blog\/wp-json\/wp\/v2\/pages\/1112\/revisions\/5485"}],"wp:attachment":[{"href":"https:\/\/gi-imperios.org\/blog\/wp-json\/wp\/v2\/media?parent=1112"}],"curies":[{"name":"wp","href":"https:\/\/api.w.org\/{rel}","templated":true}]}}