{"id":184,"date":"2017-10-16T23:19:58","date_gmt":"2017-10-16T23:19:58","guid":{"rendered":"https:\/\/gi-imperios.org\/blog\/?page_id=184"},"modified":"2017-11-17T02:20:10","modified_gmt":"2017-11-17T02:20:10","slug":"ciclo-de-conferencias-o-atlantico-ibero-americano","status":"publish","type":"page","link":"https:\/\/gi-imperios.org\/blog\/conferencias\/ciclo-de-conferencias-o-atlantico-ibero-americano\/","title":{"rendered":"\u201cThe Ibero-American Atlantic\u201d"},"content":{"rendered":"<p><img loading=\"lazy\" decoding=\"async\" class=\"alignleft size-medium wp-image-305\" src=\"https:\/\/gi-imperios.org\/blog\/wp-content\/uploads\/2017\/10\/Fig-11-300x172.jpg\" alt=\"\" width=\"300\" height=\"172\" srcset=\"https:\/\/gi-imperios.org\/blog\/wp-content\/uploads\/2017\/10\/Fig-11-300x172.jpg 300w, https:\/\/gi-imperios.org\/blog\/wp-content\/uploads\/2017\/10\/Fig-11.jpg 436w\" sizes=\"auto, (max-width: 300px) 100vw, 300px\" \/><\/p>\n<p>Em colabora\u00e7\u00e3o com CHAM\/FCSH-UNL e UA\u00e7, o CIDEHUS- U\u00c9 e o CH-FLUL, o GI Imp\u00e9rios co-organiza, atrav\u00e9s de Isabel Corr\u00eaa da Silva (ICS-ULisboa), a 2\u00aa s\u00e9rie do 3\u00ba ciclo de confer\u00eancias \u201cO Atl\u00e2ntico Ibero-Americano: Perspectivas Historiogr\u00e1ficas recentes\u201d.<\/p>\n<p>Para uma listagem mais abrangente relativa \u00e0s sess\u00f5es consulte a p\u00e1gina do semin\u00e1rio do nosso parceiro CHAM:<\/p>\n<p><a href=\"http:\/\/www.cham.fcsh.unl.pt\/ac_actividade_pri.aspx?ActId=236\">http:\/\/www.cham.fcsh.unl.pt\/ac_actividade_pri.aspx?ActId=236<\/a><\/p>\n","protected":false},"excerpt":{"rendered":"<p> &hellip; <\/p>\n","protected":false},"author":1,"featured_media":0,"parent":73,"menu_order":0,"comment_status":"closed","ping_status":"closed","template":"","meta":{"_cbd_carousel_blocks":"[]","_exactmetrics_skip_tracking":false,"_exactmetrics_sitenote_active":false,"_exactmetrics_sitenote_note":"","_exactmetrics_sitenote_category":0,"footnotes":""},"class_list":["post-184","page","type-page","status-publish","hentry"],"translation":{"provider":"WPGlobus","version":"3.0.0","language":"en","enabled_languages":["en","pt"],"languages":{"en":{"title":true,"content":true,"excerpt":false},"pt":{"title":true,"content":true,"excerpt":false}}},"_links":{"self":[{"href":"https:\/\/gi-imperios.org\/blog\/wp-json\/wp\/v2\/pages\/184","targetHints":{"allow":["GET"]}}],"collection":[{"href":"https:\/\/gi-imperios.org\/blog\/wp-json\/wp\/v2\/pages"}],"about":[{"href":"https:\/\/gi-imperios.org\/blog\/wp-json\/wp\/v2\/types\/page"}],"author":[{"embeddable":true,"href":"https:\/\/gi-imperios.org\/blog\/wp-json\/wp\/v2\/users\/1"}],"replies":[{"embeddable":true,"href":"https:\/\/gi-imperios.org\/blog\/wp-json\/wp\/v2\/comments?post=184"}],"version-history":[{"count":10,"href":"https:\/\/gi-imperios.org\/blog\/wp-json\/wp\/v2\/pages\/184\/revisions"}],"predecessor-version":[{"id":6066,"href":"https:\/\/gi-imperios.org\/blog\/wp-json\/wp\/v2\/pages\/184\/revisions\/6066"}],"up":[{"embeddable":true,"href":"https:\/\/gi-imperios.org\/blog\/wp-json\/wp\/v2\/pages\/73"}],"wp:attachment":[{"href":"https:\/\/gi-imperios.org\/blog\/wp-json\/wp\/v2\/media?parent=184"}],"curies":[{"name":"wp","href":"https:\/\/api.w.org\/{rel}","templated":true}]}}