{"id":2095,"date":"2018-11-22T16:32:04","date_gmt":"2018-11-22T16:32:04","guid":{"rendered":"https:\/\/gi-imperios.org\/blog\/?page_id=2095"},"modified":"2023-07-20T13:08:04","modified_gmt":"2023-07-20T13:08:04","slug":"indigenous-colonial-archives-micro-histories-and-comparisons","status":"publish","type":"page","link":"https:\/\/gi-imperios.org\/blog\/indigenous-colonial-archives-micro-histories-and-comparisons\/","title":{"rendered":"Indigenous colonial archives: micro-histories and comparisons"},"content":{"rendered":"<p><strong><img loading=\"lazy\" decoding=\"async\" class=\"size-medium wp-image-2241 alignleft\" src=\"https:\/\/gi-imperios.org\/blog\/wp-content\/uploads\/2018\/12\/TT_CMZ-AF-GT_E_2-1_8_39_-_Alf\u00e2ndega._Arquivo-300x208.jpg\" alt=\"\" width=\"300\" height=\"208\" srcset=\"https:\/\/gi-imperios.org\/blog\/wp-content\/uploads\/2018\/12\/TT_CMZ-AF-GT_E_2-1_8_39_-_Alf\u00e2ndega._Arquivo-300x208.jpg 300w, https:\/\/gi-imperios.org\/blog\/wp-content\/uploads\/2018\/12\/TT_CMZ-AF-GT_E_2-1_8_39_-_Alf\u00e2ndega._Arquivo-768x531.jpg 768w, https:\/\/gi-imperios.org\/blog\/wp-content\/uploads\/2018\/12\/TT_CMZ-AF-GT_E_2-1_8_39_-_Alf\u00e2ndega._Arquivo-135x93.jpg 135w, https:\/\/gi-imperios.org\/blog\/wp-content\/uploads\/2018\/12\/TT_CMZ-AF-GT_E_2-1_8_39_-_Alf\u00e2ndega._Arquivo-250x173.jpg 250w, https:\/\/gi-imperios.org\/blog\/wp-content\/uploads\/2018\/12\/TT_CMZ-AF-GT_E_2-1_8_39_-_Alf\u00e2ndega._Arquivo-550x380.jpg 550w, https:\/\/gi-imperios.org\/blog\/wp-content\/uploads\/2018\/12\/TT_CMZ-AF-GT_E_2-1_8_39_-_Alf\u00e2ndega._Arquivo-800x553.jpg 800w, https:\/\/gi-imperios.org\/blog\/wp-content\/uploads\/2018\/12\/TT_CMZ-AF-GT_E_2-1_8_39_-_Alf\u00e2ndega._Arquivo-260x180.jpg 260w, https:\/\/gi-imperios.org\/blog\/wp-content\/uploads\/2018\/12\/TT_CMZ-AF-GT_E_2-1_8_39_-_Alf\u00e2ndega._Arquivo-434x300.jpg 434w, https:\/\/gi-imperios.org\/blog\/wp-content\/uploads\/2018\/12\/TT_CMZ-AF-GT_E_2-1_8_39_-_Alf\u00e2ndega._Arquivo-723x500.jpg 723w, https:\/\/gi-imperios.org\/blog\/wp-content\/uploads\/2018\/12\/TT_CMZ-AF-GT_E_2-1_8_39_-_Alf\u00e2ndega._Arquivo.jpg 1012w\" sizes=\"auto, (max-width: 300px) 100vw, 300px\" \/><br \/>\nPrincipal Investigator:<\/strong> Ricardo Roque<\/p>\n<p><strong>Team:<\/strong> \u00c2ngela Barreto Xavier, Catarina Madeira Santos, Lu\u00edsa Coutinho, Matheus Serva Pereira, Jos\u00e9 Miguel Ferreira, Thiago Sapede.<\/p>\n<div class=\"page\" title=\"Page 1\">\n<div class=\"section\">\n<div class=\"layoutArea\">\n<div class=\"column\">\n<p><strong>Funding<\/strong>: FCT, Funda\u00e7\u00e3o para a Ci\u00eancia e Tecnologia (Refer\u00eancia PTDC\/HAR- HIS\/28577\/2017)<\/p>\n<\/div>\n<\/div>\n<\/div>\n<\/div>\n<p>This project aims to examine indigenous practices of production, accumulation, preservation, and circulation of Portuguese-language records and written documentation, in the context of local cultural practices and of colonial histories of encounter. It is a central hypothesis of this study that the shared histories of European \u2013 and particularly Portuguese \u2013 colonialism and indigenous societies need to be understood in relation to a proliferation of vernacular archival cultures, literacy, and writing practices, so far little explored. It asks how and why indigenous cultures of writing, literate mediation, and document curating come into being in the context of colonial interactions; how they look like in relation to both indigenous cultural repertories and forms of governmentality and to histories of colonization, trade, conquest, evangelization, and state administration; and it considers the ways through which the colonizers themselves could relate to these varied archival cultures over time. The research will translate these issues into a set of comparative micro-historical studies on the social life of indigenous colonial documents and their related political, ritual, and social uses amongst distinct communities in Portuguese Asia and Africa: village communities in rural South Asia (Goa); indigenous kindgoms (<em>reinos<\/em>) in island Southeast Asia (Timor); and African states (<em>sobados<\/em>) in central Angola.<\/p>\n<p>Image: ANTT, Arquivo fotogr\u00e1fico da Companhia de Mo\u00e7ambique: Governo do Territ\u00f3rio de Manica e Sofala: Direc\u00e7\u00e3o dos Servi\u00e7os de Estatistica e Propaganda: Fotografias do concelho da Beira: Fotografias da cidade da Beira. Source: Wikipedia commons.<\/p>\n","protected":false},"excerpt":{"rendered":"<p> &hellip; <\/p>\n","protected":false},"author":1,"featured_media":0,"parent":0,"menu_order":0,"comment_status":"closed","ping_status":"closed","template":"","meta":{"_cbd_carousel_blocks":"[]","_exactmetrics_skip_tracking":false,"_exactmetrics_sitenote_active":false,"_exactmetrics_sitenote_note":"","_exactmetrics_sitenote_category":0,"footnotes":""},"class_list":["post-2095","page","type-page","status-publish","hentry"],"translation":{"provider":"WPGlobus","version":"3.0.0","language":"en","enabled_languages":["en","pt"],"languages":{"en":{"title":true,"content":true,"excerpt":false},"pt":{"title":true,"content":true,"excerpt":false}}},"_links":{"self":[{"href":"https:\/\/gi-imperios.org\/blog\/wp-json\/wp\/v2\/pages\/2095","targetHints":{"allow":["GET"]}}],"collection":[{"href":"https:\/\/gi-imperios.org\/blog\/wp-json\/wp\/v2\/pages"}],"about":[{"href":"https:\/\/gi-imperios.org\/blog\/wp-json\/wp\/v2\/types\/page"}],"author":[{"embeddable":true,"href":"https:\/\/gi-imperios.org\/blog\/wp-json\/wp\/v2\/users\/1"}],"replies":[{"embeddable":true,"href":"https:\/\/gi-imperios.org\/blog\/wp-json\/wp\/v2\/comments?post=2095"}],"version-history":[{"count":10,"href":"https:\/\/gi-imperios.org\/blog\/wp-json\/wp\/v2\/pages\/2095\/revisions"}],"predecessor-version":[{"id":9208,"href":"https:\/\/gi-imperios.org\/blog\/wp-json\/wp\/v2\/pages\/2095\/revisions\/9208"}],"wp:attachment":[{"href":"https:\/\/gi-imperios.org\/blog\/wp-json\/wp\/v2\/media?parent=2095"}],"curies":[{"name":"wp","href":"https:\/\/api.w.org\/{rel}","templated":true}]}}