{"id":3756,"date":"2019-10-02T23:47:10","date_gmt":"2019-10-02T23:47:10","guid":{"rendered":"https:\/\/gi-imperios.org\/blog\/?page_id=3756"},"modified":"2019-10-05T12:46:05","modified_gmt":"2019-10-05T12:46:05","slug":"research-projects-websites","status":"publish","type":"page","link":"https:\/\/gi-imperios.org\/blog\/research-projects-websites\/","title":{"rendered":"Research Projects Websites"},"content":{"rendered":"<p><strong>HOST<\/strong><\/p>\n<div id=\"awsm-team-4315\" class=\"awsm-grid-wrapper\">\n\t\t\t<div class=\"awsm-grid cards-style style-2 grid-3-col \">\n\t\t\t\t\t\t<div id=\"awsm-member-4315-11639\" class=\"awsm-grid-card\">\n\t\t\t\t   <figure>\n\t\t\t\t\t\t<div class=\"awsm-flip-front\"><img loading=\"lazy\" decoding=\"async\" width=\"500\" height=\"486\" src=\"https:\/\/gi-imperios.org\/blog\/wp-content\/uploads\/2026\/02\/Efemo2-black-EN-scaled-e1771239770451-500x486.png\" class=\"attachment-awsm_team size-awsm_team wp-post-image\" alt=\"\" srcset=\"https:\/\/gi-imperios.org\/blog\/wp-content\/uploads\/2026\/02\/Efemo2-black-EN-scaled-e1771239770451-500x486.png 500w, https:\/\/gi-imperios.org\/blog\/wp-content\/uploads\/2026\/02\/Efemo2-black-EN-scaled-e1771239770451-48x48.png 48w, https:\/\/gi-imperios.org\/blog\/wp-content\/uploads\/2026\/02\/Efemo2-black-EN-scaled-e1771239770451-45x45.png 45w\" sizes=\"auto, (max-width: 500px) 100vw, 500px\" \/><div class=\"awsm-personal-info\"><h3>ENFEMO: Nursing in Mozambique. Coord. Matheus Serva Pereira<\/h3><span><\/span><\/div><\/div>\t\t\t\t\t\t <figcaption class=\"awsm-flip-back\">\n\t\t\t\t\t\t\t<div class=\"awsm-flip-back-inner\"><div class=\"awsm-personal-info\"><h3>ENFEMO: Nursing in Mozambique. Coord. Matheus Serva Pereira<\/h3><span><\/span><\/div>\t\t\t\t\t\t\t<div class=\"awsm-contact-info\">\n\t\t\t\t\t\t\t\t<div class=\"awsm-social-icons\"><span><a href=\"https:\/\/enfemo.pt\/\" target=\"_blank\"><i class=\"awsm-icon-link\" aria-hidden=\"true\"><\/i><\/a><\/span><\/div>\t\t\t\t\t\t\t<\/div> <!-- .awsm-contact-info -->\n\t\t\t\t\t\t\t<\/div><!-- .awsm-flip-back-inner -->\t\t\t\t\t\t <\/figcaption>\n\t\t\t\t\t  <!-- <\/span> -->\n\t\t\t\t   <\/figure>\n\t\t\t\t<\/div>\n\t\t\t\t\t\t\t<div id=\"awsm-member-4315-8587\" class=\"awsm-grid-card\">\n\t\t\t\t   <figure>\n\t\t\t\t\t\t<div class=\"awsm-flip-front\"><img loading=\"lazy\" decoding=\"async\" width=\"404\" height=\"244\" src=\"https:\/\/gi-imperios.org\/blog\/wp-content\/uploads\/2022\/12\/Screen-Shot-2022-12-21-at-19.17.09.png\" class=\"attachment-awsm_team size-awsm_team wp-post-image\" alt=\"\" srcset=\"https:\/\/gi-imperios.org\/blog\/wp-content\/uploads\/2022\/12\/Screen-Shot-2022-12-21-at-19.17.09.png 404w, https:\/\/gi-imperios.org\/blog\/wp-content\/uploads\/2022\/12\/Screen-Shot-2022-12-21-at-19.17.09-300x181.png 300w, https:\/\/gi-imperios.org\/blog\/wp-content\/uploads\/2022\/12\/Screen-Shot-2022-12-21-at-19.17.09-250x151.png 250w, https:\/\/gi-imperios.org\/blog\/wp-content\/uploads\/2022\/12\/Screen-Shot-2022-12-21-at-19.17.09-298x180.png 298w\" sizes=\"auto, (max-width: 404px) 100vw, 404px\" \/><div class=\"awsm-personal-info\"><h3>Rituais p\u00fablicos no imp\u00e9rio portugu\u00eas (1498-1822)<\/h3><span>Coord. \u00c2ngela Barreto Xavier &amp; Nuno Gon\u00e7alo Monteiro<\/span><\/div><\/div>\t\t\t\t\t\t <figcaption class=\"awsm-flip-back\">\n\t\t\t\t\t\t\t<div class=\"awsm-flip-back-inner\"><div class=\"awsm-personal-info\"><h3>Rituais p\u00fablicos no imp\u00e9rio portugu\u00eas (1498-1822)<\/h3><span>Coord. \u00c2ngela Barreto Xavier &amp; Nuno Gon\u00e7alo Monteiro<\/span><\/div>\t\t\t\t\t\t\t<div class=\"awsm-contact-info\">\n\t\t\t\t\t\t\t\t<div class=\"awsm-social-icons\"><span><a href=\"http:\/\/rituals.ics.ulisboa.pt\/\" target=\"_blank\"><i class=\"awsm-icon-link\" aria-hidden=\"true\"><\/i><\/a><\/span><\/div>\t\t\t\t\t\t\t<\/div> <!-- .awsm-contact-info -->\n\t\t\t\t\t\t\t<\/div><!-- .awsm-flip-back-inner -->\t\t\t\t\t\t <\/figcaption>\n\t\t\t\t\t  <!-- <\/span> -->\n\t\t\t\t   <\/figure>\n\t\t\t\t<\/div>\n\t\t\t\t\t\t\t<div id=\"awsm-member-4315-5597\" class=\"awsm-grid-card\">\n\t\t\t\t   <figure>\n\t\t\t\t\t\t<div class=\"awsm-flip-front\"><img loading=\"lazy\" decoding=\"async\" width=\"500\" height=\"500\" src=\"https:\/\/gi-imperios.org\/blog\/wp-content\/uploads\/2020\/06\/mob-eng-div4-500x500.jpg\" class=\"attachment-awsm_team size-awsm_team wp-post-image\" alt=\"\" srcset=\"https:\/\/gi-imperios.org\/blog\/wp-content\/uploads\/2020\/06\/mob-eng-div4-500x500.jpg 500w, https:\/\/gi-imperios.org\/blog\/wp-content\/uploads\/2020\/06\/mob-eng-div4-300x300.jpg 300w, https:\/\/gi-imperios.org\/blog\/wp-content\/uploads\/2020\/06\/mob-eng-div4-150x150.jpg 150w, https:\/\/gi-imperios.org\/blog\/wp-content\/uploads\/2020\/06\/mob-eng-div4-48x48.jpg 48w, https:\/\/gi-imperios.org\/blog\/wp-content\/uploads\/2020\/06\/mob-eng-div4-250x250.jpg 250w, https:\/\/gi-imperios.org\/blog\/wp-content\/uploads\/2020\/06\/mob-eng-div4-180x180.jpg 180w, https:\/\/gi-imperios.org\/blog\/wp-content\/uploads\/2020\/06\/mob-eng-div4-45x45.jpg 45w, https:\/\/gi-imperios.org\/blog\/wp-content\/uploads\/2020\/06\/mob-eng-div4.jpg 530w\" sizes=\"auto, (max-width: 500px) 100vw, 500px\" \/><div class=\"awsm-personal-info\"><h3>Mobilising Archives: history, photography and anthropology<\/h3><span>coord. In\u00eas Ponte<\/span><\/div><\/div>\t\t\t\t\t\t <figcaption class=\"awsm-flip-back\">\n\t\t\t\t\t\t\t<div class=\"awsm-flip-back-inner\"><div class=\"awsm-personal-info\"><h3>Mobilising Archives: history, photography and anthropology<\/h3><span>coord. In\u00eas Ponte<\/span><\/div>\t\t\t\t\t\t\t<div class=\"awsm-contact-info\">\n\t\t\t\t\t\t\t\t<div class=\"awsm-social-icons\"><span><a href=\"http:\/\/www.hisfotant.org\/\" target=\"_blank\"><i class=\"awsm-icon-link\" aria-hidden=\"true\"><\/i><\/a><\/span><\/div>\t\t\t\t\t\t\t<\/div> <!-- .awsm-contact-info -->\n\t\t\t\t\t\t\t<\/div><!-- .awsm-flip-back-inner -->\t\t\t\t\t\t <\/figcaption>\n\t\t\t\t\t  <!-- <\/span> -->\n\t\t\t\t   <\/figure>\n\t\t\t\t<\/div>\n\t\t\t\t\t\t\t<div id=\"awsm-member-4315-6445\" class=\"awsm-grid-card\">\n\t\t\t\t   <figure>\n\t\t\t\t\t\t<div class=\"awsm-flip-front\"><img loading=\"lazy\" decoding=\"async\" width=\"500\" height=\"500\" src=\"https:\/\/gi-imperios.org\/blog\/wp-content\/uploads\/2021\/02\/indico-logo_large-500x500.jpg\" class=\"attachment-awsm_team size-awsm_team wp-post-image\" alt=\"\" srcset=\"https:\/\/gi-imperios.org\/blog\/wp-content\/uploads\/2021\/02\/indico-logo_large-500x500.jpg 500w, https:\/\/gi-imperios.org\/blog\/wp-content\/uploads\/2021\/02\/indico-logo_large-150x150.jpg 150w, https:\/\/gi-imperios.org\/blog\/wp-content\/uploads\/2021\/02\/indico-logo_large-48x48.jpg 48w, https:\/\/gi-imperios.org\/blog\/wp-content\/uploads\/2021\/02\/indico-logo_large-300x300.jpg 300w, https:\/\/gi-imperios.org\/blog\/wp-content\/uploads\/2021\/02\/indico-logo_large-45x45.jpg 45w\" sizes=\"auto, (max-width: 500px) 100vw, 500px\" \/><div class=\"awsm-personal-info\"><h3>INDICO: Indigenous Colonial Archives<\/h3><span>coord. Ricardo Roque<\/span><\/div><\/div>\t\t\t\t\t\t <figcaption class=\"awsm-flip-back\">\n\t\t\t\t\t\t\t<div class=\"awsm-flip-back-inner\"><div class=\"awsm-personal-info\"><h3>INDICO: Indigenous Colonial Archives<\/h3><span>coord. Ricardo Roque<\/span><\/div>\t\t\t\t\t\t\t<div class=\"awsm-contact-info\">\n\t\t\t\t\t\t\t\t<div class=\"awsm-social-icons\"><span><a href=\"http:\/\/indico.ics.ulisboa.pt\/\" target=\"_blank\"><i class=\"awsm-icon-link\" aria-hidden=\"true\"><\/i><\/a><\/span><\/div>\t\t\t\t\t\t\t<\/div> <!-- .awsm-contact-info -->\n\t\t\t\t\t\t\t<\/div><!-- .awsm-flip-back-inner -->\t\t\t\t\t\t <\/figcaption>\n\t\t\t\t\t  <!-- <\/span> -->\n\t\t\t\t   <\/figure>\n\t\t\t\t<\/div>\n\t\t\t\t\t\t\t<div id=\"awsm-member-4315-4317\" class=\"awsm-grid-card\">\n\t\t\t\t   <figure>\n\t\t\t\t\t\t<div class=\"awsm-flip-front\"><img loading=\"lazy\" decoding=\"async\" width=\"499\" height=\"500\" src=\"https:\/\/gi-imperios.org\/blog\/wp-content\/uploads\/2019\/10\/knowledge-and-vision1f.jpg\" class=\"attachment-awsm_team size-awsm_team wp-post-image\" alt=\"\" srcset=\"https:\/\/gi-imperios.org\/blog\/wp-content\/uploads\/2019\/10\/knowledge-and-vision1f.jpg 500w, https:\/\/gi-imperios.org\/blog\/wp-content\/uploads\/2019\/10\/knowledge-and-vision1f-300x300.jpg 300w, https:\/\/gi-imperios.org\/blog\/wp-content\/uploads\/2019\/10\/knowledge-and-vision1f-150x150.jpg 150w, https:\/\/gi-imperios.org\/blog\/wp-content\/uploads\/2019\/10\/knowledge-and-vision1f-48x48.jpg 48w, https:\/\/gi-imperios.org\/blog\/wp-content\/uploads\/2019\/10\/knowledge-and-vision1f-250x251.jpg 250w, https:\/\/gi-imperios.org\/blog\/wp-content\/uploads\/2019\/10\/knowledge-and-vision1f-180x180.jpg 180w, https:\/\/gi-imperios.org\/blog\/wp-content\/uploads\/2019\/10\/knowledge-and-vision1f-299x300.jpg 299w, https:\/\/gi-imperios.org\/blog\/wp-content\/uploads\/2019\/10\/knowledge-and-vision1f-45x45.jpg 45w\" sizes=\"auto, (max-width: 499px) 100vw, 499px\" \/><div class=\"awsm-personal-info\"><h3>Knowledge and Vision: Photography within the Portuguese colonial archive and museum 1850-1950<\/h3><span>Coord. Filipa Lowndes Vicente<\/span><\/div><\/div>\t\t\t\t\t\t <figcaption class=\"awsm-flip-back\">\n\t\t\t\t\t\t\t<div class=\"awsm-flip-back-inner\"><div class=\"awsm-personal-info\"><h3>Knowledge and Vision: Photography within the Portuguese colonial archive and museum 1850-1950<\/h3><span>Coord. Filipa Lowndes Vicente<\/span><\/div>\t\t\t\t\t\t\t<div class=\"awsm-contact-info\">\n\t\t\t\t\t\t\t\t<div class=\"awsm-social-icons\"><span><a href=\"http:\/\/www.fotografiacolonial.ics.ulisboa.pt\/index.html#1\" target=\"_blank\"><i class=\"awsm-icon-link\" aria-hidden=\"true\"><\/i><\/a><\/span><span><a href=\"https:\/\/arquivo.pt\/wayback\/20180413112708\/http:\/\/www.fotografiacolonial.ics.ulisboa.pt\/bibliografia.html\" target=\"_blank\"><i class=\"awsm-icon-link\" aria-hidden=\"true\"><\/i><\/a><\/span><\/div>\t\t\t\t\t\t\t<\/div> <!-- .awsm-contact-info -->\n\t\t\t\t\t\t\t<\/div><!-- .awsm-flip-back-inner -->\t\t\t\t\t\t <\/figcaption>\n\t\t\t\t\t  <!-- <\/span> -->\n\t\t\t\t   <\/figure>\n\t\t\t\t<\/div>\n\t\t\t\t\t\t\t<div id=\"awsm-member-4315-4326\" class=\"awsm-grid-card\">\n\t\t\t\t   <figure>\n\t\t\t\t\t\t<div class=\"awsm-flip-front\"><img loading=\"lazy\" decoding=\"async\" width=\"500\" height=\"500\" src=\"https:\/\/gi-imperios.org\/blog\/wp-content\/uploads\/2019\/10\/governo-imaginario-sq-500x500.jpg\" class=\"attachment-awsm_team size-awsm_team wp-post-image\" alt=\"\" srcset=\"https:\/\/gi-imperios.org\/blog\/wp-content\/uploads\/2019\/10\/governo-imaginario-sq-500x500.jpg 500w, https:\/\/gi-imperios.org\/blog\/wp-content\/uploads\/2019\/10\/governo-imaginario-sq-150x150.jpg 150w, https:\/\/gi-imperios.org\/blog\/wp-content\/uploads\/2019\/10\/governo-imaginario-sq-300x300.jpg 300w, https:\/\/gi-imperios.org\/blog\/wp-content\/uploads\/2019\/10\/governo-imaginario-sq-768x768.jpg 768w, https:\/\/gi-imperios.org\/blog\/wp-content\/uploads\/2019\/10\/governo-imaginario-sq-1024x1024.jpg 1024w, https:\/\/gi-imperios.org\/blog\/wp-content\/uploads\/2019\/10\/governo-imaginario-sq-48x48.jpg 48w, https:\/\/gi-imperios.org\/blog\/wp-content\/uploads\/2019\/10\/governo-imaginario-sq-250x250.jpg 250w, https:\/\/gi-imperios.org\/blog\/wp-content\/uploads\/2019\/10\/governo-imaginario-sq-550x550.jpg 550w, https:\/\/gi-imperios.org\/blog\/wp-content\/uploads\/2019\/10\/governo-imaginario-sq-800x800.jpg 800w, https:\/\/gi-imperios.org\/blog\/wp-content\/uploads\/2019\/10\/governo-imaginario-sq-180x180.jpg 180w, https:\/\/gi-imperios.org\/blog\/wp-content\/uploads\/2019\/10\/governo-imaginario-sq-45x45.jpg 45w, https:\/\/gi-imperios.org\/blog\/wp-content\/uploads\/2019\/10\/governo-imaginario-sq.jpg 1072w\" sizes=\"auto, (max-width: 500px) 100vw, 500px\" \/><div class=\"awsm-personal-info\"><h3>The Government of Difference: Political Imagination in the Portuguese Empire (1496\u20131961)<\/h3><span>Coord. \u00c2ngela Barreto Xavier, Cristina N. da Silva, Pedro Cardim<\/span><\/div><\/div>\t\t\t\t\t\t <figcaption class=\"awsm-flip-back\">\n\t\t\t\t\t\t\t<div class=\"awsm-flip-back-inner\"><div class=\"awsm-personal-info\"><h3>The Government of Difference: Political Imagination in the Portuguese Empire (1496\u20131961)<\/h3><span>Coord. \u00c2ngela Barreto Xavier, Cristina N. da Silva, Pedro Cardim<\/span><\/div>\t\t\t\t\t\t\t<div class=\"awsm-contact-info\">\n\t\t\t\t\t\t\t\t<div class=\"awsm-social-icons\"><span><a href=\"http:\/\/www.governodosoutros.ics.ul.pt\/?menu=inicio&#038;lang=uk\" target=\"_blank\"><i class=\"awsm-icon-link\" aria-hidden=\"true\"><\/i><\/a><\/span><span><a href=\"https:\/\/arquivo.pt\/wayback\/20180413115609\/http:\/\/www.governodosoutros.ics.ul.pt\/?menu=inicio\" target=\"_blank\"><i class=\"awsm-icon-link\" aria-hidden=\"true\"><\/i><\/a><\/span><\/div>\t\t\t\t\t\t\t<\/div> <!-- .awsm-contact-info -->\n\t\t\t\t\t\t\t<\/div><!-- .awsm-flip-back-inner -->\t\t\t\t\t\t <\/figcaption>\n\t\t\t\t\t  <!-- <\/span> -->\n\t\t\t\t   <\/figure>\n\t\t\t\t<\/div>\n\t\t\t\t\t\t\t<div id=\"awsm-member-4315-4342\" class=\"awsm-grid-card\">\n\t\t\t\t   <figure>\n\t\t\t\t\t\t<div class=\"awsm-flip-front\"><img loading=\"lazy\" decoding=\"async\" width=\"500\" height=\"500\" src=\"https:\/\/gi-imperios.org\/blog\/wp-content\/uploads\/2019\/10\/timor-site_f-500x500.jpg\" class=\"attachment-awsm_team size-awsm_team wp-post-image\" alt=\"\" srcset=\"https:\/\/gi-imperios.org\/blog\/wp-content\/uploads\/2019\/10\/timor-site_f-500x500.jpg 500w, https:\/\/gi-imperios.org\/blog\/wp-content\/uploads\/2019\/10\/timor-site_f-300x300.jpg 300w, https:\/\/gi-imperios.org\/blog\/wp-content\/uploads\/2019\/10\/timor-site_f-150x150.jpg 150w, https:\/\/gi-imperios.org\/blog\/wp-content\/uploads\/2019\/10\/timor-site_f-768x768.jpg 768w, https:\/\/gi-imperios.org\/blog\/wp-content\/uploads\/2019\/10\/timor-site_f-48x48.jpg 48w, https:\/\/gi-imperios.org\/blog\/wp-content\/uploads\/2019\/10\/timor-site_f-250x250.jpg 250w, https:\/\/gi-imperios.org\/blog\/wp-content\/uploads\/2019\/10\/timor-site_f-550x550.jpg 550w, https:\/\/gi-imperios.org\/blog\/wp-content\/uploads\/2019\/10\/timor-site_f-180x180.jpg 180w, https:\/\/gi-imperios.org\/blog\/wp-content\/uploads\/2019\/10\/timor-site_f-45x45.jpg 45w, https:\/\/gi-imperios.org\/blog\/wp-content\/uploads\/2019\/10\/timor-site_f.jpg 800w\" sizes=\"auto, (max-width: 500px) 100vw, 500px\" \/><div class=\"awsm-personal-info\"><h3>History and Anthropology Timor Leste<\/h3><span>Coord. Ricardo Roque<\/span><\/div><\/div>\t\t\t\t\t\t <figcaption class=\"awsm-flip-back\">\n\t\t\t\t\t\t\t<div class=\"awsm-flip-back-inner\"><div class=\"awsm-personal-info\"><h3>History and Anthropology Timor Leste<\/h3><span>Coord. Ricardo Roque<\/span><\/div>\t\t\t\t\t\t\t<div class=\"awsm-contact-info\">\n\t\t\t\t\t\t\t\t<div class=\"awsm-social-icons\"><span><a href=\"http:\/\/www.historyanthropologytimor.org\" target=\"_blank\"><i class=\"awsm-icon-link\" aria-hidden=\"true\"><\/i><\/a><\/span><span><a href=\"https:\/\/arquivo.pt\/wayback\/20220814071554\/http:\/\/www.historyanthropologytimor.org\/?page_id=76\" target=\"_blank\"><i class=\"awsm-icon-link\" aria-hidden=\"true\"><\/i><\/a><\/span><\/div>\t\t\t\t\t\t\t<\/div> <!-- .awsm-contact-info -->\n\t\t\t\t\t\t\t<\/div><!-- .awsm-flip-back-inner -->\t\t\t\t\t\t <\/figcaption>\n\t\t\t\t\t  <!-- <\/span> -->\n\t\t\t\t   <\/figure>\n\t\t\t\t<\/div>\n\t\t\t\t\t<\/div><!-- .grid -->\n\t\t<\/div>\n\n<p><strong>PARTNER<\/strong><\/p>\n<div id=\"awsm-team-4347\" class=\"awsm-grid-wrapper\">\n\t\t\t<div class=\"awsm-grid cards-style style-2 grid-3-col \">\n\t\t\t\t\t\t<div id=\"awsm-member-4347-4349\" class=\"awsm-grid-card\">\n\t\t\t\t   <figure>\n\t\t\t\t\t\t<div class=\"awsm-flip-front\"><img loading=\"lazy\" decoding=\"async\" width=\"500\" height=\"500\" src=\"https:\/\/gi-imperios.org\/blog\/wp-content\/uploads\/2019\/10\/resistance-sq-500x500.jpg\" class=\"attachment-awsm_team size-awsm_team wp-post-image\" alt=\"\" srcset=\"https:\/\/gi-imperios.org\/blog\/wp-content\/uploads\/2019\/10\/resistance-sq-500x500.jpg 500w, https:\/\/gi-imperios.org\/blog\/wp-content\/uploads\/2019\/10\/resistance-sq-150x150.jpg 150w, https:\/\/gi-imperios.org\/blog\/wp-content\/uploads\/2019\/10\/resistance-sq-300x300.jpg 300w, https:\/\/gi-imperios.org\/blog\/wp-content\/uploads\/2019\/10\/resistance-sq-768x768.jpg 768w, https:\/\/gi-imperios.org\/blog\/wp-content\/uploads\/2019\/10\/resistance-sq-1024x1024.jpg 1024w, https:\/\/gi-imperios.org\/blog\/wp-content\/uploads\/2019\/10\/resistance-sq-48x48.jpg 48w, https:\/\/gi-imperios.org\/blog\/wp-content\/uploads\/2019\/10\/resistance-sq-250x250.jpg 250w, https:\/\/gi-imperios.org\/blog\/wp-content\/uploads\/2019\/10\/resistance-sq-550x550.jpg 550w, https:\/\/gi-imperios.org\/blog\/wp-content\/uploads\/2019\/10\/resistance-sq-800x800.jpg 800w, https:\/\/gi-imperios.org\/blog\/wp-content\/uploads\/2019\/10\/resistance-sq-180x180.jpg 180w, https:\/\/gi-imperios.org\/blog\/wp-content\/uploads\/2019\/10\/resistance-sq-45x45.jpg 45w, https:\/\/gi-imperios.org\/blog\/wp-content\/uploads\/2019\/10\/resistance-sq.jpg 1406w\" sizes=\"auto, (max-width: 500px) 100vw, 500px\" \/><div class=\"awsm-personal-info\"><h3>Resistance: Rebellion and Resistance in the Iberian Empires, 16th-19th centuries<\/h3><span>Coord. ICS. \u00c2ngela Barreto Xavier<\/span><\/div><\/div>\t\t\t\t\t\t <figcaption class=\"awsm-flip-back\">\n\t\t\t\t\t\t\t<div class=\"awsm-flip-back-inner\"><div class=\"awsm-personal-info\"><h3>Resistance: Rebellion and Resistance in the Iberian Empires, 16th-19th centuries<\/h3><span>Coord. ICS. \u00c2ngela Barreto Xavier<\/span><\/div>\t\t\t\t\t\t\t<div class=\"awsm-contact-info\">\n\t\t\t\t\t\t\t\t<div class=\"awsm-social-icons\"><span><a href=\"http:\/\/www.resistance.uevora.pt\" target=\"_blank\"><i class=\"awsm-icon-link\" aria-hidden=\"true\"><\/i><\/a><\/span><\/div>\t\t\t\t\t\t\t<\/div> <!-- .awsm-contact-info -->\n\t\t\t\t\t\t\t<\/div><!-- .awsm-flip-back-inner -->\t\t\t\t\t\t <\/figcaption>\n\t\t\t\t\t  <!-- <\/span> -->\n\t\t\t\t   <\/figure>\n\t\t\t\t<\/div>\n\t\t\t\t\t<\/div><!-- .grid -->\n\t\t<\/div>\n\n","protected":false},"excerpt":{"rendered":"<p> &hellip; <\/p>\n","protected":false},"author":4,"featured_media":0,"parent":0,"menu_order":0,"comment_status":"closed","ping_status":"closed","template":"","meta":{"_cbd_carousel_blocks":"[]","_exactmetrics_skip_tracking":false,"_exactmetrics_sitenote_active":false,"_exactmetrics_sitenote_note":"","_exactmetrics_sitenote_category":0,"footnotes":""},"class_list":["post-3756","page","type-page","status-publish","hentry"],"translation":{"provider":"WPGlobus","version":"3.0.0","language":"en","enabled_languages":["en","pt"],"languages":{"en":{"title":true,"content":true,"excerpt":false},"pt":{"title":true,"content":true,"excerpt":false}}},"_links":{"self":[{"href":"https:\/\/gi-imperios.org\/blog\/wp-json\/wp\/v2\/pages\/3756","targetHints":{"allow":["GET"]}}],"collection":[{"href":"https:\/\/gi-imperios.org\/blog\/wp-json\/wp\/v2\/pages"}],"about":[{"href":"https:\/\/gi-imperios.org\/blog\/wp-json\/wp\/v2\/types\/page"}],"author":[{"embeddable":true,"href":"https:\/\/gi-imperios.org\/blog\/wp-json\/wp\/v2\/users\/4"}],"replies":[{"embeddable":true,"href":"https:\/\/gi-imperios.org\/blog\/wp-json\/wp\/v2\/comments?post=3756"}],"version-history":[{"count":58,"href":"https:\/\/gi-imperios.org\/blog\/wp-json\/wp\/v2\/pages\/3756\/revisions"}],"predecessor-version":[{"id":11638,"href":"https:\/\/gi-imperios.org\/blog\/wp-json\/wp\/v2\/pages\/3756\/revisions\/11638"}],"wp:attachment":[{"href":"https:\/\/gi-imperios.org\/blog\/wp-json\/wp\/v2\/media?parent=3756"}],"curies":[{"name":"wp","href":"https:\/\/api.w.org\/{rel}","templated":true}]}}