{"id":420,"date":"2017-11-10T23:55:46","date_gmt":"2017-11-10T23:55:46","guid":{"rendered":"https:\/\/gi-imperios.org\/blog\/?page_id=420"},"modified":"2018-02-07T15:20:43","modified_gmt":"2018-02-07T15:20:43","slug":"the-government-of-difference-political-imagination-in-the-portuguese-empire-1496-1961","status":"publish","type":"page","link":"https:\/\/gi-imperios.org\/blog\/the-government-of-difference-political-imagination-in-the-portuguese-empire-1496-1961\/","title":{"rendered":"The Government of Difference Political Imagination in the Portuguese Empire (1496-1961)"},"content":{"rendered":"<p><em><img loading=\"lazy\" decoding=\"async\" class=\"alignleft wp-image-340 size-medium\" src=\"https:\/\/gi-imperios.org\/blog\/wp-content\/uploads\/2017\/11\/GOVERNO-DOS-OUTROS-300x215.png\" alt=\"\" width=\"300\" height=\"215\" srcset=\"https:\/\/gi-imperios.org\/blog\/wp-content\/uploads\/2017\/11\/GOVERNO-DOS-OUTROS-300x215.png 300w, https:\/\/gi-imperios.org\/blog\/wp-content\/uploads\/2017\/11\/GOVERNO-DOS-OUTROS.png 592w\" sizes=\"auto, (max-width: 300px) 100vw, 300px\" \/><\/em><strong>O Governo da Diferen\u00e7a. Imagin\u00e1rios Pol\u00edticos no Imp\u00e9rio Portugu\u00eas (1496-1961).<\/strong><\/p>\n<p><strong>Principal Investigator:<\/strong> \u00c2ngela Barreto Xavier (ICS-UL).<\/p>\n<p><strong>Sponsor:<\/strong> FCT. Reference: PTDC\/HIS-HIS\/104640\/2008.<\/p>\n<p>Websites:\u00a0http:\/\/www.governodosoutros.ics.ul.pt\u00a0 http:\/\/governodosoutros.wordpress.com<\/p>\n<p>This project examined how, between 1496 (royal decree that expelled the Jewish from the Portuguese kingdom) and 1961 (the abolishment of the Estatuto pol\u00edtico, civil e criminal dos ind\u00edgenas de Angola e Mo\u00e7ambique), the problems related with the government of the different populations of the Portuguese empire were discussed. The answers to these problems resulted in a set of proposals that have oscillated between inclusive and exclusive solutions. Despite the fact that they have changed throughout time and that some political projects aimed at dissolving the difference, these solutions always entailed forms of distinction between \u2018colonizers\u2019 and \u2018colonized\u2019. Illustrations of these were the legal and political universalism associated with the conversion to Christianity or the political culture of Enlightenment, when the natural equality of mankind was defended and, consequently, the equality of political rights. A similar tension stays behind the idea of mission civilisatrice, which tried to recover the virtues of natural equality, entailing, at the same time, forms of delaying the attribution of the status of equal. From 19th century onwards, the emergent idea of race and the natural differences that derived from it challenged these trends, justifying the option for the Estatuto politico (\u2026) dos indigenas, of 1926. After the 2nd World War, the racist faith and policies would be questioned by luso-tropicalism and the belief on the special ability of the Portuguese to mix with other populations.<\/p>\n","protected":false},"excerpt":{"rendered":"<p> &hellip; <\/p>\n","protected":false},"author":2,"featured_media":0,"parent":0,"menu_order":0,"comment_status":"closed","ping_status":"closed","template":"","meta":{"_cbd_carousel_blocks":"[]","_exactmetrics_skip_tracking":false,"_exactmetrics_sitenote_active":false,"_exactmetrics_sitenote_note":"","_exactmetrics_sitenote_category":0,"footnotes":""},"class_list":["post-420","page","type-page","status-publish","hentry"],"translation":{"provider":"WPGlobus","version":"3.0.0","language":"en","enabled_languages":["en","pt"],"languages":{"en":{"title":true,"content":true,"excerpt":false},"pt":{"title":true,"content":true,"excerpt":false}}},"_links":{"self":[{"href":"https:\/\/gi-imperios.org\/blog\/wp-json\/wp\/v2\/pages\/420","targetHints":{"allow":["GET"]}}],"collection":[{"href":"https:\/\/gi-imperios.org\/blog\/wp-json\/wp\/v2\/pages"}],"about":[{"href":"https:\/\/gi-imperios.org\/blog\/wp-json\/wp\/v2\/types\/page"}],"author":[{"embeddable":true,"href":"https:\/\/gi-imperios.org\/blog\/wp-json\/wp\/v2\/users\/2"}],"replies":[{"embeddable":true,"href":"https:\/\/gi-imperios.org\/blog\/wp-json\/wp\/v2\/comments?post=420"}],"version-history":[{"count":6,"href":"https:\/\/gi-imperios.org\/blog\/wp-json\/wp\/v2\/pages\/420\/revisions"}],"predecessor-version":[{"id":1110,"href":"https:\/\/gi-imperios.org\/blog\/wp-json\/wp\/v2\/pages\/420\/revisions\/1110"}],"wp:attachment":[{"href":"https:\/\/gi-imperios.org\/blog\/wp-json\/wp\/v2\/media?parent=420"}],"curies":[{"name":"wp","href":"https:\/\/api.w.org\/{rel}","templated":true}]}}