{"id":424,"date":"2017-11-10T23:59:37","date_gmt":"2017-11-10T23:59:37","guid":{"rendered":"https:\/\/gi-imperios.org\/blog\/?page_id=424"},"modified":"2018-07-05T11:46:12","modified_gmt":"2018-07-05T11:46:12","slug":"a-comunicacao-politica-na-monarquia-pluricontinental-portuguesa-1580-1808-reino-atlantico-e-brasil","status":"publish","type":"page","link":"https:\/\/gi-imperios.org\/blog\/a-comunicacao-politica-na-monarquia-pluricontinental-portuguesa-1580-1808-reino-atlantico-e-brasil\/","title":{"rendered":"A COMUNICA\u00c7\u00c3O POL\u00cdTICA NA MONARQUIA PLURICONTINENTAL PORTUGU\u00caSA (1580-1808): Reino, Atl\u00e2ntico e Brasil"},"content":{"rendered":"<p><strong><img loading=\"lazy\" decoding=\"async\" class=\"alignleft wp-image-305 size-medium\" src=\"https:\/\/gi-imperios.org\/blog\/wp-content\/uploads\/2017\/10\/Fig-11-300x172.jpg\" alt=\"\" width=\"300\" height=\"172\" srcset=\"https:\/\/gi-imperios.org\/blog\/wp-content\/uploads\/2017\/10\/Fig-11-300x172.jpg 300w, https:\/\/gi-imperios.org\/blog\/wp-content\/uploads\/2017\/10\/Fig-11.jpg 436w\" sizes=\"auto, (max-width: 300px) 100vw, 300px\" \/>Principal Investigator:<\/strong> Nuno Gon\u00e7alo Monteiro (ICS-UL).<\/p>\n<p><strong>Sponsor:<\/strong> FCT.<\/p>\n<p><strong>Reference:<\/strong> PTDC\/HIS-HIS\/098928\/2008.<\/p>\n<p>Este projecto n\u00e3o prop\u00f5s o estudo de uma informa\u00e7\u00e3o desconhecida, mas uma outra forma de olhar e de tratar fontes j\u00e1 parcialmente consultadas. O termo \u00abcomunica\u00e7\u00e3o pol\u00edtica\u00bb tem sido utilizado pelos cientistas pol\u00edticos para qualificar as novas modalidades de circula\u00e7\u00e3o da informa\u00e7\u00e3o pol\u00edtica nas sociedades recentes que j\u00e1 n\u00e3o se confinam apenas \u00e0 recep\u00e7\u00e3o passiva e massiva da televis\u00e3o, mas se alargam tamb\u00e9m a outros meios e agentes, incluindo a internet, alterando os conte\u00fados e as formas de interven\u00e7\u00e3o. Retomamo-lo aqui para sublinhar a relev\u00e2ncia de se conhecerem e estudarem os agentes produtores, os ritmos de produ\u00e7\u00e3o, os canais de circula\u00e7\u00e3o, a tipologia dos assuntos, e, por fim, o destino final das solicita\u00e7\u00f5es feitas nas periferias para o centro da monarquia portuguesa e vice-versa na dimens\u00e3o pluricontinental que teve nos s\u00e9culos XVII e XVIII. Trata-se de uma quest\u00e3o essencial, em parte j\u00e1 estudada com outras designa\u00e7\u00f5es, mas que ganha muito em ser pesquisada de forma sistem\u00e1tica, relativamente uniforme e comparando diversos espa\u00e7os geogr\u00e1ficos. \u00a0Ent\u00e3o, o que se pretende sugerir \u00e9 que as peti\u00e7\u00f5es, de todo o tipo, eram um instrumento essencial de comunica\u00e7\u00e3o pol\u00edtica na monarquia portuguesa do Antigo Regime e que a investiga\u00e7\u00e3o sistem\u00e1tica sobre as mesmas permitir\u00e1 compreender muito melhor as formas do seu funcionamento pol\u00edtico e os seus mecanismo de integra\u00e7\u00e3o.<\/p>\n","protected":false},"excerpt":{"rendered":"<p> &hellip; <\/p>\n","protected":false},"author":2,"featured_media":0,"parent":0,"menu_order":0,"comment_status":"closed","ping_status":"closed","template":"","meta":{"_cbd_carousel_blocks":"[]","_exactmetrics_skip_tracking":false,"_exactmetrics_sitenote_active":false,"_exactmetrics_sitenote_note":"","_exactmetrics_sitenote_category":0,"footnotes":""},"class_list":["post-424","page","type-page","status-publish","hentry"],"translation":{"provider":"WPGlobus","version":"3.0.0","language":"en","enabled_languages":["en","pt"],"languages":{"en":{"title":true,"content":true,"excerpt":false},"pt":{"title":false,"content":true,"excerpt":false}}},"_links":{"self":[{"href":"https:\/\/gi-imperios.org\/blog\/wp-json\/wp\/v2\/pages\/424","targetHints":{"allow":["GET"]}}],"collection":[{"href":"https:\/\/gi-imperios.org\/blog\/wp-json\/wp\/v2\/pages"}],"about":[{"href":"https:\/\/gi-imperios.org\/blog\/wp-json\/wp\/v2\/types\/page"}],"author":[{"embeddable":true,"href":"https:\/\/gi-imperios.org\/blog\/wp-json\/wp\/v2\/users\/2"}],"replies":[{"embeddable":true,"href":"https:\/\/gi-imperios.org\/blog\/wp-json\/wp\/v2\/comments?post=424"}],"version-history":[{"count":6,"href":"https:\/\/gi-imperios.org\/blog\/wp-json\/wp\/v2\/pages\/424\/revisions"}],"predecessor-version":[{"id":1854,"href":"https:\/\/gi-imperios.org\/blog\/wp-json\/wp\/v2\/pages\/424\/revisions\/1854"}],"wp:attachment":[{"href":"https:\/\/gi-imperios.org\/blog\/wp-json\/wp\/v2\/media?parent=424"}],"curies":[{"name":"wp","href":"https:\/\/api.w.org\/{rel}","templated":true}]}}