{"id":4245,"date":"2019-10-04T13:53:07","date_gmt":"2019-10-04T13:53:07","guid":{"rendered":"https:\/\/gi-imperios.org\/blog\/?page_id=4245"},"modified":"2024-02-12T18:24:33","modified_gmt":"2024-02-12T18:24:33","slug":"site-credits","status":"publish","type":"page","link":"https:\/\/gi-imperios.org\/blog\/site-credits\/","title":{"rendered":"Editorial Team"},"content":{"rendered":"<p>Coordination: <a href=\"https:\/\/www.ics.ulisboa.pt\/pessoa\/ines-ponte\" target=\"_blank\" rel=\"noopener\">In\u00eas Ponte<\/a> e <a href=\"https:\/\/www.ics.ulisboa.pt\/pessoa\/matheus-serva-pereira\">Matheus Serva Pereira<\/a><\/p>\n<p>Editorial Team: Ricardo Roque,\u00a0 Kevin Soares, Sandra Ara\u00fajo, Cristina S\u00e1 Valentim<\/p>\n<p>Former Editorial Member: Ana Rita Amaral (2018), Bruno G\u00f3is (2018-2019), Jos\u00e9 Miguel Ferreira (2018-2021)<\/p>\n<p>WebDesign Support: In\u00eas Ponte<\/p>\n<p><em>Social Media Management<\/em><\/p>\n<p>Facebook: Maria Jos\u00e9 Lobo Antunes and Matheus Serva Pereira (former: Jos\u00e9 Miguel Ferreira [2018-2021], Bruno G\u00f3is [2018])<\/p>\n<p>Twitter: Joana Fraga, Matheus Serva Pereira [former: Maria Jos\u00e9 Lobo Antunes [2021]]<\/p>\n","protected":false},"excerpt":{"rendered":"<p> &hellip; <\/p>\n","protected":false},"author":4,"featured_media":0,"parent":0,"menu_order":0,"comment_status":"closed","ping_status":"closed","template":"","meta":{"_cbd_carousel_blocks":"[]","_exactmetrics_skip_tracking":false,"_exactmetrics_sitenote_active":false,"_exactmetrics_sitenote_note":"","_exactmetrics_sitenote_category":0,"footnotes":""},"class_list":["post-4245","page","type-page","status-publish","hentry"],"translation":{"provider":"WPGlobus","version":"3.0.0","language":"en","enabled_languages":["en","pt"],"languages":{"en":{"title":true,"content":true,"excerpt":false},"pt":{"title":true,"content":true,"excerpt":false}}},"_links":{"self":[{"href":"https:\/\/gi-imperios.org\/blog\/wp-json\/wp\/v2\/pages\/4245","targetHints":{"allow":["GET"]}}],"collection":[{"href":"https:\/\/gi-imperios.org\/blog\/wp-json\/wp\/v2\/pages"}],"about":[{"href":"https:\/\/gi-imperios.org\/blog\/wp-json\/wp\/v2\/types\/page"}],"author":[{"embeddable":true,"href":"https:\/\/gi-imperios.org\/blog\/wp-json\/wp\/v2\/users\/4"}],"replies":[{"embeddable":true,"href":"https:\/\/gi-imperios.org\/blog\/wp-json\/wp\/v2\/comments?post=4245"}],"version-history":[{"count":14,"href":"https:\/\/gi-imperios.org\/blog\/wp-json\/wp\/v2\/pages\/4245\/revisions"}],"predecessor-version":[{"id":10011,"href":"https:\/\/gi-imperios.org\/blog\/wp-json\/wp\/v2\/pages\/4245\/revisions\/10011"}],"wp:attachment":[{"href":"https:\/\/gi-imperios.org\/blog\/wp-json\/wp\/v2\/media?parent=4245"}],"curies":[{"name":"wp","href":"https:\/\/api.w.org\/{rel}","templated":true}]}}