{"id":4416,"date":"2019-10-11T19:23:53","date_gmt":"2019-10-11T19:23:53","guid":{"rendered":"https:\/\/gi-imperios.org\/blog\/?page_id=4416"},"modified":"2023-11-02T16:10:09","modified_gmt":"2023-11-02T16:10:09","slug":"rebellion-and-resistance-in-the-iberian-empires-16th-19th-centuries","status":"publish","type":"page","link":"https:\/\/gi-imperios.org\/blog\/rebellion-and-resistance-in-the-iberian-empires-16th-19th-centuries\/","title":{"rendered":"RESISTANCE: Rebellion and Resistance in the Iberian Empires, 16th-19th centuries"},"content":{"rendered":"<p><strong><img loading=\"lazy\" decoding=\"async\" class=\"wp-image-4414 alignleft\" src=\"https:\/\/gi-imperios.org\/blog\/wp-content\/uploads\/2019\/10\/Projeto-Resistance-02.jpg\" alt=\"\" width=\"406\" height=\"228\" srcset=\"https:\/\/gi-imperios.org\/blog\/wp-content\/uploads\/2019\/10\/Projeto-Resistance-02.jpg 686w, https:\/\/gi-imperios.org\/blog\/wp-content\/uploads\/2019\/10\/Projeto-Resistance-02-300x168.jpg 300w, https:\/\/gi-imperios.org\/blog\/wp-content\/uploads\/2019\/10\/Projeto-Resistance-02-250x140.jpg 250w, https:\/\/gi-imperios.org\/blog\/wp-content\/uploads\/2019\/10\/Projeto-Resistance-02-550x309.jpg 550w, https:\/\/gi-imperios.org\/blog\/wp-content\/uploads\/2019\/10\/Projeto-Resistance-02-321x180.jpg 321w, https:\/\/gi-imperios.org\/blog\/wp-content\/uploads\/2019\/10\/Projeto-Resistance-02-535x300.jpg 535w\" sizes=\"auto, (max-width: 406px) 100vw, 406px\" \/>ICS Team<\/strong><\/p>\n<p>\u00c2ngela Barreto Xavier | Arthur Curvello | Bruno C\u00e9zar Silva | Isabel Corr\u00eaa da Silva | Joana Fraga | Jos\u00e9 Ferreira | Kevin Soares | Matheus Serva Pereira | Miguel Dantas da Cruz | Nuno Gon\u00e7alo Monteiro | Ricardo Roque<\/p>\n<p>This project has received funding from the European Union\u2019s Horizon 2020 research and innovation programme under the Marie Sk\u0142odowska-Curie Grant Agreement No 778076. (Ref.\u00a0778076-H2020-MSCA-RISE-2017)<\/p>\n<p>RESISTANCE aims at analysing these issues by focusing on the processes of resistance carried out by social actors that have been historically disadvantaged, discriminated against and dominated. By using a concept of resistance that connects continued and less visible forms of resistance, cultural dissent and violent revolts, the ultimate goal of RESISTANCE is to produce a reinterpretation of the universe of \u201cthe dominated\u201d. RESISTANCE will provide an understanding of how these actors could influence processes of social change, either by opening up societies to diversity and making them more inclusive and equal, or, conversely, by causing the increase of repression. Rooted in the disciplinary field of history, RESISTANCE uses the past as a laboratory for the analysis. Focusing on the former Portuguese and Spanish empires, this project privileges a comparative approach in time and space in order to investigate an extended time frame (sixteenth to mid-nineteenth centuries) and a spatial framework that encompasses Europe, the Americas, Africa and Asia. The past experiences of their societies, strongly grounded on ethnic, social, economic, cultural, religious, and gender inequality, still shape current political and social dynamics.<\/p>\n<p>There are 13 partner institutions, seven of them European \u2013 four in Portugal (Universidade de \u00c9vora, FCSH-NOVA, ICS-ULisboa, ISCTE-IUL, Max Plank Institute, Universidad de Cantabria and Universidad de Santiago de Compostela), and six non-European institutions (Pontificia Universidad Cat\u00f3lica de Chile,\u00a0 Universidad Nacional de La Plata, Universidade de Cabo Verde, El Colegio de Michoac\u00e1n, Universidade Federal da Bahia and Brown University). In total, 102 researchers are involved, with different areas of interest that converge to understand the actors and scenarios of resistance in Europe, Americas, Asia and Africa.<\/p>\n<p>RESISTANCE is coordinated by Mafalda Soares da Cunha &#8211; Centro Interdisciplinar de Hist\u00f3ria, Culturas e Sociedades (CIDEHUS-U\u00c9VORA).<\/p>\n<p>More information: <a href=\"http:\/\/www.resistance.uevora.pt\">www.resistance.uevora.pt<\/a><\/p>\n","protected":false},"excerpt":{"rendered":"<p> &hellip; <\/p>\n","protected":false},"author":4,"featured_media":4414,"parent":0,"menu_order":0,"comment_status":"closed","ping_status":"closed","template":"","meta":{"_cbd_carousel_blocks":"[]","_exactmetrics_skip_tracking":false,"_exactmetrics_sitenote_active":false,"_exactmetrics_sitenote_note":"","_exactmetrics_sitenote_category":0,"footnotes":""},"class_list":["post-4416","page","type-page","status-publish","has-post-thumbnail","hentry"],"translation":{"provider":"WPGlobus","version":"3.0.0","language":"en","enabled_languages":["en","pt"],"languages":{"en":{"title":true,"content":true,"excerpt":false},"pt":{"title":true,"content":true,"excerpt":false}}},"_links":{"self":[{"href":"https:\/\/gi-imperios.org\/blog\/wp-json\/wp\/v2\/pages\/4416","targetHints":{"allow":["GET"]}}],"collection":[{"href":"https:\/\/gi-imperios.org\/blog\/wp-json\/wp\/v2\/pages"}],"about":[{"href":"https:\/\/gi-imperios.org\/blog\/wp-json\/wp\/v2\/types\/page"}],"author":[{"embeddable":true,"href":"https:\/\/gi-imperios.org\/blog\/wp-json\/wp\/v2\/users\/4"}],"replies":[{"embeddable":true,"href":"https:\/\/gi-imperios.org\/blog\/wp-json\/wp\/v2\/comments?post=4416"}],"version-history":[{"count":10,"href":"https:\/\/gi-imperios.org\/blog\/wp-json\/wp\/v2\/pages\/4416\/revisions"}],"predecessor-version":[{"id":9807,"href":"https:\/\/gi-imperios.org\/blog\/wp-json\/wp\/v2\/pages\/4416\/revisions\/9807"}],"wp:featuredmedia":[{"embeddable":true,"href":"https:\/\/gi-imperios.org\/blog\/wp-json\/wp\/v2\/media\/4414"}],"wp:attachment":[{"href":"https:\/\/gi-imperios.org\/blog\/wp-json\/wp\/v2\/media?parent=4416"}],"curies":[{"name":"wp","href":"https:\/\/api.w.org\/{rel}","templated":true}]}}