{"id":4700,"date":"2019-11-11T17:42:01","date_gmt":"2019-11-11T17:42:01","guid":{"rendered":"https:\/\/gi-imperios.org\/blog\/?page_id=4700"},"modified":"2019-11-13T14:45:44","modified_gmt":"2019-11-13T14:45:44","slug":"pluralismo-juridico-no-imperio-portugues-seculos-xviii-xx","status":"publish","type":"page","link":"https:\/\/gi-imperios.org\/blog\/pluralismo-juridico-no-imperio-portugues-seculos-xviii-xx\/","title":{"rendered":"JURIDICAL PLURALISM IN THE PORTUGUESE EMPIRE (18H-20TH CENTURIES)"},"content":{"rendered":"<p><img loading=\"lazy\" decoding=\"async\" class=\" wp-image-4686 alignleft\" src=\"https:\/\/gi-imperios.org\/blog\/wp-content\/uploads\/2019\/11\/icon393054-161a_orig-300x236.jpg\" alt=\"\" width=\"287\" height=\"226\" srcset=\"https:\/\/gi-imperios.org\/blog\/wp-content\/uploads\/2019\/11\/icon393054-161a_orig-300x236.jpg 300w, https:\/\/gi-imperios.org\/blog\/wp-content\/uploads\/2019\/11\/icon393054-161a_orig-768x603.jpg 768w, https:\/\/gi-imperios.org\/blog\/wp-content\/uploads\/2019\/11\/icon393054-161a_orig-250x196.jpg 250w, https:\/\/gi-imperios.org\/blog\/wp-content\/uploads\/2019\/11\/icon393054-161a_orig-550x432.jpg 550w, https:\/\/gi-imperios.org\/blog\/wp-content\/uploads\/2019\/11\/icon393054-161a_orig-800x628.jpg 800w, https:\/\/gi-imperios.org\/blog\/wp-content\/uploads\/2019\/11\/icon393054-161a_orig-229x180.jpg 229w, https:\/\/gi-imperios.org\/blog\/wp-content\/uploads\/2019\/11\/icon393054-161a_orig-382x300.jpg 382w, https:\/\/gi-imperios.org\/blog\/wp-content\/uploads\/2019\/11\/icon393054-161a_orig-637x500.jpg 637w, https:\/\/gi-imperios.org\/blog\/wp-content\/uploads\/2019\/11\/icon393054-161a_orig.jpg 1019w\" sizes=\"auto, (max-width: 287px) 100vw, 287px\" \/><\/p>\n<p><strong>Principal Investigators:\u00a0<\/strong>Ana Cristina Fonseca Nogueira da Silva\u00a0(Investigadora Respons\u00e1vel); \u00c2ngela Maria Barreto Xavier\u00a0(Co-Investigadora Respons\u00e1vel)<\/p>\n<p><strong>Team:<\/strong>\u00a0Ricardo Nuno Afonso Roque;\u00a0Nuno Miguel de Moraes; Pestana Tarouca Camarinhas;\u00a0Lu\u00eds Pedroso de Lima Cabral de Oliveira;\u00a0Fernanda do Nascimento Thomaz; M\u00e9lissa Marie Frias; Samory Badona Monteiro; Maria da Concei\u00e7\u00e3o Mo\u00e7o Neto;\u00a0Janaina Bueno de Ara\u00fajo do Nascimento<\/p>\n<p><strong>Institutions:\u00a0<\/strong>Faculdade de Direito da Universidade Nova de Lisboa\/CEDIS (Institui\u00e7\u00e3o Proponente); Instituto de Ci\u00eancias Sociais<\/p>\n<p><strong>Funding<\/strong>:\u00a0FCT, Funda\u00e7\u00e3o para a Ci\u00eancia e Tecnologia (PTDC\/DIR-OUT\/30873\/2017)<\/p>\n<p>This project aims to study the encounter between Portuguese and indigenous legal orders, in areas colonized by the Portuguese in different times (from the 19th to the 20th century) and geographies (America, Africa, Asia). We want to know how different legal orders were classified and hierarchized by colonial agents, how (or with which purposes) those legal orders were used by the colonizers and the colonized, how they interacted\u00a0and were transformed by different colonial situations and, finally, the kind of colonial legal systems their interaction and transformation gave rise to. We also want to know what changes occurred during the period under consideration.<\/p>\n","protected":false},"excerpt":{"rendered":"<p> &hellip; <\/p>\n","protected":false},"author":8,"featured_media":0,"parent":0,"menu_order":0,"comment_status":"closed","ping_status":"closed","template":"","meta":{"_cbd_carousel_blocks":"[]","_exactmetrics_skip_tracking":false,"_exactmetrics_sitenote_active":false,"_exactmetrics_sitenote_note":"","_exactmetrics_sitenote_category":0,"footnotes":""},"class_list":["post-4700","page","type-page","status-publish","hentry"],"translation":{"provider":"WPGlobus","version":"3.0.0","language":"en","enabled_languages":["en","pt"],"languages":{"en":{"title":true,"content":true,"excerpt":false},"pt":{"title":true,"content":true,"excerpt":false}}},"_links":{"self":[{"href":"https:\/\/gi-imperios.org\/blog\/wp-json\/wp\/v2\/pages\/4700","targetHints":{"allow":["GET"]}}],"collection":[{"href":"https:\/\/gi-imperios.org\/blog\/wp-json\/wp\/v2\/pages"}],"about":[{"href":"https:\/\/gi-imperios.org\/blog\/wp-json\/wp\/v2\/types\/page"}],"author":[{"embeddable":true,"href":"https:\/\/gi-imperios.org\/blog\/wp-json\/wp\/v2\/users\/8"}],"replies":[{"embeddable":true,"href":"https:\/\/gi-imperios.org\/blog\/wp-json\/wp\/v2\/comments?post=4700"}],"version-history":[{"count":6,"href":"https:\/\/gi-imperios.org\/blog\/wp-json\/wp\/v2\/pages\/4700\/revisions"}],"predecessor-version":[{"id":4730,"href":"https:\/\/gi-imperios.org\/blog\/wp-json\/wp\/v2\/pages\/4700\/revisions\/4730"}],"wp:attachment":[{"href":"https:\/\/gi-imperios.org\/blog\/wp-json\/wp\/v2\/media?parent=4700"}],"curies":[{"name":"wp","href":"https:\/\/api.w.org\/{rel}","templated":true}]}}