{"id":719,"date":"2017-12-04T00:33:38","date_gmt":"2017-12-04T00:33:38","guid":{"rendered":"https:\/\/gi-imperios.org\/blog\/?page_id=719"},"modified":"2017-12-04T00:53:45","modified_gmt":"2017-12-04T00:53:45","slug":"artigos-2015","status":"publish","type":"page","link":"https:\/\/gi-imperios.org\/blog\/artigos-2015\/","title":{"rendered":"Articles &#8211; 2015"},"content":{"rendered":"<p>Roque, R. (2015). Mimetic Governmentality and the Administration of Colonial Justice in East Timor, ca. 1860-1910. <em>Comparative Studies in Society and History, 57<\/em> (1), 67-97. <a href=\"http:\/\/hdl.handle.net\/10451\/15754\" target=\"_blank\" rel=\"noopener\">Link permanente<\/a><\/p>\n<p>Roque, R. (Eds.). (2015). Anthropologie et mat\u00e9rialit\u00e9s de la race. [N\u00famero Especial].\u00a0<em>Revue d&#8217;Histoire des Sciences Humaines, 27. <a href=\"http:\/\/10.108.10.14\/rd\/publications\/showPublicationInfo.do?idpessoa=164&amp;publicationId=6894\" target=\"_blank\" rel=\"noopener\">Link permanente<\/a>.<\/em><\/p>\n<p>Jer\u00f3nimo, M. B. (2015). As marcas de Portugal: ensaios sobre o esquecimento. In Monteiro, B., Domingos, N. (Eds.), Este pa\u00eds n\u00e3o existe: textos contra ideias-feitas (pp. 33-39). Lisboa: Deriva <a href=\"http:\/\/hdl.handle.net\/10451\/17754\">http:\/\/hdl.handle.net\/10451\/17754<\/a><\/p>\n<p>Roque, R. (2015). A little history attached to them: authenticit\u00e9 et cr\u00e9dibilit\u00e9 du t\u00e9moignage mat\u00e9riel dans les collections anthropologiques, 1850-1900. <em>Revue d&#8217;Histoire des Sciences Humaines, 27<\/em>, 143-167. <a href=\"http:\/\/hdl.handle.net\/10451\/20136\" target=\"_blank\" rel=\"noopener\">Link permanente<\/a><\/p>\n<p>Gago, M. do M.(2015). Things of Darkness: Genetics, Melanins and the Regime of Salazar (1936\u20131952). Centaurus, 57(1), 1-27. Doi: 10.1111\/1600-0498.12073. <a href=\"http:\/\/onlinelibrary.wiley.com\/doi\/10.1111\/1600-0498.12073\/full\" target=\"_blank\" rel=\"noopener\">Link permanente<\/a>.<\/p>\n<p>Silva, I. C. da (2015). A Primeira Rep\u00fablica portuguesa e a quest\u00e3o religiosa: porque n\u00e3o uma separa\u00e7\u00e3o \u00e0 brasileira? In\u00a0 I. C. da Silva, S. Frangella, S. Aboim &amp; S. de M. Viegas (Coords.), <em>Ci\u00eancias sociais cruzadas entre Portugal e o Brasil. Trajectos e investiga\u00e7\u00f5es no ICS<\/em>, (pp. 303-316). Lisboa: ICS. Imprensa de Ci\u00eancias Sociais. ISBN 9789726713555. <a href=\"http:\/\/hdl.handle.net\/10451\/20458\" target=\"_blank\" rel=\"noopener\">Link permanente<\/a>.<\/p>\n<p>Precioso Izquierdo, F. (2015). El discurso antifranc\u00e9s de un borbonista espa\u00f1ol. Macanaz ante El siglo de Luis XIV, de Voltaire. Cuadernos de Estudio del Siglo XVIII, Vol. XVIII, 25, 283-300.<\/p>\n<p>Monteiro, J. P. (2015). &#8220;Um exemplo demasiado raro&#8221;: a organiza\u00e7\u00e3o internacional do trabalho, a quest\u00e3o imperial e o trabalho. In M. B. Jer\u00f3nimo, J. P. Monteiro (Orgs.), Os passados do presente: internacionalismo, imperalismo e a constru\u00e7\u00e3o do mundo contempor\u00e2neo, pp. 349-374. Coimbra: Almedina. ISBN: 978-972-40-6162-7<\/p>\n<p>Jer\u00f3nimo, M. B. (2015). Colonialismo moderno e miss\u00e3o civilizadora. In W. Rossa &amp; M. C. Ribeiro (Orgs.), Patrim\u00f3nios de Influ\u00eancia Portuguesa: modos de olhar, (pp. 95-119). Coimbra: Imprensa da Universidade de Coimbra. ISBN: 9789892610405. Doi: <a href=\"http:\/\/dx.doi.org\/10.14195\/978-989-26-1041-2\">http:\/\/dx.doi.org\/10.14195\/978-989-26-1041-2<\/a>.<\/p>\n<p>Jer\u00f3nimo, M. B. (2015). Geograf\u00edas vitales. La imaginaci\u00f3n (geo)pol\u00edtica del nuevo imperialismo europeo (1870-1920). In F. Colom Gonz\u00e1lez &amp; \u00c1. Rivero (Eds.), <em>El espacio pol\u00edtico. Aproximaciones al giro espacial desde la teor\u00eda pol\u00edtica,<\/em> (pp. 115-132). Barcelona: Anthropos Editorial. ISBN: 9788416421138.<\/p>\n<p>Jer\u00f3nimo, M. B. (2015). Os choques da civiliza\u00e7\u00e3o: testemunhos, horrores e sil\u00eancios. In\u00a0 M. B. Jer\u00f3nimo (Org.), Portugal e a Grande Guerra : contextos e protagonistas, (pp. 45-55). Lisboa: Edi\u00e7\u00f5es 70. ISBN:\u00a0 9789724416687<\/p>\n<p>Xavier, A. B. (2015). &#8220;Natural, ou nom natural de nossos reinos&#8221;. Inclus\u00e3o e exclus\u00e3o, mobilidade e trabalho no Portugal da \u00c9poca Moderna. In D. Mart\u00edn Marcos, J. M. Inarrutegui &amp;\u00a0 P. Cardim (Orgs.), <em>Repensar a Identidade. O Mundo Ib\u00e9rico nas margens da Crise Europeia<\/em>, (pp. 19-48). Lisboa: CHAM. ISBN: 9789898492289.<\/p>\n<p>Xavier, A. B. &amp; \u017dupanov, I. G.\u00a0 (2015). Ser Br\u00e2mane na Goa da \u00e9poca moderna [Being a brahman in early modern Goa]. Revista de Hist\u00f3ria, N\u00ba 172, 15-41. doi:\u00a0<a style=\"background-color: #ffffff;\" href=\"http:\/\/dx.doi.org\/10.11606\/issn.2316-9141.rh.2015.98757\">http:\/\/dx.doi.org\/10.11606\/issn.2316-9141.rh.2015.98757<\/a>.<\/p>\n<p>Jer\u00f3nimo, M. B., Domingos, N. (2015). Do ind\u00edgena ao imigrante. In Monteiro, B., Domingos, N. (Eds.), Este pa\u00eds n\u00e3o existe: textos contra ideias-feitas (pp. 135-142). Lisboa: Deriva. http:\/\/hdl.handle.net\/10451\/17757<\/p>\n<p>Silva, C. N. da, Xavier, A. B. &amp; Cardim, P. (Orgs.) (2015). <em>Ant\u00f3nio Manuel Hespanha. Entre a Hist\u00f3ria e o Direito. <\/em>Coimbra: Almedina. ISBN:\u00a0 978-972-40-5796-5<\/p>\n<p>Cruz, M. D. da (2015). A americaniza\u00e7\u00e3o do universo militar fluminense em tempos de desagrega\u00e7\u00e3o identit\u00e1ria. As inquieta\u00e7\u00f5es de Amador Patr\u00edcio de Portugal (1790).<em> Revista de fontes [Fontes]<\/em>. 2, 70-80. Dispon\u00edvel em <a href=\"http:\/\/www.revistadefontes.unifesp.br\/wp-content\/uploads\/2015\/10\/fontes02de70a80.pdf\">http:\/\/www.revistadefontes.unifesp.br\/wp-content\/uploads\/2015\/10\/fontes02de70a80.pdf<\/a><\/p>\n<p>Ara\u00fajo, A. &amp; Silva, I. C. da (2015). Desordem em progresso: a recep\u00e7\u00e3o do conflito de canudos na imprensa portuguesa oitocentista. In E. C. Leal (Coord.), <em>Ordem e progresso<\/em>, pp. 77-101. Lisboa: Centro de Hist\u00f3ria da Universidade de Lisboa. ISBN: 978-989-8068-19-4.<\/p>\n<p>Domingos, N. (2015). Colonial architectures, urban planning and the representation of portuguese imperial history. <em>Portuguese Journal of Social Sience<\/em>, 14, 3, 235-255. DOI: 10.1386\/pjss.14.3.235_1. Link permanente: <a href=\"http:\/\/hdl.handle.net\/10451\/22283\">http:\/\/hdl.handle.net\/10451\/22283<\/a><\/p>\n<p>Silva, I. C. da (2015). A disputa entre mon\u00e1rquicos e republicanos pela afei\u00e7\u00e3o pol\u00edtica da col\u00f3nia portuguesa no Brasil (1889-1914). In M. F. Rollo &amp; Y.\u00a0 Santos (Eds.), Ecos das Migra\u00e7\u00f5es: mem\u00f3rias e representa\u00e7\u00f5es dos migrantes sec. XIX \/XX, pp. 17-39. Coimbra: Almedina. ISBN: 978-972-40-6375-1<\/p>\n<p>Cruz, M. D. da (2015). Um imp\u00e9rio de conflitos. O Conselho Ultramarino e a defesa do Brasil colonial. Lisboa: ICS. Imprensa de Ci\u00eancias Sociais. ISBN: 978-972-671-351-7<\/p>\n<p>Cruz, M. D. da (2015). Conselho Ultramarino. In J. V. Serr\u00e3o, M. Motta e S. M. Miranda (dir), e-Dicion\u00e1rio da Terra e do Territ\u00f3rio no Imp\u00e9rio Portugu\u00eas. Lisboa: CEHC-IUL. (ISSN: 2183-1408). Doi: doi:10.15847\/cehc.edittip.2015v001<\/p>\n<p>Cruz, M. D. da (2015). Furtado, Francisco Xavier de Mendon\u00e7a (1701-1769) . In J. V. Serr\u00e3o, M. Motta e S. M. Miranda (dir), e-Dicion\u00e1rio da Terra e do Territ\u00f3rio no Imp\u00e9rio Portugu\u00eas. Lisboa: CEHC-IUL. (ISSN: 2183-1408). Doi: 10.15847\/cehc.edittip.2015v003<\/p>\n<p>Jer\u00f3nimo, M. B. (2014). Quest\u00e3o colonial. Em Dicion\u00e1rio de Hist\u00f3ria da I Rep\u00fablica e do Republicanismo (Vol. III, pp. 441-442).Lisboa: Assembleia da Rep\u00fablica. ISBN: 978-972-556-559-9<\/p>\n<p>Silva, C. N. da, Xavier, A. B. &amp; Cardim, P. (2015). Entre a Hist\u00f3ria e o Direito. Entre o Direito e a Hist\u00f3ria (itiner\u00e1rios cruzados). C. N. da Silva, A. B. Xavier &amp; P. Cardim (Orgs.), Ant\u00f3nio Manuel Hespanha, Entre a Hist\u00f3ria e o Direito, (pp. 7-25). Coimbra: Almedina. ISBN:\u00a0 978-972-40-5796-5<\/p>\n<p>Monteiro, N. G. (2014). As nobrezas portuguesas na \u00e9poca moderna: um breve ensaio historiogr\u00e1fico cr\u00edtico. In Hern\u00e1ndez Franco, J., Guill\u00e9n Berrendero, J. A., Mart\u00ednez Hern\u00e1ndez, S. (Eds.), Nobilitas: estudios sobre la nobleza y lo nobiliario en la Europa moderna (pp. 75-90). Madrid: Ediciones Doce Calles.<\/p>\n<p>Roque, R. (2015). Introduction: anthropologie et mat\u00e9rialit\u00e9s de la race. <em>Revue d&#8217;Histoire des Sciences Humaines, 27<\/em>, 7-26.<\/p>\n<p>Jer\u00f3nimo, M. B., Pinto, A. C. (2015). A Modernizing Empire? Politics, Culture and Economy in Portuguese Late Colonialism.\u00a0 Miguel Bandeira Jer\u00f3nimo &amp;\u00a0 Ant\u00f3nio Costa Pinto (Eds.). <em>The ends of european colonial empires: cases and comparisons, (pp. 51-80).<\/em> (Cambridge Imperial &amp; Post-Colonial Studies). Basingstoke, Hampshire and New York: Palgrave MacMillan. ISBN 978-1-137-39405-7.<\/p>\n<p>Domingos, N. (2015) The Malicious Football Game: Urban Interactions and Power Relations in Louren\u00e7o Marques, Capital of Colonial Mozambique.<em> Journal of Southern African Studies<\/em>, 41:2, 315-334, DOI: 10.1080\/03057070.2015.1013737.<\/p>\n<p>Xavier, A. B. (2015). Empire, religion and identity: the making of goan people in the early modern period. In Denis Sindic, Manuela Barreto,\u00a0 Rui Costa-Lopes (2015). <em>Power and identity<\/em>. (Current Issues in Social Psychology), pp. 13-30. London and New York: Psychology Press. Taylor &amp; Francis Group. ISBN: 978-1-84872-177-7.<\/p>\n<p>Roque, R. (2015). Mimesis and Colonialism: Emerging Perspectives on a Shared History. <em>History Compass<\/em>, 13(4), 201-211. DOI: 10.1111\/hic3.12229.<\/p>\n<p>Domingos, N. (2015). Uma sociedade vista do campo de futebol. In Marcos Card\u00e3o, Cl\u00e1udia Castelo (Orgs.),\u00a0 <em>Gilberto Freyre. Novas leituras de outro lado do Atl\u00e2ntico<\/em>, pp. 179-197. (Ensaios de Cultura, 56). S\u00e3o Paulo: Editora da Universidade de S\u00e3o Paulo. ISBN: 978-85-314-1498-5.<\/p>\n<p>Jer\u00f3nimo, M. B. (2015). Uma sociedade de imp\u00e9rios: a imagina\u00e7\u00e3o pol\u00edtica imperial e o internacionalismo do entre-guerras. In M. B. Jer\u00f3nimo, J. P. Monteiro (Orgs.), Os passados do presente: internacionalismo, imperialismo e a constru\u00e7\u00e3o do mundo contempor\u00e2neo, pp. 235-269. Coimbra: Almedina. ISBN: 978-972-40-6162-7<\/p>\n<p>Furtado, J\u00fania Ferreira &amp; Monteiro, Nuno Gon\u00e7alo. (2016). Os Brasis na Histoire des Deux Indes do abade Raynal. [The Different Brazils in Abb\u00e9 Raynal&#8217;s Histoire des Deux Indes]. <em>Varia Historia<\/em>, 32(60), 731-777. <a href=\"http:\/\/hdl.handle.net\/10451\/24611\" target=\"_blank\" rel=\"noopener\">Link permanente<\/a>.<\/p>\n<p>Xavier, A. B. (2016). Languages of Difference in the Portuguese Empire. The Spread of &#8220;Caste&#8221; in the Indian World. [Lenguajes de diferencia en el Imperio portugu\u00e9s. La difusi\u00f3n de &#8220;casta&#8221; en la India; Linguagens de diferen\u00e7a no Imp\u00e9rio portugu\u00eas. A difus\u00e3o de &#8220;casta&#8221; na \u00cdndia]. <em>Anuario Colombiano de Historia Social y de la Cultura<\/em> 43 (2), 89-119. <a href=\"http:\/\/hdl.handle.net\/10451\/24757\" target=\"_blank\" rel=\"noopener\">Link permanente<\/a>.<\/p>\n<p>Xavier, A. B. (2016). Looking through the Viz\u00e3o Feita por Xpo a el Rey Dom Affonso Henriques (1659): Franciscans in India and the legitimization of the Braganza monarchy. <em>Culture and History Digital Journal<\/em>, 5(2). 18 p. doi: http:\/\/dx.doi.org\/10.3989\/chdj.2016.012. <a href=\"http:\/\/hdl.handle.net\/10451\/25085\" target=\"_blank\" rel=\"noopener\">Link permanente<\/a>.<\/p>\n<p>Domingos, N. (2016). Da poesia e do futebol: Jos\u00e9 Craveirinha e a situa\u00e7\u00e3o colonial em Mo\u00e7ambique. Textos e Pretextos, 20, 38-49. <a href=\"http:\/\/hdl.handle.net\/10451\/24903\" target=\"_blank\" rel=\"noopener\">Link permanente<\/a>.<\/p>\n<p>Xavier, A. B. (2016). Mateus de Castro, o br\u00e2mane, entre a \u00cdndia e a Europa. Um percurso global?.\u00a0 In Curto, D. R. (Org.), Estudos sobre a globaliza\u00e7\u00e3o, pp. 433-447. Lisboa: Edi\u00e7\u00f5es 70. ISBN 978-972-44-1904-6<\/p>\n<p>Roque, R. (2016). O governo da linguagem cerimonial: costume e etiqueta noTimor-Leste colonial. In R. G. Feij\u00f3 (Ed.),<em> Timor-Leste: Colonialismo, Descoloniza\u00e7\u00e3o, Lusutopia,<\/em> (pp. 51-71). Porto: Edi\u00e7\u00f5es Afrontamento. ISBN: 978-972-36-1469-5. <a href=\"http:\/\/hdl.handle.net\/10451\/23728\" target=\"_blank\" rel=\"noopener\">Link permanente<\/a>.<\/p>\n<p>Roque, R. (2016). A voz dos bandos: colectivos de justi\u00e7a e ritos da palavra portuguesa em Timor-Leste colonial (s\u00e9culos XIX-XX). In A. B. Xavier &amp; C. N. da Silva (Orgs), O governo dos outros: poder e diferen\u00e7a no imp\u00e9rio portugu\u00eas, pp. 235-263. Lisboa: ICS. Imprensa de Ci\u00eancias Sociais. ISBN 978-972-671-372-2. <a href=\"http:\/\/hdl.handle.net\/10451\/24772\" target=\"_blank\" rel=\"noopener\">Link permanente<\/a>.<\/p>\n<p>Xavier, A. B. (2016). Ser cidad\u00e3o no Estado da \u00cdndia (s\u00e9culos XVI-XVIII): entre o local e o imperial. In A. B. Xavier &amp; C. N. da Silva (Orgs), O governo dos outros : poder e diferen\u00e7a no imp\u00e9rio portugu\u00eas, pp. 267-292. Lisboa: ICS. Imprensa de Ci\u00eancias Sociais. ISBN 978-972-671-372-2 . <a href=\"http:\/\/hdl.handle.net\/10451\/24773\" target=\"_blank\" rel=\"noopener\">Link permanente<\/a>.<\/p>\n<p>Roque, R. (2016). Micrografias do arquivo: uma nota de rodap\u00e9 e um of\u00edcio colonial. In\u00a0 S. V. de Almeida &amp; R. A. Cachado (Eds.), Os Arquivos dos Antrop\u00f3logos, pp. 37-48. Lisboa: Palavr\u00e3o, Associa\u00e7\u00e3o Cultural. ISBN: 978-989-20-7262-3. <a href=\"http:\/\/hdl.handle.net\/10451\/26644\" target=\"_blank\" rel=\"noopener\">Link permanente<\/a>.<\/p>\n<p>Roque, R. (2016). Gouvernement colonial, technologies mim\u00e9tiques et \u2018droit coutumier\u2019 au Timor Oriental. In Vincent N\u00e9gri &amp; Isabelle Schulte-Tenckhoff, (Eds.), Mimesis &#8211; La formation du droit international: entre mim\u00e9tisme et diss\u00e9mination [Mimesis: Towards International Normativity, Between Mimetism and Dissemination], (pp. 157-70). Paris: Editions A. Pedone. ISBN: 978-2-233-00791-9. <a href=\"http:\/\/hdl.handle.net\/10451\/23497\" target=\"_blank\" rel=\"noopener\">Link permanente<\/a>.<\/p>\n<p>Roque, R. (2016). Human skulls, dangerous wanderers [Les cr\u00e2nes humains, ces dangereux vagabonds]. In Lotte Arndt, Catalina Lozano &amp; Mathieu Abonnenc (Eds.), <em>Crawling Doubles: Colonial Collecting and Affect<\/em> \/ Collecte colonial et affect: rampler, d\u00e9doubler pp. 252-73. Paris: Ed. B42 [bilingual ed. Engl.\/Fr.] ISBN 9782917855683. <a href=\"http:\/\/hdl.handle.net\/10451\/23530\" target=\"_blank\" rel=\"noopener\">Link permanente<\/a>.<\/p>\n<p>Roque, R. (2016). Passageiros perigosos: hist\u00f3rias de quasi-objectos. In Jos\u00e9 Neves (Org), Quem Faz a Hist\u00f3ria: Ensaios sobre Portugal Contempor\u00e2neo (pp. 157-168). Lisboa: Tinta da China. ISBN\u00a0 9789896713096. <a href=\"http:\/\/hdl.handle.net\/10451\/23528\" target=\"_blank\" rel=\"noopener\">Link permanente<\/a>.<\/p>\n<p>Xavier, A. B. &amp; Silva, C. N. da (2016). Constru\u00e7\u00e3o da Alteridade no Imp\u00e9rio Portugu\u00eas: temas e debates [introdu\u00e7\u00e3o]. In A. B. Xavier, A. B. &amp; Silva, C. N. da (Orgs). O governo dos outros: poder e diferen\u00e7a no imp\u00e9rio portugu\u00eas, pp. 21-63. Lisboa: ICS. Imprensa de Ci\u00eancias Sociais. ISBN 978-972-671-372-2.\u00a0 <a href=\"http:\/\/hdl.handle.net\/10451\/24770\" target=\"_blank\" rel=\"noopener\">Link permanente<\/a>.<\/p>\n<p>Vicente, F. L. (2016). Jos\u00e9 Gerson da Cunha. Dicion\u00e1rio de Orientalistas de L\u00edngua Portuguesa. <a href=\"https:\/\/orientalistasdelinguaportuguesa.wordpress.com\/jose-gerson-da-cunha\/\" target=\"_blank\" rel=\"noopener\">Dispon\u00edvel aqui<\/a>. <a href=\"http:\/\/hdl.handle.net\/10451\/25292\" target=\"_blank\" rel=\"noopener\">Link permanente<\/a>.<\/p>\n<p>Monteiro, N. G. (2016). Pr\u00f3logo. In Ponce Leiva, And\u00fajar Castillo, F. (Eds.), M\u00e9rito, venalidad y corrupci\u00f3n en Espa\u00f1a y Am\u00e9rica siglos XVII y XVIII, pp. 1-4. (Colecci\u00f3n Hist\u00f3ria de Espa\u00f1a y su proyecci\u00f3n Internacional). Valencia: Albatros. <a href=\"http:\/\/hdl.handle.net\/10451\/24167\" target=\"_blank\" rel=\"noopener\">Link permanente<\/a>.<\/p>\n<p>Vicente, F. L. (2016). Photographie, mort, m\u00e9moire. Postface. In C. Gaille, Accepte-le:\u00a0 Un album portugais 1919-1979,\u00a0 pp. 65-69. Paris: The Eyes Publishing. ISBN 979-10-92727-14-2. <a href=\"http:\/\/hdl.handle.net\/10451\/25293\" target=\"_blank\" rel=\"noopener\">Link permanente<\/a>.<\/p>\n<p>Monteiro, J. P. (2016). As din\u00e2micas internacionais do &#8220;reformismo imperial&#8221; portugu\u00eas: o caso da transforma\u00e7\u00e3o das pol\u00edticas de trabalho nativo (1961-1962). In A. B. Xavier &amp; C. N. da Silva (Orgs), O governo dos outros : poder e diferen\u00e7a no imp\u00e9rio portugu\u00eas, pp. 205-233. Lisboa: ICS. Imprensa de Ci\u00eancias Sociais. ISBN 978-972-671-372-2. <a href=\"http:\/\/hdl.handle.net\/10451\/24771\" target=\"_blank\" rel=\"noopener\">Link permanente<\/a>.<\/p>\n","protected":false},"excerpt":{"rendered":"<p> &hellip; <\/p>\n","protected":false},"author":1,"featured_media":0,"parent":0,"menu_order":0,"comment_status":"closed","ping_status":"closed","template":"","meta":{"_cbd_carousel_blocks":"[]","_exactmetrics_skip_tracking":false,"_exactmetrics_sitenote_active":false,"_exactmetrics_sitenote_note":"","_exactmetrics_sitenote_category":0,"footnotes":""},"class_list":["post-719","page","type-page","status-publish","hentry"],"translation":{"provider":"WPGlobus","version":"3.0.0","language":"en","enabled_languages":["en","pt"],"languages":{"en":{"title":true,"content":true,"excerpt":false},"pt":{"title":true,"content":false,"excerpt":false}}},"_links":{"self":[{"href":"https:\/\/gi-imperios.org\/blog\/wp-json\/wp\/v2\/pages\/719","targetHints":{"allow":["GET"]}}],"collection":[{"href":"https:\/\/gi-imperios.org\/blog\/wp-json\/wp\/v2\/pages"}],"about":[{"href":"https:\/\/gi-imperios.org\/blog\/wp-json\/wp\/v2\/types\/page"}],"author":[{"embeddable":true,"href":"https:\/\/gi-imperios.org\/blog\/wp-json\/wp\/v2\/users\/1"}],"replies":[{"embeddable":true,"href":"https:\/\/gi-imperios.org\/blog\/wp-json\/wp\/v2\/comments?post=719"}],"version-history":[{"count":5,"href":"https:\/\/gi-imperios.org\/blog\/wp-json\/wp\/v2\/pages\/719\/revisions"}],"predecessor-version":[{"id":3963,"href":"https:\/\/gi-imperios.org\/blog\/wp-json\/wp\/v2\/pages\/719\/revisions\/3963"}],"wp:attachment":[{"href":"https:\/\/gi-imperios.org\/blog\/wp-json\/wp\/v2\/media?parent=719"}],"curies":[{"name":"wp","href":"https:\/\/api.w.org\/{rel}","templated":true}]}}