{"id":730,"date":"2017-12-04T01:03:28","date_gmt":"2017-12-04T01:03:28","guid":{"rendered":"https:\/\/gi-imperios.org\/blog\/?page_id=730"},"modified":"2017-12-04T01:05:28","modified_gmt":"2017-12-04T01:05:28","slug":"artigos-2013","status":"publish","type":"page","link":"https:\/\/gi-imperios.org\/blog\/artigos-2013\/","title":{"rendered":"Articles &#8211; 2013"},"content":{"rendered":"<p>Xavier, \u00c2. Barreto (2013). The tragedy of Porus: empire and politics in 18th Century Goa. In Fourcade, M. &amp; Zupanov, I. G. (Eds.), L&#8217;Inde des Lumi\u00e8res: discours, histoire, savoirs (XVII-XIX si\u00e8cle) (pp. 231-252). Paris: EHESS<\/p>\n<p>Jer\u00f3nimo, M. B. &amp; Pinto, A. C. (Eds.). (2013). International dimensions of Portuguese late colonialism and decolonization. [N\u00famero Especial]. Portuguese Studies. 29-2.<\/p>\n<p>Pinto, A. C. &amp; Monteiro, N. G. (2013). 200 anos de Hist\u00f3ria de Portugal. In Pedreira, J. M., Monteiro, N. G. (coord.) (2013). O colapso do Imp\u00e9rio e a Revolu\u00e7\u00e3o Liberal 1808-1834 (Hist\u00f3ria Contempor\u00e2nea de Portugal, Vol 1), pp. 17-23. Lisboa: Objectiva. Madrid: MAPFRE<\/p>\n<p>Vicente, F. L. (2013). As ru\u00ednas das cidades: hist\u00f3ria e cultura material do Imp\u00e9rio Portugu\u00eas da \u00cdndia (1850-1900). In Domingos, N. &amp; Peralta, E. (Eds.), Cidade e imp\u00e9rio: din\u00e2micas coloniais e reconfigura\u00e7\u00f5es p\u00f3s-coloniais (pp. 227-278). Lisboa: Edi\u00e7\u00f5es 70<\/p>\n<p>Jer\u00f3nimo, M. B. &amp; Monteiro, J. P. (2013). Internationalism and the Labours of the Portuguese colonial empire (1945-1974). Portuguese Studies, 29-2, 142-163.<\/p>\n<p>Jer\u00f3nimo, M. B., Pinto, A. C. (2013). Introduction: The International and the Portuguese Imperial Endgame &#8211; Problems and Perspectives. Portuguese Studies, 29-2, 137-141.<\/p>\n<p>Monteiro, N. G. (2013). Maxwell, Kenneth. Pombal, Paradox of the Enlightenment. E-Journal of Portuguese History, 11 (1), 110-119.<\/p>\n<p>Jer\u00f3nimo, M. B. (2013). Portugal no mundo. In Almeida, P. T. de (Eds.), A constru\u00e7\u00e3o nacional: 1834-1890 (pp. 77-108). Lisboa: Objectiva; Madrid: MAPFRE<\/p>\n<p>Jer\u00f3nimo, M. B. (2013). The States of Empire. In Trindade, L. (Eds.), The Making of Modern Portugal (pp. 65-101). Newcastle upon Tyne: Cambridge Scholars Publishing<\/p>\n<p>Monteiro, N. G. &amp; Pedreira, J. M. (Eds.). (2013). O colapso do Imp\u00e9rio e a Revolu\u00e7\u00e3o Liberal 1808-1834. Lisboa: Objectiva. Madrid: MAPFRE<\/p>\n<p>Monteiro, N. G. &amp; Cardim, P. (Eds.). (2013). Centralidade da Periferia (Dossi\u00ea). [N\u00famero Especial]. hist\u00f3ria, hist\u00f3rias: Revista do Programa de P\u00f3s-gradua\u00e7\u00e3o em Hist\u00f3ria da UnB. Vol. 1 (1).<\/p>\n<p>Monteiro, N. G. (2013). A circula\u00e7\u00e3o das \u00e9lites na monarquia portuguesa (1680-1820). Breves notas e revis\u00e3o bibliogr\u00e1fica. In L\u00f3pez D\u00edaz, M. (Eds.), \u00c9lites y poder en las monarqu\u00edas ib\u00e9ricas: del siglo XVII al primer liberalismo (pp. 247-257). Madrid: Biblioteca Nueva<\/p>\n<p>Monteiro, N. G. (2013). Imp\u00e9rios. In Cardoso, J. L., Magalh\u00e3es, P. e Pais, J. M. (Eds.), Portugal social de A a Z: temas em aberto (pp. 105-115). Lisboa: Impresa Publishing. ISBN: 978-989-20-4232-9<\/p>\n<p>Monteiro, N. G. &amp; Pedreira, J. M. (2013). As chaves do Imp\u00e9rio. In Monteiro, N G., Pedreira, J. M. (Eds.), O colapso do Imp\u00e9rio e a Revolu\u00e7\u00e3o Liberal 1808-1834 (pp. 25-36). Lisboa: Objectiva. Madrid: MAPFRE<\/p>\n<p>Monteiro, N. G. (2013). A vida pol\u00edtica. In Monteiro, N G., Pedreira, J. M. (Eds.), O colapso do Imp\u00e9rio e a Revolu\u00e7\u00e3o Liberal 1808-1834 (pp. 37-74). Lisboa: Objectiva. Madrid: MAPFRE<\/p>\n<p>Monteiro, N. G. (2013). Popula\u00e7\u00e3o e sociedade. In Monteiro, N G., Pedreira, J. M. (Eds.), O colapso do Imp\u00e9rio e a Revolu\u00e7\u00e3o Liberal 1808-1834 (pp. 165-199). Lisboa: Objectiva. Madrid: MAPFRE<\/p>\n<p>Roque, R. (2013). The head of Captain C\u00e2mara: colonial violence and the collection and repatriation of white men&#8217;s remains. In Rycroft, D. J. (Eds.), World Art and the legacies of colonial violence (pp. 133-51). Farnham: Ashgate<\/p>\n<p>Monteiro, N. G. &amp; Cardim, P. (2013). A centralidade da periferia. Prata, contrabando, diplomacia e guerra na regi\u00e3o platina (1680-1806). Hist\u00f3ria, hist\u00f3rias: Revista do Programa de P\u00f3s-gradua\u00e7\u00e3o em Hist\u00f3ria da UnB, Vol. 1 (1), 3-22.<\/p>\n<p>Roque, R. (2014). Race and the Mobility of Humans as Things. <em>Science, Technology &amp; Human Values<\/em>, 39(4), 607-617.<\/p>\n<p>Monteiro, N. G. (2013). Brasil e Portugal: em torno de cinco s\u00e9culos. In Barreiro, J. E. (ed), Tempo de criar o futuro: Odebrecht em Portugal 25 anos (pp. 31-71). Porto Salvo: Odebrecht<\/p>\n","protected":false},"excerpt":{"rendered":"<p> &hellip; <\/p>\n","protected":false},"author":1,"featured_media":0,"parent":0,"menu_order":0,"comment_status":"closed","ping_status":"closed","template":"","meta":{"_cbd_carousel_blocks":"[]","_exactmetrics_skip_tracking":false,"_exactmetrics_sitenote_active":false,"_exactmetrics_sitenote_note":"","_exactmetrics_sitenote_category":0,"footnotes":""},"class_list":["post-730","page","type-page","status-publish","hentry"],"translation":{"provider":"WPGlobus","version":"3.0.0","language":"en","enabled_languages":["en","pt"],"languages":{"en":{"title":true,"content":true,"excerpt":false},"pt":{"title":true,"content":false,"excerpt":false}}},"_links":{"self":[{"href":"https:\/\/gi-imperios.org\/blog\/wp-json\/wp\/v2\/pages\/730","targetHints":{"allow":["GET"]}}],"collection":[{"href":"https:\/\/gi-imperios.org\/blog\/wp-json\/wp\/v2\/pages"}],"about":[{"href":"https:\/\/gi-imperios.org\/blog\/wp-json\/wp\/v2\/types\/page"}],"author":[{"embeddable":true,"href":"https:\/\/gi-imperios.org\/blog\/wp-json\/wp\/v2\/users\/1"}],"replies":[{"embeddable":true,"href":"https:\/\/gi-imperios.org\/blog\/wp-json\/wp\/v2\/comments?post=730"}],"version-history":[{"count":3,"href":"https:\/\/gi-imperios.org\/blog\/wp-json\/wp\/v2\/pages\/730\/revisions"}],"predecessor-version":[{"id":1347,"href":"https:\/\/gi-imperios.org\/blog\/wp-json\/wp\/v2\/pages\/730\/revisions\/1347"}],"wp:attachment":[{"href":"https:\/\/gi-imperios.org\/blog\/wp-json\/wp\/v2\/media?parent=730"}],"curies":[{"name":"wp","href":"https:\/\/api.w.org\/{rel}","templated":true}]}}